{"id":8514,"date":"2024-09-03T17:37:10","date_gmt":"2024-09-03T17:37:10","guid":{"rendered":"https:\/\/hubertpietka.bialystok.pl\/?page_id=8514"},"modified":"2024-09-03T17:37:10","modified_gmt":"2024-09-03T17:37:10","slug":"kryminalizacja-i-demoralizacja-swiata-przez-rozne-slugi-zla","status":"publish","type":"page","link":"https:\/\/hubertpietka.bialystok.pl\/?page_id=8514","title":{"rendered":"Kryminalizacja i demoralizacja \u015bwiata \/ przez r\u00f3\u017cne s\u0142ugi z\u0142a"},"content":{"rendered":"\n<p>Wiem \u017ce ja tu pewnie<br>Pisz\u0119 sobie a muzom<br>A raczej Bogu<br>A jednak napisa\u0107 to trzeba<\/p>\n\n\n\n<p>Ca\u0142kowicie odwr\u00f3cili porz\u0105dek moralny<br>R\u00f3\u017cni z\u0142a s\u0142udzy<br>Ca\u0142kowicie pr\u00f3buj\u0105 zniszczy\u0107 te\u017c<br>Odwieczny porz\u0105dek Bo\u017cy<br>Relatywizuj\u0105 ka\u017cde dobro<br>A jednocze\u015bnie do chorych godno\u015bci<br>Podnosz\u0105 z\u0142o ka\u017cde<\/p>\n\n\n\n<p>Robi\u0105 dok\u0142adnie to co hitlerowcy<br>Co robili komuni\u015bci<br>Pr\u00f3buj\u0105 przeformatowa\u0107 ten \u015bwiat<br>Ku dominacji z\u0142a<\/p>\n\n\n\n<p>Nie tak<br>To dlaczego niewinni s\u0105 prze\u015bladowani<br>Dlaczego zabija\u0107 si\u0119 ich chce<br>Wi\u0119zi\u0107 ucisza\u0107 zniewala\u0107<br>Nie tak<br>To dlaczego ma dominowa\u0107<br>Wsz\u0119dobylska zbrodnia z zasady<br>Dominacji przemocy w\u0142adzy<br>I nienawi\u015bci<br>Kt\u00f3r\u0105 ta si\u0119 niezmiennie kieruje<br>I tylko to si\u0119 coraz bardziej eskaluje<\/p>\n\n\n\n<p>Podobnie ob\u0142uda i fa\u0142sz<br>Maj\u0105 zmienia\u0107 przegrupowywa\u0107 byt ludzi<br>\u0179li maj\u0105 by\u0107 chwaleni<br>A na niewinnych nagonka najgorsza<br>Wszelkie pomyje ob\u0142uda k\u0142amstwa<\/p>\n\n\n\n<p>My jeste\u015bmy tego tylko przyk\u0142adem<br>Zabija\u0107 chc\u0105 nas naszych nasze<br>Dnia ka\u017cdego niemal ka\u017cdej chwili<br>Podobnie zniewala\u0107 napada\u0107<br>Przez takich czy innych<br>Zawsze do tego znajd\u0105 bandyt\u00f3w<br>A mog\u0105 by\u0107 i na tych katolik\u00f3w<br>Te\u017c bia\u0142oruscy<\/p>\n\n\n\n<p>Nie tak<br>I jeszcze tym wszystkim<br>Kt\u00f3rzy nas napada\u0107 zabija\u0107 maj\u0105<br>Si\u0119 mo\u017ce wydaje<br>\u017be oddaj\u0105 komu\u015b chwa\u0142\u0119<br>Tak szatanowi zdecydowanie<br>Zreszt\u0105 o tym m\u00f3wi\u0142o ju\u017c S\u0142owo Bo\u017ce<br>\u017be b\u0119d\u0105 prze\u015bladowa\u0107 niewinnych<br>My\u015bl\u0105c \u017ce robi\u0105 dobrze<\/p>\n\n\n\n<p>To wynika z tego pomieszania<br>Wszelkich warto\u015bci<br>Kt\u00f3re szatan i jego s\u0142udzy<br>Zafundowali temu \u015bwiatu<br>\u017be niewinnych trzeba uciszy\u0107<br>Je\u015bli przeszkadzaj\u0105 oni komu\u015b<br>Nie wa\u017cne \u017ce z\u0142ym przeszkadzaj\u0105<br>Trzeba to zrobi\u0107<br>Wed\u0142ug dominacji totalno\u015bci z\u0142a<br>I wed\u0142ug szatana<\/p>\n\n\n\n<p>Bo w r\u0119kach nienawistnej w\u0142adzy<br>Ma by\u0107 wszystko<br>Przecie\u017c oni dysponuj\u0105 przemoc\u0105<br>Kto si\u0119 sprzeciwi<br>Nie wa\u017cne \u017ce wszystko<br>Jak Stalin Hitler<br>I jego wyznawcy r\u00f3\u017cni<br>Nie wiem kim s\u0105<br>Ale zasady dzia\u0142ania s\u0105 identyczne<br>Eliminacja eksterminacja<br>Tych kt\u00f3rzy przeszkadzaj\u0105<br>Tym r\u00f3\u017cnym takim wielkim<\/p>\n\n\n\n<p>Kryminalizacja<br>Ka\u017cdy mo\u017ce ci\u0119 napa\u015b\u0107<br>Demoralizacja \u017cycia<br>I zabi\u0107 ci\u0119 mo\u017ce<br>Te\u017c ka\u017cdy<br>Jak mu si\u0119 nie spodobasz<br>Co oni zrobili z tym \u015bwiatem<br>\u017be ma zbrodnia przemoc dominowa\u0107<br>I to niby w imi\u0119<br>Jakich\u015b wy\u017cszych d\u00f3br<br>Czy\u017c pytanie Jezusa<br>Czy znajdzie wiar\u0119 jak przyjdzie<br>Jest bezzasadne<br>Skoro oni wszystko pomieszali<br>Zdefraudowali sumienia<br>Poczucie zwyk\u0142ego wstydu totalnie zbezcze\u015bcili<\/p>\n\n\n\n<p>To wszystko robi\u0105<br>A ty chwal ich<br>Chwal zbrodnie zniewolenie przemoc<br>Przecie\u017c oni maj\u0105 w\u0142adz\u0119<br>Mog\u0105 zrobi\u0107 z tob\u0105<br>Co im si\u0119 podoba<br>Zniszczy\u0107 zabi\u0107 zniewoli\u0107<br>Sami lub przez kogo\u015b<br>Wszystko jedno w sumie<\/p>\n\n\n\n<p>Pogr\u0105\u017cyli ten \u015bwiat<br>W chaosie ideologicznych m\u0119t\u00f3w<br>Kt\u00f3re maj\u0105 warto\u015bci zniszczy\u0107<br>I normalne my\u015blenie ludzi<br>Ich w\u0142a\u015bciwe oceny<br>Wszystko przez perfidne k\u0142amstwa<br>Zastraszanie i przekupstwa<br>Tak dzia\u0142aj\u0105 a ty masz milcze\u0107<br>Powiniene\u015b da\u0107 zabi\u0107 swoich siebie<br>Im si\u0119 to nale\u017cy przecie\u017c<br>Bo s\u0105 lepsi<\/p>\n\n\n\n<p>Ale to ju\u017c B\u00f3g oceni<br>Nie oni<br>Cho\u0107 lubi\u0105 by\u0107 s\u0119dziami<br>W sprawach swoich<br>\u015awiat ten moralnie niszcz\u0105<br>A B\u00f3g ma zmilcze\u0107<br>Zabijaj\u0105 k\u0142ami\u0105 zniewalaj\u0105<br>A B\u00f3g przecie\u017c nie odpowie<br>Tak\u017ce za te najwi\u0119ksze zbrodnie<br>Na nas<br>Bo nie by\u0142o to zakryte<br>Przed tym \u015bwiatem<br>Wi\u0119c to si\u0119 jeszcze oka\u017ce<br>Ale to b\u0119dzie ju\u017c za p\u00f3\u017ano dla wszystkich<br>Zdecydowanie<br>S\u0105 rzeczy kt\u00f3rych odwr\u00f3ci\u0107 si\u0119 ju\u017c nie da<br>Je\u015bli przepe\u0142ni si\u0119 czara<br>Goryczy i wszelkiego z\u0142a<br>A nas B\u00f3g uczyni\u0142 ilustracj\u0105<br>Do ich wszelkich pod\u0142o\u015bci<br>Przemocy i k\u0142amstw wszelkich zbrodni<\/p>\n\n\n\n<figure class=\"wp-block-image size-large\"><a href=\"https:\/\/hubertpietka.bialystok.pl\/wp-content\/uploads\/2024\/09\/20240903_183125-scaled.jpg\"><img loading=\"lazy\" decoding=\"async\" width=\"1024\" height=\"768\" src=\"https:\/\/hubertpietka.bialystok.pl\/wp-content\/uploads\/2024\/09\/20240903_183125-1024x768.jpg\" alt=\"\" class=\"wp-image-8515\" srcset=\"https:\/\/hubertpietka.bialystok.pl\/wp-content\/uploads\/2024\/09\/20240903_183125-1024x768.jpg 1024w, https:\/\/hubertpietka.bialystok.pl\/wp-content\/uploads\/2024\/09\/20240903_183125-300x225.jpg 300w, https:\/\/hubertpietka.bialystok.pl\/wp-content\/uploads\/2024\/09\/20240903_183125-768x576.jpg 768w, https:\/\/hubertpietka.bialystok.pl\/wp-content\/uploads\/2024\/09\/20240903_183125-1536x1152.jpg 1536w, https:\/\/hubertpietka.bialystok.pl\/wp-content\/uploads\/2024\/09\/20240903_183125-2048x1536.jpg 2048w\" sizes=\"auto, (max-width: 1024px) 100vw, 1024px\" \/><\/a><\/figure>\n\n\n\n<p><em>Na zdj. R\u00f3\u017ce czerwone jak krew<br>Cho\u0107 ju\u017c przygaszone nadchodz\u0105c\u0105 jesieni\u0105<br>Chc\u0105 naszej krwii<br>Na tym bynajmniej si\u0119 to nie sko\u0144czy<br>Poleje si\u0119 krew wszystkich<br>Zw\u0142aszcza zbrodniarzy r\u00f3\u017cnych<br>Bo B\u00f3g ma sw\u0105 drog\u0119 dla Mu wiernych<br>I nie wystarczy m\u00f3wi\u0107<br>\u017be si\u0119 wierzy<br>Czyny wiar\u0119 okre\u015blaj\u0105 najpe\u0142niej<br>A wszelkie zbrodnie i przemoc<br>S\u0105 z gruntu przeciwne ka\u017cdej dobrej wierze<br>Chyba \u017ce si\u0119 wyznaje szatana swymi czynami<br>Czy si\u0119 o tym wie czy nie<br>Nie zmienia to rzeczy postaci<\/em><\/p>\n","protected":false},"excerpt":{"rendered":"<p>Wiem \u017ce ja tu pewniePisz\u0119 sobie a muzomA raczej BoguA jednak napisa\u0107 to trzeba Ca\u0142kowicie odwr\u00f3cili porz\u0105dek moralnyR\u00f3\u017cni z\u0142a s\u0142udzyCa\u0142kowicie pr\u00f3buj\u0105 zniszczy\u0107 te\u017cOdwieczny porz\u0105dek Bo\u017cyRelatywizuj\u0105&hellip; <\/p>\n","protected":false},"author":1,"featured_media":0,"parent":0,"menu_order":0,"comment_status":"closed","ping_status":"closed","template":"","meta":{"footnotes":""},"class_list":["post-8514","page","type-page","status-publish","hentry"],"_links":{"self":[{"href":"https:\/\/hubertpietka.bialystok.pl\/index.php?rest_route=\/wp\/v2\/pages\/8514","targetHints":{"allow":["GET"]}}],"collection":[{"href":"https:\/\/hubertpietka.bialystok.pl\/index.php?rest_route=\/wp\/v2\/pages"}],"about":[{"href":"https:\/\/hubertpietka.bialystok.pl\/index.php?rest_route=\/wp\/v2\/types\/page"}],"author":[{"embeddable":true,"href":"https:\/\/hubertpietka.bialystok.pl\/index.php?rest_route=\/wp\/v2\/users\/1"}],"replies":[{"embeddable":true,"href":"https:\/\/hubertpietka.bialystok.pl\/index.php?rest_route=%2Fwp%2Fv2%2Fcomments&post=8514"}],"version-history":[{"count":1,"href":"https:\/\/hubertpietka.bialystok.pl\/index.php?rest_route=\/wp\/v2\/pages\/8514\/revisions"}],"predecessor-version":[{"id":8516,"href":"https:\/\/hubertpietka.bialystok.pl\/index.php?rest_route=\/wp\/v2\/pages\/8514\/revisions\/8516"}],"wp:attachment":[{"href":"https:\/\/hubertpietka.bialystok.pl\/index.php?rest_route=%2Fwp%2Fv2%2Fmedia&parent=8514"}],"curies":[{"name":"wp","href":"https:\/\/api.w.org\/{rel}","templated":true}]}}