{"id":852,"date":"2018-01-29T11:46:52","date_gmt":"2018-01-29T11:46:52","guid":{"rendered":"http:\/\/hubertpietka.bialystok.pl\/?page_id=852"},"modified":"2018-01-29T11:46:52","modified_gmt":"2018-01-29T11:46:52","slug":"jezu-ja-caly-twoj","status":"publish","type":"page","link":"https:\/\/hubertpietka.bialystok.pl\/?page_id=852","title":{"rendered":"Jezu, ja ca\u0142y Tw\u00f3j"},"content":{"rendered":"<p><strong>Jezu, ja ca\u0142y Tw\u00f3j<\/strong><\/p>\n<p>1. Gdy chc\u0105 mnie wyrzuci\u0107 na gn\u00f3j<br \/>\n&#8211; Jezu, jestem ca\u0142y Tw\u00f3j!<\/p>\n<div class=\"text_exposed_show\">\n<p>Gdy chc\u0105 wypali\u0107 mnie przez b\u00f3l<br \/>\n&#8211; Jezu, jestem ca\u0142y Tw\u00f3j!<\/p>\n<p>Gdy chc\u0105 wp\u0119dzi\u0107 mnie w niepok\u00f3j<br \/>\n&#8211; Jezu, jestem ca\u0142y Tw\u00f3j!<\/p>\n<p>Gdy chc\u0105 przekre\u015bli\u0107 byt m\u00f3j<br \/>\n&#8211; Jezu, jestem ca\u0142y Tw\u00f3j!<\/p>\n<p>2. Gdy czyhaj\u0105 na jakikolwiek b\u0142\u0105d.<br \/>\nGdy kroku potkni\u0119\u0107 wypatruj\u0105.<br \/>\nGdy na s\u0142owie pochwyci\u0107 chc\u0105.<br \/>\nGdy wsz\u0119dzie obok czaj\u0105 si\u0119 z\u0142owrogo.<\/p>\n<p>&#8211; Jezu m\u00f3j,<br \/>\nJestem ca\u0142y Tw\u00f3j.<\/p>\n<p>3. Mnie ju\u017c nie ma.<br \/>\nNie wa\u017cny ja.<br \/>\nByleby wola Twa<br \/>\nSi\u0119 we mnie objawi\u0142a.<br \/>\n\u015awiat przemieni\u0142a.<\/p>\n<\/div>\n","protected":false},"excerpt":{"rendered":"<p>Jezu, ja ca\u0142y Tw\u00f3j 1. Gdy chc\u0105 mnie wyrzuci\u0107 na gn\u00f3j &#8211; Jezu, jestem ca\u0142y Tw\u00f3j! Gdy chc\u0105 wypali\u0107 mnie przez b\u00f3l &#8211; Jezu, jestem&hellip; <\/p>\n","protected":false},"author":1,"featured_media":0,"parent":0,"menu_order":0,"comment_status":"closed","ping_status":"closed","template":"","meta":{"footnotes":""},"class_list":["post-852","page","type-page","status-publish","hentry"],"_links":{"self":[{"href":"https:\/\/hubertpietka.bialystok.pl\/index.php?rest_route=\/wp\/v2\/pages\/852","targetHints":{"allow":["GET"]}}],"collection":[{"href":"https:\/\/hubertpietka.bialystok.pl\/index.php?rest_route=\/wp\/v2\/pages"}],"about":[{"href":"https:\/\/hubertpietka.bialystok.pl\/index.php?rest_route=\/wp\/v2\/types\/page"}],"author":[{"embeddable":true,"href":"https:\/\/hubertpietka.bialystok.pl\/index.php?rest_route=\/wp\/v2\/users\/1"}],"replies":[{"embeddable":true,"href":"https:\/\/hubertpietka.bialystok.pl\/index.php?rest_route=%2Fwp%2Fv2%2Fcomments&post=852"}],"version-history":[{"count":1,"href":"https:\/\/hubertpietka.bialystok.pl\/index.php?rest_route=\/wp\/v2\/pages\/852\/revisions"}],"predecessor-version":[{"id":853,"href":"https:\/\/hubertpietka.bialystok.pl\/index.php?rest_route=\/wp\/v2\/pages\/852\/revisions\/853"}],"wp:attachment":[{"href":"https:\/\/hubertpietka.bialystok.pl\/index.php?rest_route=%2Fwp%2Fv2%2Fmedia&parent=852"}],"curies":[{"name":"wp","href":"https:\/\/api.w.org\/{rel}","templated":true}]}}