{"id":8525,"date":"2024-09-10T11:35:19","date_gmt":"2024-09-10T11:35:19","guid":{"rendered":"https:\/\/hubertpietka.bialystok.pl\/?page_id=8525"},"modified":"2024-09-10T11:35:19","modified_gmt":"2024-09-10T11:35:19","slug":"w-zgnilej-obludzie-utopic-wszystkich-niewinnych-wiernych-bogu","status":"publish","type":"page","link":"https:\/\/hubertpietka.bialystok.pl\/?page_id=8525","title":{"rendered":"W zgni\u0142ej ob\u0142udzie utopi\u0107 \/ wszystkich niewinnych wiernych Bogu"},"content":{"rendered":"\n<p>Jak Ukraina jest dla Polski<br>I ca\u0142ej Europy przedmurzem<br>Przed niesprawiedliw\u0105 napa\u015bci\u0105 rosyjsk\u0105<br>Tak dla nas te zwierz\u0119ta<br>Szczeg\u00f3lnie te pieski i kot<br>Przed napa\u015bci\u0105 ich<br>Wie to przecie\u017c z\u0142o<br>I chce ich zniszczy\u0107<br>Cho\u0107by przy okazji tego remontu<br>Po s\u0105siedzku<\/p>\n\n\n\n<p>Jak Ameryka i inne pozytywne kraje<br>Kt\u00f3re Ukrain\u0119 wspieraj\u0105<br>Tak dla mnie jest \u017cona<br>Do zniszczenia przez nich<br>Oczywi\u015bcie najpierw ona<\/p>\n\n\n\n<p>A poza tym ob\u0142udnicy<br>W tym ma\u0142\u017ce\u0144stwie my<br>Dos\u0142ownie i w przeno\u015bni<br>Codziennie oddajemy za siebie \u017cycie<br>A oni rozdmuchuj\u0105 pierdo\u0142y<br>Kt\u00f3re ten fakt fundamentalny<br>Maj\u0105 przes\u0142oni\u0107 przek\u0142ama\u0107<br>Chwilowe niepozumienia<br>S\u0105 dla nich wa\u017cniejsze<br>Ni\u017c wierna czysta postawa mi\u0142o\u015bci<br>Z\u0142o tak w\u0142a\u015bnie dzia\u0142a<br>Chce rozp\u0119tywa\u0107 burz\u0119 z niczego<br>Pomijaj\u0105c sprawy du\u017co wa\u017cniejsze<br>Dobro prawd\u0119 i mi\u0142osierdzie<\/p>\n\n\n\n<p>Z\u0142o te\u017c tak dzia\u0142a<br>Napastnik\u00f3w niesprawiedliwych cho\u0107by wybielaj\u0105c<br>Usprawiedliwiaj\u0105c ich bandyctwo<br>Cho\u0107by tych bia\u0142oruskich<br>Zreszt\u0105 wsz\u0119dzie znajd\u0105 takich r\u00f3\u017cnych<br>A jednocze\u015bnie byleby tylko k\u0142amstwem<br>W Bogu wiernych<br>Mo\u017cesz chodzi\u0107 do ko\u015bcio\u0142a codziennie<br>Raz nie p\u00f3jdziesz w niedziel\u0119<br>Z powodu braku zabezpieczenia twego i twoich<br>I co oni zrobi\u0105<br>Grzech z tego najwi\u0119kszy<br>Mimo \u017ce to w\u0142a\u015bnie by\u0142o<br>Aktem przed nimi obrony<br>Podobnie z postem<br>Mo\u017cesz przestrzega\u0107 go wiernie<br>I skrupulatnie nawet kiedy nie musisz<br>Spr\u00f3buj raz zapomnie\u0107<br>Przez zwykle cho\u0107by roztargnienie<br>Kt\u00f3re te\u017c powoduj\u0105 oni<br>Przez r\u00f3\u017cne nienawistne akty<br>A zaraz ci si\u0119 od nich dostanie<br>Ob\u0142udnicy pozory s\u0105dz\u0105cy<br>A nie dbaj\u0105cy o spraw prawdziw\u0105 istot\u0119<br>Bo ta im niewygodna<br>Lepiej przek\u0142amywa\u0107 manipulowa\u0107 fa\u0142szowa\u0107<\/p>\n\n\n\n<p>I po co to wszystko<br>Byleby tylko wyostrzy\u0107 na nas<br>Sw\u00f3j miecz katowski<br>Ka\u017cdy pseudo poz\u00f3r<br>Jest dla nich dobry<br>Do rozp\u0119tania afery<br>Albo do na nas napa\u015bci<br>Byleby tylko mieli jak\u0105\u015b podstaw\u0119<br>Niewa\u017cne chor\u0105 przek\u0142aman\u0105<br>Do ataku na nas<\/p>\n\n\n\n<p>Sk\u0105d to wiem wszystko<br>B\u00f3g mi wskazuje odpowiednio<br>To co chce<br>Nie wiem jak to si\u0119 wszystko dzieje<br>Ale B\u00f3g to wie<br>Jedno wiem te\u017c<br>Te wszystkie k\u0142amstwa ob\u0142udne<br>Przefa\u0142szowania i manipulacje<br>Pochodz\u0105 od szatana<br>Jak i z\u0142o wszelkie<br>Kt\u00f3rzy oni i im podobni<br>Chc\u0105 serwowa\u0107 nam nieustannie<br>Oni s\u0105 jego narz\u0119dziami<br>Wed\u0142ug koherencji z\u0142a czyn\u00f3w s\u0142\u00f3w<br>Z istot\u0105 tego podmiotu<\/p>\n\n\n\n<figure class=\"wp-block-image size-full\"><a href=\"https:\/\/hubertpietka.bialystok.pl\/wp-content\/uploads\/2024\/09\/Resized_20240909_105731.jpeg\"><img loading=\"lazy\" decoding=\"async\" width=\"1008\" height=\"756\" src=\"https:\/\/hubertpietka.bialystok.pl\/wp-content\/uploads\/2024\/09\/Resized_20240909_105731.jpeg\" alt=\"\" class=\"wp-image-8526\" srcset=\"https:\/\/hubertpietka.bialystok.pl\/wp-content\/uploads\/2024\/09\/Resized_20240909_105731.jpeg 1008w, https:\/\/hubertpietka.bialystok.pl\/wp-content\/uploads\/2024\/09\/Resized_20240909_105731-300x225.jpeg 300w, https:\/\/hubertpietka.bialystok.pl\/wp-content\/uploads\/2024\/09\/Resized_20240909_105731-768x576.jpeg 768w\" sizes=\"auto, (max-width: 1008px) 100vw, 1008px\" \/><\/a><\/figure>\n\n\n\n<p>Na zdj. Park w *<strong>Bielsku<\/strong>* Podlaskim<br>Lubi\u0105 oni *<strong>wybiela\u0107<\/strong>* z\u0142o wszelkie<br>A jednocze\u015bnie pr\u00f3buj\u0105 pogr\u0105\u017ca\u0107 niewinnych<br>Przez wszelkie pod\u0142o\u015bci i k\u0142amstwa<br>Byleby tylko co\u015b odpowiednio wygl\u0105da\u0142o<br>Jak faryzeusze za czas\u00f3w Jezusa<br>Ci\u0105gle kombinuj\u0105 jak<br>Uderzy\u0107 w nas nasze naszych<br>Zniszczy\u0107 zniewoli\u0107 zabi\u0107<br>Bo jeste\u015bmy przeszkod\u0105 w z\u0142u tym ka\u017cdym<br>Kt\u00f3re oni i im podobni<br>Chc\u0105 zaserwowa\u0107 i gwarantuj\u0105 \u015bwiatu<br>Trzeba by\u0142o zniszczy\u0107 Jezusa<br>Kt\u00f3ry wyrzuca\u0142 ob\u0142ud\u0119 faryzeuszom<br>Podobni i nas<br>Wed\u0142ug ch\u0119ci totalnej dominacji z\u0142a<br>I wszystko to pod\u0142ug szatana<br>W nim oni maj\u0105<br>Sprzymierze\u0144ca we wszystkim<br>I w tych kt\u00f3rzy s\u0105 z niego<br>Byleby tylko zwalczy\u0107 dzieci Boga<\/p>\n","protected":false},"excerpt":{"rendered":"<p>Jak Ukraina jest dla PolskiI ca\u0142ej Europy przedmurzemPrzed niesprawiedliw\u0105 napa\u015bci\u0105 rosyjsk\u0105Tak dla nas te zwierz\u0119taSzczeg\u00f3lnie te pieski i kotPrzed napa\u015bci\u0105 ichWie to przecie\u017c z\u0142oI chce&hellip; <\/p>\n","protected":false},"author":1,"featured_media":0,"parent":0,"menu_order":0,"comment_status":"closed","ping_status":"closed","template":"","meta":{"footnotes":""},"class_list":["post-8525","page","type-page","status-publish","hentry"],"_links":{"self":[{"href":"https:\/\/hubertpietka.bialystok.pl\/index.php?rest_route=\/wp\/v2\/pages\/8525","targetHints":{"allow":["GET"]}}],"collection":[{"href":"https:\/\/hubertpietka.bialystok.pl\/index.php?rest_route=\/wp\/v2\/pages"}],"about":[{"href":"https:\/\/hubertpietka.bialystok.pl\/index.php?rest_route=\/wp\/v2\/types\/page"}],"author":[{"embeddable":true,"href":"https:\/\/hubertpietka.bialystok.pl\/index.php?rest_route=\/wp\/v2\/users\/1"}],"replies":[{"embeddable":true,"href":"https:\/\/hubertpietka.bialystok.pl\/index.php?rest_route=%2Fwp%2Fv2%2Fcomments&post=8525"}],"version-history":[{"count":1,"href":"https:\/\/hubertpietka.bialystok.pl\/index.php?rest_route=\/wp\/v2\/pages\/8525\/revisions"}],"predecessor-version":[{"id":8527,"href":"https:\/\/hubertpietka.bialystok.pl\/index.php?rest_route=\/wp\/v2\/pages\/8525\/revisions\/8527"}],"wp:attachment":[{"href":"https:\/\/hubertpietka.bialystok.pl\/index.php?rest_route=%2Fwp%2Fv2%2Fmedia&parent=8525"}],"curies":[{"name":"wp","href":"https:\/\/api.w.org\/{rel}","templated":true}]}}