{"id":8532,"date":"2024-09-12T09:17:28","date_gmt":"2024-09-12T09:17:28","guid":{"rendered":"https:\/\/hubertpietka.bialystok.pl\/?page_id=8532"},"modified":"2024-09-12T09:17:28","modified_gmt":"2024-09-12T09:17:28","slug":"klamliwosc-podla-polaczona-ze-zbrodnia-na-kazdym-ich-dzialania-polu","status":"publish","type":"page","link":"https:\/\/hubertpietka.bialystok.pl\/?page_id=8532","title":{"rendered":"K\u0142amliwo\u015b\u0107 pod\u0142a po\u0142\u0105czona ze zbrodni\u0105 \/ na ka\u017cdym ich dzia\u0142ania polu"},"content":{"rendered":"\n<p>Istnieje wielkie niebezpiecze\u0144stwo<br>Wyabstrachowywania fragment\u00f3w Ewangelii<br>Z pe\u0142nego przekazu S\u0142owa Bo\u017cego<br>\u017baden fragment Ewangelii nigdy nie jest sprzeczny<br>Z ca\u0142o\u015bci\u0105 Objawienia Bo\u017cego<br>Cho\u0107 mog\u0105 by\u0107 paradoksy<br>Czy pozorne niedopowiedzenia sprzeczno\u015bci<br>S\u0105 jednak tacy<br>Kt\u00f3rzy alienuj\u0105c fragmenty Ewangelii<br>Pr\u00f3buj\u0105 nimi uzasadnia\u0107 z\u0142e cele<br>I wszelkie diabelskie tezy<br>Ca\u0142kowicie sprzeczne z Bo\u017cym Or\u0119dziem<\/p>\n\n\n\n<p>A teraz<br>Czy mi\u0142o\u015b\u0107 nieprzyjaci\u00f3\u0142 ma by\u0107<br>Z go\u0142a naiwna<br>Czy raczej powinna by\u0107 m\u0105dra<br>Wed\u0142ug Bo\u017cego porz\u0105dku mi\u0142o\u015bci<br>Czy Jezus g\u0142aska\u0142 po g\u0142owach<br>Ob\u0142udnych i z\u0142ych faryzeuszy<br>Czy raczej im z\u0142o wyrzuca\u0142<br>Czy podporz\u0105dkowywa\u0142 si\u0119 ich<br>R\u00f3\u017cnym tezom ob\u0142udnym<br>Mimo \u017ce przecie\u017c<br>Ich by\u0142o wi\u0119cej i byli bogatsi mocniejsi<\/p>\n\n\n\n<p>A teraz<br>Oni i ich ob\u0142uda<br>Kt\u00f3ra z ka\u017cdym krokiem<br>W stosunku do nas<br>By nam z\u0142o uczyni\u0107 jakie\u015b<br>Goni wi\u0119ksz\u0105 ob\u0142ud\u0119<br>Zasklepili si\u0119 w tych ob\u0142udnych<br>Czynach s\u0142owach<br>Byleby tylko nas dopa\u015b\u0107<br>\u015amier\u0107 ma goni\u0107 zniewolenie<br>A to zniszczenie<br>Czy\u017c to jest godne cz\u0142owieka<br>Czy raczej zamys\u0142 szata\u0144ski<br>Ma si\u0119 w tym wype\u0142nia\u0107<\/p>\n\n\n\n<p>Nie wiem kim s\u0105 oni<br>Mo\u017ce B\u00f3g mi to kiedy\u015b jako\u015b powie<br>Wiem ju\u017c te\u017c<br>\u017be misie Podwilk Podkrakowski<br>Bia\u0142orusini dzicy inne s\u0142u\u017cby<br>Czy cho\u0107by tam wielki cz\u0142owiek<br>Czy tam zreszt\u0105 jacy i s\u0142u\u017cby jakie<br>Kt\u00f3rzy z\u0142o chc\u0105 czyni\u0107<br>Nam naszemu naszym<br>\u017be ci s\u0105 tylko pionkami<br>W ich r\u0119kach<br>\u017be czuj\u0105 si\u0119 silni<br>Bo za nimi stoi z\u0142o<br>Ale oni s\u0105 tylko instrumentami<br>Tej ca\u0142ej rozgrywki szata\u0144skiej<br>I czy chc\u0105 czy nie<br>Czy wiedz\u0105 o tym czy te\u017c jak<br>Staj\u0105 si\u0119 niejako ogrami<br>Na wszelkie posy\u0142ki z\u0142a<br>I to z\u0142o w nich cz\u0142owiecze\u0144stwo niestety zniekszta\u0142ca<br>Inaczej nie chcieli by mie\u0107 jakiegokolwiek udzia\u0142u<br>W bandyctwie zbrodniach napa\u015bciach<br>Tak\u017ce tamci kimkolwiek s\u0105<br>Zara\u017caj\u0105 ich szata\u0144skim z\u0142em<\/p>\n\n\n\n<p>I jak to jest dlaczego<br>My tak z\u0142u przeszkadzamy<br>I ka\u017cde nasze dobro<br>Bo jeste\u015bmy wiernie z Boga<br>W mi\u0142o\u015bci czysto\u015bci i prawdzie<br>To przecie\u017c przeszkadza r\u00f3\u017cnym k\u0142amstwom<br>I ch\u0119ci z\u0142a dominacji nad tym \u015bwiatem<br>Chc\u0105 nas zniszczy\u0107<br>By z\u0142o mog\u0142o ten ca\u0142y \u015bwiat zdominowa\u0107<br>Ich pod\u0142o\u015bci s\u0105 tylko zadatkiem<br>Wobec tego co chc\u0105 zrobi\u0107<br>Oni w tym \u015bwiecie<br>S\u0142udzy z\u0142a r\u00f3\u017cni<br>My jeste\u015bmy dla nich przeszkod\u0105<br>Jedna zbrodnia ma nakr\u0119ca\u0107 inne<br>Jakkolwiek by to przeklamywali<br>Nie tak<br>To dlaczego im tak zale\u017cy<br>Na zbrodniach na nas naszym i naszych<br>Zbrodnia ma by\u0107 drog\u0105<br>Do wi\u0119kszego dobra<br>Przecie\u017c to szata\u0144ski absurd<\/p>\n\n\n\n<figure class=\"wp-block-gallery has-nested-images columns-default is-cropped wp-block-gallery-1 is-layout-flex wp-block-gallery-is-layout-flex\">\n<figure class=\"wp-block-image size-large\"><a href=\"https:\/\/hubertpietka.bialystok.pl\/wp-content\/uploads\/2024\/09\/IMG-20240908-WA0005.jpg\"><img loading=\"lazy\" decoding=\"async\" width=\"768\" height=\"1024\" data-id=\"8533\" src=\"https:\/\/hubertpietka.bialystok.pl\/wp-content\/uploads\/2024\/09\/IMG-20240908-WA0005-768x1024.jpg\" alt=\"\" class=\"wp-image-8533\" srcset=\"https:\/\/hubertpietka.bialystok.pl\/wp-content\/uploads\/2024\/09\/IMG-20240908-WA0005-768x1024.jpg 768w, https:\/\/hubertpietka.bialystok.pl\/wp-content\/uploads\/2024\/09\/IMG-20240908-WA0005-225x300.jpg 225w, https:\/\/hubertpietka.bialystok.pl\/wp-content\/uploads\/2024\/09\/IMG-20240908-WA0005-1152x1536.jpg 1152w, https:\/\/hubertpietka.bialystok.pl\/wp-content\/uploads\/2024\/09\/IMG-20240908-WA0005.jpg 1200w\" sizes=\"auto, (max-width: 768px) 100vw, 768px\" \/><\/a><\/figure>\n<\/figure>\n\n\n\n<p><em>Na zdj. Krzese\u0142ka niejako \u0142aweczka<br>W kapliczce pewnej<br>Takie rzeczy i miejsce<br>Maj\u0105 zbli\u017ca\u0107 do Boga<br>A inne \u0142aweczki cho\u0107by<br>W r\u00f3\u017cnym wymiarze<br>Zbli\u017ca\u0107 maj\u0105 ludzi do siebie<br>A co oni robi\u0105<br>Usuwaj\u0105 \u0142aweczki z przestrzeni miejskiej<br>Cho\u0107by na tym osiedlu<br>K\u0142amliwe czytanki wk\u0142adaj\u0105 w usta<br>Ksi\u0119\u017cy zakonnik\u00f3w nawet biskup\u00f3w<br>By zafa\u0142szowywa\u0107 rzeczywisto\u015b\u0107 dzieli\u0107 ludzi<br>Nawet w przestrzeni zgodnego domu<br>Chc\u0105 dzieli\u0107 ma\u0142\u017ce\u0144stwa rodziny<br>I tak chyba na ka\u017cdym polu mo\u017cliwym<br>Tak dzia\u0142aj\u0105 z\u0142a s\u0142udzy<br>Byleby tylko zdominowa\u0107 \u015bwiat<br>K\u0142amstwem nieufno\u015bci\u0105 i pogard\u0105<br>Do tych ma\u0142ych Bogu wiernych<\/em><\/p>\n\n\n\n<p><strong>Zniszczenie \u015bmier\u0107 zniewolenie<br>Wobec nas naszych naszego<br>Ma temu s\u0142u\u017cy\u0107<br>Dominacji tych tr\u0119dowatych z\u0142em trend\u00f3w<br>W ca\u0142ym \u015bwiecie<br>Byleby to tylko by\u0142o zgodne<br>Z szatanem i czyim\u015b pod\u0142ym interesem<\/strong><\/p>\n\n\n\n<p class=\"has-text-align-center\"><strong><em><a href=\"https:\/\/youtu.be\/ArYFLja4BxI\">Zab\u0142ocki (feat. Czes\u0142aw \u015apiewa) &#8211; \u0141aweczka <\/a><\/em><\/strong><\/p>\n","protected":false},"excerpt":{"rendered":"<p>Istnieje wielkie niebezpiecze\u0144stwoWyabstrachowywania fragment\u00f3w EwangeliiZ pe\u0142nego przekazu S\u0142owa Bo\u017cego\u017baden fragment Ewangelii nigdy nie jest sprzecznyZ ca\u0142o\u015bci\u0105 Objawienia Bo\u017cegoCho\u0107 mog\u0105 by\u0107 paradoksyCzy pozorne niedopowiedzenia sprzeczno\u015bciS\u0105 jednak&hellip; <\/p>\n","protected":false},"author":1,"featured_media":0,"parent":0,"menu_order":0,"comment_status":"closed","ping_status":"closed","template":"","meta":{"footnotes":""},"class_list":["post-8532","page","type-page","status-publish","hentry"],"_links":{"self":[{"href":"https:\/\/hubertpietka.bialystok.pl\/index.php?rest_route=\/wp\/v2\/pages\/8532","targetHints":{"allow":["GET"]}}],"collection":[{"href":"https:\/\/hubertpietka.bialystok.pl\/index.php?rest_route=\/wp\/v2\/pages"}],"about":[{"href":"https:\/\/hubertpietka.bialystok.pl\/index.php?rest_route=\/wp\/v2\/types\/page"}],"author":[{"embeddable":true,"href":"https:\/\/hubertpietka.bialystok.pl\/index.php?rest_route=\/wp\/v2\/users\/1"}],"replies":[{"embeddable":true,"href":"https:\/\/hubertpietka.bialystok.pl\/index.php?rest_route=%2Fwp%2Fv2%2Fcomments&post=8532"}],"version-history":[{"count":1,"href":"https:\/\/hubertpietka.bialystok.pl\/index.php?rest_route=\/wp\/v2\/pages\/8532\/revisions"}],"predecessor-version":[{"id":8534,"href":"https:\/\/hubertpietka.bialystok.pl\/index.php?rest_route=\/wp\/v2\/pages\/8532\/revisions\/8534"}],"wp:attachment":[{"href":"https:\/\/hubertpietka.bialystok.pl\/index.php?rest_route=%2Fwp%2Fv2%2Fmedia&parent=8532"}],"curies":[{"name":"wp","href":"https:\/\/api.w.org\/{rel}","templated":true}]}}