{"id":855,"date":"2018-01-29T11:50:49","date_gmt":"2018-01-29T11:50:49","guid":{"rendered":"http:\/\/hubertpietka.bialystok.pl\/?page_id=855"},"modified":"2018-01-29T11:50:49","modified_gmt":"2018-01-29T11:50:49","slug":"piesn-oto-jestem","status":"publish","type":"page","link":"https:\/\/hubertpietka.bialystok.pl\/?page_id=855","title":{"rendered":"Pie\u015b\u0144 Oto jestem"},"content":{"rendered":"<p><span class=\" UFICommentActorAndBody\"> <span data-ft=\"{&quot;tn&quot;:&quot;K&quot;}\"><span class=\"UFICommentBody _1n4g\">Pie\u015b\u0144<br \/>\nOto jestem<\/p>\n<p>Ref.<\/span><\/span><\/span><\/p>\n<p><span class=\" UFICommentActorAndBody\"><span data-ft=\"{&quot;tn&quot;:&quot;K&quot;}\"><span class=\"UFICommentBody _1n4g\">Oto jestem, przecie\u017c mnie wo\u0142a\u0142e\u015b.<\/span><\/span><\/span><\/p>\n<p><span class=\" UFICommentActorAndBody\"><span data-ft=\"{&quot;tn&quot;:&quot;K&quot;}\"><span class=\"UFICommentBody _1n4g\">M\u00f3w, ja s\u0142ucham, Panie.<\/p>\n<p>1. Co mam zmieni\u0107 w swoim \u017cyciu?<br \/>\nJak us\u0142ysze\u0107 serca bicie?<\/span><\/span><\/span><\/p>\n<p><span class=\" UFICommentActorAndBody\"><span data-ft=\"{&quot;tn&quot;:&quot;K&quot;}\"><span class=\"UFICommentBody _1n4g\">Ref.<\/p>\n<p>2. Jak przemieni\u0107 trudny czas?<br \/>\nJak odnale\u017a\u0107 Ciebie w nas?<\/span><\/span><\/span><\/p>\n<p><span class=\" UFICommentActorAndBody\"><span data-ft=\"{&quot;tn&quot;:&quot;K&quot;}\"><span class=\"UFICommentBody _1n4g\">Ref.<\/p>\n<p>3. Jaka jest droga do cz\u0142owieka Boga?<br \/>\nJak przemieni\u0107 serce wroga?<\/span><\/span><\/span><\/p>\n<p><span class=\" UFICommentActorAndBody\"><span data-ft=\"{&quot;tn&quot;:&quot;K&quot;}\"><span class=\"UFICommentBody _1n4g\">Ref.<\/p>\n<p>4. Jak odnale\u017a\u0107 form\u0119 siebie?<br \/>\nW\u0142a\u015bciw\u0105 do poznania Ciebie&#8230;<\/span><\/span><\/span><\/p>\n<p><span class=\" UFICommentActorAndBody\"><span data-ft=\"{&quot;tn&quot;:&quot;K&quot;}\"><span class=\"UFICommentBody _1n4g\">Ref.<\/p>\n<p>5. Jak rozpozna\u0107 w cz\u0142owieku brata?<br \/>\nGdy z\u0142o przek\u0142amuje, mota&#8230;<\/span><\/span><\/span><\/p>\n<p><span class=\" UFICommentActorAndBody\"><span data-ft=\"{&quot;tn&quot;:&quot;K&quot;}\"><span class=\"UFICommentBody _1n4g\">Ref.<\/p>\n<p>6. Czy dobr\u0105 drog\u0105 id\u0119, Panie?<br \/>\nCzy odnajdziesz mnie na niej?<\/span><\/span><\/span><\/p>\n<p><span class=\" UFICommentActorAndBody\"><span data-ft=\"{&quot;tn&quot;:&quot;K&quot;}\"><span class=\"UFICommentBody _1n4g\">Ref.<\/p>\n<p>7. Prosz\u0119, odpowiedz mi na te pytania.<br \/>\nSerce czeka Twego pocieszenia&#8230;<\/span><\/span><\/span><\/p>\n<p><span class=\" UFICommentActorAndBody\"><span data-ft=\"{&quot;tn&quot;:&quot;K&quot;}\"><span class=\"UFICommentBody _1n4g\">Ref.<\/p>\n<p>8. Powiedz mi zreszt\u0105, co chcesz.<br \/>\nBylebym m\u00f3g\u0142 w swych dniach odnajdowa\u0107 Ci\u0119.<\/span><\/span><\/span><\/p>\n<p>Ref.<\/p>\n","protected":false},"excerpt":{"rendered":"<p>Pie\u015b\u0144 Oto jestem Ref. Oto jestem, przecie\u017c mnie wo\u0142a\u0142e\u015b. M\u00f3w, ja s\u0142ucham, Panie. 1. Co mam zmieni\u0107 w swoim \u017cyciu? Jak us\u0142ysze\u0107 serca bicie? Ref.&hellip; <\/p>\n","protected":false},"author":1,"featured_media":0,"parent":0,"menu_order":0,"comment_status":"closed","ping_status":"closed","template":"","meta":{"footnotes":""},"class_list":["post-855","page","type-page","status-publish","hentry"],"_links":{"self":[{"href":"https:\/\/hubertpietka.bialystok.pl\/index.php?rest_route=\/wp\/v2\/pages\/855","targetHints":{"allow":["GET"]}}],"collection":[{"href":"https:\/\/hubertpietka.bialystok.pl\/index.php?rest_route=\/wp\/v2\/pages"}],"about":[{"href":"https:\/\/hubertpietka.bialystok.pl\/index.php?rest_route=\/wp\/v2\/types\/page"}],"author":[{"embeddable":true,"href":"https:\/\/hubertpietka.bialystok.pl\/index.php?rest_route=\/wp\/v2\/users\/1"}],"replies":[{"embeddable":true,"href":"https:\/\/hubertpietka.bialystok.pl\/index.php?rest_route=%2Fwp%2Fv2%2Fcomments&post=855"}],"version-history":[{"count":1,"href":"https:\/\/hubertpietka.bialystok.pl\/index.php?rest_route=\/wp\/v2\/pages\/855\/revisions"}],"predecessor-version":[{"id":856,"href":"https:\/\/hubertpietka.bialystok.pl\/index.php?rest_route=\/wp\/v2\/pages\/855\/revisions\/856"}],"wp:attachment":[{"href":"https:\/\/hubertpietka.bialystok.pl\/index.php?rest_route=%2Fwp%2Fv2%2Fmedia&parent=855"}],"curies":[{"name":"wp","href":"https:\/\/api.w.org\/{rel}","templated":true}]}}