{"id":8562,"date":"2024-09-22T16:35:33","date_gmt":"2024-09-22T16:35:33","guid":{"rendered":"https:\/\/hubertpietka.bialystok.pl\/?page_id=8562"},"modified":"2024-09-22T16:35:33","modified_gmt":"2024-09-22T16:35:33","slug":"perfidia-podla-szatanska-wskazuje-na-autora-tych-wszelkich-bandyckich-wystepkow","status":"publish","type":"page","link":"https:\/\/hubertpietka.bialystok.pl\/?page_id=8562","title":{"rendered":"Perfidia pod\u0142a szata\u0144ska \/ wskazuje na autora tych wszelkich \/\/ bandyckich wyst\u0119pk\u00f3w"},"content":{"rendered":"\n<p>Je\u015bli kto\u015b si\u0119 zastanawia<br>Na czym polega perfidia szatana<br>Jak bardzo jest on pod\u0142y<br>Niech na nich spojrzy<br>Na wszelkich tych bandyt\u00f3w<br>Bo oni odzwierciedlaj\u0105 t\u0105 perfidi\u0119<br>W d\u0105\u017ceniu dla nas naszych i naszego<br>Do \u015bmierci zniewolenia i zniszczenia<br>Je\u015bli kto\u015b si\u0119 zastanawia<br>Jaki jest szatan jak dzia\u0142a<br>Niech popatrzy na nich<br>Co m\u00f3wi\u0105 i jak dzia\u0142aj\u0105<br>Ci r\u00f3\u017cni k\u0142amliwi bandyci<\/p>\n\n\n\n<p>A dlaczego tak szatan<br>Nam si\u0119 sprzeciwia<br>I wszelcy jego s\u0142udzy<br>Bo on wie<br>\u017be to co z nami<br>Jest wielk\u0105 Bo\u017c\u0105 spraw\u0105<br>Bo to nie wysz\u0142o nic od nas<br>Lecz od Boga<br>Dlatego te\u017c szatan si\u0119 sprzeciwia<br>W spos\u00f3b mo\u017cliwy wszelki<br>Temu skromnemu ma\u0142\u017ce\u0144stwu<br>I chce je zniszczy\u0107<br>I wszystko co wok\u00f3\u0142 nich<br>I wszystkich<\/p>\n\n\n\n<p>A ci bandyci r\u00f3\u017cni<br>S\u0105 jego narz\u0119dziami<br>Czy wiedz\u0105 o tym czy te\u017c nie<br>To niewa\u017cne<br>Wa\u017cne \u017ce jego dzie\u0142a spe\u0142niaj\u0105<br>W spos\u00f3b r\u00f3wnie pod\u0142y perfidny<br>Jak ojciec wszelkiego z premedytacj\u0105 ob\u0142udn\u0105 k\u0142amstwa i zbrodni<\/p>\n\n\n\n<p>A tymczasem to ma\u0142\u017ce\u0144stwo<br>Jest wed\u0142ug zamys\u0142u Bo\u017cego sakramentu<br>Jak mechanizm starego zegarka<br>Gdzie jeden tryb wsp\u00f3\u0142pracuje r\u00f3wno z tym drugim<br>A oni chc\u0105 jeden tryb wyrzuci\u0107<br>I wstawi\u0107 tam inny niedopasowany Bo\u017c\u0105 wol\u0105<br>I chc\u0105 by dzia\u0142a\u0142 zegarek<br>I nie wa\u017cne te\u017c<br>\u017be w tym zegarku<br>Zgrzyty si\u0119 zdarzaj\u0105 przy nakr\u0119caniu<br>Czy razem czy osobno<br>Te tryby wsp\u00f3\u0142pracuj\u0105 r\u00f3wno<br>Bo jeden Bo\u017cy cel maj\u0105<br>I bynajmniej nie \u015bmierci zniewolenia i zniszczenia<br>Jak szatan i jego s\u0142udzy<\/p>\n\n\n\n<figure class=\"wp-block-gallery has-nested-images columns-default is-cropped wp-block-gallery-1 is-layout-flex wp-block-gallery-is-layout-flex\">\n<figure class=\"wp-block-image size-large\"><a href=\"https:\/\/hubertpietka.bialystok.pl\/wp-content\/uploads\/2024\/09\/IMG-20240917-WA0036.jpg\"><img loading=\"lazy\" decoding=\"async\" width=\"768\" height=\"1024\" data-id=\"8563\" src=\"https:\/\/hubertpietka.bialystok.pl\/wp-content\/uploads\/2024\/09\/IMG-20240917-WA0036-768x1024.jpg\" alt=\"\" class=\"wp-image-8563\" srcset=\"https:\/\/hubertpietka.bialystok.pl\/wp-content\/uploads\/2024\/09\/IMG-20240917-WA0036-768x1024.jpg 768w, https:\/\/hubertpietka.bialystok.pl\/wp-content\/uploads\/2024\/09\/IMG-20240917-WA0036-225x300.jpg 225w, https:\/\/hubertpietka.bialystok.pl\/wp-content\/uploads\/2024\/09\/IMG-20240917-WA0036-1152x1536.jpg 1152w, https:\/\/hubertpietka.bialystok.pl\/wp-content\/uploads\/2024\/09\/IMG-20240917-WA0036.jpg 1200w\" sizes=\"auto, (max-width: 768px) 100vw, 768px\" \/><\/a><\/figure>\n<\/figure>\n\n\n\n<p><em>Na zdj. \u015aw. Faustyna<br>W domy\u015ble b\u0142. Micha\u0142<br>Tak jak dzisiaj wspominana b\u0142. Jab\u0142o\u0144ska Bernardyna<br>A w domy\u015ble te\u017c \u015bw. Brat Albert jest<br>I jak cho\u0107by rodzice \u015bw. Ma\u0142ej Tereski<br>Z\u0142o bandyckie szata\u0144skie<br>Kompleksowo dzia\u0142a<br>Chc\u0105c niszczy\u0107 pary Bo\u017cego \u015bwiadectwa<br>Tak te\u017c i z nami<br>Dlatego tak bardzo sprzeciwia si\u0119 nam szatan<br>I r\u00f3\u017cni jego w pod\u0142o\u015bci wszelkiej s\u0142udzy<\/em><\/p>\n\n\n\n<p>\/<\/p>\n\n\n\n<p><strong><em><a href=\"https:\/\/youtu.be\/LUrxD5lxRTU\">Mezo &amp; Kasia Wilk &#8211; Mamy siebie<\/a><\/em><\/strong><\/p>\n\n\n\n<p class=\"has-text-align-center\"><strong><em><a href=\"https:\/\/youtu.be\/o7ShkcqU35U\">Maleo Reggae Rockers &#8211; Mamy siebie<\/a><\/em><\/strong><\/p>\n","protected":false},"excerpt":{"rendered":"<p>Je\u015bli kto\u015b si\u0119 zastanawiaNa czym polega perfidia szatanaJak bardzo jest on pod\u0142yNiech na nich spojrzyNa wszelkich tych bandyt\u00f3wBo oni odzwierciedlaj\u0105 t\u0105 perfidi\u0119W d\u0105\u017ceniu dla nas&hellip; <\/p>\n","protected":false},"author":1,"featured_media":0,"parent":0,"menu_order":0,"comment_status":"closed","ping_status":"closed","template":"","meta":{"footnotes":""},"class_list":["post-8562","page","type-page","status-publish","hentry"],"_links":{"self":[{"href":"https:\/\/hubertpietka.bialystok.pl\/index.php?rest_route=\/wp\/v2\/pages\/8562","targetHints":{"allow":["GET"]}}],"collection":[{"href":"https:\/\/hubertpietka.bialystok.pl\/index.php?rest_route=\/wp\/v2\/pages"}],"about":[{"href":"https:\/\/hubertpietka.bialystok.pl\/index.php?rest_route=\/wp\/v2\/types\/page"}],"author":[{"embeddable":true,"href":"https:\/\/hubertpietka.bialystok.pl\/index.php?rest_route=\/wp\/v2\/users\/1"}],"replies":[{"embeddable":true,"href":"https:\/\/hubertpietka.bialystok.pl\/index.php?rest_route=%2Fwp%2Fv2%2Fcomments&post=8562"}],"version-history":[{"count":1,"href":"https:\/\/hubertpietka.bialystok.pl\/index.php?rest_route=\/wp\/v2\/pages\/8562\/revisions"}],"predecessor-version":[{"id":8564,"href":"https:\/\/hubertpietka.bialystok.pl\/index.php?rest_route=\/wp\/v2\/pages\/8562\/revisions\/8564"}],"wp:attachment":[{"href":"https:\/\/hubertpietka.bialystok.pl\/index.php?rest_route=%2Fwp%2Fv2%2Fmedia&parent=8562"}],"curies":[{"name":"wp","href":"https:\/\/api.w.org\/{rel}","templated":true}]}}