{"id":8574,"date":"2024-09-28T10:13:19","date_gmt":"2024-09-28T10:13:19","guid":{"rendered":"https:\/\/hubertpietka.bialystok.pl\/?page_id=8574"},"modified":"2024-09-28T10:13:19","modified_gmt":"2024-09-28T10:13:19","slug":"perwersje-zla-calkowicie-bez-milosierdzia","status":"publish","type":"page","link":"https:\/\/hubertpietka.bialystok.pl\/?page_id=8574","title":{"rendered":"Perwersje z\u0142a \/ ca\u0142kowicie bez mi\u0142osierdzia"},"content":{"rendered":"\n<p>\u017bono ma<br>Ile wsp\u00f3lnych d\u0105\u017ce\u0144 trudno\u015bci walk<br>Kto by to zni\u00f3s\u0142<br>Tak dzielnie jak ty<br>Nieustanne z\u0142a nastawanie<br>Przeciwno\u015bci wszelkie i utrudnienia<br>Uderzenia szata\u0144skie i k\u0142amstwa<br>S\u0142ug z\u0142a r\u00f3\u017cnych<br>W ciebie w nas skierowane<br>Kto by to zni\u00f3s\u0142 inny<br>Tak dzielnie i z tak\u0105<br>Wol\u0105 przetrwania<br>Dzi\u0119kuj\u0119 ci za wszystko<br>Trwajmy razem w tej walce<br>Z si\u0142ami z\u0142a zawsze<\/p>\n\n\n\n<p class=\"has-text-align-right\"><strong><em><a href=\"https:\/\/youtu.be\/m4A589YPITA\">Marek Grechuta &#8211; Ocali\u0107 od zapomnienia<\/a><\/em><\/strong><\/p>\n\n\n\n<p>A teraz<br>Dla r\u00f3\u017cnego bandyctwa<br>Jest u nich zawsze przestrze\u0144<br>Gdziekolwiek by\u015bmy nie byli<br>Zawsze tak to zorganizuj\u0105<br>By z\u0142o w nas uderza\u0142o<br>Przez takich czy innych<br>W taki spos\u00f3b czy inny<br>Pod\u0142y i perfidny<br>Bandyci czy misie skorumpowane czy tam jacy<br>Na ich us\u0142ugach<br>Zawsze przecie\u017c mog\u0105 nasz\u0105 przestrze\u0144<br>Odpowiednio zatruwa\u0107<br>Byleby tylko w nas uderza\u0107<br>Przez atrybuty szata\u0144skie odpowiednio<br>\u015amier\u0107 zniewolenie czy zniszczenie<br>Tak s\u0142udzy z\u0142a zawsze wsz\u0119dzie<\/p>\n\n\n\n<p>A teraz<br>Czy\u017c nie przypadkowo te\u017c<br>Zaplanowano t\u0105 parad\u0119 zgorsze\u0144 tutaj<br>W\u0142a\u015bnie w tym czasie<br>Pomi\u0119dzy beatyfikacj\u0105 b\u0142. Micha\u0142a Sopo\u0107ki<br>A jego wspomnieniem dla tej Archidiecezji Bia\u0142ostockiej<br>Z\u0142o chce zawsze uderza\u0107 perfidnie<\/p>\n\n\n\n<figure class=\"wp-block-gallery has-nested-images columns-default is-cropped wp-block-gallery-1 is-layout-flex wp-block-gallery-is-layout-flex\">\n<figure class=\"wp-block-image size-large\"><a href=\"https:\/\/hubertpietka.bialystok.pl\/wp-content\/uploads\/2024\/09\/IMG-20240916-WA0045.jpg\"><img loading=\"lazy\" decoding=\"async\" width=\"768\" height=\"1024\" data-id=\"8575\" src=\"https:\/\/hubertpietka.bialystok.pl\/wp-content\/uploads\/2024\/09\/IMG-20240916-WA0045-768x1024.jpg\" alt=\"\" class=\"wp-image-8575\" srcset=\"https:\/\/hubertpietka.bialystok.pl\/wp-content\/uploads\/2024\/09\/IMG-20240916-WA0045-768x1024.jpg 768w, https:\/\/hubertpietka.bialystok.pl\/wp-content\/uploads\/2024\/09\/IMG-20240916-WA0045-225x300.jpg 225w, https:\/\/hubertpietka.bialystok.pl\/wp-content\/uploads\/2024\/09\/IMG-20240916-WA0045-1152x1536.jpg 1152w, https:\/\/hubertpietka.bialystok.pl\/wp-content\/uploads\/2024\/09\/IMG-20240916-WA0045.jpg 1200w\" sizes=\"auto, (max-width: 768px) 100vw, 768px\" \/><\/a><\/figure>\n<\/figure>\n\n\n\n<p>Na zdj. B\u0142. Micha\u0142 Sopo\u0107ko i \u015bw. Micha\u0142 Archanio\u0142<br>W ko\u015bciele bia\u0142ostockim \u015bw. Faustyny<br>Z\u0142o dzia\u0142a rzec mo\u017cna komplementarnie<br>W spos\u00f3b sobie w\u0142a\u015bciwy<br>Z wszelk\u0105 pod\u0142o\u015bci\u0105 i perfidi\u0105<br>Tak jak oni wobec nas<br>Naszego i naszych<br>Nieustannie ob\u0142udnie i z premedytacj\u0105<br>Wszelkie zbrodnie szata\u0144skie<br>Tak i te\u017c w przestrzeni spo\u0142ecznej lokalnej<br>I ka\u017cdej<br>Jak\u017ce\u017c to wszystko mo\u017ce i nie mie\u0107<br>Prowieniencji szata\u0144skich<br>Skoro w taki spos\u00f3b w\u0142a\u015bnie to wszystko<br>Z wszelkimi atrybutami w\u0142a\u015bciwymi diab\u0142u<\/p>\n\n\n\n<p>I ani mi Ani<br>Z nami naszymi naszym<br>Powt\u00f3rz\u0119 to raz jeszcze<br>I powtarza\u0107 b\u0119d\u0119<br>Mo\u017ce do ko\u0144ca \u015bwiata<br>Je\u015bli to z\u0142o ma zwyci\u0119\u017cy\u0107<br>(Cho\u0107 i tak finalnie przegra<br>Bo nie mo\u017ce si\u0119 r\u00f3wna\u0107<br>W \u017caden spos\u00f3b z Bogiem)<br>I niech spadaj\u0105 ob\u0142udnie nastawaj\u0105cy<br>Czy tu czy gdziekolwiek jakkolwiek<br>I na koniec refleksja egzystencjalna<br>Oni s\u0105 ca\u0142kowicie bez mi\u0142osierdzia<br>Wobec nas naszego i naszych<br>B\u0119d\u0105 kiedy\u015b wo\u0142a\u0107 o mi\u0142osierdzie<br>R\u00f3\u017cni z\u0142a s\u0142udzy<br>Ale wtedy wys\u0142uchani nie b\u0119d\u0105<br>Wed\u0142ug tego jak sami post\u0119powali<\/p>\n","protected":false},"excerpt":{"rendered":"<p>\u017bono maIle wsp\u00f3lnych d\u0105\u017ce\u0144 trudno\u015bci walkKto by to zni\u00f3s\u0142Tak dzielnie jak tyNieustanne z\u0142a nastawaniePrzeciwno\u015bci wszelkie i utrudnieniaUderzenia szata\u0144skie i k\u0142amstwaS\u0142ug z\u0142a r\u00f3\u017cnychW ciebie w nas&hellip; <\/p>\n","protected":false},"author":1,"featured_media":0,"parent":0,"menu_order":0,"comment_status":"closed","ping_status":"closed","template":"","meta":{"footnotes":""},"class_list":["post-8574","page","type-page","status-publish","hentry"],"_links":{"self":[{"href":"https:\/\/hubertpietka.bialystok.pl\/index.php?rest_route=\/wp\/v2\/pages\/8574","targetHints":{"allow":["GET"]}}],"collection":[{"href":"https:\/\/hubertpietka.bialystok.pl\/index.php?rest_route=\/wp\/v2\/pages"}],"about":[{"href":"https:\/\/hubertpietka.bialystok.pl\/index.php?rest_route=\/wp\/v2\/types\/page"}],"author":[{"embeddable":true,"href":"https:\/\/hubertpietka.bialystok.pl\/index.php?rest_route=\/wp\/v2\/users\/1"}],"replies":[{"embeddable":true,"href":"https:\/\/hubertpietka.bialystok.pl\/index.php?rest_route=%2Fwp%2Fv2%2Fcomments&post=8574"}],"version-history":[{"count":1,"href":"https:\/\/hubertpietka.bialystok.pl\/index.php?rest_route=\/wp\/v2\/pages\/8574\/revisions"}],"predecessor-version":[{"id":8576,"href":"https:\/\/hubertpietka.bialystok.pl\/index.php?rest_route=\/wp\/v2\/pages\/8574\/revisions\/8576"}],"wp:attachment":[{"href":"https:\/\/hubertpietka.bialystok.pl\/index.php?rest_route=%2Fwp%2Fv2%2Fmedia&parent=8574"}],"curies":[{"name":"wp","href":"https:\/\/api.w.org\/{rel}","templated":true}]}}