{"id":858,"date":"2018-01-29T11:58:05","date_gmt":"2018-01-29T11:58:05","guid":{"rendered":"http:\/\/hubertpietka.bialystok.pl\/?page_id=858"},"modified":"2018-01-29T11:58:05","modified_gmt":"2018-01-29T11:58:05","slug":"piesn-uwielbienia-eucharystii","status":"publish","type":"page","link":"https:\/\/hubertpietka.bialystok.pl\/?page_id=858","title":{"rendered":"Pie\u015b\u0144 uwielbienia Eucharystii"},"content":{"rendered":"<p><strong>Pie\u015b\u0144 uwielbienia Eucharystii<br \/>\n<\/strong><\/p>\n<p>&nbsp;<\/p>\n<p>I<\/p>\n<p>Ciebie, Panie chc\u0119 uwielbia\u0107.<\/p>\n<p>Tylko z Tob\u0105, Panie by\u0107.<\/p>\n<p>W Twoim cieniu chc\u0119 zamieszka\u0107.<\/p>\n<p>Twoim Cia\u0142em zawsze \u017cy\u0107.<\/p>\n<p>&nbsp;<\/p>\n<p>Ref.<\/p>\n<p>Chc\u0119 wielbi\u0107 Ci\u0119.<\/p>\n<p>Chc\u0119 kocha\u0107 Ci\u0119.<\/p>\n<p>Nie tak, jak \u015bwiat!<\/p>\n<p>&nbsp;<\/p>\n<p>Chc\u0119 z tob\u0105 by\u0107.<\/p>\n<p>Tob\u0105 \u017cy\u0107.<\/p>\n<p>Uwielbia\u0107 Ci\u0119 przez wieczny czas.<\/p>\n<p>&nbsp;<\/p>\n<p>II<\/p>\n<p>Dzi\u0119kuj\u0119 Ci, \u017ce jeste\u015b z nami w Swoim Ciele.<\/p>\n<p>To tak wiele!<\/p>\n<p>Cz\u0142owiek poj\u0105\u0107 nie zdo\u0142a,<\/p>\n<p>\u017ce Mi\u0142o\u015b\u0107 Twa niesko\u0144czona.<\/p>\n<p>&nbsp;<\/p>\n<p>Ref.<\/p>\n<p>&nbsp;<\/p>\n<p>III<\/p>\n<p>Dlatego zawsze z nami b\u0105d\u017a.<\/p>\n<p>Pozw\u00f3l do ko\u0144ca mych dni poi\u0107 si\u0119 Tw\u0105 krwi\u0105.<\/p>\n<p>I nic nam ju\u017c nie zaszkodzi,<\/p>\n<p>nawet gdy nic nie wychodzi.<\/p>\n<p>&nbsp;<\/p>\n<p>Ref.<\/p>\n<p>&nbsp;<\/p>\n<p>IV<\/p>\n<p>I chocia\u017c inaczej m\u00f3wi \u015bwiat.<\/p>\n<p>Ty\u015b m\u00f3j Brat!<\/p>\n<p>M\u00f3j Przyjaciel i m\u00f3j B\u00f3g!<\/p>\n<p>Nie trzeba tu wielu s\u0142\u00f3w.<\/p>\n<p>&nbsp;<\/p>\n<p>Ref.<\/p>\n","protected":false},"excerpt":{"rendered":"<p>Pie\u015b\u0144 uwielbienia Eucharystii &nbsp; I Ciebie, Panie chc\u0119 uwielbia\u0107. Tylko z Tob\u0105, Panie by\u0107. W Twoim cieniu chc\u0119 zamieszka\u0107. Twoim Cia\u0142em zawsze \u017cy\u0107. &nbsp; Ref.&hellip; <\/p>\n","protected":false},"author":1,"featured_media":0,"parent":0,"menu_order":0,"comment_status":"closed","ping_status":"closed","template":"","meta":{"footnotes":""},"class_list":["post-858","page","type-page","status-publish","hentry"],"_links":{"self":[{"href":"https:\/\/hubertpietka.bialystok.pl\/index.php?rest_route=\/wp\/v2\/pages\/858","targetHints":{"allow":["GET"]}}],"collection":[{"href":"https:\/\/hubertpietka.bialystok.pl\/index.php?rest_route=\/wp\/v2\/pages"}],"about":[{"href":"https:\/\/hubertpietka.bialystok.pl\/index.php?rest_route=\/wp\/v2\/types\/page"}],"author":[{"embeddable":true,"href":"https:\/\/hubertpietka.bialystok.pl\/index.php?rest_route=\/wp\/v2\/users\/1"}],"replies":[{"embeddable":true,"href":"https:\/\/hubertpietka.bialystok.pl\/index.php?rest_route=%2Fwp%2Fv2%2Fcomments&post=858"}],"version-history":[{"count":1,"href":"https:\/\/hubertpietka.bialystok.pl\/index.php?rest_route=\/wp\/v2\/pages\/858\/revisions"}],"predecessor-version":[{"id":859,"href":"https:\/\/hubertpietka.bialystok.pl\/index.php?rest_route=\/wp\/v2\/pages\/858\/revisions\/859"}],"wp:attachment":[{"href":"https:\/\/hubertpietka.bialystok.pl\/index.php?rest_route=%2Fwp%2Fv2%2Fmedia&parent=858"}],"curies":[{"name":"wp","href":"https:\/\/api.w.org\/{rel}","templated":true}]}}