{"id":8588,"date":"2024-10-06T14:08:28","date_gmt":"2024-10-06T14:08:28","guid":{"rendered":"https:\/\/hubertpietka.bialystok.pl\/?page_id=8588"},"modified":"2024-10-06T14:20:07","modified_gmt":"2024-10-06T14:20:07","slug":"cywilizacja-zniewalania-i-smierci-ma-podporzadkowywac-ideologicznie-wszystkich","status":"publish","type":"page","link":"https:\/\/hubertpietka.bialystok.pl\/?page_id=8588","title":{"rendered":"Cywilizacja zniewalania i \u015bmierci \/ ma podporz\u0105dkowa\u0107 ideologicznie wszystkich"},"content":{"rendered":"\n<p>Czy wy tego nie widzicie<br>\u017be to wszystko jest oparte<br>Na k\u0142amstwie ideologicznym<br>Kt\u00f3re ma do \u015bmierci przyzwyczaja\u0107<br>I czyni\u0107 j\u0105 us\u0142u\u017cn\u0105<br>Zap\u0119dom cho\u0107by politycznym r\u00f3\u017cnym<br>Tak cho\u0107by aborcja i eutanazja<br>Przyzwyczaja\u0107 by wyeliminowa\u0107 wszystkich<br>Kt\u00f3rzy jako\u015b przeszkadzaj\u0105<br>Kt\u00f3rzy my\u015bl\u0105 samodzielnie odwa\u017cnie<br>Wbrew ideologiom \u015bwiatowym<br>A pornografia i r\u00f3\u017cne zboczenia<br>Te\u017c pozwalaj\u0105 \u0142atwiej sterowa\u0107 w\u0142a\u015bnie tym \u015bwiatem<br>I r\u00f3\u017cnym uzale\u017cnionym od r\u00f3\u017cnych mocnych bod\u017ac\u00f3w<br>Bo ma si\u0119 ich niejako na uwi\u0119zi<br>A za tym wszystkim te\u017c<br>Wielka kasa idzie<br>Z gender podobnie te\u017c<br>Rozdwojenie nazywa si\u0119 schizofreni\u0105<br>I takich chc\u0105 zniewala\u0107 przymusowo<br>A to rozdwojenie zaburzeniowe<br>Ma by\u0107 afirmowane i wysoko wznoszone<br>Czy nie widzicie \u017ce to w\u0142a\u015bnie wszystko<br>Ma s\u0142u\u017cy\u0107 generowaniu struktur<br>W tym spo\u0142ecze\u0144stwie<br>Kt\u00f3rym kierowa\u0107 si\u0119 chce zupe\u0142nie<br>Bez g\u0142os\u00f3w sprzeciwu \u017cadnych<br>Prowadzi\u0107 <em>ludzi jak stado baran\u00f3w<\/em><br>Ku wiecznej zgubie<\/p>\n\n\n\n<p>Dlatego te\u017c przeszkadza religia wierna<br>Bo ona g\u0142osi wolno\u015b\u0107 czyst\u0105 w Bogu<br>A ten \u015bwiat ma by\u0107 przecie\u017c zniewolony<br>R\u00f3\u017cnymi trendami ideologicznymi<br>I maj\u0105 by\u0107 wyeliminowani<br>Wszyscy kt\u00f3rzy si\u0119 nie zgadzaj\u0105<br>Z t\u0105 na si\u0142\u0119 narzucan\u0105 polityczn\u0105 poprawno\u015bci\u0105<br>By ze spo\u0142ecze\u0144stwa uczyni\u0107<br>Mas\u0119 biern\u0105 i bezwoln\u0105<\/p>\n\n\n\n<p>\u015amier\u0107 jednych ma by\u0107 przyczynkiem<br>Do \u015bmierci i zniewalania innych<br>By mo\u017cna to robi\u0107<br>Niby w \u015bwietle prawa<br>Tak naprawd\u0119 bezbo\u017cnego zupe\u0142nie swobodnie<br>Wszystko mo\u017cna przecie\u017c wyt\u0142umaczy\u0107 odpowiednio<br>I z ka\u017cdego kto nie pasuje jako\u015b<br>Zrobi\u0107 wroga publicznego<br>I oczywi\u015bcie \u015bmier\u0107 zniewolenie<br>Trzeba przedstawia\u0107 jako korzy\u015b\u0107<br>Czy jakie\u015b niby dobro spo\u0142eczne<br>Tak z \u017con\u0105 mn\u0105 naszymi<br>To ma by\u0107 tylko przyczynek<br>Do rozprawienia si\u0119 z wszystkimi<br>Kt\u00f3rzy steruj\u0105cym tym wszystkim<br>Jako\u015b nie pasuj\u0105<br>To b\u0119dzie pocz\u0105tek lawiny<br>Potem poleci wszystko bardzo szybko<br><em>Przez trzy dni<\/em><\/p>\n\n\n\n<p><em>Dzi\u015b \u015bw. *<strong>Adalbert-yna<\/strong>*<br>*<strong>Adalberta Ina<\/strong>* je\u015bli chcecie<br>By ten \u015bwiat trwa\u0142 jeszcze<br>Wbrew wszelkim pod\u0142ym k\u0142amstwom szata\u0144skim<br>Kt\u00f3re s\u0142udzy z\u0142a r\u00f3\u017cni<br>Propaguj\u0105 przecie\u017c bardzo ch\u0119tnie<br>Bo zgodne ma by\u0107 przecie\u017c tu wszystko<br>Z zamys\u0142em ideologicznym<br>Czytaj tre\u015bci\u0105 przes\u0142a\u0144 szata\u0144skich<br>Zniewolenia zniszczenia \u015bmierci<br>Przecie\u017c ludzie maj\u0105 by\u0107 tej w\u0142adzy<br>Zupe\u0142nie podporz\u0105dkowani<\/em><\/p>\n\n\n\n<p>Mo\u017ce dadz\u0105 wam<br>Te\u017c <em>chleb i igrzyska<\/em><br>By\u015bcie si\u0119 nie buntowali zbytnio<br>B\u0119d\u0105 was dalej zniewala\u0107 seksem<br>Czy innymi zniewalaj\u0105cymi uzale\u017cnieniami<br>Tu wam dadz\u0105 troch\u0119 kasy<br>Tam was zastrasz\u0105<br>Byleby tylko wygenerowa\u0107 spo\u0142ecze\u0144stwo uleg\u0142e<br>Wszelkim diabelskim tre\u015bciom<br>By cz\u0142owiek ba\u0142 si\u0119<br>Lub po prostu ju\u017c i nie umia\u0142<br>My\u015ble\u0107 samodzielnie<br>I realizowa\u0142 wolno\u015b\u0107 dziecka Bo\u017cego<br>W tym \u015bwiecie<br>Taki z grubsza zamys\u0142<br>Dla tego \u015bwiata szatana<br>I s\u0142ug z\u0142a realizuj\u0105cych<br>Jego r\u00f3\u017cne cele pod\u0142e<\/p>\n\n\n\n<p>Dla my\u015bl\u0105cego wystarczy<br>A dla ju\u017c zindoktrynowanego<br>Cho\u0107by napisa\u0142 i o tym powie\u015b\u0107<br>I tak za ma\u0142o b\u0119dzie<br>Sp\u00f3jrzcie tylko wok\u00f3\u0142 siebie<br>Starajcie si\u0119 fakty \u0142\u0105czy\u0107<br>A stanie si\u0119 raczej jasne<br>Co jest zgodny z tym mym przekazem<\/p>\n\n\n\n<figure class=\"wp-block-gallery has-nested-images columns-default is-cropped wp-block-gallery-1 is-layout-flex wp-block-gallery-is-layout-flex\">\n<figure class=\"wp-block-image size-large\"><a href=\"https:\/\/hubertpietka.bialystok.pl\/wp-content\/uploads\/2024\/10\/IMG-20240929-WA0014.jpg\"><img loading=\"lazy\" decoding=\"async\" width=\"768\" height=\"1024\" data-id=\"8589\" src=\"https:\/\/hubertpietka.bialystok.pl\/wp-content\/uploads\/2024\/10\/IMG-20240929-WA0014-768x1024.jpg\" alt=\"\" class=\"wp-image-8589\" srcset=\"https:\/\/hubertpietka.bialystok.pl\/wp-content\/uploads\/2024\/10\/IMG-20240929-WA0014-768x1024.jpg 768w, https:\/\/hubertpietka.bialystok.pl\/wp-content\/uploads\/2024\/10\/IMG-20240929-WA0014-225x300.jpg 225w, https:\/\/hubertpietka.bialystok.pl\/wp-content\/uploads\/2024\/10\/IMG-20240929-WA0014-1152x1536.jpg 1152w, https:\/\/hubertpietka.bialystok.pl\/wp-content\/uploads\/2024\/10\/IMG-20240929-WA0014.jpg 1200w\" sizes=\"auto, (max-width: 768px) 100vw, 768px\" \/><\/a><\/figure>\n<\/figure>\n\n\n\n<p><strong>Na zdj. Jan Pawe\u0142 II<br>Ju\u017c to wszystko m\u00f3wi\u0142<br>O zagro\u017ceniu relatywizmem<br>O nazywaniu z\u0142a dobrem i te\u017c odwrotnie<br>O cywilizacji \u015bmierci<br>Kt\u00f3ra chce poszerza\u0107 swe zap\u0119dy<br>O wolno\u015bci dzieci Bo\u017cych<br>Ju\u017c on o tym wszystkim odpowiednio m\u00f3wi\u0142<br>Dlatego go te\u017c nienawidzi strasznie<br>Ta ca\u0142a \u015bwiatowa ideologizacja szata\u0144ska<br>I wszystkich m\u00f3wi\u0105cych z nim te\u017c zgodnie<br>Staj\u0105 si\u0119 wrogami publicznymi nr 1<br>Tej komuny lewackiej wsp\u00f3\u0142czesnej<br>Cho\u0107 niewinnie i sprawiedliwie<br>Przecie\u017c g\u0142osz\u0105 oni tylko<br>Wolno\u015b\u0107 w Bogu dzieci Bo\u017cych<br>Wolno\u015b\u0107 od \u015bmierci zniszczenia zniewalania<br>W czysto\u015bci jasnej trwania<br>I w pot\u0119dze \u015bwiadomo\u015bci dojrza\u0142ej<br>Rozumiej\u0105cej ideologiczne trendy wsp\u00f3\u0142czesne<br>I do czego one maj\u0105<br>Ten \u015bwiat prowadzi\u0107<\/strong><\/p>\n\n\n\n<p>A zobaczyli te\u017c<br>\u017be da si\u0119 podkorz\u0105dkowa\u0107 odpowiednio<br>\u015awiat ten podczas pandemii s\u0142awetnej<br>Ideologicznie w spos\u00f3b jedynie s\u0142uszny<br>Gdzie ludzie akceptowali ka\u017cde bzdury<br>Wobec zastraszenia ich \u017cycia zdrowia<br>Wiedz\u0105 jak podobne kwestie wykorzystywa\u0107<br>I w ten spos\u00f3b<br>Chc\u0105 dalej przeprowadza\u0107<br>Te r\u00f3\u017cne czystki swoje<br>M\u00f3wi\u0105c to cho\u0107by<br>\u017be jedni ludzie s\u0105 lepsi od drugich<br>I \u017ce tylko ci mo\u017cni<br>Maj\u0105 racje we wszystkim<br>A \u015bwiat powinien by\u0107<br>Podporz\u0105dkowany w\u0142a\u015bnie im<br>A maj\u0105 ku temu<br>Odpowiednie restrykcje i aparaty przymusu<br>Czytaj bezpo\u015bredniego zniewalania i inwigilacji<br>Co wida\u0107 dobrze tak\u017ce i w Polsce<br>Te\u017c przez r\u00f3\u017cne propagandy przeciwko niewinnym i sprawiedliwym<br>Takim czy innym<br>Ich zniewalania i zabijania<br>I \u017ce wszystko przecie\u017c mo\u017ce<br>By\u0107 wykorzystane przeciwko tobie<br>Na ka\u017cd\u0105 tw\u0105 akcj\u0119<br>Maj\u0105 siln\u0105 szata\u0144sk\u0105 reakcj\u0119<br>Przek\u0142amania ob\u0142ud\u0119 i zastraszania<br>A mo\u017cna i czym\u015b te\u017c przecie\u017c<br>Przekupia\u0107 ludzi odpowiednio<br>Da\u0107 im <em>kija i marchewk\u0119<\/em><br>Byleby tylko zapanowa\u0142 niby \u0142ad i niby porz\u0105dek<br>A tak naprawd\u0119 terroryzm zawauowany\u00a0 czy wprost<br>W tym ca\u0142ym spo\u0142ecze\u0144stwie \u015bwiatowym <\/p>\n\n\n\n<p><strong><em><a href=\"https:\/\/youtu.be\/C7v2iGM_K3k?si=-OhaeUD277lQqcoc\">Maleo Reggae Rockers &#8211; Nie tak<\/a><\/em><\/strong><\/p>\n\n\n\n<p class=\"has-text-align-center\">( <strong><em><a href=\"https:\/\/youtu.be\/OiXBpNg3v8o?si=qEoSohvZhEpN809g\">Mesayah &#8211; Wiadomo\u015b\u0107 <\/a><\/em><\/strong><\/p>\n\n\n\n<p class=\"has-text-align-right\"><strong><em><a href=\"https:\/\/youtu.be\/4FAsqZs8XMY?si=HoxgMaEvoNP1eN3-\">Mesayah &#8211; Swoj\u0105 drog\u0105 feat. Milo Mai\u0142o<\/a><\/em><\/strong> )<\/p>\n\n\n\n<p>\/<\/p>\n\n\n\n<p class=\"has-text-align-center\"><strong><em><a href=\"https:\/\/youtu.be\/fRJcsG7nmtE?si=OBMgON0ZbBNE_5c5\">Wiktor Dydu\u0142a &#8211; Tam s\u0142o\u0144ce, gdzie my<\/a><\/em><\/strong><\/p>\n","protected":false},"excerpt":{"rendered":"<p>Czy wy tego nie widzicie\u017be to wszystko jest oparteNa k\u0142amstwie ideologicznymKt\u00f3re ma do \u015bmierci przyzwyczaja\u0107I czyni\u0107 j\u0105 us\u0142u\u017cn\u0105Zap\u0119dom cho\u0107by politycznym r\u00f3\u017cnymTak cho\u0107by aborcja i eutanazjaPrzyzwyczaja\u0107&hellip; <\/p>\n","protected":false},"author":1,"featured_media":0,"parent":0,"menu_order":0,"comment_status":"closed","ping_status":"closed","template":"","meta":{"footnotes":""},"class_list":["post-8588","page","type-page","status-publish","hentry"],"_links":{"self":[{"href":"https:\/\/hubertpietka.bialystok.pl\/index.php?rest_route=\/wp\/v2\/pages\/8588","targetHints":{"allow":["GET"]}}],"collection":[{"href":"https:\/\/hubertpietka.bialystok.pl\/index.php?rest_route=\/wp\/v2\/pages"}],"about":[{"href":"https:\/\/hubertpietka.bialystok.pl\/index.php?rest_route=\/wp\/v2\/types\/page"}],"author":[{"embeddable":true,"href":"https:\/\/hubertpietka.bialystok.pl\/index.php?rest_route=\/wp\/v2\/users\/1"}],"replies":[{"embeddable":true,"href":"https:\/\/hubertpietka.bialystok.pl\/index.php?rest_route=%2Fwp%2Fv2%2Fcomments&post=8588"}],"version-history":[{"count":4,"href":"https:\/\/hubertpietka.bialystok.pl\/index.php?rest_route=\/wp\/v2\/pages\/8588\/revisions"}],"predecessor-version":[{"id":8594,"href":"https:\/\/hubertpietka.bialystok.pl\/index.php?rest_route=\/wp\/v2\/pages\/8588\/revisions\/8594"}],"wp:attachment":[{"href":"https:\/\/hubertpietka.bialystok.pl\/index.php?rest_route=%2Fwp%2Fv2%2Fmedia&parent=8588"}],"curies":[{"name":"wp","href":"https:\/\/api.w.org\/{rel}","templated":true}]}}