{"id":8609,"date":"2024-10-12T08:37:23","date_gmt":"2024-10-12T08:37:23","guid":{"rendered":"https:\/\/hubertpietka.bialystok.pl\/?page_id=8609"},"modified":"2024-10-12T08:37:23","modified_gmt":"2024-10-12T08:37:23","slug":"zdrady-fundamentalne-i-partykularne-wszelkie-zdrady-szatanskie","status":"publish","type":"page","link":"https:\/\/hubertpietka.bialystok.pl\/?page_id=8609","title":{"rendered":"Zdrady fundamentalne i partykularne \/ wszelkie zdrady szata\u0144skie"},"content":{"rendered":"\n<p>S\u0142owem kt\u00f3re najpe\u0142niej definiuje<br>T\u0105 wsp\u00f3\u0142czesn\u0105 cywilizacj\u0119 \u015bmierci<br>Jest zdrada nie mniej ani ni wi\u0119cej<br>Zdrada warto\u015bci uniwersalnych<br>W imi\u0119 dora\u017anych korzy\u015bci przyjemno\u015bci<br>Zdrada Boga<br>Zdrada ma\u0142\u017ce\u0144stw wiernych sobie<br>I zdrady ma\u0142\u017ce\u0144skie<br>\u017be nie wspomn\u0119 o innych<br>Zdrady polityk\u00f3w patriotyzmu<br>I nawet w\u0142asnego narodu<br>Zdrady s\u0142u\u017cb medycznych<br>Prostej s\u0142u\u017cby zdrowiu i \u017cyciu<br>Zdrady wszelkiej tych najmniejszych<br>Niewinnych prostych i czystych<\/p>\n\n\n\n<p>Wreszcie wszelkie zdrady judaszowe<br>Na nas naszym naszych<br>Od tych niby indywidualnych<br>Po zorganizowane s\u0142u\u017cb r\u00f3\u017cnych<br>Zdrady najgorsze bo przedstawiane inaczej<br>Niby w zupe\u0142nie innym \u015bwietle<br>Byleby tylko mog\u0142y by\u0107 spe\u0142niane<br>R\u00f3\u017cne diabelskie zap\u0119dy<br>Od \u015bmierci zniewolenia po zniszczenie<br>Dla nas naszych i naszego<br>Zdrada wszechobecna<br>Chyba na ka\u017cdym \u017cycia poziomie<br>Ze strachu dla korzy\u015bci konkretnych<br>I niby pod pozorem jakich\u015b wa\u017cniejszych rzeczy<\/p>\n\n\n\n<figure class=\"wp-block-gallery has-nested-images columns-default is-cropped wp-block-gallery-1 is-layout-flex wp-block-gallery-is-layout-flex\">\n<figure class=\"wp-block-image size-large\"><a href=\"https:\/\/hubertpietka.bialystok.pl\/wp-content\/uploads\/2024\/10\/IMG-20241011-WA0039-rotated.jpg\"><img loading=\"lazy\" decoding=\"async\" width=\"768\" height=\"1024\" data-id=\"8610\" src=\"https:\/\/hubertpietka.bialystok.pl\/wp-content\/uploads\/2024\/10\/IMG-20241011-WA0039-768x1024.jpg\" alt=\"\" class=\"wp-image-8610\" srcset=\"https:\/\/hubertpietka.bialystok.pl\/wp-content\/uploads\/2024\/10\/IMG-20241011-WA0039-768x1024.jpg 768w, https:\/\/hubertpietka.bialystok.pl\/wp-content\/uploads\/2024\/10\/IMG-20241011-WA0039-225x300.jpg 225w, https:\/\/hubertpietka.bialystok.pl\/wp-content\/uploads\/2024\/10\/IMG-20241011-WA0039-1152x1536.jpg 1152w, https:\/\/hubertpietka.bialystok.pl\/wp-content\/uploads\/2024\/10\/IMG-20241011-WA0039-rotated.jpg 1200w\" sizes=\"auto, (max-width: 768px) 100vw, 768px\" \/><\/a><\/figure>\n<\/figure>\n\n\n\n<p><em>Na zdj. Ratunek tylko w imieniu Maryi<br>\u017be si\u0119 to wszystko<br>Najdzie jeszcze odpowiednio<br>\u017be wszystko b\u0119dzie na<br>Tym w\u0142a\u015bciwym miejscu<br>\u017be ludziom pouk\u0142ada si\u0119 w g\u0142owach na nowo<br>Nie wed\u0142ug wszelkich zdrady tendencji<br>Bo zdrada wszelka<br>Burzy rytm \u017cycia<br>Neguje rzeczy jasne i wa\u017cne<br>Byt ten \u015bwiata podwa\u017ca<br>Zdrada jest tym aspektem<br>Kt\u00f3ra odwraca \u017cycie w prawdzie<br>I otwiera ludzi<br>Na wszelkie manipulacje ob\u0142ud\u0119<br>I k\u0142amstwa szata\u0144skie<br>Cz\u0142owiek si\u0119 staje wilkiem cz\u0142owiekowi<br>W imi\u0119 zdrady mo\u017cna przecie\u017c<br>Zabija\u0107 zniewala\u0107 niszczy\u0107<br>Kogokolwiek to zreszt\u0105 dotyczy<br>Jest te\u017c zdrada najw\u0142a\u015bciwsza przecie\u017c<br>Zwyk\u0142ego cz\u0142owiecze\u0144stwa<br>To wszystko ogarnia \u015bwiat ten<br>I niszczy ludzi od \u015brodka<br>Kres powinien by\u0107 dany<br>Tym wszelkim zdradom<br>Je\u015bli ma \u017cy\u0107 \u015bwiat ten<\/em><\/p>\n","protected":false},"excerpt":{"rendered":"<p>S\u0142owem kt\u00f3re najpe\u0142niej definiujeT\u0105 wsp\u00f3\u0142czesn\u0105 cywilizacj\u0119 \u015bmierciJest zdrada nie mniej ani ni wi\u0119cejZdrada warto\u015bci uniwersalnychW imi\u0119 dora\u017anych korzy\u015bci przyjemno\u015bciZdrada BogaZdrada ma\u0142\u017ce\u0144stw wiernych sobieI zdrady ma\u0142\u017ce\u0144skie\u017be&hellip; <\/p>\n","protected":false},"author":1,"featured_media":0,"parent":0,"menu_order":0,"comment_status":"closed","ping_status":"closed","template":"","meta":{"footnotes":""},"class_list":["post-8609","page","type-page","status-publish","hentry"],"_links":{"self":[{"href":"https:\/\/hubertpietka.bialystok.pl\/index.php?rest_route=\/wp\/v2\/pages\/8609","targetHints":{"allow":["GET"]}}],"collection":[{"href":"https:\/\/hubertpietka.bialystok.pl\/index.php?rest_route=\/wp\/v2\/pages"}],"about":[{"href":"https:\/\/hubertpietka.bialystok.pl\/index.php?rest_route=\/wp\/v2\/types\/page"}],"author":[{"embeddable":true,"href":"https:\/\/hubertpietka.bialystok.pl\/index.php?rest_route=\/wp\/v2\/users\/1"}],"replies":[{"embeddable":true,"href":"https:\/\/hubertpietka.bialystok.pl\/index.php?rest_route=%2Fwp%2Fv2%2Fcomments&post=8609"}],"version-history":[{"count":1,"href":"https:\/\/hubertpietka.bialystok.pl\/index.php?rest_route=\/wp\/v2\/pages\/8609\/revisions"}],"predecessor-version":[{"id":8611,"href":"https:\/\/hubertpietka.bialystok.pl\/index.php?rest_route=\/wp\/v2\/pages\/8609\/revisions\/8611"}],"wp:attachment":[{"href":"https:\/\/hubertpietka.bialystok.pl\/index.php?rest_route=%2Fwp%2Fv2%2Fmedia&parent=8609"}],"curies":[{"name":"wp","href":"https:\/\/api.w.org\/{rel}","templated":true}]}}