{"id":861,"date":"2018-01-29T12:11:58","date_gmt":"2018-01-29T12:11:58","guid":{"rendered":"http:\/\/hubertpietka.bialystok.pl\/?page_id=861"},"modified":"2018-01-29T12:12:46","modified_gmt":"2018-01-29T12:12:46","slug":"861-2","status":"publish","type":"page","link":"https:\/\/hubertpietka.bialystok.pl\/?page_id=861","title":{"rendered":"Kr\u00f3luj, Maryjo!"},"content":{"rendered":"<p><strong>Kr\u00f3luj, Maryjo!<\/strong><\/p>\n<p>&nbsp;<\/p>\n<p>Ref.<\/p>\n<p>Kr\u00f3luj, Maryjo, kr\u00f3luj!<\/p>\n<p>A serce Jej wt\u00f3ruj!<\/p>\n<p>&nbsp;<\/p>\n<p>(Tylko w Tobie, Maryjo,<\/p>\n<p>swe spe\u0142nienie<\/p>\n<p>znajdzie ziemskie powo\u0142anie,<\/p>\n<p>a niebieskie przeznaczenie.)<\/p>\n<p>&nbsp;<\/p>\n<p>I<\/p>\n<p>Bez Ciebie nic nie mo\u017ce by\u0107.<\/p>\n<p>&#8211; Tylko smutek, j\u0119k i \u0142zy!<\/p>\n<p>&nbsp;<\/p>\n<p>Ref.<\/p>\n<p>&nbsp;<\/p>\n<p>II<\/p>\n<p>Tylko z Tob\u0105 by\u0107,<\/p>\n<p>najpi\u0119kniejsze sny \u015bni\u0107!<\/p>\n<p>&nbsp;<\/p>\n<p>Ref.<\/p>\n<p>&nbsp;<\/p>\n<p>III<\/p>\n<p>Z Tob\u0105 i przy Tobie<\/p>\n<p>&#8211; wtedy<\/p>\n<p>nie zawstydz\u0119 si\u0119 u kresu \u017cadnej biedy.<\/p>\n<p>&nbsp;<\/p>\n<p>Ref.<\/p>\n<p>&nbsp;<\/p>\n<p>IV<\/p>\n<p>Kocham Ci\u0119,<\/p>\n<p>ze mn\u0105 b\u0105d\u017a w ka\u017cdej chwili<\/p>\n<p>&#8211; mi\u0142ej i niemi\u0142ej doli.<\/p>\n<p>&nbsp;<\/p>\n<p>Ref.<\/p>\n<p>&nbsp;<\/p>\n<p>V<\/p>\n<p>Z Tob\u0105,<\/p>\n<p>w zachwycie Tob\u0105<\/p>\n<p>&#8211; moja niebieska Kr\u00f3lowo!<\/p>\n<p>&nbsp;<\/p>\n<p>Ref.<\/p>\n","protected":false},"excerpt":{"rendered":"<p>Kr\u00f3luj, Maryjo! &nbsp; Ref. Kr\u00f3luj, Maryjo, kr\u00f3luj! A serce Jej wt\u00f3ruj! &nbsp; (Tylko w Tobie, Maryjo, swe spe\u0142nienie znajdzie ziemskie powo\u0142anie, a niebieskie przeznaczenie.) &nbsp;&hellip; <\/p>\n","protected":false},"author":1,"featured_media":0,"parent":0,"menu_order":0,"comment_status":"closed","ping_status":"closed","template":"","meta":{"footnotes":""},"class_list":["post-861","page","type-page","status-publish","hentry"],"_links":{"self":[{"href":"https:\/\/hubertpietka.bialystok.pl\/index.php?rest_route=\/wp\/v2\/pages\/861","targetHints":{"allow":["GET"]}}],"collection":[{"href":"https:\/\/hubertpietka.bialystok.pl\/index.php?rest_route=\/wp\/v2\/pages"}],"about":[{"href":"https:\/\/hubertpietka.bialystok.pl\/index.php?rest_route=\/wp\/v2\/types\/page"}],"author":[{"embeddable":true,"href":"https:\/\/hubertpietka.bialystok.pl\/index.php?rest_route=\/wp\/v2\/users\/1"}],"replies":[{"embeddable":true,"href":"https:\/\/hubertpietka.bialystok.pl\/index.php?rest_route=%2Fwp%2Fv2%2Fcomments&post=861"}],"version-history":[{"count":2,"href":"https:\/\/hubertpietka.bialystok.pl\/index.php?rest_route=\/wp\/v2\/pages\/861\/revisions"}],"predecessor-version":[{"id":863,"href":"https:\/\/hubertpietka.bialystok.pl\/index.php?rest_route=\/wp\/v2\/pages\/861\/revisions\/863"}],"wp:attachment":[{"href":"https:\/\/hubertpietka.bialystok.pl\/index.php?rest_route=%2Fwp%2Fv2%2Fmedia&parent=861"}],"curies":[{"name":"wp","href":"https:\/\/api.w.org\/{rel}","templated":true}]}}