{"id":8630,"date":"2024-10-18T08:22:39","date_gmt":"2024-10-18T08:22:39","guid":{"rendered":"https:\/\/hubertpietka.bialystok.pl\/?page_id=8630"},"modified":"2024-10-18T08:22:39","modified_gmt":"2024-10-18T08:22:39","slug":"najgorszy-banita-dla-tych-banitow-mimo-ze-przeciez-broni-tylko-swego-swoich","status":"publish","type":"page","link":"https:\/\/hubertpietka.bialystok.pl\/?page_id=8630","title":{"rendered":"Najgorszy banita \/ dla tych banit\u00f3w \/\/ mimo \u017ce przecie\u017c broni tylko swego swoich"},"content":{"rendered":"\n<p>Dla tych sukin\u2026 kot\u00f3w<br>Ja jestem sukin\u2026 kotem<br>Bo im przeszkadzam<br>Spe\u0142nia\u0107 r\u00f3\u017cne zap\u0119dy diab\u0142a<\/p>\n\n\n\n<p>Dla tych bandyt\u00f3w<br>Ja jestem pod\u0142ym banitom<br>Kt\u00f3rego \u017cycie trzeba wyj\u0105\u0107<br>Z pod tego bezprawnego prawa<br>By moje \u017cycie uczyni\u0107 nielegalnym<br>By m\u00f3c spe\u0142ni\u0107 na mnie<br>Te zap\u0119dy szata\u0144skie<\/p>\n\n\n\n<p>Czy\u017c nie tak samo zreszt\u0105<br>Czyni\u0105 z moj\u0105 \u017con\u0105<br>Z bliskimi i z wszystkim<br>Co kocham zreszt\u0105<br>Za wszelk\u0105 cen\u0119 pr\u00f3buj\u0105<br>Uderza\u0107 w to wszystko<br>By mnie nas pozbawi\u0107<br>D\u00f3br zwyk\u0142ych wszelkich<br>Nale\u017cnym przecie\u017c ludziom wszystkim<\/p>\n\n\n\n<p>Lecz to si\u0119 dzieje<br>Nie wed\u0142ug Boga lecz diab\u0142a<br>Bo w Bogu \u017cadne \u017cycie<br>Nie jest nielegalne<br>Tych kt\u00f3rych do \u017cycia powo\u0142uje<\/p>\n\n\n\n<p>Piekielnie mocni<br>Ale nie moc\u0105 Boga jednak<br>Bo nie chcieliby czyni\u0107 z\u0142a<br>Jak by by\u0142o tak<\/p>\n\n\n\n<figure class=\"wp-block-image size-full is-resized\"><a href=\"https:\/\/hubertpietka.bialystok.pl\/wp-content\/uploads\/2024\/10\/20241018_100547.jpg\"><img loading=\"lazy\" decoding=\"async\" width=\"1008\" height=\"756\" src=\"https:\/\/hubertpietka.bialystok.pl\/wp-content\/uploads\/2024\/10\/20241018_100547.jpg\" alt=\"\" class=\"wp-image-8631\" style=\"width:350px;height:auto\" srcset=\"https:\/\/hubertpietka.bialystok.pl\/wp-content\/uploads\/2024\/10\/20241018_100547.jpg 1008w, https:\/\/hubertpietka.bialystok.pl\/wp-content\/uploads\/2024\/10\/20241018_100547-300x225.jpg 300w, https:\/\/hubertpietka.bialystok.pl\/wp-content\/uploads\/2024\/10\/20241018_100547-768x576.jpg 768w\" sizes=\"auto, (max-width: 1008px) 100vw, 1008px\" \/><\/a><\/figure>\n\n\n\n<p><em>Na zdj. Ko\u0144 zaprz\u0119gowy<br>Marka firmowa producenta rolniczych maszyn<br>To nie kryptoreklama<br>Lecz rodzajowy obrazek raczej ilustracja<br>Bo to ja jestem tym koniem jednak<br>Kt\u00f3ry ca\u0142y \u015bwiat<br>Za sob\u0105 ci\u0105gnie w Bogu<br>Wbrew zap\u0119dom diab\u0142a<br>I r\u00f3\u017cnych s\u0142ug z\u0142a<br>Kt\u00f3rzy mu s\u0142u\u017c\u0105<br>Czy s\u0105 tego \u015bwiadomi czy te\u017c nie<br>\u017be tak w\u0142a\u015bnie jest<br>Bo ka\u017cdy kto sprzeciwia si\u0119 przecie\u017c Bogu<br>Dzia\u0142a zgodnie z szatanem<\/em><\/p>\n\n\n\n<p><strong><em><a href=\"https:\/\/youtu.be\/Y8uMvUgnpwI?si=ig7aYU8WF4T317sq\">Clannad &#8211; Robin (The Hooded Man)<\/a><\/em><\/strong><\/p>\n\n\n\n<p class=\"has-text-align-center\"><strong><em><a href=\"http:\/\/Everything I Do) I Do It for You\">Bryan Adams &#8211; (Everything I Do) I Do It for You<\/a><\/em><\/strong><\/p>\n","protected":false},"excerpt":{"rendered":"<p>Dla tych sukin\u2026 kot\u00f3wJa jestem sukin\u2026 kotemBo im przeszkadzamSpe\u0142nia\u0107 r\u00f3\u017cne zap\u0119dy diab\u0142a Dla tych bandyt\u00f3wJa jestem pod\u0142ym banitomKt\u00f3rego \u017cycie trzeba wyj\u0105\u0107Z pod tego bezprawnego prawaBy&hellip; <\/p>\n","protected":false},"author":1,"featured_media":0,"parent":0,"menu_order":0,"comment_status":"closed","ping_status":"closed","template":"","meta":{"footnotes":""},"class_list":["post-8630","page","type-page","status-publish","hentry"],"_links":{"self":[{"href":"https:\/\/hubertpietka.bialystok.pl\/index.php?rest_route=\/wp\/v2\/pages\/8630","targetHints":{"allow":["GET"]}}],"collection":[{"href":"https:\/\/hubertpietka.bialystok.pl\/index.php?rest_route=\/wp\/v2\/pages"}],"about":[{"href":"https:\/\/hubertpietka.bialystok.pl\/index.php?rest_route=\/wp\/v2\/types\/page"}],"author":[{"embeddable":true,"href":"https:\/\/hubertpietka.bialystok.pl\/index.php?rest_route=\/wp\/v2\/users\/1"}],"replies":[{"embeddable":true,"href":"https:\/\/hubertpietka.bialystok.pl\/index.php?rest_route=%2Fwp%2Fv2%2Fcomments&post=8630"}],"version-history":[{"count":1,"href":"https:\/\/hubertpietka.bialystok.pl\/index.php?rest_route=\/wp\/v2\/pages\/8630\/revisions"}],"predecessor-version":[{"id":8632,"href":"https:\/\/hubertpietka.bialystok.pl\/index.php?rest_route=\/wp\/v2\/pages\/8630\/revisions\/8632"}],"wp:attachment":[{"href":"https:\/\/hubertpietka.bialystok.pl\/index.php?rest_route=%2Fwp%2Fv2%2Fmedia&parent=8630"}],"curies":[{"name":"wp","href":"https:\/\/api.w.org\/{rel}","templated":true}]}}