{"id":8642,"date":"2024-10-21T16:55:06","date_gmt":"2024-10-21T16:55:06","guid":{"rendered":"https:\/\/hubertpietka.bialystok.pl\/?page_id=8642"},"modified":"2024-10-21T16:55:06","modified_gmt":"2024-10-21T16:55:06","slug":"pieprzem-pieprzone-ego-bandyctwa-pieprzonego-i-wszystko-w-imie-tego","status":"publish","type":"page","link":"https:\/\/hubertpietka.bialystok.pl\/?page_id=8642","title":{"rendered":"Pieprzem pieprzone ego \/ bandyctwa pieprzonego \/\/ i wszystko w imi\u0119 tego"},"content":{"rendered":"\n<p>Kompleksowo trzeba przyzna\u0107<br>Dzia\u0142a to ca\u0142e bandyctwo<br>Tam Podwilk Podkrakowski<br>Tu bia\u0142oruscy dzicy bandyci<br>A wsz\u0119dzie pomi\u0119dzy misie bandyccy<br>Czy inne kolobarocyjne s\u0142u\u017cby<br>Czy tam zreszt\u0105 i jacy<br>Zawsze sobie znajd\u0105 ci bandyci<br>Innych bandyt\u00f3w na swoje us\u0142ugi<br>Co tam zdrada cho\u0107by cz\u0142owiecze\u0144stwa<br>Wobec niewinnych<br>Zdrady mo\u017cna przecie\u017c os\u0142adza\u0107 odpowiednio<br>Tak\u017ce prze\u015bladowania na linii ca\u0142ej<br>Na ka\u017cdym kroku mnie \u017cony<br>Nas naszego i naszych<\/p>\n\n\n\n<p>Przyprawiane pieprzem z\u0142a<br>Dzia\u0142ania ca\u0142ego tego bandyctwa *<strong>pieprzon-ego<\/strong>*<br>Bo przecie\u017c liczy si\u0119 tylko<br>Ich *<strong>ego pieprzone<\/strong>*<br>Niech b\u0119dzie \u017ce i moje<br>Ego pieprzone pewnie dla niekt\u00f3rych<br>Ale ja nikomu nic z\u0142ego<br>Nie chc\u0119 jednak czyni\u0107<br>Wbrew przeciwnie<br>Bronie tylko siebie swoich swojego<br>A to ca\u0142e bandyctwo<br>Byleby ku z\u0142u dla nas i tylko<\/p>\n\n\n\n<p>A szeroki ma zakres mo\u017cliwo\u015bci<br>To bandyctwo w swoich pod\u0142o\u015bciach<br>Pewnie \u017ce \u017cona<br>Pisa\u0142em ju\u017c w plac\u00f3wce medycznej<br>Nie mo\u017ce otwiera\u0107 okien<br>Zreszt\u0105 i wsz\u0119dzie przecie\u017c<br>Okna powinny by\u0107 szczelnie zamkni\u0119te<br>Bo tak pasuje temu bandyctwu<br>Najlepiej przecie\u017c kogo\u015b nas czytaj<br>Na \u017cywca gazem zadusi\u0107 lub chocia\u017c przytru\u0107 <br>Czy cho\u0107by zarazi\u0107 czymtamkolwiek<br>I tak ca\u0142y czas dzia\u0142a<br>To bandyctwo wed\u0142ug pod\u0142o\u015bci najwy\u017cszych<br>I du\u017co wi\u0119cej oni maj\u0105<br>Metod bandyckich tak\u017ce<br>Znajd\u0105 sobie cho\u0107by<br>Uk\u0142u\u0107 odpowiednio \u015bmiertelnie te\u017c mog\u0105cych<br>Nie wa\u017cne z daleka czy te\u017c z bliska<br>I tak ca\u0142y czas dzia\u0142a<br>To bandyctwo<br>I nieszcz\u0119\u015bliwy wypadek jaki\u015b<br>To te\u017c bandyctwo lubi bardzo<br>Samochodowy czy tam jaki<br>A cho\u0107by z tym mieszkaniem<br>Szczeg\u00f3lnie gdy nie ma<br>Nikogo pod spodem<br>Takie z grubsza metody bandyckie<br>Ale nie zapominajmy te\u017c<br>I o misiach i o kolaborantach innych<br>W sumie metoda rzecz drugorz\u0119dna<br>Byleby tylko nam z\u0142o uczyni\u0107<br>Zabi\u0107 zniszczy\u0107 zniewoli\u0107<br>Najlepiej wszystko i wszystkich<br>Kt\u00f3rzy s\u0105 z nami jako\u015b zwi\u0105zani<br>Wprost perfidia szata\u0144ska<br>Bo wbrew temu przecie\u017c<br>O czym ja tu m\u00f3wi\u0119<br>Niemal w spos\u00f3b ci\u0105g\u0142y<\/p>\n\n\n\n<figure class=\"wp-block-gallery has-nested-images columns-default is-cropped wp-block-gallery-1 is-layout-flex wp-block-gallery-is-layout-flex\">\n<figure class=\"wp-block-image size-large\"><a href=\"https:\/\/hubertpietka.bialystok.pl\/wp-content\/uploads\/2024\/10\/IMG-20241021-WA0026.jpg\"><img loading=\"lazy\" decoding=\"async\" width=\"1024\" height=\"768\" data-id=\"8643\" src=\"https:\/\/hubertpietka.bialystok.pl\/wp-content\/uploads\/2024\/10\/IMG-20241021-WA0026-1024x768.jpg\" alt=\"\" class=\"wp-image-8643\" srcset=\"https:\/\/hubertpietka.bialystok.pl\/wp-content\/uploads\/2024\/10\/IMG-20241021-WA0026-1024x768.jpg 1024w, https:\/\/hubertpietka.bialystok.pl\/wp-content\/uploads\/2024\/10\/IMG-20241021-WA0026-300x225.jpg 300w, https:\/\/hubertpietka.bialystok.pl\/wp-content\/uploads\/2024\/10\/IMG-20241021-WA0026-768x576.jpg 768w, https:\/\/hubertpietka.bialystok.pl\/wp-content\/uploads\/2024\/10\/IMG-20241021-WA0026-1536x1152.jpg 1536w, https:\/\/hubertpietka.bialystok.pl\/wp-content\/uploads\/2024\/10\/IMG-20241021-WA0026.jpg 1600w\" sizes=\"auto, (max-width: 1024px) 100vw, 1024px\" \/><\/a><\/figure>\n<\/figure>\n\n\n\n<p>Na zdj. Ko\u015bci\u00f3\u0142 w *<strong>Rad-ulach<\/strong>*<br>I *<strong>Radek i Ula<\/strong>* i chyba ka\u017cdy te\u017c bliski<br>Nie mo\u017ce si\u0119 czu\u0107<br>Bezpiecznie z tym bandyctwem<br>Ja mam zasi\u0119g przecie\u017c ograniczony<br>A to bandyctwo i wsp\u00f3\u0142pracuj\u0105cy z nimi<br>Przecie\u017c ci\u0105gle chc\u0105 czyni\u0107<br>Z\u0142o szata\u0144skie ka\u017cde<br>Nam naszemu i naszym<br>W pod\u0142o\u015bci niewymiernej<br>Bo ja przecie\u017c pisz\u0119 o tym niemal ci\u0105gle<br>Dysz\u0105 \u017c\u0105dz\u0105 szata\u0144sk\u0105<br>Zniszczenia nas naszego i naszych<br>Czy\u017cbym si\u0119 myli\u0142<br>To sk\u0105d niby to wszystko<br>Pod\u0142o\u015b\u0107 ob\u0142udnie perfidna<br>Defuniuje dzia\u0142ania tych wszelkich bandyt\u00f3w<br>D\u0105\u017cenia do zbrodni<br>Za wszelk\u0105 cen\u0119<br>Z premedytacj\u0105 i\u015bcie szata\u0144sk\u0105<br>Jak mo\u017cna si\u0119 tak zasklepi\u0107<br>W nienawistnym z\u0142u<br>To wie chyba tylko szatan<br>Kt\u00f3ry determinuje z\u0142o ka\u017cde<\/p>\n\n\n\n<p>I ani mi Ani<br>Z nami naszymi naszym<br>Powtarzam nieustannie<br>I niech si\u0119 odpieprz\u0105<br>R\u00f3\u017cni bandyci pieprzeni pieprzem <br>Raz na zawsze ze swymi<br>Wszelkimi pod\u0142o\u015bciami<br>Z ob\u0142ud\u0105 perfidni\u0105 wszelkich k\u0142amstw<br>Byleby tylko spe\u0142nia\u0107 zap\u0119dy diab\u0142a<\/p>\n","protected":false},"excerpt":{"rendered":"<p>Kompleksowo trzeba przyzna\u0107Dzia\u0142a to ca\u0142e bandyctwoTam Podwilk PodkrakowskiTu bia\u0142oruscy dzicy bandyciA wsz\u0119dzie pomi\u0119dzy misie bandyccyCzy inne kolobarocyjne s\u0142u\u017cbyCzy tam zreszt\u0105 i jacyZawsze sobie znajd\u0105 ci&hellip; <\/p>\n","protected":false},"author":1,"featured_media":0,"parent":0,"menu_order":0,"comment_status":"closed","ping_status":"closed","template":"","meta":{"footnotes":""},"class_list":["post-8642","page","type-page","status-publish","hentry"],"_links":{"self":[{"href":"https:\/\/hubertpietka.bialystok.pl\/index.php?rest_route=\/wp\/v2\/pages\/8642","targetHints":{"allow":["GET"]}}],"collection":[{"href":"https:\/\/hubertpietka.bialystok.pl\/index.php?rest_route=\/wp\/v2\/pages"}],"about":[{"href":"https:\/\/hubertpietka.bialystok.pl\/index.php?rest_route=\/wp\/v2\/types\/page"}],"author":[{"embeddable":true,"href":"https:\/\/hubertpietka.bialystok.pl\/index.php?rest_route=\/wp\/v2\/users\/1"}],"replies":[{"embeddable":true,"href":"https:\/\/hubertpietka.bialystok.pl\/index.php?rest_route=%2Fwp%2Fv2%2Fcomments&post=8642"}],"version-history":[{"count":1,"href":"https:\/\/hubertpietka.bialystok.pl\/index.php?rest_route=\/wp\/v2\/pages\/8642\/revisions"}],"predecessor-version":[{"id":8644,"href":"https:\/\/hubertpietka.bialystok.pl\/index.php?rest_route=\/wp\/v2\/pages\/8642\/revisions\/8644"}],"wp:attachment":[{"href":"https:\/\/hubertpietka.bialystok.pl\/index.php?rest_route=%2Fwp%2Fv2%2Fmedia&parent=8642"}],"curies":[{"name":"wp","href":"https:\/\/api.w.org\/{rel}","templated":true}]}}