{"id":865,"date":"2018-01-29T12:17:35","date_gmt":"2018-01-29T12:17:35","guid":{"rendered":"http:\/\/hubertpietka.bialystok.pl\/?page_id=865"},"modified":"2018-01-29T12:17:35","modified_gmt":"2018-01-29T12:17:35","slug":"chwala-maryi","status":"publish","type":"page","link":"https:\/\/hubertpietka.bialystok.pl\/?page_id=865","title":{"rendered":"Chwa\u0142a Maryi!"},"content":{"rendered":"<p><strong>Chwa\u0142a Maryi!<\/strong><\/p>\n<p>&nbsp;<\/p>\n<p>Jak mam odda\u0107 Tobie, chwa\u0142\u0119, Maryjo?!<\/p>\n<p>Ja, najmniejsze ze stworze\u0144, najlichsze,<\/p>\n<p>je\u015bli nawet anio\u0142owie w niebie nie dostaj\u0105 do Ciebie?<\/p>\n<p>&nbsp;<\/p>\n<p>Jak uwielbi\u0107 Twe imi\u0119, najpi\u0119kniejsza z kobiet?!<\/p>\n<p>Ty\u015b najdoskonalsza z Boskich stworze\u0144.<\/p>\n<p>Ty\u015b najwi\u0119ksza, naj\u015bwi\u0119tsza!<\/p>\n<p>&nbsp;<\/p>\n<p>Ty\u015b droga niezawodna do Boga!<\/p>\n<p>Przez Ciebie, w Tobie i z Tob\u0105<\/p>\n<p>manowce z\u0142a mnie nie zwiod\u0105.<\/p>\n<p>&nbsp;<\/p>\n<p>Tylko Ty zaprowadzisz mnie tam,<\/p>\n<p>gdzie \u017cycie wiecznie trwa.<\/p>\n<p>&nbsp;<\/p>\n<p>Ja ma\u0142y, Ty\u015b najwi\u0119ksza!<\/p>\n<p>Ja proch ziemi, Ty\u015b naj\u015bwi\u0119tsza!<\/p>\n<p>&nbsp;<\/p>\n<p>Tylko Ty\u015b moja obrona,<\/p>\n<p>by nie przemog\u0142a mnie<\/p>\n<p>niedoskona\u0142o\u015b\u0107 sko\u0144czona.<\/p>\n<p>&nbsp;<\/p>\n<p>S\u0142owem nie sprostam,<\/p>\n<p>by wys\u0142awi\u0107 Tw\u0105 posta\u0107,<\/p>\n<p>tylko pokornym zawierzeniem<\/p>\n<p>w ka\u017cdej potrzebie.<\/p>\n<p>&nbsp;<\/p>\n<p>Za wszystko Ci dzi\u0119kuj\u0119.<\/p>\n<p>Bez Ciebie nic dobrego<\/p>\n<p>nie spotka\u0142oby mnie<\/p>\n<p>tego czasu z\u0142owrogiego.<\/p>\n<p>&nbsp;<\/p>\n<p>Dzi\u0119kuj\u0119, \u017ce jeste\u015b.<\/p>\n<p>Kocham Ci\u0119 ca\u0142\u0105 sw\u0105 si\u0142\u0105.<\/p>\n<p>Wybacz mi przewinienia<\/p>\n<p>i prowad\u017a do zbawienia!<\/p>\n<p>&nbsp;<\/p>\n<p>Amen,<\/p>\n<p>&#8211; taki m\u00f3j,<\/p>\n<p>dziecka Twego,<\/p>\n<p>testament!<\/p>\n","protected":false},"excerpt":{"rendered":"<p>Chwa\u0142a Maryi! &nbsp; Jak mam odda\u0107 Tobie, chwa\u0142\u0119, Maryjo?! Ja, najmniejsze ze stworze\u0144, najlichsze, je\u015bli nawet anio\u0142owie w niebie nie dostaj\u0105 do Ciebie? &nbsp; Jak&hellip; <\/p>\n","protected":false},"author":1,"featured_media":0,"parent":0,"menu_order":0,"comment_status":"closed","ping_status":"closed","template":"","meta":{"footnotes":""},"class_list":["post-865","page","type-page","status-publish","hentry"],"_links":{"self":[{"href":"https:\/\/hubertpietka.bialystok.pl\/index.php?rest_route=\/wp\/v2\/pages\/865","targetHints":{"allow":["GET"]}}],"collection":[{"href":"https:\/\/hubertpietka.bialystok.pl\/index.php?rest_route=\/wp\/v2\/pages"}],"about":[{"href":"https:\/\/hubertpietka.bialystok.pl\/index.php?rest_route=\/wp\/v2\/types\/page"}],"author":[{"embeddable":true,"href":"https:\/\/hubertpietka.bialystok.pl\/index.php?rest_route=\/wp\/v2\/users\/1"}],"replies":[{"embeddable":true,"href":"https:\/\/hubertpietka.bialystok.pl\/index.php?rest_route=%2Fwp%2Fv2%2Fcomments&post=865"}],"version-history":[{"count":1,"href":"https:\/\/hubertpietka.bialystok.pl\/index.php?rest_route=\/wp\/v2\/pages\/865\/revisions"}],"predecessor-version":[{"id":866,"href":"https:\/\/hubertpietka.bialystok.pl\/index.php?rest_route=\/wp\/v2\/pages\/865\/revisions\/866"}],"wp:attachment":[{"href":"https:\/\/hubertpietka.bialystok.pl\/index.php?rest_route=%2Fwp%2Fv2%2Fmedia&parent=865"}],"curies":[{"name":"wp","href":"https:\/\/api.w.org\/{rel}","templated":true}]}}