{"id":8652,"date":"2024-10-24T15:43:05","date_gmt":"2024-10-24T15:43:05","guid":{"rendered":"https:\/\/hubertpietka.bialystok.pl\/?page_id=8652"},"modified":"2024-10-24T15:43:05","modified_gmt":"2024-10-24T15:43:05","slug":"nieskonczona-podlosc-bandyctwa-w-zmierzaniu-ku-zlu-wszelkiemu-dla-nas-naszych-i-naszego","status":"publish","type":"page","link":"https:\/\/hubertpietka.bialystok.pl\/?page_id=8652","title":{"rendered":"Niesko\u0144czona pod\u0142o\u015b\u0107 bandyctwa \/ w zmierzaniu ku z\u0142u wszelkiemu \/\/ dla nas naszych\u00a0 i naszego"},"content":{"rendered":"\n<p>A c\u00f3\u017c to za aktywno\u015b\u0107 taka<br>Dzisiaj misiowego bandyctwa<br>A mo\u017ce maj\u0105 te\u017c pow\u00f3d<br>Jaki\u015b dodatkowy<\/p>\n\n\n\n<p>A mo\u017ce mam przy sobie<br>Na przyk\u0142ad jakie\u015b fa\u0142szywe pieni\u0105dze<br>(A sk\u0105d oni wiedz\u0105 o tym)<br>A sk\u0105d ja je \u017ce mie\u0107 mog\u0119<br>Czy\u017c to nie jest czasem<br>Wyp\u0142ata za prac\u0119 \u017cony<br>A kto przygotowa\u0142<br>Ten tak fa\u0142szywy szmal<br>A kto t\u0105 osob\u0119<br>Odpowiednio te\u017c zmotywowa\u0142 przedsi\u0119wzi\u0119cie zorganizowa\u0142<br>A kto steruje t\u0105 osob\u0105<br>Tam w pracy \u017cony<br>I zreszt\u0105 innymi pod\u0142ymi rzeczami<br>Kt\u00f3re maj\u0105 nam zaszkodzi\u0107<br>Co najmniej bo najlepiej przecie\u017c<br>Zniewoli\u0107 zabi\u0107<\/p>\n\n\n\n<p>Tak\u017ce sk\u0105d to wie<br>To ca\u0142e bandyctwo misiowe<br>I sk\u0105d wie<br>\u017be na przyk\u0142ad w domu<br>Mam tyto\u0144 bynajmniej nie nielegalny<br>Oczywi\u015bcie b\u0119dzie \u017ce z przemytu<br>Tak dzia\u0142a to ca\u0142e bandyctwo<br>I misiowe i ten Podwilk i ci bia\u0142oruscy<br>Bo przecie\u017c trzeba mnie i nas<br>Odpowiednio usadzi\u0107<br>O ile nie te\u017c zabi\u0107<\/p>\n\n\n\n<p>Tak dzia\u0142a to bandyctwo ca\u0142e<br>Nie wspomn\u0119 \u017ce na niewinnych<br>Te wszystkie zbrodnie i zdrady<br>Ale c\u00f3\u017c jest przykaz w\u0142adzy<br>Wi\u0119c z\u0142u pos\u0142uszni<br>Si\u0119 nie cofn\u0105 przed chyba \u017cadn\u0105 pod\u0142o\u015bci\u0105<\/p>\n\n\n\n<figure class=\"wp-block-gallery has-nested-images columns-default is-cropped wp-block-gallery-1 is-layout-flex wp-block-gallery-is-layout-flex\">\n<figure class=\"wp-block-image size-large\"><a href=\"https:\/\/hubertpietka.bialystok.pl\/wp-content\/uploads\/2024\/10\/IMG-20241024-WA0008.jpg\"><img loading=\"lazy\" decoding=\"async\" width=\"768\" height=\"1024\" data-id=\"8653\" src=\"https:\/\/hubertpietka.bialystok.pl\/wp-content\/uploads\/2024\/10\/IMG-20241024-WA0008-768x1024.jpg\" alt=\"\" class=\"wp-image-8653\" srcset=\"https:\/\/hubertpietka.bialystok.pl\/wp-content\/uploads\/2024\/10\/IMG-20241024-WA0008-768x1024.jpg 768w, https:\/\/hubertpietka.bialystok.pl\/wp-content\/uploads\/2024\/10\/IMG-20241024-WA0008-225x300.jpg 225w, https:\/\/hubertpietka.bialystok.pl\/wp-content\/uploads\/2024\/10\/IMG-20241024-WA0008-1152x1536.jpg 1152w, https:\/\/hubertpietka.bialystok.pl\/wp-content\/uploads\/2024\/10\/IMG-20241024-WA0008.jpg 1200w\" sizes=\"auto, (max-width: 768px) 100vw, 768px\" \/><\/a><\/figure>\n<\/figure>\n\n\n\n<p>Na zdj. Krzy\u017c ko\u0142o *<strong>Kali-szek<\/strong>*<br>Mo\u017cna by\u0107 Judaszem<br>A mo\u017cna by\u0107 te\u017c *<strong>Kalim<\/strong>*<br>Temu bandyctwu r\u00f3\u017cnemu przecie\u017c<br>Wolno i wszystko<br>A ty mimo \u017ce si\u0119 pilnujesz bardzo<br>Chyba na ka\u017cdym kroku<br>To i tak ci wsadz\u0105 fa\u0142szywe pieni\u0105dze<br>Za kt\u00f3re potem chc\u0105 ci\u0119 oskar\u017cy\u0107 odpowiednio<br>Taka niesko\u0144czona pod\u0142o\u015b\u0107 tego bandyctwa<br>Ty nie robisz nic z\u0142ego<br>A co oni wyprawiaj\u0105<br>To si\u0119 chyba nie mie\u015bci w g\u0142owie<br>Ale im wszystko wolno<br>Przecie\u017c oni maj\u0105 prawo<br>Do ka\u017cdego z\u0142a<br>I broni\u0105 te\u017c prawa tego<br>A ty masz tylko czeka\u0107<br>A\u017c tobie lub bliskim<br>Czy z twoim<br>Oni co\u015b z\u0142ego zrobi\u0105<br>Taka pod\u0142o\u015b\u0107 ob\u0142udna fa\u0142szywa k\u0142amliwa<br>I perfidna w z\u0142u<br>Tych bandyckich hipokryt\u00f3w<br>I ty nawet nie mo\u017cesz<br>Z\u0142a po imieniu nazywa\u0107<br>Bo im to nie pasuje<br>Chwal ich za wszystkie zbrodnie<br>To wtedy b\u0119dzie dobrze<br>Ale nie b\u0119dzie ciebie twoich<br>I o to chodzi<br>Temu pod\u0142emu bandyctwu *<strong>nad wyraz<\/strong>*<br>A jak to *<strong>wyrazi\u0107<\/strong>* masz<br>Niby inaczej<\/p>\n","protected":false},"excerpt":{"rendered":"<p>A c\u00f3\u017c to za aktywno\u015b\u0107 takaDzisiaj misiowego bandyctwaA mo\u017ce maj\u0105 te\u017c pow\u00f3dJaki\u015b dodatkowy A mo\u017ce mam przy sobieNa przyk\u0142ad jakie\u015b fa\u0142szywe pieni\u0105dze(A sk\u0105d oni wiedz\u0105&hellip; <\/p>\n","protected":false},"author":1,"featured_media":0,"parent":0,"menu_order":0,"comment_status":"closed","ping_status":"closed","template":"","meta":{"footnotes":""},"class_list":["post-8652","page","type-page","status-publish","hentry"],"_links":{"self":[{"href":"https:\/\/hubertpietka.bialystok.pl\/index.php?rest_route=\/wp\/v2\/pages\/8652","targetHints":{"allow":["GET"]}}],"collection":[{"href":"https:\/\/hubertpietka.bialystok.pl\/index.php?rest_route=\/wp\/v2\/pages"}],"about":[{"href":"https:\/\/hubertpietka.bialystok.pl\/index.php?rest_route=\/wp\/v2\/types\/page"}],"author":[{"embeddable":true,"href":"https:\/\/hubertpietka.bialystok.pl\/index.php?rest_route=\/wp\/v2\/users\/1"}],"replies":[{"embeddable":true,"href":"https:\/\/hubertpietka.bialystok.pl\/index.php?rest_route=%2Fwp%2Fv2%2Fcomments&post=8652"}],"version-history":[{"count":1,"href":"https:\/\/hubertpietka.bialystok.pl\/index.php?rest_route=\/wp\/v2\/pages\/8652\/revisions"}],"predecessor-version":[{"id":8654,"href":"https:\/\/hubertpietka.bialystok.pl\/index.php?rest_route=\/wp\/v2\/pages\/8652\/revisions\/8654"}],"wp:attachment":[{"href":"https:\/\/hubertpietka.bialystok.pl\/index.php?rest_route=%2Fwp%2Fv2%2Fmedia&parent=8652"}],"curies":[{"name":"wp","href":"https:\/\/api.w.org\/{rel}","templated":true}]}}