{"id":8659,"date":"2024-10-25T15:23:11","date_gmt":"2024-10-25T15:23:11","guid":{"rendered":"https:\/\/hubertpietka.bialystok.pl\/?page_id=8659"},"modified":"2024-10-25T15:23:11","modified_gmt":"2024-10-25T15:23:11","slug":"bynajmniej-nie-wydaje-mi-sie-ze-bandyckie-te-pieprzone-misie","status":"publish","type":"page","link":"https:\/\/hubertpietka.bialystok.pl\/?page_id=8659","title":{"rendered":"Bynajmniej nie wydaje mi si\u0119 \/ \u017ce bandyckie te pieprzone misie"},"content":{"rendered":"\n<p>Pi\u0119knie to sobie wymy\u015blili<br>Z pod\u0142o\u015bci\u0105 szata\u0144sk\u0105 i\u015bcie<br>Ci bandyci perfidni<br>Mnie maj\u0105 dopa\u015b\u0107 misie pieprzone<br>Przyprawione bandyctwem wszystko oczywi\u015bcie<br>A w mi\u0119dzyczasie trzeba si\u0119<br>Te\u017c z \u017con\u0105 rozprawi\u0107<br>J\u0105 napa\u015b\u0107 zniewoli\u0107 zabi\u0107<br>A i co innego<br>Te\u017c pewnie mo\u017cna zniszczy\u0107 odpowiednio<\/p>\n\n\n\n<p>A wydaje *<strong>mi si\u0119<\/strong>*<br>\u017be ci *<strong>misie<\/strong>*<br>Wobec tego<br>Dzi\u015b na ekspres\u00f3wce<br>Gdzie zawsze prawie niemal<br>Tir za tirem<br>Przez 30-40 km nie by\u0142o<br>Ani jednego nawet<br>A ci odpowiedni<br>Cho\u0107 ja jecha\u0142em z pr\u0119dko\u015bci\u0105 przepisow\u0105 oczywi\u015bcie<br>Niemal zreszt\u0105 jak zawsze<br>A ci pozostali osobowo<br>Pozwalali si\u0119 wyprzedza\u0107 grzecznie<br>Za pewne \u017ceby<br>Z tego dra\u0144skiego dro\u0144stwa wygl\u0105da\u0142o<br>\u017be nie wiem jad\u0119 niebezpiecznie<br>I oni tak ca\u0142y czas<br>Ci misiowi bandyci<br>Wykorzystuj\u0105c to dra\u0144stwo i wszelkie drogowe uk\u0142ady<br>Pr\u00f3buj\u0105 mnie dopa\u015b\u0107<br>A wydaje mi si\u0119<br>A co robi\u0142y w tym czasie tirusie<br>Jako\u015b z drugiej strony jecha\u0142y r\u00f3wno bardzo<br>No tak godzina ok. 15<br>Mo\u017ce le\u017cakowa\u0142y tirusie poobiednio<br>Jak w przedszkolu maluchy<br>A przedszkolanki misie sterowali ruchem<br>By wygl\u0105da\u0142o \u017ce pope\u0142niam przest\u0119pstwa<br>Cho\u0107 oczywi\u015bcie tak nie by\u0142o<br>Ale oni tak ze wszystkim<br>Podle ob\u0142udnie i k\u0142amliwie<br>Brak s\u0142\u00f3w po prostu<br>Jak mo\u017cna prze\u015bladowa\u0107 niewinnego<br>Byleby tylko wygl\u0105da\u0142o co\u015b odpowiednio<br>Takie <em>dictum<\/em> z tym bandyctwem<br>Dodam \u017ce oni tak nieustannie<br>I to jeszcze<br>Byleby tylko zadowoli\u0107<br>Tych chyba naczelnych bandyt\u00f3w<br>Kimkolwiek zreszt\u0105 s\u0105 oni<br>Pod\u0142o\u015b\u0107 wybitna trzeba przyzna\u0107<\/p>\n\n\n\n<p>Tak\u017ce nawet je\u015bli<br>Nie zrobi\u0142e\u015b nic z\u0142ego<br>Oni tak mog\u0105 wszystko skonfabulowa\u0107<br>By wygl\u0105da\u0142o \u017ce jeste\u015b<br>No chyba przest\u0119pc\u0105 najwi\u0119kszym<br>I ci kt\u00f3rzy maj\u0105<br>Broni\u0107 obywateli z\u0142u s\u0142u\u017c\u0105<br>Bardzo wiernie k\u0142amliwie odpowiednio<br>Ca\u0142y czas przecie\u017c<br>Takie ustawki wkr\u0119canki bandyckich misi\u00f3w<br>Zreszt\u0105 nie tylko ich<br>Inne s\u0142u\u017cby podobnie<br>Bandycko zas\u0142u\u017cy\u0107 si\u0119 chc\u0105 bandyctwu<br>A Podwilk Podkrakowski i bialorusi\u0144stwo dzikie<br>Czy\u017c te\u017c tego wszystkiego<br>Nie maj\u0105 czasem<br>We wsp\u00f3\u0142pracy z misiami<br>Przecie\u017c nas trzeba wsadzi\u0107<br>Najpierw napa\u015b\u0107 i albo zabi\u0107<br>Albo gdzie\u015b odpowiednio usadzi\u0107<br>Tak\u017ce moi mili<br>Takie pi\u0119kne bandyctwo za bandyctwem<br>I to dnia ka\u017cdego<br>O ka\u017cdej porze<br>Dnia i nocy odpowiedni<br>I gdzie by\u015b nie by\u0142<br>Zawsze znajd\u0105 fa\u0142szywe preteksty<br>By ci\u0119 dopa\u015b\u0107 odpowiednio<br>Pami\u0119taj nigdzie si\u0119 bezpiecznie<br>Ty nie czuj<br>Ju\u017c o to zadba wybitnie<br>To pod\u0142e k\u0142amliwe osobliwie bandyctwo<br>A te wszelkie perfidne ob\u0142udno\u015bci<br>To wed\u0142ug kogo niby<br>Jak nie ojca k\u0142amstwa szatana<\/p>\n\n\n\n<figure class=\"wp-block-image size-large is-resized\"><a href=\"https:\/\/hubertpietka.bialystok.pl\/wp-content\/uploads\/2024\/10\/IMG-20241020-WA0040.jpg\"><img loading=\"lazy\" decoding=\"async\" width=\"768\" height=\"1024\" src=\"https:\/\/hubertpietka.bialystok.pl\/wp-content\/uploads\/2024\/10\/IMG-20241020-WA0040-768x1024.jpg\" alt=\"\" class=\"wp-image-8660\" style=\"width:271px;height:auto\" srcset=\"https:\/\/hubertpietka.bialystok.pl\/wp-content\/uploads\/2024\/10\/IMG-20241020-WA0040-768x1024.jpg 768w, https:\/\/hubertpietka.bialystok.pl\/wp-content\/uploads\/2024\/10\/IMG-20241020-WA0040-225x300.jpg 225w, https:\/\/hubertpietka.bialystok.pl\/wp-content\/uploads\/2024\/10\/IMG-20241020-WA0040-1152x1536.jpg 1152w, https:\/\/hubertpietka.bialystok.pl\/wp-content\/uploads\/2024\/10\/IMG-20241020-WA0040.jpg 1200w\" sizes=\"auto, (max-width: 768px) 100vw, 768px\" \/><\/a><\/figure>\n\n\n\n<p><em>Na zdj. B\u00f3g to wszystko te\u017c widzi<br>Nie oszukujcie si\u0119<br>Jak On ma nie zareagowa\u0107<br>Na te bandyctwa wszelkie<br>Kt\u00f3re ju\u017c chyba przekracza<br>Wszelkie granice nawet nie przyzwoito\u015bci<br>Lecz zwyk\u0142ego cz\u0142owiecze\u0144stwa<br>Jak psy w\u015bciek\u0142e tak dzia\u0142aj\u0105<br>Gotowe rzuci\u0107 si\u0119 na ciebie<br>By podgry\u017c\u0107 ci gard\u0142o<br>Czytaj zniewoli\u0107 jako\u015b zaszkodzi\u0107<br>A mo\u017ce i zabi\u0107<br>Cho\u0107by t\u0105 \u017con\u0119 bliskich zwierz\u0119ta<br>Niesko\u0144czona pod\u0142o\u015b\u0107 tego bandyctwa<\/em><\/p>\n","protected":false},"excerpt":{"rendered":"<p>Pi\u0119knie to sobie wymy\u015bliliZ pod\u0142o\u015bci\u0105 szata\u0144sk\u0105 i\u015bcieCi bandyci perfidniMnie maj\u0105 dopa\u015b\u0107 misie pieprzonePrzyprawione bandyctwem wszystko oczywi\u015bcieA w mi\u0119dzyczasie trzeba si\u0119Te\u017c z \u017con\u0105 rozprawi\u0107J\u0105 napa\u015b\u0107 zniewoli\u0107&hellip; <\/p>\n","protected":false},"author":1,"featured_media":0,"parent":0,"menu_order":0,"comment_status":"closed","ping_status":"closed","template":"","meta":{"footnotes":""},"class_list":["post-8659","page","type-page","status-publish","hentry"],"_links":{"self":[{"href":"https:\/\/hubertpietka.bialystok.pl\/index.php?rest_route=\/wp\/v2\/pages\/8659","targetHints":{"allow":["GET"]}}],"collection":[{"href":"https:\/\/hubertpietka.bialystok.pl\/index.php?rest_route=\/wp\/v2\/pages"}],"about":[{"href":"https:\/\/hubertpietka.bialystok.pl\/index.php?rest_route=\/wp\/v2\/types\/page"}],"author":[{"embeddable":true,"href":"https:\/\/hubertpietka.bialystok.pl\/index.php?rest_route=\/wp\/v2\/users\/1"}],"replies":[{"embeddable":true,"href":"https:\/\/hubertpietka.bialystok.pl\/index.php?rest_route=%2Fwp%2Fv2%2Fcomments&post=8659"}],"version-history":[{"count":1,"href":"https:\/\/hubertpietka.bialystok.pl\/index.php?rest_route=\/wp\/v2\/pages\/8659\/revisions"}],"predecessor-version":[{"id":8661,"href":"https:\/\/hubertpietka.bialystok.pl\/index.php?rest_route=\/wp\/v2\/pages\/8659\/revisions\/8661"}],"wp:attachment":[{"href":"https:\/\/hubertpietka.bialystok.pl\/index.php?rest_route=%2Fwp%2Fv2%2Fmedia&parent=8659"}],"curies":[{"name":"wp","href":"https:\/\/api.w.org\/{rel}","templated":true}]}}