{"id":8663,"date":"2024-10-25T20:22:35","date_gmt":"2024-10-25T20:22:35","guid":{"rendered":"https:\/\/hubertpietka.bialystok.pl\/?page_id=8663"},"modified":"2024-10-25T20:30:01","modified_gmt":"2024-10-25T20:30:01","slug":"rozprawa-dalsza-o-bandyctwie-falszu","status":"publish","type":"page","link":"https:\/\/hubertpietka.bialystok.pl\/?page_id=8663","title":{"rendered":"Rozprawa dalsza \/ o bandyctwie fa\u0142szu"},"content":{"rendered":"\n<p>A ci chach\u0142acy<br>Niech nie zapomn\u0105 czasem<br>Po prostemu chach\u0142a\u0107<br>Jak zreszt\u0105 chach\u0142ali na so\u0142ectwie<br>\u017beby by\u0142o od razu wiadomo<br>\u017be to oni<br>\u017beby nie by\u0142o pomy\u0142ki czasem<br>\u017be to chach\u0142acy w zem\u015bcie napadli<br>Ci bandyci z poduszczenia tamtych<br>Co do tego zreszt\u0105<br>To ja i nie mam<br>W\u0105tpliwo\u015bci \u017cadnych<br>Mog\u0105 bi\u0107 pian\u0119<br>A k\u0142amstwo k\u0142amstwem zostanie<\/p>\n\n\n\n<p>Podobnie ten bandzior *<strong>spodni<\/strong>*<br>Niech czasem nie zapomni w\u0142o\u017cy\u0107 *<strong>spodni<\/strong>*<br>Bo se pomy\u015bl\u0119<br>\u017be on w intencji innej<br>Ni\u017c napa\u015b\u0107 zwyk\u0142a<br>I co by na to<br>Powiedzieli misie<br>Od tak dawna ma napada\u0107<br>\u017be mo\u017ce mu si\u0119 to<br>Akurat zda\u017cy\u0107<br>Co do tego bandyty<br>To te\u017c nie mam w\u0105tpliwo\u015bci<br>\u017be z poduszczenia tych wi\u0119kszych<br>Cho\u0107 k\u0142ama\u0107 nieustannie b\u0119d\u0105<br>No jako\u015b on si\u0119 tu<br>Nie mo\u017ce nachodzi\u0107<br>Za ma\u0142o tu jeszcze naszkodzi\u0142<br>A je\u015bli jest jak m\u00f3wi\u0105 w istocie<br>To dlaczego go ich<br>Tak kryj\u0105 ci naczelni bandyci<br>I chroni\u0105 przed wszystkim<br>Byleby tylko mogli<br>Zrealizowa\u0107 te napa\u015bci pod\u0142e<\/p>\n\n\n\n<p>Niech nie przychodz\u0105<br>I niech spadaj\u0105 raczej<br>Tamci do swego chach\u0142actwa<br>A ten niech pilnuje spodni<br>I ma chyba jednak<br>Czym si\u0119 zaj\u0105\u0107 innym<br>Podobnie i oni<br>Ale nie bo przecie\u017c<br>Ma by\u0107 koniecznie napa\u015b\u0107 bandycka<br>Pod\u0142a k\u0142amliwa i ob\u0142udna<br>Za kt\u00f3r\u0105 stoi szatan ostatecznie<br>Bo on jest panem<br>Wszelkiego fa\u0142szu perfidnego<\/p>\n\n\n\n<p>I ani mi Ani<br>Z nami naszymi i naszym<br>To zobacz\u0105<br>Nie tylko bandyci bynajmniej<br>Bo ta ob\u0142uda k\u0142amstwa<br>I perfidnej pod\u0142o\u015bci<br>Musi si\u0119 sko\u0144czy\u0107<br>I niech nie przychodz\u0105<br>Do\u015b\u0107 ju\u017c w \u015bwiecie pod\u0142o\u015bci<br>Cho\u0107by tych bandzior\u00f3w naczelnych<\/p>\n\n\n\n<figure class=\"wp-block-gallery has-nested-images columns-default is-cropped wp-block-gallery-1 is-layout-flex wp-block-gallery-is-layout-flex\">\n<figure class=\"wp-block-image size-large\"><a href=\"https:\/\/hubertpietka.bialystok.pl\/wp-content\/uploads\/2024\/10\/IMG-20241025-WA0044.jpg\"><img loading=\"lazy\" decoding=\"async\" width=\"1024\" height=\"768\" data-id=\"8664\" src=\"https:\/\/hubertpietka.bialystok.pl\/wp-content\/uploads\/2024\/10\/IMG-20241025-WA0044-1024x768.jpg\" alt=\"\" class=\"wp-image-8664\" srcset=\"https:\/\/hubertpietka.bialystok.pl\/wp-content\/uploads\/2024\/10\/IMG-20241025-WA0044-1024x768.jpg 1024w, https:\/\/hubertpietka.bialystok.pl\/wp-content\/uploads\/2024\/10\/IMG-20241025-WA0044-300x225.jpg 300w, https:\/\/hubertpietka.bialystok.pl\/wp-content\/uploads\/2024\/10\/IMG-20241025-WA0044-768x576.jpg 768w, https:\/\/hubertpietka.bialystok.pl\/wp-content\/uploads\/2024\/10\/IMG-20241025-WA0044-1536x1152.jpg 1536w, https:\/\/hubertpietka.bialystok.pl\/wp-content\/uploads\/2024\/10\/IMG-20241025-WA0044.jpg 1600w\" sizes=\"auto, (max-width: 1024px) 100vw, 1024px\" \/><\/a><\/figure>\n<\/figure>\n\n\n\n<p><em>Na zdj. Ja jestem ma\u0142y i s\u0142aby <br>Jak ten kwiatek przy Maryi wi\u0119kszym pi\u0119knym kwiatku <br>Ale nieustannie si\u0119 uciekam<br>Do Boga przez ni\u0105<br>By nas nasze naszych chroni\u0142<br>Przed perfidi\u0105 a\u017c tak pod\u0142\u0105<br>Wszelkiego bandyctwa k\u0142amliwego<\/em><\/p>\n","protected":false},"excerpt":{"rendered":"<p>A ci chach\u0142acyNiech nie zapomn\u0105 czasemPo prostemu chach\u0142a\u0107Jak zreszt\u0105 chach\u0142ali na so\u0142ectwie\u017beby by\u0142o od razu wiadomo\u017be to oni\u017beby nie by\u0142o pomy\u0142ki czasem\u017be to chach\u0142acy w&hellip; <\/p>\n","protected":false},"author":1,"featured_media":0,"parent":0,"menu_order":0,"comment_status":"closed","ping_status":"closed","template":"","meta":{"footnotes":""},"class_list":["post-8663","page","type-page","status-publish","hentry"],"_links":{"self":[{"href":"https:\/\/hubertpietka.bialystok.pl\/index.php?rest_route=\/wp\/v2\/pages\/8663","targetHints":{"allow":["GET"]}}],"collection":[{"href":"https:\/\/hubertpietka.bialystok.pl\/index.php?rest_route=\/wp\/v2\/pages"}],"about":[{"href":"https:\/\/hubertpietka.bialystok.pl\/index.php?rest_route=\/wp\/v2\/types\/page"}],"author":[{"embeddable":true,"href":"https:\/\/hubertpietka.bialystok.pl\/index.php?rest_route=\/wp\/v2\/users\/1"}],"replies":[{"embeddable":true,"href":"https:\/\/hubertpietka.bialystok.pl\/index.php?rest_route=%2Fwp%2Fv2%2Fcomments&post=8663"}],"version-history":[{"count":3,"href":"https:\/\/hubertpietka.bialystok.pl\/index.php?rest_route=\/wp\/v2\/pages\/8663\/revisions"}],"predecessor-version":[{"id":8668,"href":"https:\/\/hubertpietka.bialystok.pl\/index.php?rest_route=\/wp\/v2\/pages\/8663\/revisions\/8668"}],"wp:attachment":[{"href":"https:\/\/hubertpietka.bialystok.pl\/index.php?rest_route=%2Fwp%2Fv2%2Fmedia&parent=8663"}],"curies":[{"name":"wp","href":"https:\/\/api.w.org\/{rel}","templated":true}]}}