{"id":868,"date":"2018-01-29T12:21:13","date_gmt":"2018-01-29T12:21:13","guid":{"rendered":"http:\/\/hubertpietka.bialystok.pl\/?page_id=868"},"modified":"2018-01-29T12:21:13","modified_gmt":"2018-01-29T12:21:13","slug":"do-matki-kosciola","status":"publish","type":"page","link":"https:\/\/hubertpietka.bialystok.pl\/?page_id=868","title":{"rendered":"Do Matki Ko\u015bcio\u0142a"},"content":{"rendered":"<p><strong>Do Matki Ko\u015bcio\u0142a<\/strong><\/p>\n<p>&nbsp;<\/p>\n<p>Matko naszej Matki<\/p>\n<p>&#8211; Ko\u015bcio\u0142a \u015awi\u0119tego!<\/p>\n<p>Matko naszej Rodziny Wiary!<\/p>\n<p>Matko naszych porusze\u0144,<\/p>\n<p>woli, dobrych pragnie\u0144!<\/p>\n<p>Dzi\u0119kuj\u0119 CI!<\/p>\n<p>&nbsp;<\/p>\n<p>&#8211; Za wszystko.<\/p>\n<p>Rzeczywisto\u015b\u0107 bosko-ludzk\u0105.<\/p>\n<p>Za Syna Twego wcielenie.<\/p>\n<p>Za nasz\u0105 drog\u0119 zbawienia.<\/p>\n<p>Za w mi\u0142o\u015bci trwanie.<\/p>\n<p>W drodze nieustawanie.<\/p>\n<p>Z\u0142u si\u0119 nie poddawanie.<\/p>\n<p>&nbsp;<\/p>\n<p>Za bezor\u0119\u017cn\u0105 walk\u0119 o \u015bwiat mi\u0142osierdzia.<\/p>\n<p>Za modlitw\u0119, przez kt\u00f3r\u0105 zwyci\u0119\u017casz.<\/p>\n<p>Za Twoj\u0105 opiek\u0105.<\/p>\n<p>Tobie si\u0119 poruczenie.<\/p>\n<p>Za \u015bwiata zbawienie.<\/p>\n<p>&nbsp;<\/p>\n<p>Tobie, jak Ty &#8211; m\u00f3wimy fiat, Maryjo!<\/p>\n<p>Niech nasze \u017cycie zamknie si\u0119 w amen<\/p>\n<p>na wszystko, co chcesz nam da\u0107, Pani.<\/p>\n<p>Mi\u0142o\u015bci Twej jam \u017cebrak,<\/p>\n<p>lecz najbogatszy,<\/p>\n<p>byle w Twej opiece<\/p>\n<p>do ko\u0144ca si\u0119 ostawszy!<\/p>\n<p>&nbsp;<\/p>\n<p>\u017by\u0107 w Twym przemo\u017cnym<\/p>\n<p>pokor\u0105 cieniu<\/p>\n<p>w eschatologicznej nadziei<\/p>\n<p>spotkania Ciebie<\/p>\n<p>na niebieskiej niwie.<\/p>\n<p>&nbsp;<\/p>\n","protected":false},"excerpt":{"rendered":"<p>Do Matki Ko\u015bcio\u0142a &nbsp; Matko naszej Matki &#8211; Ko\u015bcio\u0142a \u015awi\u0119tego! Matko naszej Rodziny Wiary! Matko naszych porusze\u0144, woli, dobrych pragnie\u0144! Dzi\u0119kuj\u0119 CI! &nbsp; &#8211; Za&hellip; <\/p>\n","protected":false},"author":1,"featured_media":0,"parent":0,"menu_order":0,"comment_status":"closed","ping_status":"closed","template":"","meta":{"footnotes":""},"class_list":["post-868","page","type-page","status-publish","hentry"],"_links":{"self":[{"href":"https:\/\/hubertpietka.bialystok.pl\/index.php?rest_route=\/wp\/v2\/pages\/868","targetHints":{"allow":["GET"]}}],"collection":[{"href":"https:\/\/hubertpietka.bialystok.pl\/index.php?rest_route=\/wp\/v2\/pages"}],"about":[{"href":"https:\/\/hubertpietka.bialystok.pl\/index.php?rest_route=\/wp\/v2\/types\/page"}],"author":[{"embeddable":true,"href":"https:\/\/hubertpietka.bialystok.pl\/index.php?rest_route=\/wp\/v2\/users\/1"}],"replies":[{"embeddable":true,"href":"https:\/\/hubertpietka.bialystok.pl\/index.php?rest_route=%2Fwp%2Fv2%2Fcomments&post=868"}],"version-history":[{"count":1,"href":"https:\/\/hubertpietka.bialystok.pl\/index.php?rest_route=\/wp\/v2\/pages\/868\/revisions"}],"predecessor-version":[{"id":869,"href":"https:\/\/hubertpietka.bialystok.pl\/index.php?rest_route=\/wp\/v2\/pages\/868\/revisions\/869"}],"wp:attachment":[{"href":"https:\/\/hubertpietka.bialystok.pl\/index.php?rest_route=%2Fwp%2Fv2%2Fmedia&parent=868"}],"curies":[{"name":"wp","href":"https:\/\/api.w.org\/{rel}","templated":true}]}}