{"id":8688,"date":"2024-10-31T10:10:11","date_gmt":"2024-10-31T10:10:11","guid":{"rendered":"https:\/\/hubertpietka.bialystok.pl\/?page_id=8688"},"modified":"2024-10-31T10:10:11","modified_gmt":"2024-10-31T10:10:11","slug":"dziewczece-imiona-spelniajace-sie-w-mojej-zonie","status":"publish","type":"page","link":"https:\/\/hubertpietka.bialystok.pl\/?page_id=8688","title":{"rendered":"Dziewcz\u0119ce imiona \/ spe\u0142niaj\u0105ce si\u0119 w mojej \u017conie"},"content":{"rendered":"\n<p><em>Moje \u017cycie mia\u0142o imi\u0119 dziewcz\u0119ce<\/em><br>Jak pisa\u0142 poeta<br>Ale wszystkie te imiona<br>Prowadzi\u0142y mnie do imienia<br>Tej mojej \u017cony<\/p>\n\n\n\n<p>Ale \u017ceby odda\u0107 sprawiedliwo\u015b\u0107<br>To trzeba powiedzie\u0107<br>*<strong>Jo- Anna<\/strong>* imi\u0119 przygotowuj\u0105ce<br>Do wyniesienia \u017cony imienia<br>Cho\u0107 \u017calu \u017cadnego nie mam<br>Nie ma powrotu do tamtej<br>Troch\u0119 m\u0119tnej wody<br>Bo bez wiary absztyfikanta<br>Agnieszka czyli baranek<br>Ka\u017cd\u0105 z nich lubi\u0119 bardzo<br>Ale to jest na tym poziomie w\u0142a\u015bnie<br>Tylko i wy\u0142\u0105cznie<br>I tak ma by\u0107 w\u0142a\u015bnie<br>*<strong>El\u0119<\/strong>* ka\u017cd\u0105 szanuj\u0119 bardzo<br>*<strong>Ale<\/strong>* to jest droga<br>Szacunku w\u0142a\u015bnie wzajemnego<br>Do \u017cony szacunku przygotowuj\u0105cego<br>*<strong>Just-yna<\/strong>* ko\u0144czy ten przegl\u0105d<br>W\u0142a\u015bnie po to<br>By *<strong>just Ina<\/strong>* tylko \u017cona<br>Tu zawo\u0142a\u0107<\/p>\n\n\n\n<p>Nie zawsze czysty by\u0142em<br>W patrzeniu na to imi\u0119<br>Ka\u017cde kobiece<br>Uderza\u0142em si\u0119 ju\u017c w piersi<br>Ale B\u00f3g jednak zachowa\u0142<br>I oczy\u015bci\u0142 spojrzenie zdrowe<br>Wszystkie te imiona<br>Prowadzi\u0142y mnie jako\u015b do \u017cony<br>I w niej si\u0119 spe\u0142ni\u0142y<br>Imiona we mnie trwale zaznaczone<br>Tak\u017ce po to by oczyszcza\u0107<br>Spojrzenie na kobiet\u0119<br>A zw\u0142aszcza w mojej \u017conie<br>To rozja\u015bnia\u0107<\/p>\n\n\n\n<figure class=\"wp-block-gallery has-nested-images columns-default is-cropped wp-block-gallery-1 is-layout-flex wp-block-gallery-is-layout-flex\">\n<figure class=\"wp-block-image size-large\"><a href=\"https:\/\/hubertpietka.bialystok.pl\/wp-content\/uploads\/2024\/10\/Resized_20241021_113722-1.jpeg\"><img loading=\"lazy\" decoding=\"async\" width=\"1008\" height=\"756\" data-id=\"8690\" src=\"https:\/\/hubertpietka.bialystok.pl\/wp-content\/uploads\/2024\/10\/Resized_20241021_113722-1.jpeg\" alt=\"\" class=\"wp-image-8690\" srcset=\"https:\/\/hubertpietka.bialystok.pl\/wp-content\/uploads\/2024\/10\/Resized_20241021_113722-1.jpeg 1008w, https:\/\/hubertpietka.bialystok.pl\/wp-content\/uploads\/2024\/10\/Resized_20241021_113722-1-300x225.jpeg 300w, https:\/\/hubertpietka.bialystok.pl\/wp-content\/uploads\/2024\/10\/Resized_20241021_113722-1-768x576.jpeg 768w\" sizes=\"auto, (max-width: 1008px) 100vw, 1008px\" \/><\/a><\/figure>\n<\/figure>\n\n\n\n<p>Na zdj. *<strong>Anka-ja<\/strong>* bo *<strong>Anka to ja<\/strong>* w\u0142a\u015bnie<br>W niej tylko mog\u0119 wype\u0142nia\u0107<br>Swe powo\u0142anie jasne<br>I wraz z ni\u0105<br>Zwalcza\u0107 ka\u017cde pod\u0142e z\u0142o<br><em>Cia\u0142o z mego cia\u0142a<br>I ko\u015b\u0107 z mojej ko\u015bci<\/em><br>By biblijnie to podsumowa\u0107<br>Bo tylko ona jest t\u0105<br>Sakramentaln\u0105 \u017con\u0105<br>I nie b\u0119dzie innej<br>I tu tyle<\/p>\n\n\n\n<p class=\"has-text-align-right\"><strong><em><a href=\"https:\/\/youtu.be\/nSNj5ZCmfh4?si=EeAMlvyAq_CdV5-g\">Robert Durlej &#8211; Moje \u017cycie mia\u0142o imi\u0119 dziewcz\u0119ce <\/a><\/em><\/strong><\/p>\n","protected":false},"excerpt":{"rendered":"<p>Moje \u017cycie mia\u0142o imi\u0119 dziewcz\u0119ceJak pisa\u0142 poetaAle wszystkie te imionaProwadzi\u0142y mnie do imieniaTej mojej \u017cony Ale \u017ceby odda\u0107 sprawiedliwo\u015b\u0107To trzeba powiedzie\u0107*Jo- Anna* imi\u0119 przygotowuj\u0105ceDo wyniesienia&hellip; <\/p>\n","protected":false},"author":1,"featured_media":0,"parent":0,"menu_order":0,"comment_status":"closed","ping_status":"closed","template":"","meta":{"footnotes":""},"class_list":["post-8688","page","type-page","status-publish","hentry"],"_links":{"self":[{"href":"https:\/\/hubertpietka.bialystok.pl\/index.php?rest_route=\/wp\/v2\/pages\/8688","targetHints":{"allow":["GET"]}}],"collection":[{"href":"https:\/\/hubertpietka.bialystok.pl\/index.php?rest_route=\/wp\/v2\/pages"}],"about":[{"href":"https:\/\/hubertpietka.bialystok.pl\/index.php?rest_route=\/wp\/v2\/types\/page"}],"author":[{"embeddable":true,"href":"https:\/\/hubertpietka.bialystok.pl\/index.php?rest_route=\/wp\/v2\/users\/1"}],"replies":[{"embeddable":true,"href":"https:\/\/hubertpietka.bialystok.pl\/index.php?rest_route=%2Fwp%2Fv2%2Fcomments&post=8688"}],"version-history":[{"count":1,"href":"https:\/\/hubertpietka.bialystok.pl\/index.php?rest_route=\/wp\/v2\/pages\/8688\/revisions"}],"predecessor-version":[{"id":8691,"href":"https:\/\/hubertpietka.bialystok.pl\/index.php?rest_route=\/wp\/v2\/pages\/8688\/revisions\/8691"}],"wp:attachment":[{"href":"https:\/\/hubertpietka.bialystok.pl\/index.php?rest_route=%2Fwp%2Fv2%2Fmedia&parent=8688"}],"curies":[{"name":"wp","href":"https:\/\/api.w.org\/{rel}","templated":true}]}}