{"id":8695,"date":"2024-11-01T19:50:16","date_gmt":"2024-11-01T19:50:16","guid":{"rendered":"https:\/\/hubertpietka.bialystok.pl\/?page_id=8695"},"modified":"2024-11-01T19:50:16","modified_gmt":"2024-11-01T19:50:16","slug":"bezczelnosc-zla-iscie-szatanska","status":"publish","type":"page","link":"https:\/\/hubertpietka.bialystok.pl\/?page_id=8695","title":{"rendered":"Bezczelno\u015b\u0107 z\u0142a \/ i\u015bcie szata\u0144ska"},"content":{"rendered":"\n<p>Niekt\u00f3rym to przygrzewa<br>Albo na m\u00f3zg wali<br>Powiem tak \u015bmia\u0142o<br>Bo lato tej jesieni jest po prostu<br>10-12\u00b0 Celsjusza oczywi\u015bcie<br>A ci w koszulkach<br>Komu oni i co chc\u0105 tym udowodni\u0107<br>Mo\u017ce niech za\u0142o\u017c\u0105 klapki spodenki<br>A niekt\u00f3re bikini<br>To b\u0119dzie bardziej wyrazi\u015bcie<br>Takie a\u017c mamy lato tej jesieni<br>Zauwa\u017cy\u0142em to ju\u017c kilkakrotnie<br>Nie tylko zreszt\u0105 o tej porze roku<br>W w\u0105tpliwych oczywi\u015bcie warunkach atmosferycznych<br>Ale ja g\u0142upi jestem<br>Nie wiedzia\u0142em \u017ce w Polsce<br>Zrobi\u0142 si\u0119 klimat \u015br\u00f3dziemnomorski<br>To nic \u017ce z wiatrem<br>Ze wschodu raczej<br>Jak dzisiaj niemal halnym<br>Ale przecie\u017c dla niekt\u00f3rych<br>To mamy lato<\/p>\n\n\n\n<p>Biedni ci ludzie<br>O twarzach bezczelnych takich spojrzeniach<br>Kt\u00f3rzy my\u015bl\u0105 \u017ce s\u0105 wolni<br>Bo z\u0142o czyni\u0107 mog\u0105<br>Ku tendencji jakiejkolwiek z\u0142a czynienia<br>To jest zniewolenie<br>Wolno\u015b\u0107 jest ku dobru<br>I my\u015bl\u0105 tacy<br>\u017be mog\u0105 ci si\u0119 w twarz ironicznie \u015bmia\u0107<br>To zobacz\u0105 jak Pan B\u00f3g<br>B\u0119dzie chcia\u0142 za\u015bmia\u0107 si\u0119<br>Z tego \u015bwiata<br>Biedni bo my\u015bl\u0105<br>\u017be z\u0142o byleby tylko<\/p>\n\n\n\n<p>Tak zreszt\u0105 ci bandyci<br>Chc\u0105 zbrodnie czyni\u0107 mimo wszystko<br>Czy wbrew wszystkiemu<br>Byleby tylko je uczyni\u0107<br>Zabi\u0107 zaszkodzi\u0107 zniewoli\u0107<br>Wobec nas naszego i naszych<br>To chyba ich g\u0142\u00f3wne has\u0142a<br>Biedni bo czym\u017ce jest \u017cycie<br>Skoro z\u0142o uczyni\u0107 byleby tylko<br>To szata\u0144stwo straszne<br>W czystej postaci lub te\u017c<br>Diabelstwo zwykle m\u00f3wi\u0105c inaczej<br>Skoro ma by\u0107 z\u0142o<br>Za wszelk\u0105 cen\u0119<br>Po moim trupie<br>Ale wtedy to B\u00f3g odpowie<br>Jak trzeba szata\u0144stwu takiemu<br>I ca\u0142emu temu \u015bwiatu<br>Je\u015bli beznami\u0119tnie na to patrzy<br>I zobaczymy wtedy kto k\u0142amie<br>Ale wtedy b\u0119dzie ju\u017c za p\u00f3\u017ano raczej<\/p>\n\n\n\n<figure class=\"wp-block-image size-large is-resized\"><a href=\"https:\/\/hubertpietka.bialystok.pl\/wp-content\/uploads\/2024\/11\/IMG-20241101-WA0017.jpg\"><img loading=\"lazy\" decoding=\"async\" width=\"768\" height=\"1024\" src=\"https:\/\/hubertpietka.bialystok.pl\/wp-content\/uploads\/2024\/11\/IMG-20241101-WA0017-768x1024.jpg\" alt=\"\" class=\"wp-image-8696\" style=\"width:245px;height:auto\" srcset=\"https:\/\/hubertpietka.bialystok.pl\/wp-content\/uploads\/2024\/11\/IMG-20241101-WA0017-768x1024.jpg 768w, https:\/\/hubertpietka.bialystok.pl\/wp-content\/uploads\/2024\/11\/IMG-20241101-WA0017-225x300.jpg 225w, https:\/\/hubertpietka.bialystok.pl\/wp-content\/uploads\/2024\/11\/IMG-20241101-WA0017-1152x1536.jpg 1152w, https:\/\/hubertpietka.bialystok.pl\/wp-content\/uploads\/2024\/11\/IMG-20241101-WA0017.jpg 1200w\" sizes=\"auto, (max-width: 768px) 100vw, 768px\" \/><\/a><\/figure>\n\n\n\n<p><em>Na zdj. Dzi\u015b Wszystkich \u015awi\u0119tych<br>A tu jest \u015bw. Wincenty a Paulo<br>W kaplicy na cmentarzu<br>Szarytek za\u0142o\u017cyciel<br>Nawet je\u015bli jeste\u015bmy szarzy<br>Dla tak wielu<br>Bo z\u0142o jest zapewne<br>Bardziej atrakcyjne i pot\u0119\u017cniejsze bogatsze<br>To je\u015bli chcecie zobaczycie<br>Za czym opowie si\u0119 nasz Pan B\u00f3g<br>Za wszelk\u0105 ob\u0142ud\u0105 i k\u0142amstwem<br>Czy za \u017cyciem ma\u0142ym<br>Ubogim prostym pokornym<br>Niech nie my\u015bl\u0105 sobie zuchwali<br>\u017be B\u00f3g nie odpowie<br>Wiem \u017ce nie wierzycie<br>Bo tak wam \u0142atwiej<br>By ze z\u0142em nie walczy\u0107<br>My b\u0119dziemy walczy\u0107 do ko\u0144ca<br>A potem to zawalczy sam Pan B\u00f3g<br>Czy to si\u0119<br>Komu\u015b podoba czy nie<br>Bo to ca\u0142e szata\u0144stwo<br>Ju\u017c jest naprawd\u0119 trudno znosi\u0107<br>Ludziom o zamys\u0142ach prostych<br>Wtedy ju\u017c b\u0119dzie wiadomo wszystko<br>Wszelkie k\u0142amstwa si\u0119 oczyszcz\u0105<br>Ale dla wielu za p\u00f3\u017ano to b\u0119dzie<br>Skoro prawdy przyj\u0105\u0107 nie chcieli<\/em><\/p>\n","protected":false},"excerpt":{"rendered":"<p>Niekt\u00f3rym to przygrzewaAlbo na m\u00f3zg waliPowiem tak \u015bmia\u0142oBo lato tej jesieni jest po prostu10-12\u00b0 Celsjusza oczywi\u015bcieA ci w koszulkachKomu oni i co chc\u0105 tym udowodni\u0107Mo\u017ce&hellip; <\/p>\n","protected":false},"author":1,"featured_media":0,"parent":0,"menu_order":0,"comment_status":"closed","ping_status":"closed","template":"","meta":{"footnotes":""},"class_list":["post-8695","page","type-page","status-publish","hentry"],"_links":{"self":[{"href":"https:\/\/hubertpietka.bialystok.pl\/index.php?rest_route=\/wp\/v2\/pages\/8695","targetHints":{"allow":["GET"]}}],"collection":[{"href":"https:\/\/hubertpietka.bialystok.pl\/index.php?rest_route=\/wp\/v2\/pages"}],"about":[{"href":"https:\/\/hubertpietka.bialystok.pl\/index.php?rest_route=\/wp\/v2\/types\/page"}],"author":[{"embeddable":true,"href":"https:\/\/hubertpietka.bialystok.pl\/index.php?rest_route=\/wp\/v2\/users\/1"}],"replies":[{"embeddable":true,"href":"https:\/\/hubertpietka.bialystok.pl\/index.php?rest_route=%2Fwp%2Fv2%2Fcomments&post=8695"}],"version-history":[{"count":1,"href":"https:\/\/hubertpietka.bialystok.pl\/index.php?rest_route=\/wp\/v2\/pages\/8695\/revisions"}],"predecessor-version":[{"id":8697,"href":"https:\/\/hubertpietka.bialystok.pl\/index.php?rest_route=\/wp\/v2\/pages\/8695\/revisions\/8697"}],"wp:attachment":[{"href":"https:\/\/hubertpietka.bialystok.pl\/index.php?rest_route=%2Fwp%2Fv2%2Fmedia&parent=8695"}],"curies":[{"name":"wp","href":"https:\/\/api.w.org\/{rel}","templated":true}]}}