{"id":8704,"date":"2024-11-03T17:55:14","date_gmt":"2024-11-03T17:55:14","guid":{"rendered":"https:\/\/hubertpietka.bialystok.pl\/?page_id=8704"},"modified":"2024-11-03T17:55:14","modified_gmt":"2024-11-03T17:55:14","slug":"eksterminacja-nas-rodziny-nacji","status":"publish","type":"page","link":"https:\/\/hubertpietka.bialystok.pl\/?page_id=8704","title":{"rendered":"Eksterminacja \/ nas rodziny nacji&#8230;"},"content":{"rendered":"\n<p>Jaki prezent maj\u0105 ci bandyci<br>Na moje imieniny<br>Standardowo \u017con\u0119 zabi\u0107 zniewoli\u0107 mnie<br>Te zwierz\u0119ta bliskich<br>I uderza\u0107 na wszelkie mo\u017cliwe sposoby zniszczeniem<br>Taki od tych bandyt\u00f3w prezent<br>Zreszt\u0105 na ka\u017cdy dzie\u0144<\/p>\n\n\n\n<p>A poza tym zadzia\u0142a\u0107<br>By 3 godziny w nocy<br>Nie m\u00f3g\u0142 zasn\u0105\u0107<br>A rano \u017ceby by\u0142o \u015bmieszniej<br>Sraczka te\u017c odpowiednio<br>I Podwilk bandycki<br>I ubeckie misie i inne<br>S\u0142u\u017cby bandziorskie<br>Ktotamkolwiek itd byleby tylko dopa\u015b\u0107<\/p>\n\n\n\n<p>Ale abstrahuj\u0105c od tego<br>W czasie moich nawiedze\u0144 cmentarz\u00f3w<br>Dziwn\u0105 odpowiednio\u015b\u0107 zauwa\u017cy\u0142em<br>\u017be od kiedy mnie<br>Prze\u015bladuj\u0105 ci bandyci<br>Nas naszych i nasze<br>To strasznie du\u017co przyby\u0142o grob\u00f3w<br>Ludzi w sile wieku<br>W moim troch\u0119 starszych m\u0142odszych<br>A nie ma prawie<br>Ludzi starych i m\u0142odych<br>Oczywi\u015bcie w por\u00f3wnaniu<br>Do ogromnej ilo\u015bci<br>Tych w sile wieku<br>Kt\u00f3rzy jako\u015b dziwnie odeszli<br>Tworzone s\u0105 nawet specjalne cmentarze<br>Oddzielone od innych<br>Jak \u015bredniowieczne cmentarze zarazy<br>Ale nie ma znak\u00f3w takich<br>Jakie chyba powinny by\u0107<br>W podobnym przypadku<\/p>\n\n\n\n<p>Czyli chyba dobr\u0105 mam intuicj\u0119<br>Co do tego bandyctwa<br>Skoro tyle narodu wymordowali<br>Bo taka prawid\u0142owo\u015b\u0107<br>Chyba na wszystkich cmentarzach<br>W Polsce kt\u00f3re nawiedzam<br>Od czasu do czasu<br>Wystarczy po\u0142\u0105czy\u0107 fakty<br>I dziwne \u015bmierci<br>R\u00f3\u017cnych ludzi te\u017c znanych<br>Sk\u0105d to jest<br>Kim s\u0105 oni ci bandyci<br>I co ich \u0142\u0105czy<\/p>\n\n\n\n<p>Analizuj\u0105c dalej<br>Skoro chach\u0142actwo bia\u0142oruskie<br>Ma nas ci\u0105gle dopada\u0107<br>A ci wiadomo<br>\u017be maj\u0105 lewackie pogl\u0105dy<br>Skoro niereligijny raczej Podwilk<br>Bo by napada\u0107 nie chcia\u0142<br>Skoro ubecja ateistyczna i inne<br>Bandziorskie s\u0142u\u017cby podobnie<br>Bo nie chcieliby z\u0142a czyni\u0107<br>Jakby inaczej by\u0142o<br>To wniosek mo\u017cna wysnu\u0107 prosty<br>Odradza si\u0119 w Polsce komunizm<br>Mo\u017ce ubrany w inne ideologiczne<br>Kolorowe szatki<br>Ale si\u0119 odradza<br>A sk\u0105d to tak komu\u015b te\u017c zale\u017cy<br>Na lewackim psuciu dzieci m\u0142odzie\u017cy<br>A sk\u0105d najwa\u017cniejsze polityczne tematy<br>To aborcja zwi\u0105zki partnerskie itd<br>Jakby nie by\u0142o innych problem\u00f3w<br>W normalnym kraju<br>No chyba \u017ce to ju\u017c nie jest<br>Kraj normalny<br>Skoro tak zale\u017cy komu\u015b<br>Na psuciu narodu<br>Wyt\u0119pi\u0107 tych w sile wieku<br>Zepsu\u0107 m\u0142odzie\u017c i dzieci<br>Starzy wymrz\u0105 sami<br>Co si\u0119 dzieje ku\u017awa w tym kraju<br>O co tu chodzi<br>Czyje bandyckie plecy<br>A\u017c tak szerokie<br>\u017be w bia\u0142y dzie\u0144 si\u0119 dziej\u0105<br>Chyba wszelkie mo\u017cliwe zbrodnie<br>Od nas pocz\u0105wszy<br>A na narodzie sko\u0144czywszy<br>Komu tak zale\u017cy<br>Na tego kraju moralnym zniszczeniu<br>I chyba nie tylko<br>Bo z tego co widz\u0119<br>To to ju\u017c jest eksterminacja<br>Grupy wiekowej odpowiedniej<br>Czy\u017c to zbrodnia nie jest<br>Ludob\u00f3jstwa wobec narodu<br>I komu na tym zale\u017cy<br>I kto to wszystko robi<br>Porazi\u0142o mnie to po prostu<br>Ale wystarczy po\u0142\u0105czy\u0107 fakty<\/p>\n\n\n\n<figure class=\"wp-block-gallery has-nested-images columns-default is-cropped wp-block-gallery-1 is-layout-flex wp-block-gallery-is-layout-flex\">\n<figure class=\"wp-block-image size-large\"><a href=\"https:\/\/hubertpietka.bialystok.pl\/wp-content\/uploads\/2024\/11\/Resized_20241103_014940.jpeg\"><img loading=\"lazy\" decoding=\"async\" width=\"756\" height=\"1008\" data-id=\"8705\" src=\"https:\/\/hubertpietka.bialystok.pl\/wp-content\/uploads\/2024\/11\/Resized_20241103_014940.jpeg\" alt=\"\" class=\"wp-image-8705\" srcset=\"https:\/\/hubertpietka.bialystok.pl\/wp-content\/uploads\/2024\/11\/Resized_20241103_014940.jpeg 756w, https:\/\/hubertpietka.bialystok.pl\/wp-content\/uploads\/2024\/11\/Resized_20241103_014940-225x300.jpeg 225w\" sizes=\"auto, (max-width: 756px) 100vw, 756px\" \/><\/a><\/figure>\n<\/figure>\n\n\n\n<p><em>Na zdj. Hipek od \u017cony<br>Prezent najmilszy na imieniny<br>Oczywi\u015bcie nikt o tych<br>Ma nie pami\u0119ta\u0107 odpowiednio<br>Czy\u017c to nie jest te\u017c<br>Zas\u0142uga jaka\u015b tego bandyctwa odpowiednio<br>Ale to nic<br>Mi a\u017c tak nie zale\u017cy na pami\u0119ci<br>Wa\u017cne \u017ce B\u00f3g pami\u0119ta<br>I \u017ce jest z nami<br>Wbrew tego bandyctwa r\u00f3\u017cnego<br>Wszelkich dzia\u0142a\u0144 szata\u0144skich<br>Bo niby jakich<br>Skoro zbrodnie psucie narodu eksterminacja<br>I na nas<br>I jak to jest<br>\u017be to jaka\u015b tajemnica jest<br>Jak mo\u017cna zabi\u0107 tylu ludzi<br>I ci\u0105gle chcie\u0107 to czyni\u0107<br>A wszyscy milcz\u0105<br>W jaki to spos\u00f3b<br>\u015amier\u0107 zniewolenie zniszczenie<br>Do szatana nie Boga przynale\u017c\u0105<br>Czu\u0142em \u017ce tak mo\u017ce by\u0107<br>Ale si\u0119 nie spodziewa\u0142em<br>\u017be taka r\u00f3\u017cnych ich zbrodni<br>Jest skala<br>A co ze \u015bwiatem<br>Woda w usta odpowiednio<br>Kto tym wszystkim rz\u0105dzi<br>Tak tym wszystkim steruje<br>\u017be nie pot\u0119piane s\u0105 zbrodnie<br>I dalej ch\u0119\u0107 ich czynienia<br>Bandyctwa tego r\u00f3\u017cnego<\/em><\/p>\n","protected":false},"excerpt":{"rendered":"<p>Jaki prezent maj\u0105 ci bandyciNa moje imieninyStandardowo \u017con\u0119 zabi\u0107 zniewoli\u0107 mnieTe zwierz\u0119ta bliskichI uderza\u0107 na wszelkie mo\u017cliwe sposoby zniszczeniemTaki od tych bandyt\u00f3w prezentZreszt\u0105 na ka\u017cdy&hellip; <\/p>\n","protected":false},"author":1,"featured_media":0,"parent":0,"menu_order":0,"comment_status":"closed","ping_status":"closed","template":"","meta":{"footnotes":""},"class_list":["post-8704","page","type-page","status-publish","hentry"],"_links":{"self":[{"href":"https:\/\/hubertpietka.bialystok.pl\/index.php?rest_route=\/wp\/v2\/pages\/8704","targetHints":{"allow":["GET"]}}],"collection":[{"href":"https:\/\/hubertpietka.bialystok.pl\/index.php?rest_route=\/wp\/v2\/pages"}],"about":[{"href":"https:\/\/hubertpietka.bialystok.pl\/index.php?rest_route=\/wp\/v2\/types\/page"}],"author":[{"embeddable":true,"href":"https:\/\/hubertpietka.bialystok.pl\/index.php?rest_route=\/wp\/v2\/users\/1"}],"replies":[{"embeddable":true,"href":"https:\/\/hubertpietka.bialystok.pl\/index.php?rest_route=%2Fwp%2Fv2%2Fcomments&post=8704"}],"version-history":[{"count":1,"href":"https:\/\/hubertpietka.bialystok.pl\/index.php?rest_route=\/wp\/v2\/pages\/8704\/revisions"}],"predecessor-version":[{"id":8706,"href":"https:\/\/hubertpietka.bialystok.pl\/index.php?rest_route=\/wp\/v2\/pages\/8704\/revisions\/8706"}],"wp:attachment":[{"href":"https:\/\/hubertpietka.bialystok.pl\/index.php?rest_route=%2Fwp%2Fv2%2Fmedia&parent=8704"}],"curies":[{"name":"wp","href":"https:\/\/api.w.org\/{rel}","templated":true}]}}