{"id":8711,"date":"2024-11-05T17:18:39","date_gmt":"2024-11-05T17:18:39","guid":{"rendered":"https:\/\/hubertpietka.bialystok.pl\/?page_id=8711"},"modified":"2024-11-05T17:18:39","modified_gmt":"2024-11-05T17:18:39","slug":"meczennikow-zastepie-swietlany-wstawiajcie-sie-za-nami","status":"publish","type":"page","link":"https:\/\/hubertpietka.bialystok.pl\/?page_id=8711","title":{"rendered":"M\u0119czennik\u00f3w zast\u0119pie \u015bwietlany \/ wstawiajcie si\u0119 za nami"},"content":{"rendered":"\n<p>Ech z tym bandyctwem<br>Najlepiej zaciemni\u0107 wszystko<br>I dos\u0142ownie i w przeno\u015bni<br>Tam na przyk\u0142ad<br>Gdzie akurat jest \u017cona<br>\u0141atwiej krzywd\u0119 zrobi\u0107 przecie\u017c<br>Pod os\u0142on\u0105 nocy<br>Z\u0142o lubi ciemno\u015bci<br>Lub chocia\u017c dobrze nastraszy\u0107<\/p>\n\n\n\n<p>Ech z tym bandyctwem<br>To \u017ce ja kogo\u015b<br>Zbytnio nie lubi\u0119<br>Wcale nie znaczy \u017ce chc\u0119<br>Nienawistnie i z\u0142owrogo<br>Dzia\u0142a\u0107 wobec kogokolwiek<br>Jak to ca\u0142e bandyctwo wszelakie<br>Czyni nieustannie<br>Wobec nas naszego i naszych<br>Posy\u0142aj\u0105c cho\u0107by r\u00f3\u017cnych bandyt\u00f3w<br>Aby niejako na nas polowali<br>Niby niezale\u017cnych od nich<br>A czyni\u0105cych tak w\u0142a\u015bnie<br>Jak tym bandytom bardzo pasuje<\/p>\n\n\n\n<p>Z\u0142owrogo i nienawistnie<br>Nie tylko wobec nas przecie\u017c<br>Bo sk\u0105d ten u Pana<br>Tak nagle<br>M\u0119czennik\u00f3w \u015bwietlany zast\u0119p<br>Bo czy\u017c nie na kanwie wiary jednak<br>Te wszystkie prze\u015bladowania i nienawi\u015b\u0107<br>I wszelkie zbrodnie pod\u0142e<br>Tego ca\u0142ego bandyctwa<\/p>\n\n\n\n<p>Wielka to armia u Pana<br>M\u0119czennik\u00f3w \u015awietlanych lat ostatnich<br>Niech dzia\u0142aj\u0105 tak dalej bandyci<br>Powi\u0119kszaj\u0105c zast\u0119py m\u0119czennik\u00f3w<br>Przecie\u017c oni lubi\u0105<br>Dzia\u0142a\u0107 pod\u0142e perfidnie i ob\u0142udnie<br>A wy wstawiajcie si\u0119 i za nami<br>W walce z tym bandyctwem pieprzonym ca\u0142ym<br>Bo wszystko u tego bandyctwa<br>Przyprawione pieprzem ob\u0142udnych k\u0142amstw<br>A je\u015bli powi\u0119ksza\u0107 b\u0119d\u0105<br>Te m\u0119czennik\u00f3w zast\u0119py<br>To tym gorzej dla nich<br>Bo wi\u0119ksza armia wstawiennicza<br>U Pana<br>Kt\u00f3ra uderza\u0107 b\u0119dzie<br>W to bandyctwo wszelkie<\/p>\n\n\n\n<figure class=\"wp-block-gallery has-nested-images columns-default is-cropped wp-block-gallery-1 is-layout-flex wp-block-gallery-is-layout-flex\">\n<figure class=\"wp-block-image size-large\"><a href=\"https:\/\/hubertpietka.bialystok.pl\/wp-content\/uploads\/2024\/11\/20241105_173534-scaled.jpg\"><img loading=\"lazy\" decoding=\"async\" width=\"768\" height=\"1024\" data-id=\"8712\" src=\"https:\/\/hubertpietka.bialystok.pl\/wp-content\/uploads\/2024\/11\/20241105_173534-768x1024.jpg\" alt=\"\" class=\"wp-image-8712\" srcset=\"https:\/\/hubertpietka.bialystok.pl\/wp-content\/uploads\/2024\/11\/20241105_173534-768x1024.jpg 768w, https:\/\/hubertpietka.bialystok.pl\/wp-content\/uploads\/2024\/11\/20241105_173534-225x300.jpg 225w, https:\/\/hubertpietka.bialystok.pl\/wp-content\/uploads\/2024\/11\/20241105_173534-1152x1536.jpg 1152w, https:\/\/hubertpietka.bialystok.pl\/wp-content\/uploads\/2024\/11\/20241105_173534-1536x2048.jpg 1536w, https:\/\/hubertpietka.bialystok.pl\/wp-content\/uploads\/2024\/11\/20241105_173534-scaled.jpg 1920w\" sizes=\"auto, (max-width: 768px) 100vw, 768px\" \/><\/a><\/figure>\n<\/figure>\n\n\n\n<p><em>Na zdj. O\u0142tarzyk zmar\u0142ych<br>Nawet je\u015bli kt\u00f3ry\u015b by<br>Z tych m\u0119czennik\u00f3w<br>Nie domaga\u0142 za \u017cycia i w czym\u015b<br>To intencja tych pod\u0142ych zbrodni<br>Z nienawi\u015bci do wiary<br>Jest wystarczaj\u0105ca by modli\u0107 si\u0119<br>I do nich i te\u017c za nich<br>Wcale si\u0119 to nie k\u0142uci<br>Na pohybel zreszt\u0105<br>Temu ca\u0142emu pieprzonemu bandyctwu<br>I niech si\u0119 odpieprz\u0105<br>Analogicznie zreszt\u0105<br>Od nas naszego i naszych<br>I wszelcy ich poplecznicy<br>R\u00f3wnie zreszt\u0105 k\u0142amliwie ob\u0142udni<br>Bo \u0142atwiej si\u0119 wyprze\u0107 wsp\u00f3\u0142pracy<br>By spe\u0142nia\u0107 zap\u0119dy diab\u0142a<br>Tak czy inaczej<\/em><\/p>\n","protected":false},"excerpt":{"rendered":"<p>Ech z tym bandyctwemNajlepiej zaciemni\u0107 wszystkoI dos\u0142ownie i w przeno\u015bniTam na przyk\u0142adGdzie akurat jest \u017cona\u0141atwiej krzywd\u0119 zrobi\u0107 przecie\u017cPod os\u0142on\u0105 nocyZ\u0142o lubi ciemno\u015bciLub chocia\u017c dobrze nastraszy\u0107&hellip; <\/p>\n","protected":false},"author":1,"featured_media":0,"parent":0,"menu_order":0,"comment_status":"closed","ping_status":"closed","template":"","meta":{"footnotes":""},"class_list":["post-8711","page","type-page","status-publish","hentry"],"_links":{"self":[{"href":"https:\/\/hubertpietka.bialystok.pl\/index.php?rest_route=\/wp\/v2\/pages\/8711","targetHints":{"allow":["GET"]}}],"collection":[{"href":"https:\/\/hubertpietka.bialystok.pl\/index.php?rest_route=\/wp\/v2\/pages"}],"about":[{"href":"https:\/\/hubertpietka.bialystok.pl\/index.php?rest_route=\/wp\/v2\/types\/page"}],"author":[{"embeddable":true,"href":"https:\/\/hubertpietka.bialystok.pl\/index.php?rest_route=\/wp\/v2\/users\/1"}],"replies":[{"embeddable":true,"href":"https:\/\/hubertpietka.bialystok.pl\/index.php?rest_route=%2Fwp%2Fv2%2Fcomments&post=8711"}],"version-history":[{"count":1,"href":"https:\/\/hubertpietka.bialystok.pl\/index.php?rest_route=\/wp\/v2\/pages\/8711\/revisions"}],"predecessor-version":[{"id":8713,"href":"https:\/\/hubertpietka.bialystok.pl\/index.php?rest_route=\/wp\/v2\/pages\/8711\/revisions\/8713"}],"wp:attachment":[{"href":"https:\/\/hubertpietka.bialystok.pl\/index.php?rest_route=%2Fwp%2Fv2%2Fmedia&parent=8711"}],"curies":[{"name":"wp","href":"https:\/\/api.w.org\/{rel}","templated":true}]}}