{"id":8718,"date":"2024-11-07T00:17:45","date_gmt":"2024-11-07T00:17:45","guid":{"rendered":"https:\/\/hubertpietka.bialystok.pl\/?page_id=8718"},"modified":"2024-11-07T00:17:45","modified_gmt":"2024-11-07T00:17:45","slug":"apologia-swietosci-nieodczlowieczonej","status":"publish","type":"page","link":"https:\/\/hubertpietka.bialystok.pl\/?page_id=8718","title":{"rendered":"Apologia \u015bwi\u0119to\u015bci \/ nieodcz\u0142owieczonej"},"content":{"rendered":"\n<p>Dzisiaj by\u0142em na sympozjum<br>O ksi\u0119dzu Jerzym b\u0142ogos\u0142awionym<br>I wszystko fajnie<br>Jednego mi tylko zabrak\u0142o<\/p>\n\n\n\n<p>\u017be z \u015bwi\u0119tych i wielkich<br>Robi si\u0119 nietykalne monumenty<br>Prosz\u0119 mnie nie zrozumie\u0107 \u017ale<br>To wszystko wa\u017cne<br>Ale mieli i oni<br>R\u00f3\u017cne swoje ludzkie potrzeby<br>A nawet o zgrozo s\u0142abo\u015bci<\/p>\n\n\n\n<p>Chodzi mi o ukazywanie<br>Ludzkiej twarzy \u015bwi\u0119to\u015bci wielko\u015bci<br>Tu tak przeze mnie nazwanej<br>Ksi\u0105dz Jerzy naprawd\u0119 wspania\u0142y<br>Lubi\u0142 na przyk\u0142ad pali\u0107 fajki<br>Jak to si\u0119 zmie\u015bci<br>W tym tak poprawnym \u015bwiecie<br>I lubi\u0142 tak\u017ce cho\u0107by motoryzacj\u0119<br>I zwykle spotkania z lud\u017ami<br>I ba\u0142 si\u0119 czasem<br>I nie domaga\u0142<br>I zmieni\u0142 imi\u0119<br>Cho\u0107 to poprzednie oznacza m\u0105dro\u015b\u0107<br>Bo przecie\u017c<br>To by\u0142 te\u017c i Jerzyk<br>Nie tylko chyba dla bliskich<br>Rodziny przyjaci\u00f3\u0142<\/p>\n\n\n\n<p>Nie chodzi mi bynajmniej<br>Tu o to<br>By \u015bwi\u0119to\u015b\u0107 miesza\u0107 z b\u0142otem<br>Ale to chyba te\u017c nie jest droga<br>Robi\u0107 z nich nietykalnych pos\u0105g\u00f3w<br>Bo to byli zwykli ludzie<br>Kt\u00f3rych od innych odr\u00f3\u017cnia\u0142o to<br>\u017be si\u0119 starali ca\u0142kowicie<br>\u017by\u0107 w zgodzie z wol\u0105 Bo\u017c\u0105<br>I z sob\u0105<br>Bo to si\u0119 wcale nie musi k\u0142uci\u0107<br>Je\u015bli ma si\u0119 dobre rozeznanie<br>Czego B\u00f3g chce od cz\u0142owieka<\/p>\n\n\n\n<p>Tak si\u0119 starali przede wszystkim<br>Robi\u0107 co do nich nale\u017cy<br>Reszt\u0119 dope\u0142ni\u0142 w nich B\u00f3g<br>I my\u015bl\u0119 \u017ce takie spojrzenie<br>Na cz\u0142owieka takiego z krwi i ko\u015bci<br>Mo\u017ce te\u017c b\u0119dzie bardziej zach\u0119caj\u0105ce<br>Cho\u0107by dla m\u0142odzie\u017cy paradoksalnie<br>Bo m\u0142odzie\u017c cho\u0107 cz\u0119sto b\u0142\u0105dzi<br>W tym \u015bwiecie por\u0105banym<br>To szuka prawdy<\/p>\n\n\n\n<p>Takie moje refleksje o \u015bwi\u0119to\u015bci<br>Na kanwie kochanego Jerzyka<br>I prosz\u0119 nie odczlowieczajcie \u015bwi\u0119tych<br>Oni wcale nie potrzebuj\u0105 tego<br>Mog\u0105 by\u0107 przyk\u0142adem<br>W prawdzie ich \u017cycia ca\u0142ego<\/p>\n\n\n\n<figure class=\"wp-block-gallery has-nested-images columns-default is-cropped wp-block-gallery-1 is-layout-flex wp-block-gallery-is-layout-flex\">\n<figure class=\"wp-block-image size-large\"><a href=\"https:\/\/hubertpietka.bialystok.pl\/wp-content\/uploads\/2024\/11\/IMG-20241008-WA0069.jpg\"><img loading=\"lazy\" decoding=\"async\" width=\"1024\" height=\"768\" data-id=\"8719\" src=\"https:\/\/hubertpietka.bialystok.pl\/wp-content\/uploads\/2024\/11\/IMG-20241008-WA0069-1024x768.jpg\" alt=\"\" class=\"wp-image-8719\" srcset=\"https:\/\/hubertpietka.bialystok.pl\/wp-content\/uploads\/2024\/11\/IMG-20241008-WA0069-1024x768.jpg 1024w, https:\/\/hubertpietka.bialystok.pl\/wp-content\/uploads\/2024\/11\/IMG-20241008-WA0069-300x225.jpg 300w, https:\/\/hubertpietka.bialystok.pl\/wp-content\/uploads\/2024\/11\/IMG-20241008-WA0069-768x576.jpg 768w, https:\/\/hubertpietka.bialystok.pl\/wp-content\/uploads\/2024\/11\/IMG-20241008-WA0069-1536x1152.jpg 1536w, https:\/\/hubertpietka.bialystok.pl\/wp-content\/uploads\/2024\/11\/IMG-20241008-WA0069.jpg 1600w\" sizes=\"auto, (max-width: 1024px) 100vw, 1024px\" \/><\/a><\/figure>\n<\/figure>\n\n\n\n<p><em>Na zdj. Kochany Jerzyku<br>Ze skromnej wsi tej podlaskiej<br>Wskazuj drogi<br>W\u0142a\u015bciwego widzenia<br>Spraw \u017cycia tego<br>I odpowiedniego rozk\u0142adania akcent\u00f3w<\/em><\/p>\n","protected":false},"excerpt":{"rendered":"<p>Dzisiaj by\u0142em na sympozjumO ksi\u0119dzu Jerzym b\u0142ogos\u0142awionymI wszystko fajnieJednego mi tylko zabrak\u0142o \u017be z \u015bwi\u0119tych i wielkichRobi si\u0119 nietykalne monumentyProsz\u0119 mnie nie zrozumie\u0107 \u017aleTo wszystko&hellip; <\/p>\n","protected":false},"author":1,"featured_media":0,"parent":0,"menu_order":0,"comment_status":"closed","ping_status":"closed","template":"","meta":{"footnotes":""},"class_list":["post-8718","page","type-page","status-publish","hentry"],"_links":{"self":[{"href":"https:\/\/hubertpietka.bialystok.pl\/index.php?rest_route=\/wp\/v2\/pages\/8718","targetHints":{"allow":["GET"]}}],"collection":[{"href":"https:\/\/hubertpietka.bialystok.pl\/index.php?rest_route=\/wp\/v2\/pages"}],"about":[{"href":"https:\/\/hubertpietka.bialystok.pl\/index.php?rest_route=\/wp\/v2\/types\/page"}],"author":[{"embeddable":true,"href":"https:\/\/hubertpietka.bialystok.pl\/index.php?rest_route=\/wp\/v2\/users\/1"}],"replies":[{"embeddable":true,"href":"https:\/\/hubertpietka.bialystok.pl\/index.php?rest_route=%2Fwp%2Fv2%2Fcomments&post=8718"}],"version-history":[{"count":1,"href":"https:\/\/hubertpietka.bialystok.pl\/index.php?rest_route=\/wp\/v2\/pages\/8718\/revisions"}],"predecessor-version":[{"id":8720,"href":"https:\/\/hubertpietka.bialystok.pl\/index.php?rest_route=\/wp\/v2\/pages\/8718\/revisions\/8720"}],"wp:attachment":[{"href":"https:\/\/hubertpietka.bialystok.pl\/index.php?rest_route=%2Fwp%2Fv2%2Fmedia&parent=8718"}],"curies":[{"name":"wp","href":"https:\/\/api.w.org\/{rel}","templated":true}]}}