{"id":872,"date":"2018-01-29T12:56:44","date_gmt":"2018-01-29T12:56:44","guid":{"rendered":"http:\/\/hubertpietka.bialystok.pl\/?page_id=872"},"modified":"2018-01-29T12:56:44","modified_gmt":"2018-01-29T12:56:44","slug":"jezu-ufam-tobie","status":"publish","type":"page","link":"https:\/\/hubertpietka.bialystok.pl\/?page_id=872","title":{"rendered":"Jezu, ufam Tobie"},"content":{"rendered":"<p><strong>Jezu ufam Tobie<\/strong><\/p>\n<p>&nbsp;<\/p>\n<p><em>\u00a0\u00a0\u00a0\u00a0\u00a0\u00a0\u00a0\u00a0\u00a0\u00a0\u00a0 to najpi\u0119kniejsze s\u0142owa<\/em><\/p>\n<p><em>\u00a0\u00a0\u00a0\u00a0\u00a0\u00a0\u00a0\u00a0\u00a0\u00a0\u00a0 najpi\u0119kniejsza modlitwa<\/em><\/p>\n<p><em>\u00a0\u00a0\u00a0\u00a0\u00a0\u00a0\u00a0\u00a0\u00a0\u00a0\u00a0 \u017cycia pe\u0142en wyraz<\/em><\/p>\n<p>&nbsp;<\/p>\n<h1>I<\/h1>\n<p>W ka\u017cdej z\u0142ej chwili<\/p>\n<p>\u017cycia trudnej dobie<\/p>\n<p>&#8211; Jezu ufam Tobie!<\/p>\n<p>&nbsp;<\/p>\n<p>Kiedy si\u0119 boj\u0119<\/p>\n<p>wszystkiego niepokoj\u0119<\/p>\n<p>&#8211; Jezu ufam Tobie!<\/p>\n<p>&nbsp;<\/p>\n<p>Gdy nie wiem, co robi\u0107<\/p>\n<p>w niepewno\u015bci stoj\u0119<\/p>\n<p>&#8211; ufam Tobie!<\/p>\n<p>&nbsp;<\/p>\n<p>Jezu ufam Tobie!<\/p>\n<p>&#8211; moja modlitwa<\/p>\n<p>niech prowadzi mnie<\/p>\n<p>w niebieskie podwoje.<\/p>\n<p>&nbsp;<\/p>\n<h1>II<\/h1>\n<p>Jezu ufam Tobie!<\/p>\n<p>&#8211; dzi\u0119ki Tobie pokonam<\/p>\n<p>wszelkie \u017cycia znoje.<\/p>\n<p>&nbsp;<\/p>\n<p>Ufam Tobie,<\/p>\n<p>tylko Tobie,<\/p>\n<p>nie sobie.<\/p>\n<p>&nbsp;<\/p>\n<p>&#8211; Bo tylko Ty<\/p>\n<p>rozwi\u0105\u017cesz<\/p>\n<p>ka\u017cdy problem m\u00f3j.<\/p>\n<p>Jam Tw\u00f3j.<\/p>\n<p>&nbsp;<\/p>\n<p>&#8211; Ufam Tobie<\/p>\n<p>w ka\u017cdy czas,<\/p>\n<p>wspieraj nas,<\/p>\n<p>prowad\u017a nas,<\/p>\n<p>pokojem Swym obdarz!<\/p>\n<p>&nbsp;<\/p>\n","protected":false},"excerpt":{"rendered":"<p>Jezu ufam Tobie &nbsp; \u00a0\u00a0\u00a0\u00a0\u00a0\u00a0\u00a0\u00a0\u00a0\u00a0\u00a0 to najpi\u0119kniejsze s\u0142owa \u00a0\u00a0\u00a0\u00a0\u00a0\u00a0\u00a0\u00a0\u00a0\u00a0\u00a0 najpi\u0119kniejsza modlitwa \u00a0\u00a0\u00a0\u00a0\u00a0\u00a0\u00a0\u00a0\u00a0\u00a0\u00a0 \u017cycia pe\u0142en wyraz &nbsp; I W ka\u017cdej z\u0142ej chwili \u017cycia trudnej dobie &#8211;&hellip; <\/p>\n","protected":false},"author":1,"featured_media":0,"parent":0,"menu_order":0,"comment_status":"closed","ping_status":"closed","template":"","meta":{"footnotes":""},"class_list":["post-872","page","type-page","status-publish","hentry"],"_links":{"self":[{"href":"https:\/\/hubertpietka.bialystok.pl\/index.php?rest_route=\/wp\/v2\/pages\/872","targetHints":{"allow":["GET"]}}],"collection":[{"href":"https:\/\/hubertpietka.bialystok.pl\/index.php?rest_route=\/wp\/v2\/pages"}],"about":[{"href":"https:\/\/hubertpietka.bialystok.pl\/index.php?rest_route=\/wp\/v2\/types\/page"}],"author":[{"embeddable":true,"href":"https:\/\/hubertpietka.bialystok.pl\/index.php?rest_route=\/wp\/v2\/users\/1"}],"replies":[{"embeddable":true,"href":"https:\/\/hubertpietka.bialystok.pl\/index.php?rest_route=%2Fwp%2Fv2%2Fcomments&post=872"}],"version-history":[{"count":1,"href":"https:\/\/hubertpietka.bialystok.pl\/index.php?rest_route=\/wp\/v2\/pages\/872\/revisions"}],"predecessor-version":[{"id":873,"href":"https:\/\/hubertpietka.bialystok.pl\/index.php?rest_route=\/wp\/v2\/pages\/872\/revisions\/873"}],"wp:attachment":[{"href":"https:\/\/hubertpietka.bialystok.pl\/index.php?rest_route=%2Fwp%2Fv2%2Fmedia&parent=872"}],"curies":[{"name":"wp","href":"https:\/\/api.w.org\/{rel}","templated":true}]}}