{"id":8723,"date":"2024-11-07T14:27:06","date_gmt":"2024-11-07T14:27:06","guid":{"rendered":"https:\/\/hubertpietka.bialystok.pl\/?page_id=8723"},"modified":"2024-11-07T14:27:06","modified_gmt":"2024-11-07T14:27:06","slug":"igra-zyciem-swiata-cynicznie-to-cale-klamliwe-bandyctwo","status":"publish","type":"page","link":"https:\/\/hubertpietka.bialystok.pl\/?page_id=8723","title":{"rendered":"Igra \u017cyciem \u015bwiata cynicznie \/ to ca\u0142e k\u0142amliwe bandyctwo"},"content":{"rendered":"\n<p>Dzi\u015b jest \u015bw. *<strong>Engelberta<\/strong>*<br>Czyli *<strong>Angel Berta<\/strong>* jego anio\u0142a<br>Ona moja \u017cona<br>Jest nie tylko tym<br>Jest cieniem moim<br>W tym jednak sensie<br>\u017be z\u0142\u0105czony z ni\u0105 jestem<br>Nierozdzielnie nie tylko<br>Przez sakrament ma\u0142\u017ce\u0144stwa duchowo<br>Ale i przez przemoc<br>Tych k\u0142amliwych bandyt\u00f3w<br>Kt\u00f3r\u0105 znosimy wsp\u00f3lnie<\/p>\n\n\n\n<p>To pieprzone k\u0142amstwami bandyctwo<br>Z \u017cyciem tego \u015bwiata igra<br>I ci\u0105gle k\u0142ami\u0105<br>Mnie pr\u00f3bowali zabi\u0107 chyba ze sto razy<br>A m\u00f3wi\u0105 \u017ce to dla<br>Ludzko\u015bci dobra mnie zniewoli\u0107<br>Tak te\u017c chc\u0105 mnie zabi\u0107<br>\u017be o niej nie wspomn\u0119<br>Powiedzia\u0142em i tego nie cofn\u0119<br>\u017be je\u015bli mnie lub j\u0105 tak\u017ce zabij\u0105<br>To ten \u015bwiat zginie<br>I wtedy si\u0119 oka\u017ce<br>Co z tego pieprzonego bandyctwa<br>R\u00f3\u017cnymi k\u0142amstwami<\/p>\n\n\n\n<p>Szatan to wie<br>I jego s\u0142udzy te\u017c<br>\u017be \u017ceby zniszczy\u0107 mnie<br>Trzeba najpierw j\u0105 zabi\u0107<br>I tak dzia\u0142aj\u0105<br>Wbrew wszelkim niby altruistycznym k\u0142amstwom<br>Tak dzia\u0142aj\u0105 ci\u0105gle<br>Podle perfidnie wyrachowanie i ob\u0142udnie<\/p>\n\n\n\n<p>A teraz<br>Niech si\u0119 zastanowi ten \u015bwiat<br>(Bo mi a\u017c tak bardzo<br>Nie zale\u017cy na tym \u015bwiecie<br>Bo wiem gdzie b\u0119d\u0119)<br>Niech si\u0119 zastanowi<br>Czy dalej chce by\u0107 g\u0142upi<br>I we wszelkie pod\u0142e k\u0142amstwa<br>Tego pieprzonego bandyctwa chce wierzy\u0107<br>I wsp\u00f3\u0142pracowa\u0107 z nimi<br>Czy te\u017c mo\u017ce woli<br>Jednak uwierzy\u0107 Bogu<br>I r\u00f3\u017cnym jego s\u0142ugom<br>W prawdzie Bo\u017cej<br>Nie wed\u0142ug k\u0142amstw wszelkich szata\u0144skich<br>Niech si\u0119 \u015bwiat zastanowi<br>Bo B\u00f3g i tak zwyci\u0119\u017cy<br>Ju\u017c zwyci\u0119\u017cy\u0142<br>Kwestia jest tylko tego<br>W jaki spos\u00f3b<\/p>\n\n\n\n<p>I wtedy si\u0119 oka\u017ce<br>Czy lepiej by\u0142o wsp\u00f3\u0142pracowa\u0107<br>Z szatanem i jego k\u0142amstwami<br>Czy mo\u017ce jednak s\u0142ucha\u0107<br>Tego co s\u0142udzy Bo\u017cy m\u00f3wi\u0105<br>Ale dla \u015bwiat<br>To ju\u017c b\u0119dzie za p\u00f3\u017ano<\/p>\n\n\n\n<p>I ani mi Ani<br>Z nami naszymi naszym<br>I niech spadaj\u0105<br>Wszelcy pieprzeni zar\u00f3wno k\u0142amstwem bandyci<br>Od tych misiowych po medycznych<br>Zreszt\u0105 jakichkolwiek<br>S\u0142u\u017cbowych czy prywatnych<br>Kt\u00f3rzy k\u0142amliwie wszystko<br>Wed\u0142ug tego naczelnego bandyctwa<\/p>\n\n\n\n<p>Mo\u017cecie lekcewa\u017cy\u0107 to sobie<br>Co ja tu m\u00f3wi\u0119<br>Ale to si\u0119 w Bogu<br>Czy chcecie czy nie chcecie<br>Dopiero zweryfikuje<br>I wtedy si\u0119 oka\u017ce<br>Kto mia\u0142 ostateczn\u0105 racj\u0119<br>B\u00f3g i dzieci jego<br>Czy szatan i bandyci<br>Dzia\u0142aj\u0105cy pod\u0142ug niego<br>Wierzy\u0107 nie chcecie to zobaczycie<\/p>\n\n\n\n<p>Szatan i jego s\u0142udzy<br>Maj\u0105 du\u017co podst\u0119p\u00f3w i wybieg\u00f3w<br>Ale to si\u0119 stanie<br>Wbrew i temu<br>Albo li w\u0142a\u015bnie dlatego<br>Bo perfidia pod\u0142a<br>Tego wszelkiego pieprzonego k\u0142amstwem bandyctwa<br>Przekracza ju\u017c wszelkie granice<\/p>\n\n\n\n<figure class=\"wp-block-gallery has-nested-images columns-default is-cropped wp-block-gallery-1 is-layout-flex wp-block-gallery-is-layout-flex\">\n<figure class=\"wp-block-image size-large\"><a href=\"https:\/\/hubertpietka.bialystok.pl\/wp-content\/uploads\/2024\/11\/Resized_20241106_125018.jpeg\"><img loading=\"lazy\" decoding=\"async\" width=\"734\" height=\"550\" data-id=\"8724\" src=\"https:\/\/hubertpietka.bialystok.pl\/wp-content\/uploads\/2024\/11\/Resized_20241106_125018.jpeg\" alt=\"\" class=\"wp-image-8724\" srcset=\"https:\/\/hubertpietka.bialystok.pl\/wp-content\/uploads\/2024\/11\/Resized_20241106_125018.jpeg 734w, https:\/\/hubertpietka.bialystok.pl\/wp-content\/uploads\/2024\/11\/Resized_20241106_125018-300x225.jpeg 300w\" sizes=\"auto, (max-width: 734px) 100vw, 734px\" \/><\/a><\/figure>\n<\/figure>\n\n\n\n<p><em>Na zdj. Zast\u0119p Wszystkich \u015awi\u0119tych<br>I pot\u0119\u017cna Armia Wsp\u00f3\u0142czesnych M\u0119czennik\u00f3w<br>Wstawiaj\u0105 si\u0119 za nami<br>Naszymi i naszym<br>W walce z tym wszelkim<br>Bandyctwem pieprzonym k\u0142amstwami wszelkimi<br>I je\u015bli wygra cywilizacja \u015bmierci<br>To \u015bwiat si\u0119 te\u017c<br>Z tego nie podniesie<br>Dobrze si\u0119 zastan\u00f3wcie<br>Komu chcecie s\u0142u\u017cy\u0107<br>I wed\u0142ug kogo chcecie<br>\u017beby by\u0142o odpowiednio<br>Bogu czy szatanowi analogicznie<br>Do prawdy i zbrodni wszelkich<\/em><\/p>\n","protected":false},"excerpt":{"rendered":"<p>Dzi\u015b jest \u015bw. *Engelberta*Czyli *Angel Berta* jego anio\u0142aOna moja \u017conaJest nie tylko tymJest cieniem moimW tym jednak sensie\u017be z\u0142\u0105czony z ni\u0105 jestemNierozdzielnie nie tylkoPrzez sakrament&hellip; <\/p>\n","protected":false},"author":1,"featured_media":0,"parent":0,"menu_order":0,"comment_status":"closed","ping_status":"closed","template":"","meta":{"footnotes":""},"class_list":["post-8723","page","type-page","status-publish","hentry"],"_links":{"self":[{"href":"https:\/\/hubertpietka.bialystok.pl\/index.php?rest_route=\/wp\/v2\/pages\/8723","targetHints":{"allow":["GET"]}}],"collection":[{"href":"https:\/\/hubertpietka.bialystok.pl\/index.php?rest_route=\/wp\/v2\/pages"}],"about":[{"href":"https:\/\/hubertpietka.bialystok.pl\/index.php?rest_route=\/wp\/v2\/types\/page"}],"author":[{"embeddable":true,"href":"https:\/\/hubertpietka.bialystok.pl\/index.php?rest_route=\/wp\/v2\/users\/1"}],"replies":[{"embeddable":true,"href":"https:\/\/hubertpietka.bialystok.pl\/index.php?rest_route=%2Fwp%2Fv2%2Fcomments&post=8723"}],"version-history":[{"count":1,"href":"https:\/\/hubertpietka.bialystok.pl\/index.php?rest_route=\/wp\/v2\/pages\/8723\/revisions"}],"predecessor-version":[{"id":8725,"href":"https:\/\/hubertpietka.bialystok.pl\/index.php?rest_route=\/wp\/v2\/pages\/8723\/revisions\/8725"}],"wp:attachment":[{"href":"https:\/\/hubertpietka.bialystok.pl\/index.php?rest_route=%2Fwp%2Fv2%2Fmedia&parent=8723"}],"curies":[{"name":"wp","href":"https:\/\/api.w.org\/{rel}","templated":true}]}}