{"id":8749,"date":"2024-11-13T08:59:02","date_gmt":"2024-11-13T08:59:02","guid":{"rendered":"https:\/\/hubertpietka.bialystok.pl\/?page_id=8749"},"modified":"2024-11-13T08:59:02","modified_gmt":"2024-11-13T08:59:02","slug":"nienawisc-szatanska-sensu-stricte-u-tych-bandytow","status":"publish","type":"page","link":"https:\/\/hubertpietka.bialystok.pl\/?page_id=8749","title":{"rendered":"Nienawi\u015b\u0107 szata\u0144ska \/ sensu stricte u tych bandyt\u00f3w"},"content":{"rendered":"\n<p>Szatan nas nienawidzi pe\u0142ni\u0105 nienawi\u015bci<br>A czy\u017c tak\u0105 sam\u0105 nienawi\u015bci\u0105<br>Nienawidz\u0105 nas tak\u017ce wszelcy bandyci<br>Nale\u017cy si\u0119 paradoksalnie jednak cieszy\u0107<br>Szatan i jego s\u0142udzy<br>Nienawidz\u0105 nienawi\u015bci\u0105 straszn\u0105 wiernych Bogu<br>A to potwierdza nasz\u0105 w nim wierno\u015b\u0107<\/p>\n\n\n\n<p>A niby czemu\u017c nas<br>Tak nienawidz\u0105 oni<br>Niby z jakiego innego powodu<br>Nikogo nie zabi\u0142em nic nie ukrad\u0142em i nikomu<br>Jak to m\u00f3wi\u0105 oni<br>A tu taka pe\u0142nia nienawi\u015bci<br>A oni tak mog\u0105 powiedzie\u0107 o sobie<br>Nie ukrad\u0142em nie zabi\u0142em<br>Ca\u0142y czas chc\u0105 z\u0142o czyni\u0107<br>Wi\u0119c jak\u017ce\u017c<\/p>\n\n\n\n<p>D\u0105\u017c\u0105 nieustannie do zbrodni<br>Na nas wszelkich<br>Nie ukradli nie zabili<br>A sk\u0105d ju\u017c taka<br>U Pana m\u0119czennik\u00f3w armia<br>Przez wieki i lat ostatnich<br>Z nienawi\u015bci szata\u0144skiej do wiary<br>Tak by\u0142o przez wieki<br>I tak jest teraz<\/p>\n\n\n\n<p>Dzi\u015b \u015bw *<strong>Ab-ona<\/strong>*<br>A teraz s\u0142owo *<strong><em>ab<\/em> ona<\/strong>*<br>Czyli o mojej \u017conie<br>B\u00f3g j\u0105 wyposa\u017ca we wszystko<br>By trwa\u0107 przy mnie wiernie<br>I ona jest Bogu wierna<br>St\u0105d ta nienawi\u015b\u0107 szata\u0144ska<br>Uderza w ni\u0105 w\u0142a\u015bnie<br>Czy ona by komu\u015b przeszkadza\u0142a<br>Jakby czasy by\u0142y inne<br>Nie takie bandyckie<br>Zwyk\u0142a kobieta<br>Ale pi\u0119kna Bo\u017c\u0105 \u0142ask\u0105<\/p>\n\n\n\n<p>A teraz ci wszelcy bandyci<br>Pr\u00f3buj\u0105 w nas nieustannie uderza\u0107<br>Komu \u015bmier\u0107 temu zniszczenie zniewolenie i tak dalej<br>Nieustannie chc\u0105 uderza\u0107 w nas naszych i nasze<br>A ty zachowaj dobry humor<br>I poddaj si\u0119 przemocy pod\u0142ej<br>Perfidnej i ob\u0142udnej tych bandyt\u00f3w<br>Przepraszam ci\u0119 \u017cono<br>Bo to wszystko co kumuluje<br>Si\u0119 we mnie<br>Rykoszetem ty odczuwasz<br>Przepraszam ci\u0119 za brak czu\u0142o\u015bci<br>Ale czasami nie umiem inaczej<br>Bo z tym ca\u0142ym<br>Pieprzonym k\u0142amstwami bandyctwem<br>To jest walka nie inaczej<br>Na \u015bmier\u0107 i \u017cycie<br>Nie tylko nasze<br>Ale i tego \u015bwiata<br>Bo do tego d\u0105\u017cy szatan<br>Do zniszczenia nas<br>A przez to \u015bwiata tego<br>Wykorzystuj\u0105c r\u00f3\u017cnych bandyt\u00f3w<br>Czy maj\u0105 tak\u0105 \u015bwiadomo\u015b\u0107 czy te\u017c nie<br>S\u0105 narz\u0119dziami pod\u0142ych intencji szatana<\/p>\n\n\n\n<figure class=\"wp-block-gallery has-nested-images columns-default is-cropped wp-block-gallery-1 is-layout-flex wp-block-gallery-is-layout-flex\">\n<figure class=\"wp-block-image size-large\"><a href=\"https:\/\/hubertpietka.bialystok.pl\/wp-content\/uploads\/2024\/11\/IMG-20241105-WA0008.jpg\"><img loading=\"lazy\" decoding=\"async\" width=\"768\" height=\"1024\" data-id=\"8750\" src=\"https:\/\/hubertpietka.bialystok.pl\/wp-content\/uploads\/2024\/11\/IMG-20241105-WA0008-768x1024.jpg\" alt=\"\" class=\"wp-image-8750\" srcset=\"https:\/\/hubertpietka.bialystok.pl\/wp-content\/uploads\/2024\/11\/IMG-20241105-WA0008-768x1024.jpg 768w, https:\/\/hubertpietka.bialystok.pl\/wp-content\/uploads\/2024\/11\/IMG-20241105-WA0008-225x300.jpg 225w, https:\/\/hubertpietka.bialystok.pl\/wp-content\/uploads\/2024\/11\/IMG-20241105-WA0008-1152x1536.jpg 1152w, https:\/\/hubertpietka.bialystok.pl\/wp-content\/uploads\/2024\/11\/IMG-20241105-WA0008.jpg 1200w\" sizes=\"auto, (max-width: 768px) 100vw, 768px\" \/><\/a><\/figure>\n<\/figure>\n\n\n\n<p><em>Na zdj. Naprawd\u0119 nie widzicie tego wszystkiego<br>\u017be szatan najpierw zawsze<br>Chce uderza\u0107 w Bogu wiernych<br>I \u017ce do tego wykorzystuje<br>R\u00f3\u017cnych zdegenerowanych z\u0142em ludzi<br>Psychopat\u00f3w bo sami \u017ale czyni\u0105<br>I to samo chc\u0105 robi\u0107 i nam<br>Tak jak szatan<br>Nas o co\u015b bezpodstawnie oskar\u017caj\u0105c<br>Na zasadzie k\u0142amstwa<br>A i te szatan lubi oj bardzo<br>I to samo<br>W s\u0142ugach z\u0142a dzia\u0142a<\/em><\/p>\n\n\n\n<p class=\"has-text-align-right\"><strong><em><a href=\"https:\/\/youtu.be\/nWCY2N4IWCM?si=xgzJs3_E8dQyp9eP\">List do Boga<\/a><\/em><\/strong><\/p>\n","protected":false},"excerpt":{"rendered":"<p>Szatan nas nienawidzi pe\u0142ni\u0105 nienawi\u015bciA czy\u017c tak\u0105 sam\u0105 nienawi\u015bci\u0105Nienawidz\u0105 nas tak\u017ce wszelcy bandyciNale\u017cy si\u0119 paradoksalnie jednak cieszy\u0107Szatan i jego s\u0142udzyNienawidz\u0105 nienawi\u015bci\u0105 straszn\u0105 wiernych BoguA to&hellip; <\/p>\n","protected":false},"author":1,"featured_media":0,"parent":0,"menu_order":0,"comment_status":"closed","ping_status":"closed","template":"","meta":{"footnotes":""},"class_list":["post-8749","page","type-page","status-publish","hentry"],"_links":{"self":[{"href":"https:\/\/hubertpietka.bialystok.pl\/index.php?rest_route=\/wp\/v2\/pages\/8749","targetHints":{"allow":["GET"]}}],"collection":[{"href":"https:\/\/hubertpietka.bialystok.pl\/index.php?rest_route=\/wp\/v2\/pages"}],"about":[{"href":"https:\/\/hubertpietka.bialystok.pl\/index.php?rest_route=\/wp\/v2\/types\/page"}],"author":[{"embeddable":true,"href":"https:\/\/hubertpietka.bialystok.pl\/index.php?rest_route=\/wp\/v2\/users\/1"}],"replies":[{"embeddable":true,"href":"https:\/\/hubertpietka.bialystok.pl\/index.php?rest_route=%2Fwp%2Fv2%2Fcomments&post=8749"}],"version-history":[{"count":1,"href":"https:\/\/hubertpietka.bialystok.pl\/index.php?rest_route=\/wp\/v2\/pages\/8749\/revisions"}],"predecessor-version":[{"id":8751,"href":"https:\/\/hubertpietka.bialystok.pl\/index.php?rest_route=\/wp\/v2\/pages\/8749\/revisions\/8751"}],"wp:attachment":[{"href":"https:\/\/hubertpietka.bialystok.pl\/index.php?rest_route=%2Fwp%2Fv2%2Fmedia&parent=8749"}],"curies":[{"name":"wp","href":"https:\/\/api.w.org\/{rel}","templated":true}]}}