{"id":8758,"date":"2024-11-17T09:07:32","date_gmt":"2024-11-17T09:07:32","guid":{"rendered":"https:\/\/hubertpietka.bialystok.pl\/?page_id=8758"},"modified":"2024-11-17T09:07:32","modified_gmt":"2024-11-17T09:07:32","slug":"epitafium-dla-pieska-nike-i-tak-zwycieski","status":"publish","type":"page","link":"https:\/\/hubertpietka.bialystok.pl\/?page_id=8758","title":{"rendered":"Epitafium dla pieska \/ Nike i tak zwyci\u0119ski"},"content":{"rendered":"\n<p>Odszed\u0142 piesek nasz<br>Ju\u017c na starcie zosta\u0142 skazany<br>Przez tych bandyt\u00f3w na przegran\u0105<br>A jednak walczy\u0142 dzielnie<br>Nasze kochane waleczne zwierz\u0119ce serce<br>Mia\u0142 \u017cy\u0107 3 miesi\u0105ce<br>Prze\u017cy\u0142 7<br>Dwa razy pr\u00f3bowali go u\u015bmierci\u0107<br>Perfidnie i totalnie<br>Maj\u0105 do tego cho\u0107by gazy<br>I w ko\u0144cu im si\u0119 uda\u0142o<br>By\u0142 z nami 5 miesi\u0119cy<br>To i tak d\u0142u\u017cej ni\u017c zak\u0142ada\u0142o<br>To pieprzone k\u0142amstwami bandyctwo ca\u0142e<br>Mogli\u015bmy si\u0119 nim cieszy\u0107<br>Kr\u00f3tk\u0105 chwil\u0119 tylko<br>Wed\u0142ug za\u0142o\u017ce\u0144 pod\u0142ych i dzia\u0142a\u0144<br>Tego bandyctwa ca\u0142ego<br>Nie mia\u0142 zosta\u0107 naszym obro\u0144com<\/p>\n\n\n\n<p>A wy m\u00f3wicie o dzieciach<br>\u017be mieliby\u015bmy je mie\u0107<br>To bandyctwo nie da\u0142o<br>Pieskowi prze\u017cy\u0107 wieku szczeni\u0119cego<br>A da\u0142o by prze\u017cy\u0107<br>Niemowl\u0119ctwo cho\u0107by naszym dzieciom<br>Sorry ale ja si\u0119 nie \u0142udz\u0119 zbytnio<br>Co do zamiar\u00f3w wszelkich pod\u0142ych<br>Tego bandyctwa<\/p>\n\n\n\n<p>P\u0119d maj\u0105 ci\u0105g\u0142y nieustanny<br>Ku \u015bmierci zniewoleniu zniszczeniu<br>Nas naszego i naszych<br>P\u0119d szata\u0144ski <em>stricte<\/em><br>Zdefiniowany w z\u0142u d\u0105\u017ceniach wszelkich<br>Dla nas<\/p>\n\n\n\n<figure class=\"wp-block-gallery has-nested-images columns-default is-cropped wp-block-gallery-1 is-layout-flex wp-block-gallery-is-layout-flex\">\n<figure class=\"wp-block-image size-large\"><a href=\"https:\/\/hubertpietka.bialystok.pl\/wp-content\/uploads\/2024\/11\/20241117_100456.jpg\"><img loading=\"lazy\" decoding=\"async\" width=\"1008\" height=\"756\" data-id=\"8759\" src=\"https:\/\/hubertpietka.bialystok.pl\/wp-content\/uploads\/2024\/11\/20241117_100456.jpg\" alt=\"\" class=\"wp-image-8759\" srcset=\"https:\/\/hubertpietka.bialystok.pl\/wp-content\/uploads\/2024\/11\/20241117_100456.jpg 1008w, https:\/\/hubertpietka.bialystok.pl\/wp-content\/uploads\/2024\/11\/20241117_100456-300x225.jpg 300w, https:\/\/hubertpietka.bialystok.pl\/wp-content\/uploads\/2024\/11\/20241117_100456-768x576.jpg 768w\" sizes=\"auto, (max-width: 1008px) 100vw, 1008px\" \/><\/a><\/figure>\n<\/figure>\n\n\n\n<p><em>Na zdj. Ten piesek owca czarna<br>Ju\u017c na niwach niebieskich biega<br>My\u015bl\u0119 \u017ce jest rado\u015bci\u0105 Boga<br>Bo walczy\u0142 cho\u0107 skazany na po\u017carcie<br>Przez to ca\u0142e z\u0142o bandyckie<br>Walczy\u0142 z nasz\u0105 pomoc\u0105<br>Wielka tu zas\u0142uga \u017cony<br>I innych ludzi \u017cyczliwych<br>A mamy dalej tu swe r\u00f3\u017cne walki<br>Z nieustannie pod\u0142ymi i perfidnymi<br>W ob\u0142udzie swej ca\u0142ej<br>Tego bandyctwa zamiarami<br>I wszelkich im podobnych<br>W z\u0142u dla nas<br>Naszego i naszych<\/em><\/p>\n\n\n\n<p>\/<\/p>\n\n\n\n<p>Nie odst\u0105pimy stanic naszych serc<br>Wszystko aktualne jest<br>A nawet tym bardziej<br>Wobec ob\u0142udy tej perfidnej wszelkiej<br>Najpierw wobec \u017cony tych zwierz\u0105t<br>Kt\u00f3re zosta\u0142y<br>Nas naszego i naszych<\/p>\n\n\n\n<p>A dla tego bandyctwa<br>Zawsze pozory by\u0142y najwa\u017cniejsze<br>Wa\u017cne by co\u015b wygl\u0105da\u0142o odpowiednio<br>Niewa\u017cne czyste dno serca<br>Jak u tego pieska<br>Wn\u0119trza mog\u0105 by\u0107 niegodziwo\u015bci pe\u0142ne<br>Wed\u0142ug przypowie\u015bci Jezusa<br>Byleby zewn\u0119trznie co\u015b by\u0142o poprawne<br>Odpowiedni wyraz mia\u0142o<\/p>\n\n\n\n<p>&#8211;<\/p>\n\n\n\n<p><strong>Odszed\u0142 piesek nasz<br>Co pociesza\u0142 nasz trud<br>O Jezu dzi\u0119ki Ci<br>Za tego pieska \u017cycia cud<\/strong><\/p>\n","protected":false},"excerpt":{"rendered":"<p>Odszed\u0142 piesek naszJu\u017c na starcie zosta\u0142 skazanyPrzez tych bandyt\u00f3w na przegran\u0105A jednak walczy\u0142 dzielnieNasze kochane waleczne zwierz\u0119ce serceMia\u0142 \u017cy\u0107 3 miesi\u0105cePrze\u017cy\u0142 7Dwa razy pr\u00f3bowali go&hellip; <\/p>\n","protected":false},"author":1,"featured_media":0,"parent":0,"menu_order":0,"comment_status":"closed","ping_status":"closed","template":"","meta":{"footnotes":""},"class_list":["post-8758","page","type-page","status-publish","hentry"],"_links":{"self":[{"href":"https:\/\/hubertpietka.bialystok.pl\/index.php?rest_route=\/wp\/v2\/pages\/8758","targetHints":{"allow":["GET"]}}],"collection":[{"href":"https:\/\/hubertpietka.bialystok.pl\/index.php?rest_route=\/wp\/v2\/pages"}],"about":[{"href":"https:\/\/hubertpietka.bialystok.pl\/index.php?rest_route=\/wp\/v2\/types\/page"}],"author":[{"embeddable":true,"href":"https:\/\/hubertpietka.bialystok.pl\/index.php?rest_route=\/wp\/v2\/users\/1"}],"replies":[{"embeddable":true,"href":"https:\/\/hubertpietka.bialystok.pl\/index.php?rest_route=%2Fwp%2Fv2%2Fcomments&post=8758"}],"version-history":[{"count":1,"href":"https:\/\/hubertpietka.bialystok.pl\/index.php?rest_route=\/wp\/v2\/pages\/8758\/revisions"}],"predecessor-version":[{"id":8760,"href":"https:\/\/hubertpietka.bialystok.pl\/index.php?rest_route=\/wp\/v2\/pages\/8758\/revisions\/8760"}],"wp:attachment":[{"href":"https:\/\/hubertpietka.bialystok.pl\/index.php?rest_route=%2Fwp%2Fv2%2Fmedia&parent=8758"}],"curies":[{"name":"wp","href":"https:\/\/api.w.org\/{rel}","templated":true}]}}