{"id":8773,"date":"2024-11-20T21:18:09","date_gmt":"2024-11-20T21:18:09","guid":{"rendered":"https:\/\/hubertpietka.bialystok.pl\/?page_id=8773"},"modified":"2024-11-20T21:18:09","modified_gmt":"2024-11-20T21:18:09","slug":"specyfikacja-wlasciwosci-szatanskich","status":"publish","type":"page","link":"https:\/\/hubertpietka.bialystok.pl\/?page_id=8773","title":{"rendered":"Specyfikacja w\u0142a\u015bciwo\u015bci \/ szata\u0144skich"},"content":{"rendered":"\n<p>Dlatego<br>Tak z\u0142o nienawidzi<br>Nas naszych i naszego<\/p>\n\n\n\n<p>Dlatego<br>Wed\u0142ug z\u0142a<br>Ma by\u0107 dla nas<\/p>\n\n\n\n<p>\u015amier\u0107 gwa\u0142t zniewolenie zniszczenie<\/p>\n\n\n\n<p>Kimkolwiek zreszt\u0105 z\u0142o<br>I do czego te\u017c<br>By si\u0119 pos\u0142u\u017cy\u0107 chcia\u0142o<\/p>\n\n\n\n<p>Najlepiej tam gdzie<br>Nie jestem<br>Tak nienawidzi nas szatan<\/p>\n\n\n\n<p>A wszyscy<br>Kt\u00f3rzy z\u0142o spe\u0142niaj\u0105<br>S\u0105 w\u0142a\u015bnie wed\u0142ug szatana<\/p>\n\n\n\n<p>Jakiekolwiek pod\u0142o\u015bci<br>Jakakolwiek perfidia ob\u0142udna<br>Jakiekolwiek k\u0142amstwa<\/p>\n\n\n\n<p>To wszystko jest<br>Wed\u0142ug szatana<\/p>\n\n\n\n<figure class=\"wp-block-gallery has-nested-images columns-default is-cropped wp-block-gallery-1 is-layout-flex wp-block-gallery-is-layout-flex\">\n<figure class=\"wp-block-image size-large\"><a href=\"https:\/\/hubertpietka.bialystok.pl\/wp-content\/uploads\/2024\/11\/IMG-20241118-WA0032.jpg\"><img loading=\"lazy\" decoding=\"async\" width=\"768\" height=\"1024\" data-id=\"8774\" src=\"https:\/\/hubertpietka.bialystok.pl\/wp-content\/uploads\/2024\/11\/IMG-20241118-WA0032-768x1024.jpg\" alt=\"\" class=\"wp-image-8774\" srcset=\"https:\/\/hubertpietka.bialystok.pl\/wp-content\/uploads\/2024\/11\/IMG-20241118-WA0032-768x1024.jpg 768w, https:\/\/hubertpietka.bialystok.pl\/wp-content\/uploads\/2024\/11\/IMG-20241118-WA0032-225x300.jpg 225w, https:\/\/hubertpietka.bialystok.pl\/wp-content\/uploads\/2024\/11\/IMG-20241118-WA0032-1152x1536.jpg 1152w, https:\/\/hubertpietka.bialystok.pl\/wp-content\/uploads\/2024\/11\/IMG-20241118-WA0032.jpg 1200w\" sizes=\"auto, (max-width: 768px) 100vw, 768px\" \/><\/a><\/figure>\n<\/figure>\n\n\n\n<p><strong>Na zdj. Chro\u0144 Maryjo<br>Nas naszych i nasze<br>Przed t\u0105 z\u0142owrog\u0105 nienawi\u015bci\u0105 diab\u0142a<br>I wszystkich post\u0119puj\u0105cych wed\u0142ug niego<\/strong><\/p>\n\n\n\n<p><strong>By wbrew zap\u0119dom szata\u0144skim<br>Nie dzia\u0142o si\u0119 nic z\u0142ego<br>Zw\u0142aszcza tam gdzie akurat<br>Ja nie jestem<br>A to chce zawsze<br>Wykorzysta\u0107 z\u0142o<br>Do cel\u00f3w niecnych<br>Przez jakichkolwiek znieprawionych ludzi<br>I w spos\u00f3b te\u017c jakikolwiek<br>Ku gwa\u0142towi \u015bmierci zniewoleniu zniszczeniu<\/strong><\/p>\n\n\n\n<p><strong>Id\u017a precz szatanie<br>I wszelcy Boga przeciwnicy<\/strong><\/p>\n","protected":false},"excerpt":{"rendered":"<p>DlategoTak z\u0142o nienawidziNas naszych i naszego DlategoWed\u0142ug z\u0142aMa by\u0107 dla nas \u015amier\u0107 gwa\u0142t zniewolenie zniszczenie Kimkolwiek zreszt\u0105 z\u0142oI do czego te\u017cBy si\u0119 pos\u0142u\u017cy\u0107 chcia\u0142o Najlepiej&hellip; <\/p>\n","protected":false},"author":1,"featured_media":0,"parent":0,"menu_order":0,"comment_status":"closed","ping_status":"closed","template":"","meta":{"footnotes":""},"class_list":["post-8773","page","type-page","status-publish","hentry"],"_links":{"self":[{"href":"https:\/\/hubertpietka.bialystok.pl\/index.php?rest_route=\/wp\/v2\/pages\/8773","targetHints":{"allow":["GET"]}}],"collection":[{"href":"https:\/\/hubertpietka.bialystok.pl\/index.php?rest_route=\/wp\/v2\/pages"}],"about":[{"href":"https:\/\/hubertpietka.bialystok.pl\/index.php?rest_route=\/wp\/v2\/types\/page"}],"author":[{"embeddable":true,"href":"https:\/\/hubertpietka.bialystok.pl\/index.php?rest_route=\/wp\/v2\/users\/1"}],"replies":[{"embeddable":true,"href":"https:\/\/hubertpietka.bialystok.pl\/index.php?rest_route=%2Fwp%2Fv2%2Fcomments&post=8773"}],"version-history":[{"count":1,"href":"https:\/\/hubertpietka.bialystok.pl\/index.php?rest_route=\/wp\/v2\/pages\/8773\/revisions"}],"predecessor-version":[{"id":8775,"href":"https:\/\/hubertpietka.bialystok.pl\/index.php?rest_route=\/wp\/v2\/pages\/8773\/revisions\/8775"}],"wp:attachment":[{"href":"https:\/\/hubertpietka.bialystok.pl\/index.php?rest_route=%2Fwp%2Fv2%2Fmedia&parent=8773"}],"curies":[{"name":"wp","href":"https:\/\/api.w.org\/{rel}","templated":true}]}}