{"id":8778,"date":"2024-11-23T12:25:46","date_gmt":"2024-11-23T12:25:46","guid":{"rendered":"https:\/\/hubertpietka.bialystok.pl\/?page_id=8778"},"modified":"2024-11-23T12:25:46","modified_gmt":"2024-11-23T12:25:46","slug":"geografia-milosci-ewangelicznej","status":"publish","type":"page","link":"https:\/\/hubertpietka.bialystok.pl\/?page_id=8778","title":{"rendered":"Geografia mi\u0142o\u015bci \/ ewangelicznej"},"content":{"rendered":"\n<p>Ameryka dla Kolumba odkrywcy<br>Sta\u0142a si\u0119 l\u0105dem nowym<br>Co nie znaczy<br>\u017be jej wcze\u015bniej nie by\u0142o<br>Tam te\u017c by\u0142o \u017cycie<\/p>\n\n\n\n<p>Tak dla mnie nowym l\u0105dem<br>Kt\u00f3ry by\u0142 te\u017c wcze\u015bniej<br>Nieustaj\u0105cym w odkrywaniu<br>Jest ta moja \u017cona<br>I to jakkolwiek jest te\u017c<br>Mi\u0119dzy nami<br>Bo wiadomo \u017ce z\u0142u<br>Zale\u017cy by nas por\u00f3\u017cnia\u0107<br>A czasem te\u017c gra i rol\u0119 jak\u0105\u015b<br>Zwyk\u0142a ludzka s\u0142abo\u015b\u0107<\/p>\n\n\n\n<p>Dzi\u015b \u015bw. *<strong>Kolumb-ana<\/strong>*<br>Dla mnie *<strong>Kolumba-<\/strong>* swoistego<br>Ameryk\u0105 jest *<strong>-Ana<\/strong>*<\/p>\n\n\n\n<p>I *<strong>Kolumb-ia<\/strong>* odkryta Ameryka<br>To z mi\u0142o\u015bci ta<br>Nie znaczy \u017ce jej wcze\u015bniej nie by\u0142o<br>Lecz dla \u015bwiadectwa<br>Wierno\u015bci sakramentalnej w ma\u0142\u017ce\u0144stwie<br>Tak jest w\u0142a\u015bnie<\/p>\n\n\n\n<p>Dlatego tak z\u0142o nienawidzi<br>Naszego ma\u0142\u017ce\u0144stwa<br>I tak chce je zniszczy\u0107<br>Bo ono jest \u015bwiadectwem<br>Odbiciem Bo\u017cej mi\u0142o\u015bci<br>W pe\u0142nej relacji ludzkiej<br>Z\u0142u chodzi o chaos moralny<br>Kt\u00f3ry jest \u017ar\u00f3d\u0142em grzechu<br>Dlatego tak bardzo<br>Chce szatan zniszczy\u0107 to ma\u0142\u017ce\u0144stwo<br>I uderza i w inne te\u017c wierne<\/p>\n\n\n\n<p>Czysto\u015b\u0107 i nadzieja<br>Dlatego te\u017c szatan nienawidzi<br>Kap\u0142an\u00f3w wiernych i konsekracji jasnej<br>Bo one te\u017c s\u0105 \u015bwiadectwem<br>Przeciwko demoralizacji wszelkiej tych czas\u00f3w<\/p>\n\n\n\n<figure class=\"wp-block-gallery has-nested-images columns-default is-cropped wp-block-gallery-1 is-layout-flex wp-block-gallery-is-layout-flex\">\n<figure class=\"wp-block-image size-large\"><a href=\"https:\/\/hubertpietka.bialystok.pl\/wp-content\/uploads\/2024\/11\/Resized_20241121_135454.jpeg\"><img loading=\"lazy\" decoding=\"async\" width=\"756\" height=\"1008\" data-id=\"8779\" src=\"https:\/\/hubertpietka.bialystok.pl\/wp-content\/uploads\/2024\/11\/Resized_20241121_135454.jpeg\" alt=\"\" class=\"wp-image-8779\" srcset=\"https:\/\/hubertpietka.bialystok.pl\/wp-content\/uploads\/2024\/11\/Resized_20241121_135454.jpeg 756w, https:\/\/hubertpietka.bialystok.pl\/wp-content\/uploads\/2024\/11\/Resized_20241121_135454-225x300.jpeg 225w\" sizes=\"auto, (max-width: 756px) 100vw, 756px\" \/><\/a><\/figure>\n<\/figure>\n\n\n\n<p><em>Na zdj. Jezus w bieli i zieleni<br>Czysto\u015b\u0107 jest \u017ar\u00f3d\u0142em nadziei<br>Kt\u00f3rej nienawidzi z\u0142o<br>Ono chce pogr\u0105\u017cy\u0107 ludzko\u015b\u0107<br>W odm\u0119tach rozpaczy<br>Dlatego b\u0119dziemy zawsze walczy\u0107<br>By z\u0142o nie przemog\u0142o dobra<br>A fa\u0142sz k\u0142amliwy prawdy<br>By nie zdominowa\u0142a \u015bwiata<br>Ob\u0142udna perfidia pochodz\u0105ca od szatana<\/em><\/p>\n\n\n\n<p><em>Nasz\u0105 Ameryk\u0105<br>Przyl\u0105dkiem Dobrej Nadziei te\u017c jako\u015b<br>Jest ta mi\u0142o\u015b\u0107 nasza wierna i czysta<br>I wszystko co te\u017c z niej p\u0142ynie<br>I co jest wok\u00f3\u0142 niej<br>To najpi\u0119kniejsze odkrycia geograficzne Ewangelii<br>Na kt\u00f3rych mo\u017cna budowa\u0107<br>Zdrow\u0105 \u015bwiata tego przysz\u0142o\u015b\u0107<\/em><\/p>\n\n\n\n<p><strong><em><a href=\"https:\/\/youtu.be\/9nuWhMvn3hc?si=MQ2ABRlcyauMzFK8\">Apokalipsa &#8211; Dla ciebie<\/a><\/em><\/strong><\/p>\n","protected":false},"excerpt":{"rendered":"<p>Ameryka dla Kolumba odkrywcySta\u0142a si\u0119 l\u0105dem nowymCo nie znaczy\u017be jej wcze\u015bniej nie by\u0142oTam te\u017c by\u0142o \u017cycie Tak dla mnie nowym l\u0105demKt\u00f3ry by\u0142 te\u017c wcze\u015bniejNieustaj\u0105cym w&hellip; <\/p>\n","protected":false},"author":1,"featured_media":0,"parent":0,"menu_order":0,"comment_status":"closed","ping_status":"closed","template":"","meta":{"footnotes":""},"class_list":["post-8778","page","type-page","status-publish","hentry"],"_links":{"self":[{"href":"https:\/\/hubertpietka.bialystok.pl\/index.php?rest_route=\/wp\/v2\/pages\/8778","targetHints":{"allow":["GET"]}}],"collection":[{"href":"https:\/\/hubertpietka.bialystok.pl\/index.php?rest_route=\/wp\/v2\/pages"}],"about":[{"href":"https:\/\/hubertpietka.bialystok.pl\/index.php?rest_route=\/wp\/v2\/types\/page"}],"author":[{"embeddable":true,"href":"https:\/\/hubertpietka.bialystok.pl\/index.php?rest_route=\/wp\/v2\/users\/1"}],"replies":[{"embeddable":true,"href":"https:\/\/hubertpietka.bialystok.pl\/index.php?rest_route=%2Fwp%2Fv2%2Fcomments&post=8778"}],"version-history":[{"count":1,"href":"https:\/\/hubertpietka.bialystok.pl\/index.php?rest_route=\/wp\/v2\/pages\/8778\/revisions"}],"predecessor-version":[{"id":8780,"href":"https:\/\/hubertpietka.bialystok.pl\/index.php?rest_route=\/wp\/v2\/pages\/8778\/revisions\/8780"}],"wp:attachment":[{"href":"https:\/\/hubertpietka.bialystok.pl\/index.php?rest_route=%2Fwp%2Fv2%2Fmedia&parent=8778"}],"curies":[{"name":"wp","href":"https:\/\/api.w.org\/{rel}","templated":true}]}}