{"id":8795,"date":"2024-11-29T11:50:22","date_gmt":"2024-11-29T11:50:22","guid":{"rendered":"https:\/\/hubertpietka.bialystok.pl\/?page_id=8795"},"modified":"2024-11-29T11:50:22","modified_gmt":"2024-11-29T11:50:22","slug":"ojciec-klamstwa-i-dzieci-klamstwa-wszelkiego-zbrodni-i-przemocy","status":"publish","type":"page","link":"https:\/\/hubertpietka.bialystok.pl\/?page_id=8795","title":{"rendered":"Ojciec k\u0142amstwa \/ i dzieci \/\/ k\u0142amstwa wszelkiego zbrodni i przemocy"},"content":{"rendered":"\n<p>Szatan jest ojcem k\u0142amstwa<br>Od niego pochodz\u0105 k\u0142amstwa wszelkie<br>Te kt\u00f3re maj\u0105 na wzgl\u0119dzie<br>Z\u0142a komukolwiek uczynienie<br>Bo prawdziwe k\u0142amstwa s\u0105<br>Z t\u0105 intencj\u0105 z\u0142a komu\u015b<br>To definiuje k\u0142amstwo<\/p>\n\n\n\n<p>I tak ci bandyci<br>Pieprzeni k\u0142amstwem wszelkim<br>Byleby tylko z\u0142o uczyni\u0107<br>Nam naszym naszemu<br>Nie ma co walczy\u0107 nawet<br>Z ich wszelkimi pod\u0142ymi k\u0142amstwami<br>Kt\u00f3re na okr\u0105g\u0142o wymy\u015blaj\u0105<br>Bo za tym si\u0119 nawet nie nad\u0105\u017cy<br>Produkuj\u0105 je ci\u0105gle<br>I na r\u00f3\u017cne sposoby<br>By spe\u0142ni\u0107 szatana zap\u0119dy<br>Wed\u0142ug kt\u00f3rych post\u0119puj\u0105 oni<br>W\u0142a\u015bnie w taki spos\u00f3b<\/p>\n\n\n\n<p>Ka\u017cde k\u0142amstwo ku temu<br>By nam wyrz\u0105dzi\u0107 przemoc<br>Jest dla nich w\u0142a\u015bciwe<br>Wed\u0142ug szatana ca\u0142kowicie<br>Lekcewa\u017cy\u0107 moje s\u0142owa<br>\u017be ja m\u00f3wi\u0119 a tak w\u0142a\u015bnie oni<br>Byleby tylko przemoc zrealizowa\u0107<br>Zabi\u0107 \u017con\u0119 i m\u0119\u017ca<br>Czy zniewoli\u0107 gwa\u0142t zada\u0107 byle jaki\u015b<br>I naszych<br>I niszczy\u0107 wszystko co nasze<br>Tak dzia\u0142aj\u0105<br>I wszelkie k\u0142amstwa pod\u0142e wymy\u015blaj\u0105<br>Byleby tylko usprawiedliwi\u0107 przemoc perfidn\u0105<br>Swego ojca dzieci<br>Bo w pe\u0142ni post\u0119puj\u0105<br>Oni tak w\u0142a\u015bnie<\/p>\n\n\n\n<figure class=\"wp-block-gallery has-nested-images columns-default is-cropped wp-block-gallery-1 is-layout-flex wp-block-gallery-is-layout-flex\">\n<figure class=\"wp-block-image size-large\"><a href=\"https:\/\/hubertpietka.bialystok.pl\/wp-content\/uploads\/2024\/11\/IMG-20241128-WA0005.jpg\"><img loading=\"lazy\" decoding=\"async\" width=\"1024\" height=\"768\" data-id=\"8796\" src=\"https:\/\/hubertpietka.bialystok.pl\/wp-content\/uploads\/2024\/11\/IMG-20241128-WA0005-1024x768.jpg\" alt=\"\" class=\"wp-image-8796\" srcset=\"https:\/\/hubertpietka.bialystok.pl\/wp-content\/uploads\/2024\/11\/IMG-20241128-WA0005-1024x768.jpg 1024w, https:\/\/hubertpietka.bialystok.pl\/wp-content\/uploads\/2024\/11\/IMG-20241128-WA0005-300x225.jpg 300w, https:\/\/hubertpietka.bialystok.pl\/wp-content\/uploads\/2024\/11\/IMG-20241128-WA0005-768x576.jpg 768w, https:\/\/hubertpietka.bialystok.pl\/wp-content\/uploads\/2024\/11\/IMG-20241128-WA0005-1536x1152.jpg 1536w, https:\/\/hubertpietka.bialystok.pl\/wp-content\/uploads\/2024\/11\/IMG-20241128-WA0005.jpg 1600w\" sizes=\"auto, (max-width: 1024px) 100vw, 1024px\" \/><\/a><\/figure>\n<\/figure>\n\n\n\n<p>Na zdj. *<strong>Nigdy wi\u0119cej<\/strong>*<br>Jakiejkolwiek zag\u0142ady jakiegokolwiek holocaustu<br>Ob\u00f3z \u015bmierci w Treblince<br>A oni do tego i w\u0142a\u015bnie d\u0105\u017c\u0105<br>By zabija\u0107 jak najwi\u0119cej<br>Nas naszych i nasze<br>I tych kt\u00f3rzy im nie pasuj\u0105 jako\u015b<br>Pocz\u0105wszy od holocaustu na nienarodzonych<br>Po ten m\u0119czennik\u00f3w wsp\u00f3\u0142czesnych<br>Pod jakimkolwiek pozorem zreszt\u0105<br>\u017badna tendencja \u017caden argument<br>Nie jest prawdziwy<br>Lecz jest szata\u0144skim k\u0142amstwem<br>Przemawiaj\u0105cym za jakimkolwiek holocaustem<br>Ka\u017cde morderstwo jest morderstwem<br>I niczym wi\u0119cej<br>Tymbardziej zag\u0142ada jakkolwiek planowana<br>Nigdy nie jest usprawiedliwiona<br>Jest dzie\u0142em diabelskim w istocie<br>Jakiekolwiek k\u0142amstwa pod publiczk\u0119<br>G\u0142oszono by w tym temacie<br>Jak to zreszt\u0105 hitlerowcy czynili<br>By ludzko\u015b\u0107 niby oczy\u015bci\u0107<br>Ile oni wymordowali istnie\u0144 ludzkich<\/p>\n\n\n\n<p><em>A swoj\u0105 drog\u0105 demonowi<br>I tym kt\u00f3rzy s\u0105 z niego jako\u015b<br>Strasznie nie pasuj\u0105<br>Dzie\u0142a mi\u0142osierdzia<br>*<strong>Post modlitwa i ja\u0142mu\u017cna<\/strong>*<br>Zawsze z tym b\u0119dzie walczy\u0142<br>Szatan i ci kt\u00f3rzy s\u0105 z niego<br>I nas te\u017c chc\u0105 pozbawi\u0107<br>Wsparcia jakiegokolwiek mi\u0142osiernego<br>To pasuje szatanowi we wszystkim<br>Jak dzia\u0142aj\u0105 ci bandyci<br>Z totaln\u0105 perfidi\u0105 i pod\u0142o\u015bci\u0105<br>I ob\u0142ud\u0105 przenikaj\u0105ca wszystko<br>Ju\u017c chyba na wskro\u015b<\/em><\/p>\n","protected":false},"excerpt":{"rendered":"<p>Szatan jest ojcem k\u0142amstwaOd niego pochodz\u0105 k\u0142amstwa wszelkieTe kt\u00f3re maj\u0105 na wzgl\u0119dzieZ\u0142a komukolwiek uczynienieBo prawdziwe k\u0142amstwa s\u0105Z t\u0105 intencj\u0105 z\u0142a komu\u015bTo definiuje k\u0142amstwo I tak&hellip; <\/p>\n","protected":false},"author":1,"featured_media":0,"parent":0,"menu_order":0,"comment_status":"closed","ping_status":"closed","template":"","meta":{"footnotes":""},"class_list":["post-8795","page","type-page","status-publish","hentry"],"_links":{"self":[{"href":"https:\/\/hubertpietka.bialystok.pl\/index.php?rest_route=\/wp\/v2\/pages\/8795","targetHints":{"allow":["GET"]}}],"collection":[{"href":"https:\/\/hubertpietka.bialystok.pl\/index.php?rest_route=\/wp\/v2\/pages"}],"about":[{"href":"https:\/\/hubertpietka.bialystok.pl\/index.php?rest_route=\/wp\/v2\/types\/page"}],"author":[{"embeddable":true,"href":"https:\/\/hubertpietka.bialystok.pl\/index.php?rest_route=\/wp\/v2\/users\/1"}],"replies":[{"embeddable":true,"href":"https:\/\/hubertpietka.bialystok.pl\/index.php?rest_route=%2Fwp%2Fv2%2Fcomments&post=8795"}],"version-history":[{"count":1,"href":"https:\/\/hubertpietka.bialystok.pl\/index.php?rest_route=\/wp\/v2\/pages\/8795\/revisions"}],"predecessor-version":[{"id":8797,"href":"https:\/\/hubertpietka.bialystok.pl\/index.php?rest_route=\/wp\/v2\/pages\/8795\/revisions\/8797"}],"wp:attachment":[{"href":"https:\/\/hubertpietka.bialystok.pl\/index.php?rest_route=%2Fwp%2Fv2%2Fmedia&parent=8795"}],"curies":[{"name":"wp","href":"https:\/\/api.w.org\/{rel}","templated":true}]}}