{"id":8804,"date":"2024-12-01T07:50:17","date_gmt":"2024-12-01T07:50:17","guid":{"rendered":"https:\/\/hubertpietka.bialystok.pl\/?page_id=8804"},"modified":"2024-12-01T07:50:17","modified_gmt":"2024-12-01T07:50:17","slug":"wesoly-oboz-zaglady-tej-calej-mafijnej-bandy-bo-ku-zlu-dla-innych","status":"publish","type":"page","link":"https:\/\/hubertpietka.bialystok.pl\/?page_id=8804","title":{"rendered":"Weso\u0142y ob\u00f3z zag\u0142ady \/ tej ca\u0142ej mafijnej bandy \/\/ bo ku z\u0142u dla innych"},"content":{"rendered":"\n<p>Je\u015bli jeszcze \u017cyjesz<br>To b\u0105d\u017a wdzi\u0119czny temu<br>Pieprzonemu k\u0142amstwami bandyctwu<br>\u017be ci\u0119 jeszcze nie zabili<br>Tacy przecie\u017c \u0142askawi<br>Cho\u0107 jakby to od nich tylko zale\u017ca\u0142o<br>Zrobiliby to z 1500 razy<br>A przecie\u017c tyle\u017c te\u017c pr\u00f3bowali<br>I tylu ju\u017c zamordowali<br>I ci\u0105gle im ma\u0142o<\/p>\n\n\n\n<p>Tej zbrodniczej mafii<br>Bo byleby tylko ku z\u0142u<br>Dla tam jakich\u015b<br>No nie dla siebie<br>I swoich przecie\u017c<br>Kimkolwiek zreszt\u0105 ta mafia jest<br>W z\u0142owrogich d\u0105\u017ceniach<br>Dla nas naszych i naszego<br>Ale nie tylko przecie\u017c chyba<\/p>\n\n\n\n<p>B\u0105d\u017a wdzi\u0119czny<br>U\u015bmiechaj si\u0119 jak przys\u0142owiowa<br>\u015awinia w b\u0142ocie<br>Mimo \u017ce tworz\u0105 nieustannie<br>R\u00f3\u017cne zagro\u017cenia stany<br>I d\u0105\u017c\u0105 ob\u0142udnie perfidnie podle<br>Nieustannie do swych zbrodni<br>Na nas naszych naszym<br>I nie tylko przecie\u017c<br>B\u0105d\u017a wdzi\u0119czny tym terrorystom<br>Tacy \u0142askawi \u017ce jeszcze<br>Nie spe\u0142nili swych zbrodni<br>Wobec nas naszego i naszych<br>Przynajmniej nie w pe\u0142ni<br>Cho\u0107 to im nie przeszkadza<br>Chyba zbytnio<br>By spe\u0142nia\u0107 zbrodnie wsz\u0119dzie wok\u00f3\u0142<\/p>\n\n\n\n<figure class=\"wp-block-image size-large\"><a href=\"https:\/\/hubertpietka.bialystok.pl\/wp-content\/uploads\/2024\/12\/IMG-20241128-WA0009.jpg\"><img loading=\"lazy\" decoding=\"async\" width=\"1024\" height=\"768\" src=\"https:\/\/hubertpietka.bialystok.pl\/wp-content\/uploads\/2024\/12\/IMG-20241128-WA0009-1024x768.jpg\" alt=\"\" class=\"wp-image-8805\" srcset=\"https:\/\/hubertpietka.bialystok.pl\/wp-content\/uploads\/2024\/12\/IMG-20241128-WA0009-1024x768.jpg 1024w, https:\/\/hubertpietka.bialystok.pl\/wp-content\/uploads\/2024\/12\/IMG-20241128-WA0009-300x225.jpg 300w, https:\/\/hubertpietka.bialystok.pl\/wp-content\/uploads\/2024\/12\/IMG-20241128-WA0009-768x576.jpg 768w, https:\/\/hubertpietka.bialystok.pl\/wp-content\/uploads\/2024\/12\/IMG-20241128-WA0009-1536x1152.jpg 1536w, https:\/\/hubertpietka.bialystok.pl\/wp-content\/uploads\/2024\/12\/IMG-20241128-WA0009.jpg 1600w\" sizes=\"auto, (max-width: 1024px) 100vw, 1024px\" \/><\/a><\/figure>\n\n\n\n<p><em>Na zdj. Tak\u017ce taki to weso\u0142y<br>W\u0142a\u015bnie ob\u00f3z zag\u0142ady<br>Podobny zreszt\u0105 w holocau\u015bcie zbrodniczym<br>Jaki hitlerowcy czynili<br>A ty b\u0105d\u017a wdzi\u0119czny<br>Oczywi\u015bcie dop\u00f3ki ci\u0119 nie wyko\u0144cz\u0105<br>Twoich twojego itp<br>A tak w og\u00f3le przecie\u017c<br>To powiniene\u015b si\u0119 podda\u0107<br>R\u00f3\u017cnym zamiarom bandyckim<br>Oni przecie\u017c lepiej wiedz\u0105<br>Co jest dobre dla \u015bwiata<\/em><\/p>\n\n\n\n<p><em>A \u017ce B\u00f3g m\u00f3wi inaczej<br>To co tam<br>Oni maj\u0105 innego<br>Przeciwnego naszemu<br>Tego kt\u00f3ry dopuszcza zbrodnie wszelkie<br>A nawet je chwali<br>C\u00f3\u017c za podobie\u0144stwo do szatana<br>I tak oni przek\u0142ami\u0105 wszystko<br>Byleby tylko spe\u0142nia\u0107 zamiary zbrodnicze<br>Zabi\u0107 gwa\u0142t zada\u0107 zniewala\u0107 niszczy\u0107<br>Wobec nas naszego i naszych<br>Ale nie tylko przecie\u017c<br>A wed\u0142ug szatana<br>Maj\u0105 do tego zbrodnicze prawo<\/em><\/p>\n","protected":false},"excerpt":{"rendered":"<p>Je\u015bli jeszcze \u017cyjeszTo b\u0105d\u017a wdzi\u0119czny temuPieprzonemu k\u0142amstwami bandyctwu\u017be ci\u0119 jeszcze nie zabiliTacy przecie\u017c \u0142askawiCho\u0107 jakby to od nich tylko zale\u017ca\u0142oZrobiliby to z 1500 razyA przecie\u017c&hellip; <\/p>\n","protected":false},"author":1,"featured_media":0,"parent":0,"menu_order":0,"comment_status":"closed","ping_status":"closed","template":"","meta":{"footnotes":""},"class_list":["post-8804","page","type-page","status-publish","hentry"],"_links":{"self":[{"href":"https:\/\/hubertpietka.bialystok.pl\/index.php?rest_route=\/wp\/v2\/pages\/8804","targetHints":{"allow":["GET"]}}],"collection":[{"href":"https:\/\/hubertpietka.bialystok.pl\/index.php?rest_route=\/wp\/v2\/pages"}],"about":[{"href":"https:\/\/hubertpietka.bialystok.pl\/index.php?rest_route=\/wp\/v2\/types\/page"}],"author":[{"embeddable":true,"href":"https:\/\/hubertpietka.bialystok.pl\/index.php?rest_route=\/wp\/v2\/users\/1"}],"replies":[{"embeddable":true,"href":"https:\/\/hubertpietka.bialystok.pl\/index.php?rest_route=%2Fwp%2Fv2%2Fcomments&post=8804"}],"version-history":[{"count":1,"href":"https:\/\/hubertpietka.bialystok.pl\/index.php?rest_route=\/wp\/v2\/pages\/8804\/revisions"}],"predecessor-version":[{"id":8806,"href":"https:\/\/hubertpietka.bialystok.pl\/index.php?rest_route=\/wp\/v2\/pages\/8804\/revisions\/8806"}],"wp:attachment":[{"href":"https:\/\/hubertpietka.bialystok.pl\/index.php?rest_route=%2Fwp%2Fv2%2Fmedia&parent=8804"}],"curies":[{"name":"wp","href":"https:\/\/api.w.org\/{rel}","templated":true}]}}