{"id":8810,"date":"2024-12-02T19:23:31","date_gmt":"2024-12-02T19:23:31","guid":{"rendered":"https:\/\/hubertpietka.bialystok.pl\/?page_id=8810"},"modified":"2024-12-02T19:23:31","modified_gmt":"2024-12-02T19:23:31","slug":"popaprancy-chca-obludnym-zlem-paprac-swiat-ten","status":"publish","type":"page","link":"https:\/\/hubertpietka.bialystok.pl\/?page_id=8810","title":{"rendered":"Popapra\u0144cy chc\u0105 ob\u0142udnym z\u0142em \/ papra\u0107 \u015bwiat ten"},"content":{"rendered":"\n<p>Biedni ci kt\u00f3rzy<br>Udaj\u0105 przyjaci\u00f3\u0142<br>A czyhaj\u0105 na czyj\u0105\u015b zgub\u0119<br>S\u0105 gorsi ni\u017c wrogowie otwarci<br>Bo ci przynajmniej swych postaw<br>Co prawda z\u0142owrogich<br>Ale jednak nie udaj\u0105 przeciwnych<\/p>\n\n\n\n<p>Biedni zwlaszcza ci<br>Kt\u00f3rzy udaj\u0105 fa\u0142szywie braci<br>Wed\u0142ug \u015bwi\u0119tej wiary<br>Czyhaj\u0105c z\u0142owrogo na zgub\u0119<br>Do\u015bwiadcz\u0105 zguby ale swej duszy<br>Biedni ci co tak post\u0119puj\u0105<br>Ob\u0142udnie wed\u0142ug tych naczelnych bandyt\u00f3w<\/p>\n\n\n\n<p>Tak w ko\u015bcio\u0142ach upodobali sobie<br>R\u00f3\u017cni bracia fa\u0142szywi<br>By mnie o co\u015b oskar\u017cy\u0107<br>(Czy te\u017c nawet nas zabija\u0107<br>Zreszt\u0105 nie tylko tam)<br>By to bandyctwo misiowe<br>Kolejny zreszt\u0105 pretekst mia\u0142o<br>By mnie dopa\u015b\u0107<br>A najlepiej kompromitowa\u0107 wiar\u0119<br>W\u0142a\u015bnie w ko\u015bciele<br>Oskar\u017ca\u0107 maj\u0105 o \u015bwi\u0119tokradztwa<br>Ci kt\u00f3rzy \u015bwi\u0119tokradczo post\u0119puj\u0105<br>Wobec wiary w Boga<br>Spotka ich za to kiedy\u015b<br>Kara zas\u0142u\u017cona<br>Bo B\u00f3g nie pozwoli<br>Z siebie szydzi\u0107<br>I z praw Bo\u017cych<br>I z \u015bwi\u0119tej wiary warto\u015bci<\/p>\n\n\n\n<p>Zreszt\u0105 *<strong>popa-pra\u0144c\u00f3w<\/strong>* r\u00f3\u017cnych<br>Papraj\u0105cych si\u0119 i paraj\u0105cych wszelkim z\u0142em<br>Maj\u0105 oni du\u017co<br>*<strong>Po-pra\u0107<\/strong>* oni niby maj\u0105<br>R\u00f3\u017cne brudy kt\u00f3rych nie ma<br>Papraj\u0105c ten \u015bwiat z\u0142em<br>Kt\u00f3re czyni\u0105 i chc\u0105 czyni\u0107<br>Oczywi\u015bcie wszystko<br>Podle perfidnie ob\u0142udnie i fa\u0142szywie<br>Byleby tylko spe\u0142nia\u0107 z\u0142a zap\u0119dy<br>Kt\u00f3re spersyfikowane znajduje<br>Sw\u00f3j pe\u0142ny wyraz w diab\u0142u<\/p>\n\n\n\n<p>Byleby tylko z\u0142o uczyni\u0107<br>Nam naszemu i naszym<br>Biedni co czyni\u0105 nie wiedz\u0105<br>\u017be w tym wszystkim<br>Wsp\u00f3\u0142pracuj\u0105 z szatanem w pe\u0142ni<br>Bo to jemu zale\u017cy najbardziej<br>By nas zniszczy\u0107<br>Wtedy te\u017c \u015bwiat zniszczony zostanie<br>B\u00f3g finalnie zwyci\u0119\u017cy<br>Ale wtedy to si\u0119<br>Stanie przez ogie\u0144<br>A szatan wiele dusz<br>Chce zgubi\u0107 i wie<br>\u017be czas nie dzia\u0142a<br>Na jego korzy\u015b\u0107<\/p>\n\n\n\n<figure class=\"wp-block-gallery has-nested-images columns-default is-cropped wp-block-gallery-1 is-layout-flex wp-block-gallery-is-layout-flex\">\n<figure class=\"wp-block-image size-large\"><a href=\"https:\/\/hubertpietka.bialystok.pl\/wp-content\/uploads\/2024\/12\/IMG-20241128-WA0002.jpg\"><img loading=\"lazy\" decoding=\"async\" width=\"768\" height=\"1024\" data-id=\"8811\" src=\"https:\/\/hubertpietka.bialystok.pl\/wp-content\/uploads\/2024\/12\/IMG-20241128-WA0002-768x1024.jpg\" alt=\"\" class=\"wp-image-8811\" srcset=\"https:\/\/hubertpietka.bialystok.pl\/wp-content\/uploads\/2024\/12\/IMG-20241128-WA0002-768x1024.jpg 768w, https:\/\/hubertpietka.bialystok.pl\/wp-content\/uploads\/2024\/12\/IMG-20241128-WA0002-225x300.jpg 225w, https:\/\/hubertpietka.bialystok.pl\/wp-content\/uploads\/2024\/12\/IMG-20241128-WA0002-1152x1536.jpg 1152w, https:\/\/hubertpietka.bialystok.pl\/wp-content\/uploads\/2024\/12\/IMG-20241128-WA0002.jpg 1200w\" sizes=\"auto, (max-width: 768px) 100vw, 768px\" \/><\/a><\/figure>\n<\/figure>\n\n\n\n<p><em>Na zdj. Cok\u00f3\u0142 wiary jak kamie\u0144<br>Biedni kt\u00f3rzy \u015bwi\u0119tokradczo<br>Chc\u0105 t\u0105 wiar\u0119 plami\u0107<br>Biedni kt\u00f3rzy si\u0119 powa\u017caj\u0105<br>Na sprawy w\u0142a\u015bciwe Bogu<br>Biedni kt\u00f3rzy tak w\u0142a\u015bnie<br>Z szatanem wsp\u00f3\u0142dzia\u0142aj\u0105<br>Przest\u0119pstwa zbrodnicze przeciwko wolno\u015bci \u017cyciu<br>Ju\u017c do Boga krzycz\u0105 mocno<br>A to si\u0119 zawsze<br>\u0141\u0105czy te\u017c z wiar\u0105<\/em><\/p>\n\n\n\n<p><em>Tak w Treblince<br>Jak i dzisiaj g\u0142o\u015bno wo\u0142aj\u0105<br>Niewinni m\u0119czennicy<br>O zaprzestanie ob\u0142udy zgubnej<br>Kt\u00f3ra ma niszczy\u0107 ludzi<br>I tak si\u0119 stanie<br>Te\u017c z tymi<br>Kt\u00f3rzy si\u0119 tej fa\u0142szywej opcji<br>Od szatana pochodz\u0105cej genetycznie<br>Oddaj\u0105 i s\u0105 na jej pos\u0142ugi<br>Biedni nie wiedz\u0105<br>\u017be sami siebie moralnie i duchowo niszcz\u0105<br>Nawet je\u015bli maj\u0105 wszystko<br>Biedni bo szatan<br>Z nich zaszydzi<br>Jak oni chcieli z wiary<br>I z wiernych szydzi\u0107<br>B\u00f3g to sprawi<br>Tak zreszt\u0105 czy inaczej<br>Od ludzi zale\u017cy<br>Ile ofiar b\u0119dzie mia\u0142 szatan<br>A ilu nawr\u00f3ceniem<br>Si\u0119 zwr\u00f3ci\u0107 jeszcze zd\u0105\u017cy<br>Ku w\u0142a\u015bciwym \u015bcie\u017ckom warto\u015bci<br>I ku Bogu w konsekwencji<\/em><\/p>\n","protected":false},"excerpt":{"rendered":"<p>Biedni ci kt\u00f3rzyUdaj\u0105 przyjaci\u00f3\u0142A czyhaj\u0105 na czyj\u0105\u015b zgub\u0119S\u0105 gorsi ni\u017c wrogowie otwarciBo ci przynajmniej swych postawCo prawda z\u0142owrogichAle jednak nie udaj\u0105 przeciwnych Biedni zwlaszcza ciKt\u00f3rzy&hellip; <\/p>\n","protected":false},"author":1,"featured_media":0,"parent":0,"menu_order":0,"comment_status":"closed","ping_status":"closed","template":"","meta":{"footnotes":""},"class_list":["post-8810","page","type-page","status-publish","hentry"],"_links":{"self":[{"href":"https:\/\/hubertpietka.bialystok.pl\/index.php?rest_route=\/wp\/v2\/pages\/8810","targetHints":{"allow":["GET"]}}],"collection":[{"href":"https:\/\/hubertpietka.bialystok.pl\/index.php?rest_route=\/wp\/v2\/pages"}],"about":[{"href":"https:\/\/hubertpietka.bialystok.pl\/index.php?rest_route=\/wp\/v2\/types\/page"}],"author":[{"embeddable":true,"href":"https:\/\/hubertpietka.bialystok.pl\/index.php?rest_route=\/wp\/v2\/users\/1"}],"replies":[{"embeddable":true,"href":"https:\/\/hubertpietka.bialystok.pl\/index.php?rest_route=%2Fwp%2Fv2%2Fcomments&post=8810"}],"version-history":[{"count":1,"href":"https:\/\/hubertpietka.bialystok.pl\/index.php?rest_route=\/wp\/v2\/pages\/8810\/revisions"}],"predecessor-version":[{"id":8812,"href":"https:\/\/hubertpietka.bialystok.pl\/index.php?rest_route=\/wp\/v2\/pages\/8810\/revisions\/8812"}],"wp:attachment":[{"href":"https:\/\/hubertpietka.bialystok.pl\/index.php?rest_route=%2Fwp%2Fv2%2Fmedia&parent=8810"}],"curies":[{"name":"wp","href":"https:\/\/api.w.org\/{rel}","templated":true}]}}