{"id":882,"date":"2018-01-29T13:14:56","date_gmt":"2018-01-29T13:14:56","guid":{"rendered":"http:\/\/hubertpietka.bialystok.pl\/?page_id=882"},"modified":"2018-01-29T13:15:24","modified_gmt":"2018-01-29T13:15:24","slug":"ku-pokrzepieniu","status":"publish","type":"page","link":"https:\/\/hubertpietka.bialystok.pl\/?page_id=882","title":{"rendered":"Ku pokrzepieniu"},"content":{"rendered":"<p><strong>Ku pokrzepieniu<\/strong><\/p>\n<p>&nbsp;<\/p>\n<p>Jak nie wpa\u015b\u0107 w pych\u0119 i w bana\u0142<\/p>\n<p>w pocieszeniu?<\/p>\n<p>Jak delikatnie poda\u0107 s\u0142owo,<\/p>\n<p>s\u0142u\u017c\u0105ce pokrzepieniu?<\/p>\n<p>&nbsp;<\/p>\n<p>Nie jest \u0142atwo, gdy trwanie<\/p>\n<p>staje si\u0119 nie do wytrzymania.<\/p>\n<p>Nie jest prosto, gdy choroba<\/p>\n<p>podaje cierpki \u017cycia owoc\u2026<\/p>\n<p>&nbsp;<\/p>\n<p>Tutaj musimy wype\u0142ni\u0107<\/p>\n<p>dni swego trwania,<\/p>\n<p>lecz tak, by doczeka\u0107<\/p>\n<p>zmartwychpowstania.<\/p>\n<p>&nbsp;<\/p>\n<p>Nie \u017cyjemy tylko tu i teraz,<\/p>\n<p>lecz w przysz\u0142o\u015bci<\/p>\n<p>mamy dope\u0142ni\u0107 nasz \u017cyciorys.<\/p>\n<p>&nbsp;<\/p>\n<p>Przetrwa\u0107 w spokojno\u015bci<\/p>\n<p>\u017cyciowe konieczno\u015bci<\/p>\n<p>dla nagrody wieczno\u015bci.<\/p>\n<p>&nbsp;<\/p>\n<p>Niech \u015bwiata z\u0142o\u015bci,<\/p>\n<p>choroba i cierpienia<\/p>\n<p>nie zaciemni\u0105 nam<\/p>\n<p>eschatologicznego<\/p>\n<p>przeznaczenia.<\/p>\n","protected":false},"excerpt":{"rendered":"<p>Ku pokrzepieniu &nbsp; Jak nie wpa\u015b\u0107 w pych\u0119 i w bana\u0142 w pocieszeniu? Jak delikatnie poda\u0107 s\u0142owo, s\u0142u\u017c\u0105ce pokrzepieniu? &nbsp; Nie jest \u0142atwo, gdy trwanie&hellip; <\/p>\n","protected":false},"author":1,"featured_media":0,"parent":0,"menu_order":0,"comment_status":"closed","ping_status":"closed","template":"","meta":{"footnotes":""},"class_list":["post-882","page","type-page","status-publish","hentry"],"_links":{"self":[{"href":"https:\/\/hubertpietka.bialystok.pl\/index.php?rest_route=\/wp\/v2\/pages\/882","targetHints":{"allow":["GET"]}}],"collection":[{"href":"https:\/\/hubertpietka.bialystok.pl\/index.php?rest_route=\/wp\/v2\/pages"}],"about":[{"href":"https:\/\/hubertpietka.bialystok.pl\/index.php?rest_route=\/wp\/v2\/types\/page"}],"author":[{"embeddable":true,"href":"https:\/\/hubertpietka.bialystok.pl\/index.php?rest_route=\/wp\/v2\/users\/1"}],"replies":[{"embeddable":true,"href":"https:\/\/hubertpietka.bialystok.pl\/index.php?rest_route=%2Fwp%2Fv2%2Fcomments&post=882"}],"version-history":[{"count":2,"href":"https:\/\/hubertpietka.bialystok.pl\/index.php?rest_route=\/wp\/v2\/pages\/882\/revisions"}],"predecessor-version":[{"id":884,"href":"https:\/\/hubertpietka.bialystok.pl\/index.php?rest_route=\/wp\/v2\/pages\/882\/revisions\/884"}],"wp:attachment":[{"href":"https:\/\/hubertpietka.bialystok.pl\/index.php?rest_route=%2Fwp%2Fv2%2Fmedia&parent=882"}],"curies":[{"name":"wp","href":"https:\/\/api.w.org\/{rel}","templated":true}]}}