{"id":8820,"date":"2024-12-04T23:07:37","date_gmt":"2024-12-04T23:07:37","guid":{"rendered":"https:\/\/hubertpietka.bialystok.pl\/?page_id=8820"},"modified":"2024-12-04T23:32:57","modified_gmt":"2024-12-04T23:32:57","slug":"afery-nieustanne-wobec-mnie-nas-ujawniaja-prawdziwe-zamiary-tego-bandyctwa","status":"publish","type":"page","link":"https:\/\/hubertpietka.bialystok.pl\/?page_id=8820","title":{"rendered":"Afery nieustanne wobec mnie nas \/ ujawniaj\u0105 prawdziwe zamiary tego bandyctwa"},"content":{"rendered":"\n<p>Bandycka afera zosta\u0142a ukartowana<br>Zreszt\u0105 ju\u017c dawno<br>Zreszt\u0105 kolejna i kolejna<br>Nie uda\u0142o si\u0119 z lekarzami<br>Nie uda\u0142o si\u0119 z wielkim cz\u0142owiekiem na wsi<br>I na tej drugiej z ta\u0142atajstwem chach\u0142ackim<br>To mo\u017ce tu si\u0119 wreszcie to uda<br>\u017be o innych pomniejszych<br>Symulacjach afer ju\u017c i nie wspomn\u0119 nawet<br>Cho\u0107by z prac\u0105 zwi\u0105zanych<\/p>\n\n\n\n<p>Tak\u017ce tego trzeba dopa\u015b\u0107 przecie\u017c w ko\u0144cu<br>Podwijka bandycka ma by\u0107 bohaterem<br>Tej akcji<br>\u017be ja niby niekulturalny<br>To on ma napa\u015b\u0107<br>A inni po\u015bwiadcz\u0105 odpowiednio<br>Ci kt\u00f3rzy maj\u0105 to przecie\u017c zrobi\u0107<br>\u017be on cho\u0107by nie m\u00f3wi *<strong>dzie\u0144 dobry<\/strong>*<br>A przecie\u017c powinien si\u0119 k\u0142ania\u0107<br>I to w pas wszystkim<br>Nawet tym kt\u00f3rym m\u00f3wi\u0142 on<br>*<strong>Dzie\u0144 dobry<\/strong>*<br>Ale go olali<br>Wi\u0119c co za zbrodnia przesta\u0142<br>I nawet dwudziestoletnim g\u00f3wniarzom<br>Powinien on si\u0119 w pas zapewne k\u0142ania\u0107<br>Oj znajd\u0105 \u015bwiadk\u00f3w takich<\/p>\n\n\n\n<p>I teraz te\u017c wiem<br>Dlaczego si\u0119 zachowuj\u0105<br>Z tymi chorymi nagrywaniami<br>Jakby si\u0119 za przeproszeniem posrali<br>Bo to ma by\u0107 tak\u017ce<br>Dow\u00f3d koronny<br>Jego nieobyczajno\u015bci i nieprzystosowania spo\u0142ecznego<br>Byleby tylko mnie wsadzi\u0107 odpowiednio<br>A \u017ce wszystkie te chore nagrania s\u0105 przecie\u017c<br>Tak naprawd\u0119 z miejsc<br>Gdzie nie z\u0142ama\u0142 \u017cadnych przepis\u00f3w<br>To c\u00f3\u017c si\u0119 dotnie wykadruje odpowiednio i ju\u017c<br>Bandyckie misie na pewno przyklasn\u0105 temu<\/p>\n\n\n\n<p>I za\u0142atwione co\u015b si\u0119 pewnie te\u017c znajdzie jeszcze<br>W domu ba\u0142agan w samochodach<br>Nie wa\u017cne \u017ce remonty przecie\u017c<br>Czy co tam zreszt\u0105<\/p>\n\n\n\n<p>I czy tu chodzi o t\u0105 \u017con\u0119<br>\u017be jej zabi\u0107 nie pozwala<br>Nie to tylko te\u017c pretekst<br>Tym bandytom chodzi o mnie<br>A wiadomo te\u017c zreszt\u0105<br>\u017be bez niej s\u0142abszy b\u0119d\u0119<br>Wi\u0119c najlepiej \u017cebym j\u0105 zdradzi\u0142<br>Pod pozorem odpowiednim<br>\u017bebym zdradzi\u0142 moralnie fizycznie duchowo<br>Do tego d\u0105\u017c\u0105<br>Nie doczekanie ich w tym<br>I naprawd\u0119 nie jest wa\u017cne<br>Jak jest mi\u0119dzy nami<br>\u017be si\u0119 k\u0142\u00f3cimy sprzeczamy<br>Czasem nawet bardzo<br>Wa\u017cny jest sta\u0142y fundament<\/p>\n\n\n\n<p>Zreszt\u0105 pisa\u0142em ju\u017c to<br>O mnie chodzi temu bandyctwu<br>Nienawistnie i z\u0142owrogo nieustannie<br>Wszystko inne jest tylko<br>Przy tak zwanej okazji<br>A \u017ce innych poci\u0105gaj\u0105<br>Do zdrad r\u00f3\u017cnych to c\u00f3\u017c<br>Zdrada ma dzisiaj s\u0142abe notowania<br>Szczeg\u00f3lnie gdy zaswieci w oczy kasa cho\u0107by<br>Lub gdy si\u0119 zastraszy odpowiednio<\/p>\n\n\n\n<p class=\"has-text-align-center\"><strong><em><a href=\"https:\/\/youtu.be\/GXAEIPoxNew?si=zPWb6wCWzrP3H2co\">Kantyczka z lotu ptaka &#8211; Gintrowski, Kaczmarski, \u0141api\u0144ski <\/a><\/em><\/strong><\/p>\n\n\n\n<p>\u017be ju\u017c nie wspomn\u0119<br>\u017be ta ob\u0142uda wobec nas<br>Niemal na ka\u017cdym kroku<br>Galopuje po prostu<\/p>\n\n\n\n<p>M\u00f3g\u0142bym st\u0105d uciec jutro<br>Ka\u017cdy by chyba tak zrobi\u0142<br>Wobec takiego nagromadzenia ob\u0142udy<br>Ale tego nie zrobi\u0119<br>Tu moje miejsce<br>Wbrew temu pieprzonemu k\u0142amstwami bandyctwu<br>Dalej b\u0119d\u0105 oni realizowa\u0107 zapewne<br>Z im podobnymi<br>Swoje ob\u0142udy<br>Ale c\u00f3\u017c<br>Je\u015bli ja zgin\u0119<br>Zginie te\u017c ten \u015bwiat<br>Dlatego niezr\u0119cznie im<br>Zabi\u0107 mnie wprost<br>Lepiej wyko\u0144czy\u0107 najpierw odosobniaj\u0105c<br>Temu s\u0142u\u017c\u0105 te ich wszystkie<br>Zabiegi pod\u0142e<br>Po to ta perfidia niezmienna<br>Zadziwiaj\u0105co tak sta\u0142a<br>W szatanie<\/p>\n\n\n\n<p>I mimo \u017ce<br>Podcinaj\u0105 ka\u017cd\u0105 ga\u0142\u0105\u017a<br>Na kt\u00f3rej pr\u00f3bujemy si\u0119 wesprze\u0107<br>Mimo \u017ce czasem<br>Jak wilk zraniony jestem<br>Trudno \u017ceby tak nie by\u0142o<br>Wobec dzia\u0142a\u0144 takich szata\u0144skich perfidii<br>I coraz wi\u0119kszej ilo\u015bci os\u00f3b<br>Zaanga\u017cowanych w ich zamiary pod\u0142e<br>To zostan\u0119<br>A jak mnie zabij\u0105<br>W taki czy inny spos\u00f3b<br>To sami sobie doko\u0144czcie<br>A B\u00f3g po swojemu sko\u0144czy<br>Dlatego to chyba<br>\u017be po prostu niepoj\u0119te<br>Jak ma na nas objawia\u0107 si\u0119 ta ca\u0142a<br>Pod\u0142a \u015bwiata ob\u0142uda<\/p>\n\n\n\n<p><strong><em><a href=\"https:\/\/youtu.be\/bHXuEyq3EUw?si=erZXF6EpzYQQ_kEr\">Jacek Kaczmarski &#8211; Ob\u0142awa 1-4<\/a><\/em><\/strong><\/p>\n\n\n\n<p>I co\u015b jeszcze<br>Je\u015bli oni morduj\u0105 bestialsko<br>Jak tu jestem<br>Ukrywaj\u0105c to przede mn\u0105<br>To co by by\u0142o<br>Jakby mnie tu nie by\u0142o<br>Wierzycie im \u017ce przestan\u0105<br>Ja nie wierz\u0119<br>W \u017cadne ich k\u0142amliwe s\u0142owo<br>Tak jak w szatanie<br>Nie ma w nich prawdy<\/p>\n\n\n\n<p>Takie <em>dictum<\/em><br>Na to ca\u0142e podl\u0105ce \u015bwiat<br>To bandyctwo<\/p>\n\n\n\n<figure class=\"wp-block-gallery has-nested-images columns-default is-cropped wp-block-gallery-1 is-layout-flex wp-block-gallery-is-layout-flex\">\n<figure class=\"wp-block-image size-large\"><a href=\"https:\/\/hubertpietka.bialystok.pl\/wp-content\/uploads\/2024\/12\/IMG-20241128-WA0012.jpg\"><img loading=\"lazy\" decoding=\"async\" width=\"768\" height=\"1024\" data-id=\"8821\" src=\"https:\/\/hubertpietka.bialystok.pl\/wp-content\/uploads\/2024\/12\/IMG-20241128-WA0012-768x1024.jpg\" alt=\"\" class=\"wp-image-8821\" srcset=\"https:\/\/hubertpietka.bialystok.pl\/wp-content\/uploads\/2024\/12\/IMG-20241128-WA0012-768x1024.jpg 768w, https:\/\/hubertpietka.bialystok.pl\/wp-content\/uploads\/2024\/12\/IMG-20241128-WA0012-225x300.jpg 225w, https:\/\/hubertpietka.bialystok.pl\/wp-content\/uploads\/2024\/12\/IMG-20241128-WA0012-1152x1536.jpg 1152w, https:\/\/hubertpietka.bialystok.pl\/wp-content\/uploads\/2024\/12\/IMG-20241128-WA0012.jpg 1200w\" sizes=\"auto, (max-width: 768px) 100vw, 768px\" \/><\/a><\/figure>\n<\/figure>\n\n\n\n<p><em>Na zdj. Bruk w Treblince<br>W obozie \u015bmierci niemieckim<br>I cho\u0107 oni tak w\u0142a\u015bnie<br>Chc\u0105 nas podepta\u0107<br>Jak si\u0119 bruk depcze<br>Bo maj\u0105 si\u0142\u0119 przemoc kas\u0119<br>B\u00f3g z nami a nie z nimi<br>Nie wierzycie \u017ce B\u00f3g jest<br>To zobaczycie<br>Lecz za p\u00f3\u017ano to b\u0119dzie i raczej<\/em><\/p>\n\n\n\n<p><em>I jeszcze jedno<br>Miar\u0105 dzia\u0142a\u0144 w Bogu<br>I w szatanie<br>S\u0105 intencje<br>Ci kt\u00f3rzy je z\u0142e maj\u0105<br>Dla innych<br>S\u0105 Bogu z gruntu przeciwni<br>I post\u0119puj\u0105 w zgodzie<br>Z szatanem w\u0142a\u015bnie<br>To jest rozr\u00f3\u017cnienie fundamentalne<br>Poza tym B\u00f3g nie chce cz\u0142owieka \u015bmierci<br>Lecz \u017ceby si\u0119 nawraca\u0142<br>I \u017cy\u0142 w zgodzie<br>W\u0142a\u015bnie z Nim<br>Za to szatanowi owszem<br>Zale\u017cy bardzo na \u015bmierci jak najwi\u0119kszej liczby ludzi<br>I \u015bmierci tego \u015bwiata<br>Je\u015bli sobie tego nie pouk\u0142adacie<br>Dojdziecie do tego<br>Do czego i dojdziecie<br>Czyli \u015bwiata ko\u0144ca<br>I nie b\u0119dzie to igraszka<br>Nie wierzycie to zobaczcie<\/em><\/p>\n\n\n\n<p>Halo *<strong>dzie\u0144 dobry<\/strong>*<br>Obud\u017a si\u0119 \u015bwiecie wreszcie<\/p>\n","protected":false},"excerpt":{"rendered":"<p>Bandycka afera zosta\u0142a ukartowanaZreszt\u0105 ju\u017c dawnoZreszt\u0105 kolejna i kolejnaNie uda\u0142o si\u0119 z lekarzamiNie uda\u0142o si\u0119 z wielkim cz\u0142owiekiem na wsiI na tej drugiej z ta\u0142atajstwem&hellip; <\/p>\n","protected":false},"author":1,"featured_media":0,"parent":0,"menu_order":0,"comment_status":"closed","ping_status":"closed","template":"","meta":{"footnotes":""},"class_list":["post-8820","page","type-page","status-publish","hentry"],"_links":{"self":[{"href":"https:\/\/hubertpietka.bialystok.pl\/index.php?rest_route=\/wp\/v2\/pages\/8820","targetHints":{"allow":["GET"]}}],"collection":[{"href":"https:\/\/hubertpietka.bialystok.pl\/index.php?rest_route=\/wp\/v2\/pages"}],"about":[{"href":"https:\/\/hubertpietka.bialystok.pl\/index.php?rest_route=\/wp\/v2\/types\/page"}],"author":[{"embeddable":true,"href":"https:\/\/hubertpietka.bialystok.pl\/index.php?rest_route=\/wp\/v2\/users\/1"}],"replies":[{"embeddable":true,"href":"https:\/\/hubertpietka.bialystok.pl\/index.php?rest_route=%2Fwp%2Fv2%2Fcomments&post=8820"}],"version-history":[{"count":2,"href":"https:\/\/hubertpietka.bialystok.pl\/index.php?rest_route=\/wp\/v2\/pages\/8820\/revisions"}],"predecessor-version":[{"id":8824,"href":"https:\/\/hubertpietka.bialystok.pl\/index.php?rest_route=\/wp\/v2\/pages\/8820\/revisions\/8824"}],"wp:attachment":[{"href":"https:\/\/hubertpietka.bialystok.pl\/index.php?rest_route=%2Fwp%2Fv2%2Fmedia&parent=8820"}],"curies":[{"name":"wp","href":"https:\/\/api.w.org\/{rel}","templated":true}]}}