{"id":8838,"date":"2024-12-09T14:08:48","date_gmt":"2024-12-09T14:08:48","guid":{"rendered":"https:\/\/hubertpietka.bialystok.pl\/?page_id=8838"},"modified":"2024-12-09T14:08:48","modified_gmt":"2024-12-09T14:08:48","slug":"klamstwa-wszelkie-podle-tego-bandyctwa-na-wskros-przenikajace-zepsutym-szatanstwem","status":"publish","type":"page","link":"https:\/\/hubertpietka.bialystok.pl\/?page_id=8838","title":{"rendered":"K\u0142amstwa wszelkie pod\u0142e tego bandyctwa \/ na wskro\u015b przenikaj\u0105ce zepsutym szata\u0144stwem"},"content":{"rendered":"\n<p>Dla tego pieprzonego k\u0142amstwem bandyctwa<br>Ka\u017cde pod\u0142e k\u0142amstwo<br>Jest w\u0142a\u015bciwe<br>Do spe\u0142niania swych perfidnych zbrodni<\/p>\n\n\n\n<p>Zabi\u0107 \u017con\u0119 m\u0119\u017ca zniewoli\u0107<br>Wszystko ku temu zrobi\u0105<br>Wykorzystuj\u0105c ka\u017cde przewrotne k\u0142amstwo<br>\u017beby to niby usprawiedliwi\u0107<br>\u017be niby tak b\u0119dzie lepiej<br>Niby dla kogo\u015b<\/p>\n\n\n\n<p>Tworz\u0105 te\u017c padalcze fa\u0142szywe alternatywy<br>Albo zwierz\u0119ta albo dzieci<br>\u017be niby zwierz\u0119ta s\u0105<br>Jakim\u015b zagro\u017ceniem dla dzieci<br>Jakby te stworzenia Bo\u017ce<br>Nie mog\u0142y \u017cy\u0107 zgodnie<br>I jakby to nie by\u0142o<br>Te\u017c po\u017cyteczne dla dzieci<br>Wymy\u015blaj\u0105 w spos\u00f3b<br>Perfidny i pod\u0142y<br>Jakie\u015b odpowiednie choroby<br>\u017be niby to zagro\u017cenie jest jakie\u015b<\/p>\n\n\n\n<p>Ju\u017c nie p\u00f3jdzie im<br>Tak \u0142atwo jak z Nike<br>Niech tylko spr\u00f3buj\u0105<br>Zrobi\u0107 szata\u0144sko<br>Bo perfidnie i z premedytacj\u0105<br>Co\u015b \u017conie tym zwierz\u0119tom<br>Nam naszemu i naszym<br>To ja stworz\u0119 alternatyw\u0119 prawdziw\u0105<br>\u017bycie nasze a \u015bwiata \u017cycie<\/p>\n\n\n\n<p>Uporczywi w k\u0142amstwach szata\u0144skich bandyci<br>Z genetycznie od diab\u0142a pochodz\u0105cymi<br>Ob\u0142udami r\u00f3\u017cnymi<br>Bo on jest ojcem wymiernie<br>K\u0142amstw fa\u0142szu i manipulacji wszelkich<\/p>\n\n\n\n<p>Byleby tylko<br>Zabi\u0107 zniewoli\u0107 gwa\u0142t zada\u0107 zniszczy\u0107<br>To oni zrobi\u0105 wszystko<br>Zdegenerowani w z\u0142u<br>To s\u0105 bandyci tak raczej<br>A niby jakie dobro nieprzek\u0142amane<br>Ma by\u0107 od nich tu dla nas<\/p>\n\n\n\n<p>Psychopaci to chyba we wszystkim<br>Ewidentnie i zdecydowanie<br>Skoro nigdy im nie do\u015b\u0107<br>Z\u0142a dla nas<br>I skoro w taki spos\u00f3b<br>Chc\u0105 z nami post\u0119powa\u0107 zawsze<br>Byleby uderza\u0107 jakimi\u015b zbrodniami<\/p>\n\n\n\n<p><strong>Dzi\u015b \u015bw. Juana Diego<br>Prostego Indianina ale w Maryi<br>\u015awiadka Matki \u017bycia<br>A co chc\u0105 robi\u0107 ci\u0105gle<br>Ci bandyci<br>Skoro byle tylko pocz\u0119stowa\u0107 przebiegle<br>Nas naszych nasze<br>\u015amierci\u0105 gwa\u0142tem zniewoleniem i zniszczeniem<br>A ja tu wprost m\u00f3wi\u0119<br>Jak B\u00f3g przykaza\u0142<br>Nie mam nic do ukrycia<br>Intencje mam czyste<br>Wbrew intencjom wszelkim tego bandyctwa<\/strong><\/p>\n\n\n\n<figure class=\"wp-block-gallery has-nested-images columns-default is-cropped wp-block-gallery-1 is-layout-flex wp-block-gallery-is-layout-flex\">\n<figure class=\"wp-block-image size-large\"><a href=\"https:\/\/hubertpietka.bialystok.pl\/wp-content\/uploads\/2024\/12\/IMG-20241209-WA0006.jpg\"><img loading=\"lazy\" decoding=\"async\" width=\"1024\" height=\"768\" data-id=\"8839\" src=\"https:\/\/hubertpietka.bialystok.pl\/wp-content\/uploads\/2024\/12\/IMG-20241209-WA0006-1024x768.jpg\" alt=\"\" class=\"wp-image-8839\" srcset=\"https:\/\/hubertpietka.bialystok.pl\/wp-content\/uploads\/2024\/12\/IMG-20241209-WA0006-1024x768.jpg 1024w, https:\/\/hubertpietka.bialystok.pl\/wp-content\/uploads\/2024\/12\/IMG-20241209-WA0006-300x225.jpg 300w, https:\/\/hubertpietka.bialystok.pl\/wp-content\/uploads\/2024\/12\/IMG-20241209-WA0006-768x576.jpg 768w, https:\/\/hubertpietka.bialystok.pl\/wp-content\/uploads\/2024\/12\/IMG-20241209-WA0006-1536x1152.jpg 1536w, https:\/\/hubertpietka.bialystok.pl\/wp-content\/uploads\/2024\/12\/IMG-20241209-WA0006.jpg 1600w\" sizes=\"auto, (max-width: 1024px) 100vw, 1024px\" \/><\/a><\/figure>\n<\/figure>\n\n\n\n<p><em>Na zdj. Nasze kochane zwierz\u0119ta<br>Plus kot w domy\u015ble<br>Spr\u00f3bujcie tylko bandyci<br>Wiem \u017ce to czytacie<br>Szatan te\u017c to wie wszystko<br>I to co wy chcecie<br>To wed\u0142ug niego ma by\u0107<br>Czy nie trzeba raczej<br>Post\u0119powa\u0107 wed\u0142ug Boga nie szatana<br>Tak my si\u0119 zawsze staramy<br>Wbrew szata\u0144skim d\u0105\u017ceniom wszelkim przebieg\u0142ym<br>Tych bandyt\u00f3w<br>Do r\u00f3\u017cnych na nas zbrodni<br>Kropka koniec<br>Kto ma dobr\u0105 wol\u0119<br>Ten rozezna w\u0142a\u015bciwie<br>I ten zrozumie<br>Co dobre prawdziwie<br>A co tchnie zepsutym z\u0142em<\/em><\/p>\n\n\n\n<p><strong><em><a href=\"https:\/\/youtu.be\/5yYYbEyWzHA?si=suyEeSQ9MY6U6bIZ\">\u0141ukasz \u0141yczkowski &amp; 5 Rano &#8211; Oni chc\u0105 ca\u0142ego ciebie <\/a><\/em><\/strong><\/p>\n\n\n\n<p class=\"has-text-align-center\"><strong><em><a href=\"https:\/\/youtu.be\/n_biF3ixxIU?si=ZB9o_wFgu38JVF5I\">\u0141ukasz \u0141yczkowski &amp; 5 Rano &#8211; Wilk i owca<\/a><\/em><\/strong><\/p>\n\n\n\n<p class=\"has-text-align-right\"><strong><em><a href=\"https:\/\/youtu.be\/WE9ewvqF8GM?si=vVIxzFLscbgDxMrU\">\u0141ukasz \u0141yczkowski &amp; 5 Rano &#8211; Chory <\/a><\/em><\/strong><\/p>\n","protected":false},"excerpt":{"rendered":"<p>Dla tego pieprzonego k\u0142amstwem bandyctwaKa\u017cde pod\u0142e k\u0142amstwoJest w\u0142a\u015bciweDo spe\u0142niania swych perfidnych zbrodni Zabi\u0107 \u017con\u0119 m\u0119\u017ca zniewoli\u0107Wszystko ku temu zrobi\u0105Wykorzystuj\u0105c ka\u017cde przewrotne k\u0142amstwo\u017beby to niby usprawiedliwi\u0107\u017be&hellip; <\/p>\n","protected":false},"author":1,"featured_media":0,"parent":0,"menu_order":0,"comment_status":"closed","ping_status":"closed","template":"","meta":{"footnotes":""},"class_list":["post-8838","page","type-page","status-publish","hentry"],"_links":{"self":[{"href":"https:\/\/hubertpietka.bialystok.pl\/index.php?rest_route=\/wp\/v2\/pages\/8838","targetHints":{"allow":["GET"]}}],"collection":[{"href":"https:\/\/hubertpietka.bialystok.pl\/index.php?rest_route=\/wp\/v2\/pages"}],"about":[{"href":"https:\/\/hubertpietka.bialystok.pl\/index.php?rest_route=\/wp\/v2\/types\/page"}],"author":[{"embeddable":true,"href":"https:\/\/hubertpietka.bialystok.pl\/index.php?rest_route=\/wp\/v2\/users\/1"}],"replies":[{"embeddable":true,"href":"https:\/\/hubertpietka.bialystok.pl\/index.php?rest_route=%2Fwp%2Fv2%2Fcomments&post=8838"}],"version-history":[{"count":1,"href":"https:\/\/hubertpietka.bialystok.pl\/index.php?rest_route=\/wp\/v2\/pages\/8838\/revisions"}],"predecessor-version":[{"id":8840,"href":"https:\/\/hubertpietka.bialystok.pl\/index.php?rest_route=\/wp\/v2\/pages\/8838\/revisions\/8840"}],"wp:attachment":[{"href":"https:\/\/hubertpietka.bialystok.pl\/index.php?rest_route=%2Fwp%2Fv2%2Fmedia&parent=8838"}],"curies":[{"name":"wp","href":"https:\/\/api.w.org\/{rel}","templated":true}]}}