{"id":8842,"date":"2024-12-10T08:35:05","date_gmt":"2024-12-10T08:35:05","guid":{"rendered":"https:\/\/hubertpietka.bialystok.pl\/?page_id=8842"},"modified":"2024-12-10T08:35:05","modified_gmt":"2024-12-10T08:35:05","slug":"pogarda-i-mowa-nienawisci-doskonale-w-sensie-przewrotnie-szatanskim-srodki-eliminacji-wszystkich-ideologicznie-nieprawomyslnych","status":"publish","type":"page","link":"https:\/\/hubertpietka.bialystok.pl\/?page_id=8842","title":{"rendered":"Pogarda i mowa nienawi\u015bci \/ doskona\u0142e w sensie przewrotnie szata\u0144skim \/\/ \u015brodki eliminacji wszystkich ideologicznie nieprawomy\u015blnych"},"content":{"rendered":"\n<p>Klucz s\u0142owo pogarda<br>Dla z\u0142a<\/p>\n\n\n\n<p>Nie mo\u017cna przecie\u017c nazywa\u0107 bandyckimi<br>R\u00f3\u017cnych bandyctw zbrodniczych<br>Szczeg\u00f3lnie wobec takich<br>Kt\u00f3rzy nie powinni si\u0119 broni\u0107<br>Mimo \u017ce s\u0105 niewinni<br>W my\u015bl r\u00f3\u017cnych \u015bwiata mo\u017cnych<\/p>\n\n\n\n<p>Wed\u0142ug tej samej<br>Ob\u0142\u0119dnej dialektyki ideologicznej mowy nienawi\u015bci<br>Nie mo\u017cna nazywa\u0107 zbrodni zbrodniami<br>Gdy s\u0105 one takimi istotnie<\/p>\n\n\n\n<p>Nie mo\u017cna m\u00f3wi\u0107 prawdy<br>Bo to przeszkadza r\u00f3\u017cnemu bandyctwu<br>W pope\u0142nianiu r\u00f3\u017cnych bandyctw zbrodniczych<br>Ale przecie\u017c ideologicznie poprawnych politycznie<\/p>\n\n\n\n<p>Tak wed\u0142ug r\u00f3\u017cnych pacynek przecie\u017c<br>Pupilk\u00f3w bandyckich<br>Kt\u00f3rzy now\u0105 jak\u0105\u015b ewangeli\u0119 g\u0142osz\u0105<br>\u017be nie mo\u017cna nazywa\u0107<br>Prawdy po imieniu<br>Bo to mo\u017ce przeszkadza\u0107 bandytom<br><em>Ale nie ma innej Ewangelii<br>Ni\u017c ta kt\u00f3ra by\u0142a g\u0142oszona<\/em><br>Jak m\u00f3wi\u0142 ju\u017c Pawe\u0142 Aposto\u0142<\/p>\n\n\n\n<p>A i \u017ce trzeba kocha\u0107 przecie\u017c wszystkich<br>Tak\u017ce zbrodniczych bandyt\u00f3w<br>I \u017ce B\u00f3g ich kocha<br>I \u017ce pewnie ich pochwali<br>Za wszystkie ich zbrodnie<\/p>\n\n\n\n<p>A Jezus taki by\u0142 nieokrzesany<br>Te\u017c okazywa\u0142 pogard\u0119 faryzeuszom<br>Nazywaj\u0105c ich <em>plemieniem \u017cmijowym<br>I m\u00f3wi\u0105c \u017ce jak oni<br>Mog\u0105 uj\u015b\u0107 pot\u0119pienia w piekle<\/em><\/p>\n\n\n\n<p>Ale Jezus myli\u0142 si\u0119 przecie\u017c<br>Nie ma \u017cadnego piek\u0142a<br>Jest tylko mi\u0142osierdzie<br>Dlatego trzeba chwali\u0107 bandyt\u00f3w<br>I przyklaskiwa\u0107 ich zbrodniom<\/p>\n\n\n\n<p>Taki niepoprawny by\u0142 Jezus politycznie<br>A jakby chwali\u0142 faryzeuszy<br>To mo\u017ce by \u017cy\u0142<br>A dzisiaj pewnie zosta\u0142by skazany<br>Za mow\u0119 nienawi\u015bci<\/p>\n\n\n\n<p>Tak\u017ce pogard\u0105 jest m\u00f3wienie prawdy<br>Nazywanie z\u0142a po imieniu<br>To pasuje tym bandytom r\u00f3\u017cnym<br>Przecie\u017c oni ca\u0142y czas<br>Chc\u0105 z\u0142o czyni\u0107 zbrodnie pope\u0142nia\u0107<\/p>\n\n\n\n<p>I no zobacz jaki paradoks<br>Oni ci bandyci<br>Mog\u0105 gardzi\u0107 wprost czyim\u015b \u017cyciem<br>I wolno\u015bci\u0105<br>Ale nie mo\u017cna si\u0119 temu<br>Sprzeciwia\u0107 przecie\u017c<br>Oni jako mo\u017cni jako\u015b przemoc\u0105<br>Maj\u0105 do tego prawo zdecydowanie<br>A maluczcy nie powinni<br>Nic m\u00f3wi\u0107 przecie\u017c<br>I si\u0119 podda\u0107 tylko<br>R\u00f3\u017cnym zamiarom bandyckim<br>Najlepiej przyklaskuj\u0105c odpowiednio wszystkiemu<\/p>\n\n\n\n<p>Nie mia\u0142 racji Jezus<br>To co dopiero najwi\u0119kszy poeta<br>Polski wsp\u00f3\u0142czesny Zbigniew Herbert<br>Kiedy m\u00f3wi\u0142 w swym<br>Opus wiekopomnym <strong>Przes\u0142anie Pana Cogito<\/strong><br><em>Niech nie opuszcza ci\u0119<br>Twoja siostra pogarda<br>Dla szpicl\u00f3w kat\u00f3w tch\u00f3rzy<\/em><br>Czy\u017c tu chodzi o pogardzanie kim\u015b<br>Czy nazywanie rzeczy po imieniu<br>Tych z\u0142ych postaw<br>Kt\u00f3re s\u0105 \u017ar\u00f3d\u0142em r\u00f3\u017cnych zbrodni<\/p>\n\n\n\n<figure class=\"wp-block-gallery has-nested-images columns-default is-cropped wp-block-gallery-1 is-layout-flex wp-block-gallery-is-layout-flex\">\n<figure class=\"wp-block-image size-large\"><a href=\"https:\/\/hubertpietka.bialystok.pl\/wp-content\/uploads\/2024\/12\/IMG-20241209-WA0007.jpg\"><img loading=\"lazy\" decoding=\"async\" width=\"768\" height=\"1024\" data-id=\"8843\" src=\"https:\/\/hubertpietka.bialystok.pl\/wp-content\/uploads\/2024\/12\/IMG-20241209-WA0007-768x1024.jpg\" alt=\"\" class=\"wp-image-8843\" srcset=\"https:\/\/hubertpietka.bialystok.pl\/wp-content\/uploads\/2024\/12\/IMG-20241209-WA0007-768x1024.jpg 768w, https:\/\/hubertpietka.bialystok.pl\/wp-content\/uploads\/2024\/12\/IMG-20241209-WA0007-225x300.jpg 225w, https:\/\/hubertpietka.bialystok.pl\/wp-content\/uploads\/2024\/12\/IMG-20241209-WA0007-1152x1536.jpg 1152w, https:\/\/hubertpietka.bialystok.pl\/wp-content\/uploads\/2024\/12\/IMG-20241209-WA0007.jpg 1200w\" sizes=\"auto, (max-width: 768px) 100vw, 768px\" \/><\/a><\/figure>\n<\/figure>\n\n\n\n<p><em>Na zdj. \u015awi\u0119ty Micha\u0142 Archanio\u0142 z Jezusem Mi\u0142osiernym<br>C\u00f3\u017c za nietrafione zestawienie<br>Dla tego bandyctwa przecie\u017c<br>I dla ich r\u00f3\u017cnych pupil\u00f3w<br>Przecie\u017c nie ma \u017cadnego piek\u0142a<br>Nie ma Bo\u017cej sprawiedliwo\u015bci<br>Jest tylko mi\u0142osierdzie<br>Oczywi\u015bcie jedynie s\u0142uszne dla bandyt\u00f3w<br>I im podobnych<br>Wi\u0119c niech zbrodnie czyni\u0105 dalej<br>Na nas naszych naszym cho\u0107by<br>Ale chyba nie tylko przecie\u017c<br>Zwa\u017cywszy na to ludob\u00f3jstwo barbarzy\u0144skie<br>W wydaniu wsp\u00f3\u0142czesnym<br>My\u015bl\u0119 \u017ce taka dialektyka ideologiczna<br>Bardzo pasuje temu wszelkiemu bandyctwu<\/em><\/p>\n\n\n\n<p><em>A pogarda i mowa nienawi\u015bci<br>To przecie\u017c fajne narz\u0119dzia walki<br>Z wszystkimi nieprawomy\u015blnymi wobec bandyctwa<br>Kt\u00f3rzy chc\u0105 prawd\u0119 po imieniu<br>Odpowiednio nazywa\u0107<br>Bandyctwo bandyctwem<br>A zbrodniami zbrodnie<\/em><\/p>\n\n\n\n<p class=\"has-text-align-center\">( <strong><em><a href=\"https:\/\/youtu.be\/GHrYcuOoJYU?si=aerg7UqV_CpYS2hY\">\u0141ukasz \u0141yczkowski &amp; 5 Rano &#8211; Nie jest \u017ale <\/a><\/em><\/strong> )<\/p>\n\n\n\n<p><strong>Pogard\u0119 to raczej oni<br>Ci r\u00f3\u017cni bandyci g\u0142osz\u0105<br>Zreszt\u0105 nie tylko dla<br>Prawdy Bo\u017cej ale i og\u00f3lnych prawd moralnych<br>Egzystencji ludzkiej wed\u0142ug warto\u015bci uniwersalnych<br>Wszystko ma by\u0107 przecie\u017c<br>Jak to bandyctwo chce<br>I obowi\u0105zuje jedynie s\u0142uszny<br>Opis \u015bwiata tzw. dialektyczny<br>Czytaj relatywistyczny<br>Z korzy\u015bciami wszelkimi dla bandyctwa<br>I r\u00f3\u017cnych post\u0119puj\u0105cych wed\u0142ug nich<\/strong><\/p>\n\n\n\n<p><strong>A tak poza tym<br>S\u0105 tacy kt\u00f3rzy uznaj\u0105 z pogard\u0105<br>Twoje \u017cycie jako niecne<br>Jak S\u0142owo Bo\u017ce m\u00f3wi<br>Tylko za to<br>\u017be nie pasuje im<br>\u017badne prawdziwe Bo\u017ce \u015bwiadectwo<br>Wol\u0105 anty\u015bwiadectwa i antywarto\u015bci<br>Bo prowadz\u0105 \u017cycie wyst\u0119pne<br>I nie pasuje im nic<br>Co oskar\u017ca ich sumienia<br>\u017bycia wed\u0142ug z\u0142a<br>Tacy s\u0105 zawsze zabi\u0107 gotowi<br>Niszczy\u0107 gwa\u0142ci\u0107 zniewala\u0107<br>Byle by m\u00f3c dalej<br>W z\u0142u si\u0119 p\u0142awi\u0107<br>I prowadzi\u0107 wygodne \u017cycie<br>Cho\u0107by za biblijn\u0105 misk\u0119 soczewicy<br>Sprzedadz\u0105 ka\u017cdego cz\u0142owieka<br>Kto nie kracze te\u017c odpowiednio<br>Jak oni nowomow\u0105 prowueniencji komunistycznej<\/strong><\/p>\n\n\n\n<p><strong>I ani mi Ani<br>Z nami naszymi i naszym<br>I niech nie przychodz\u0105<br>To nie ja<br>To B\u00f3g tak podsumowuje ten \u015bwiat<br>Bo chce by si\u0119 nawraca\u0142<br>Lecz oni wol\u0105 w z\u0142u<br>Niezmiennie trwa\u0107<br>Bo \u017cycie w Bogu kosztuje<br>Wyrzeczenie si\u0119 wszelkich nieprawych podst\u0119p\u00f3w<br>Wszelkiej ob\u0142udy<br>Wedle kt\u00f3rej wielu post\u0119puje<br>Wobec nas naszego naszych cho\u0107by<br>Ale nie tylko<br>\u0141atwiej jest czyni\u0107 z\u0142o<br>No przecie\u017c nie wobec siebie<br>Tak post\u0119puje to ca\u0142e bandyctwo<\/strong><\/p>\n","protected":false},"excerpt":{"rendered":"<p>Klucz s\u0142owo pogardaDla z\u0142a Nie mo\u017cna przecie\u017c nazywa\u0107 bandyckimiR\u00f3\u017cnych bandyctw zbrodniczychSzczeg\u00f3lnie wobec takichKt\u00f3rzy nie powinni si\u0119 broni\u0107Mimo \u017ce s\u0105 niewinniW my\u015bl r\u00f3\u017cnych \u015bwiata mo\u017cnych Wed\u0142ug&hellip; <\/p>\n","protected":false},"author":1,"featured_media":0,"parent":0,"menu_order":0,"comment_status":"closed","ping_status":"closed","template":"","meta":{"footnotes":""},"class_list":["post-8842","page","type-page","status-publish","hentry"],"_links":{"self":[{"href":"https:\/\/hubertpietka.bialystok.pl\/index.php?rest_route=\/wp\/v2\/pages\/8842","targetHints":{"allow":["GET"]}}],"collection":[{"href":"https:\/\/hubertpietka.bialystok.pl\/index.php?rest_route=\/wp\/v2\/pages"}],"about":[{"href":"https:\/\/hubertpietka.bialystok.pl\/index.php?rest_route=\/wp\/v2\/types\/page"}],"author":[{"embeddable":true,"href":"https:\/\/hubertpietka.bialystok.pl\/index.php?rest_route=\/wp\/v2\/users\/1"}],"replies":[{"embeddable":true,"href":"https:\/\/hubertpietka.bialystok.pl\/index.php?rest_route=%2Fwp%2Fv2%2Fcomments&post=8842"}],"version-history":[{"count":1,"href":"https:\/\/hubertpietka.bialystok.pl\/index.php?rest_route=\/wp\/v2\/pages\/8842\/revisions"}],"predecessor-version":[{"id":8844,"href":"https:\/\/hubertpietka.bialystok.pl\/index.php?rest_route=\/wp\/v2\/pages\/8842\/revisions\/8844"}],"wp:attachment":[{"href":"https:\/\/hubertpietka.bialystok.pl\/index.php?rest_route=%2Fwp%2Fv2%2Fmedia&parent=8842"}],"curies":[{"name":"wp","href":"https:\/\/api.w.org\/{rel}","templated":true}]}}