{"id":8847,"date":"2024-12-11T22:25:15","date_gmt":"2024-12-11T22:25:15","guid":{"rendered":"https:\/\/hubertpietka.bialystok.pl\/?page_id=8847"},"modified":"2024-12-11T22:25:15","modified_gmt":"2024-12-11T22:25:15","slug":"pokusy-szatanskie-zbrodnie-usprawiedliwiane-roznymi-klamstwami-sa-zawsze","status":"publish","type":"page","link":"https:\/\/hubertpietka.bialystok.pl\/?page_id=8847","title":{"rendered":"Pokusy szata\u0144skie \/ zbrodnie usprawiedliwiane r\u00f3\u017cnymi k\u0142amstwami \/\/ s\u0105 zawsze"},"content":{"rendered":"\n<p class=\"has-text-align-right\"><em>Tak te\u017c nie jest wol\u0105 ojca waszego, kt\u00f3ry jest w niebie, \u017ceby zgin\u0119\u0142o nawet jedno z tych ma\u0142ych.<br>(Mt 18,14)<\/em><\/p>\n\n\n\n<p>Te s\u0142owa mo\u017cna potraktowa\u0107 dos\u0142ownie<br>Bo nie jest to sprzeczne<br>Z ca\u0142o\u015bciow\u0105 S\u0142owa Bo\u017cego wyk\u0142adni\u0105<\/p>\n\n\n\n<p>Je\u015bli nie jest wol\u0105 Ojca<br>\u017beby zgin\u0119\u0142o \u017cadne powtarzam \u017cadne<br>Z tych ma\u0142ych<br>To jak to si\u0119 ma<br>Do pewnych wsp\u00f3\u0142czesnych spraw<\/p>\n\n\n\n<p>Pocz\u0105wszy od aborcji<br>Czy\u017c nie mam racji<br>Nazywaj\u0105c niekt\u00f3rych medycznymi s\u0142uzalcami<br>Skoro pos\u0142uguj\u0105 ideologicznej cywilizacji \u015bmierci<br>Dzisiaj na przyk\u0142ad dowiedzia\u0142em si\u0119<br>\u017be dzieci kt\u00f3re mia\u0142y umrze\u0107<br>W czasie aborcji a prze\u017cy\u0142y<br>Po prostu si\u0119 u\u015bmierca<br>Z adnotacj\u0105 \u017ce one<br>Urodzi\u0142y si\u0119 martwe (sic!)<br>Taki koszmar w szpitalach polskich<br>I id\u0105c te\u017c dalej<br>Od aborcji po eutanazj\u0119<\/p>\n\n\n\n<p>A ten wsp\u00f3\u0142czesny *<strong>holo-caust<\/strong>*<br>*<strong>Ca\u0142o\u015bciowe<\/strong> <strong>zach\u0142ystanie<\/strong>* jakiej\u015b grupy ludzi<br>\u015amierci chaustem<br>Przy pomocy zapewne te\u017c kogo\u015b<br>Czy\u017c ka\u017cdy taki proceder<br>Nie jest taki samy<br>Od tego nazistowskiego poprzez komunistyczne<br>Po ten wsp\u00f3\u0142czesny<br>Czy\u017c to nie z nienawi\u015bci<br>Cokolwiek podstawi\u0105 w mianowniku<br>Jakiekolwiek k\u0142amstwo<br>To s\u0105 zbrodnie straszne<\/p>\n\n\n\n<p>\u017badne zbrodnie nie s\u0105 usprawiedliwione<br>Przed Bogiem<br>Wed\u0142ug cytowanych s\u0142\u00f3w Ewangelii<\/p>\n\n\n\n<p>I dalej kogo nale\u017cy s\u0142ucha\u0107<br>Boga czy mo\u017ce bardziej ludzi<br>Skoro B\u00f3g mi m\u00f3wi<br>\u017be tylko moja \u017cona<br>I inna lepsza nie b\u0119dzie te\u017c \u017cadna<br>I \u017ce mam j\u0105 chroni\u0107<br>Bo to jest moim cho\u0107by<br>Zwyk\u0142ym ludzkim moralnym obowi\u0105zkiem<br>Przed rozprzestrzenianiem si\u0119 nieludzkich zbrodni<\/p>\n\n\n\n<p>I je\u015bli nawet ksi\u0105dz jaki\u015b<br>Zwiedziony \u015bwiatowym gadaniem m\u00f3wi inaczej<br>To mu powiem to samo<br>\u017be niech najpierw<br>Rozpatrzy w Bogu pewne sprawy<br>Nie wed\u0142ug \u015bwiatowego paplania<\/p>\n\n\n\n<p>I dalej czy inna jaka\u015b<br>By\u0142aby lepsza od niej<br>Albo chocia\u017c podobnie dobra<br>Czy wtedy by ci bandyci<br>Nie chcieliby zrobi\u0107<br>Z ni\u0105 to samo<br>Czy nie widzicie jak z\u0142o chce zwodzi\u0107<br>Czy nie rozr\u00f3\u017cniacie<br>Woli Bo\u017cej od ludzkich pokus<br>I dlaczego poci\u0105ga was bardziej<br>Czcze gadanie ni\u017c Bo\u017ca prawda<\/p>\n\n\n\n<p>Z\u0142u trzeba stawia\u0107 tam\u0119<br>Ze z\u0142em paktowanie<br>P\u00f3j\u015bcie na ugod\u0119 jak\u0105\u015b<br>To pakt z szatanem<br>W swej istocie<br>Nigdy nie mo\u017ce by\u0107 kosztem<br>Takich ze z\u0142em pakt\u00f3w<br>\u017bycie jakichkolwiek ludzi<\/p>\n\n\n\n<p>Dlatego cho\u0107by wymy\u015blili bandyci<br>I do tego d\u0105\u017c\u0105 nieustannie<br>Mnie zniewoli\u0107 a j\u0105 zabi\u0107<br>Bo im wbrew ich k\u0142amstwom<br>Chodzi o mnie tak naprawd\u0119<br>Bo to jest zgodne te\u017c<br>Z szatanem<br>By m\u00f3g\u0142 zaprowadzi\u0107 z\u0142a hekatomb\u0119<br>Bo wie \u017ce przegra\u0107 mo\u017ce<br>Dlatego tak wzmaga swe prze\u015bladowania<br>Przez r\u00f3\u017cnych bandyt\u00f3w pieprzonych k\u0142amstwami<br>Czy maj\u0105 tego \u015bwiadomo\u015b\u0107<br>Czy nie maj\u0105<br>Nie raczej<br>Bo nie paktowaliby z szatanem<br>Nawet je\u015bli tylko w przeno\u015bni<\/p>\n\n\n\n<figure class=\"wp-block-image size-large is-resized\"><a href=\"https:\/\/hubertpietka.bialystok.pl\/wp-content\/uploads\/2024\/12\/IMG-20241211-WA0010.jpg\"><img loading=\"lazy\" decoding=\"async\" width=\"768\" height=\"1024\" src=\"https:\/\/hubertpietka.bialystok.pl\/wp-content\/uploads\/2024\/12\/IMG-20241211-WA0010-768x1024.jpg\" alt=\"\" class=\"wp-image-8848\" style=\"width:232px;height:auto\" srcset=\"https:\/\/hubertpietka.bialystok.pl\/wp-content\/uploads\/2024\/12\/IMG-20241211-WA0010-768x1024.jpg 768w, https:\/\/hubertpietka.bialystok.pl\/wp-content\/uploads\/2024\/12\/IMG-20241211-WA0010-225x300.jpg 225w, https:\/\/hubertpietka.bialystok.pl\/wp-content\/uploads\/2024\/12\/IMG-20241211-WA0010-1152x1536.jpg 1152w, https:\/\/hubertpietka.bialystok.pl\/wp-content\/uploads\/2024\/12\/IMG-20241211-WA0010.jpg 1200w\" sizes=\"auto, (max-width: 768px) 100vw, 768px\" \/><\/a><\/figure>\n\n\n\n<p><strong>Na zdj. \u015awi\u0119ta Anna i NMP<br>Mo\u017cna sobie na nowo wymy\u015bla\u0107<br>Cho\u0107by \u015awi\u0119t\u0105 Rodzin\u0119<br>Ale trzeba sobie zada\u0107 pytanie<br>Co jest wol\u0105 Bo\u017c\u0105 prawdziw\u0105<br>I Bo\u017c\u0105 prawd\u0105<br>A co k\u0142amstwem jest<br>I manipulacj\u0105 szatana<br>Nawet je\u015bli bardzo przyst\u0119pn\u0105<br>Nawet je\u015bli \u0142atwo to \u0142ykn\u0105\u0107<br>To czym to b\u0119dzie w swej istocie<br>Bo\u017cym zwyci\u0119stwem czy mo\u017ce szatana<br>To jest rzecz fundamentalna<br>I co si\u0119 za tym te\u017c potoczy<br>Z czym to si\u0119 wi\u0105\u017ce<br>Jakie b\u0119d\u0105 konsekwencje<br>Wed\u0142ug spojrzenia zgodnego z Bogiem<br>Taka jest r\u00f3\u017cnica<br>Mi\u0119dzy sprawami w Bogu<br>A \u017cyciem wed\u0142ug k\u0142amstw szata\u0144skich<\/strong><\/p>\n\n\n\n<p><strong><em><a href=\"https:\/\/youtu.be\/M89VLU2P8Vc?si=sq8dGYY3wwDfqRgZ\">Vada Fabryczna &#8211; Wulkany<\/a><\/em><\/strong><\/p>\n","protected":false},"excerpt":{"rendered":"<p>Tak te\u017c nie jest wol\u0105 ojca waszego, kt\u00f3ry jest w niebie, \u017ceby zgin\u0119\u0142o nawet jedno z tych ma\u0142ych.(Mt 18,14) Te s\u0142owa mo\u017cna potraktowa\u0107 dos\u0142ownieBo nie&hellip; <\/p>\n","protected":false},"author":1,"featured_media":0,"parent":0,"menu_order":0,"comment_status":"closed","ping_status":"closed","template":"","meta":{"footnotes":""},"class_list":["post-8847","page","type-page","status-publish","hentry"],"_links":{"self":[{"href":"https:\/\/hubertpietka.bialystok.pl\/index.php?rest_route=\/wp\/v2\/pages\/8847","targetHints":{"allow":["GET"]}}],"collection":[{"href":"https:\/\/hubertpietka.bialystok.pl\/index.php?rest_route=\/wp\/v2\/pages"}],"about":[{"href":"https:\/\/hubertpietka.bialystok.pl\/index.php?rest_route=\/wp\/v2\/types\/page"}],"author":[{"embeddable":true,"href":"https:\/\/hubertpietka.bialystok.pl\/index.php?rest_route=\/wp\/v2\/users\/1"}],"replies":[{"embeddable":true,"href":"https:\/\/hubertpietka.bialystok.pl\/index.php?rest_route=%2Fwp%2Fv2%2Fcomments&post=8847"}],"version-history":[{"count":1,"href":"https:\/\/hubertpietka.bialystok.pl\/index.php?rest_route=\/wp\/v2\/pages\/8847\/revisions"}],"predecessor-version":[{"id":8849,"href":"https:\/\/hubertpietka.bialystok.pl\/index.php?rest_route=\/wp\/v2\/pages\/8847\/revisions\/8849"}],"wp:attachment":[{"href":"https:\/\/hubertpietka.bialystok.pl\/index.php?rest_route=%2Fwp%2Fv2%2Fmedia&parent=8847"}],"curies":[{"name":"wp","href":"https:\/\/api.w.org\/{rel}","templated":true}]}}