{"id":886,"date":"2018-01-29T13:17:53","date_gmt":"2018-01-29T13:17:53","guid":{"rendered":"http:\/\/hubertpietka.bialystok.pl\/?page_id=886"},"modified":"2018-01-29T13:17:53","modified_gmt":"2018-01-29T13:17:53","slug":"ktory-wzgardziles","status":"publish","type":"page","link":"https:\/\/hubertpietka.bialystok.pl\/?page_id=886","title":{"rendered":"Kt\u00f3ry wzgardzi\u0142e\u015b"},"content":{"rendered":"<p><strong>Kt\u00f3ry wzgardzi\u0142e\u015b<\/strong><\/p>\n<p>&nbsp;<\/p>\n<p>Kt\u00f3ry wzgardzi\u0142e\u015b<\/p>\n<p>najmniejszym<\/p>\n<p>najprostszym<\/p>\n<p>jeszcze si\u0119 zdziwisz<\/p>\n<p>&nbsp;<\/p>\n<p>jest XXI wiek<\/p>\n<p>technokracja<\/p>\n<p>mediokracja<\/p>\n<p><em>wariacja<\/em><\/p>\n<p>&nbsp;<\/p>\n<p>jednak<\/p>\n<p>multimedialno\u015b\u0107<\/p>\n<p>nowoczesno\u015b\u0107<\/p>\n<p><em>doczesno\u015b\u0107<\/em><\/p>\n<p>&nbsp;<\/p>\n<p>to nie jest wieczno\u015b\u0107<\/p>\n<p>&nbsp;<\/p>\n<p>poprawno\u015b\u0107<\/p>\n<p>technologiczna<\/p>\n<p>polityczna<\/p>\n<p>jeszcze wyjdzie<\/p>\n<p>ci bokiem<\/p>\n<p>&nbsp;<\/p>\n<p>by\u0107 tak bardzo<\/p>\n<p>\u015bwiatowym<\/p>\n<p>&nbsp;<\/p>\n<p>a maluczki<\/p>\n<p>kt\u00f3rym wzgardzi\u0142e\u015b<\/p>\n<p>jeszcze ci\u0119 zdziwi<\/p>\n<p>&nbsp;<\/p>\n<p>postaw tylko<\/p>\n<p>sobie pytanie<\/p>\n<p><em>o eschatologi\u0119<\/em><\/p>\n<p>&nbsp;<\/p>\n<p>gdzie b\u0119dziesz<\/p>\n<p>kiedy ju\u017c z tego \u015bwiata<\/p>\n<p>odejdziesz<\/p>\n<p>&nbsp;<\/p>\n<p>&nbsp;<\/p>\n","protected":false},"excerpt":{"rendered":"<p>Kt\u00f3ry wzgardzi\u0142e\u015b &nbsp; Kt\u00f3ry wzgardzi\u0142e\u015b najmniejszym najprostszym jeszcze si\u0119 zdziwisz &nbsp; jest XXI wiek technokracja mediokracja wariacja &nbsp; jednak multimedialno\u015b\u0107 nowoczesno\u015b\u0107 doczesno\u015b\u0107 &nbsp; to nie&hellip; <\/p>\n","protected":false},"author":1,"featured_media":0,"parent":0,"menu_order":0,"comment_status":"closed","ping_status":"closed","template":"","meta":{"footnotes":""},"class_list":["post-886","page","type-page","status-publish","hentry"],"_links":{"self":[{"href":"https:\/\/hubertpietka.bialystok.pl\/index.php?rest_route=\/wp\/v2\/pages\/886","targetHints":{"allow":["GET"]}}],"collection":[{"href":"https:\/\/hubertpietka.bialystok.pl\/index.php?rest_route=\/wp\/v2\/pages"}],"about":[{"href":"https:\/\/hubertpietka.bialystok.pl\/index.php?rest_route=\/wp\/v2\/types\/page"}],"author":[{"embeddable":true,"href":"https:\/\/hubertpietka.bialystok.pl\/index.php?rest_route=\/wp\/v2\/users\/1"}],"replies":[{"embeddable":true,"href":"https:\/\/hubertpietka.bialystok.pl\/index.php?rest_route=%2Fwp%2Fv2%2Fcomments&post=886"}],"version-history":[{"count":1,"href":"https:\/\/hubertpietka.bialystok.pl\/index.php?rest_route=\/wp\/v2\/pages\/886\/revisions"}],"predecessor-version":[{"id":887,"href":"https:\/\/hubertpietka.bialystok.pl\/index.php?rest_route=\/wp\/v2\/pages\/886\/revisions\/887"}],"wp:attachment":[{"href":"https:\/\/hubertpietka.bialystok.pl\/index.php?rest_route=%2Fwp%2Fv2%2Fmedia&parent=886"}],"curies":[{"name":"wp","href":"https:\/\/api.w.org\/{rel}","templated":true}]}}