{"id":8860,"date":"2024-12-14T07:43:03","date_gmt":"2024-12-14T07:43:03","guid":{"rendered":"https:\/\/hubertpietka.bialystok.pl\/?page_id=8860"},"modified":"2024-12-15T13:20:28","modified_gmt":"2024-12-15T13:20:28","slug":"dictum-takie-na-prawdy-szatanskie","status":"publish","type":"page","link":"https:\/\/hubertpietka.bialystok.pl\/?page_id=8860","title":{"rendered":"Dictum takie \/ na prawdy szata\u0144skie"},"content":{"rendered":"\n<p>1. Ci pieprzeni k\u0142amstwami bandyci<br>Przek\u0142ami\u0105 i wszystko<br>Byleby tylko spe\u0142nia\u0107<br>Diabelskie zap\u0119dy<br>Byleby tylko z\u0142o uczyni\u0107<br>Nam naszym i naszemu odpowiednio<br>Wszystko to co oni dzia\u0142aj\u0105<br>Pochodzi z namaszczenie<br>Ale nie Boga a szatana<\/p>\n\n\n\n<p>2. Tak szalony jestem<br>Bo m\u00f3wi\u0119 co nie pasuje<br>Temu pieprzonemu k\u0142amstwami bandyctwu<br>Bo prawd\u0119 m\u00f3wi\u0119<br>Kt\u00f3ra przeczy ich pod\u0142ym k\u0142amstwom<br>Ich i im podobnych zreszt\u0105<\/p>\n\n\n\n<p>3. W tym pa\u0144stwie bandyckim<br>Bandyckie misie i inni s\u0142u\u017cbi\u015bci bandyccy<br>R\u00f3wnie pieprzeni k\u0142amstwem jak ci<br>S\u0142u\u017c\u0105 tym bandytom<br>Zamiast s\u0142u\u017cy\u0107 w prawdzie niewinnym<br>Wszystko odwr\u00f3cone jest do g\u00f3ry nogami&nbsp;<br>W tym bandyckim pa\u0144stwie terrorystycznym<\/p>\n\n\n\n<p>A widzia\u0142 kto\u015b rzeczy takie<br>Szatan obro\u0144c\u0105 prawdy<br>A jakich prawd szatan broni<br>Tylko ku z\u0142u dla kogo\u015b<br>A prawda szatana jest opatrzna<br>Zawsze przeciwna Bo\u017cym prawom<br>I \u017cycia niewinno\u015bci dzieci Bo\u017cych<\/p>\n\n\n\n<p>4. A jakich prawd szatan broni<br>Tylko tych kt\u00f3re s\u0142u\u017c\u0105 szatanowi<\/p>\n\n\n\n<p>\u015amiechu warte<br>Ojciec k\u0142amstwa szatan<br>Obro\u0144c\u0105 prawdy<br>Tak i ci bandyci zreszt\u0105<br>Obro\u0144cami chyba prawd szata\u0144skich<br>Bo jak to inaczej nazwa\u0107<br>Skoro te niby prawdy<br>Maj\u0105 kogo\u015b pogr\u0105\u017cy\u0107<br>Maj\u0105 z\u0142o komu\u015b przyczyni\u0107<br>\u015amier\u0107 zniewolenie zniszczenie jakiekolwiek<br>Co nie przeszkadza tak\u017ce szatanowi<br>I tym bandytom k\u0142ama\u0107<br>We wszystkim co im pasuje<br>Co mo\u017ce komu\u015b z\u0142o przynie\u015b\u0107<br>A ju\u017c szczeg\u00f3lnie<br>Nam naszym i naszemu<br>\u015amiechu warte po prostu<br>Kiedy k\u0142ama\u0107 to k\u0142ama\u0107<br>I ob\u0142udnie nawet<br>A prawdy tej broni\u0107<br>Kt\u00f3ra ma komu\u015b zaszkodzi\u0107<br>I bynajmniej nie prawdy Bo\u017cej<br>Bo ta jest ku \u017cyciu wolno\u015bci<br>A ci bandyci wszystko<br>Wed\u0142ug szatana chyba jednak<br>Skoro wszystko ku zniewoleniu zniszczeniu<\/p>\n\n\n\n<p><em>5. Dzi\u015b \u015bw. *<strong>Ot-tyli<\/strong>*<br>*<strong>Ot tyle<\/strong>* mam do powiedzenua temu ca\u0142emu bandyctwu<br>I im podobnym<br>Kt\u00f3rzy prawd szata\u0144skich broni\u0105<br>Bo ku z\u0142u dla kogo\u015b<br>A za nic sobie maj\u0105<br>R\u00f3\u017cne Bo\u017ce prawdy<br>I wcale im to te\u017c nie przeszkadza<br>Jak szatanowi zreszt\u0105<br>Pos\u0142ugiwa\u0107 si\u0119 ka\u017cdym<br>Nawet najbardziej ob\u0142udnym perfidnym k\u0142amstwem<br>Wcale im to nie przeszkadza<br>W niczym aby komu\u015b<br>Z\u0142o pod\u0142e uczyni\u0107 jakie\u015b<\/em><\/p>\n\n\n\n<figure class=\"wp-block-gallery has-nested-images columns-default is-cropped wp-block-gallery-1 is-layout-flex wp-block-gallery-is-layout-flex\">\n<figure class=\"wp-block-image size-large\"><a href=\"https:\/\/hubertpietka.bialystok.pl\/wp-content\/uploads\/2024\/12\/IMG-20241212-WA0058.jpg\"><img loading=\"lazy\" decoding=\"async\" width=\"1024\" height=\"768\" data-id=\"8861\" src=\"https:\/\/hubertpietka.bialystok.pl\/wp-content\/uploads\/2024\/12\/IMG-20241212-WA0058-1024x768.jpg\" alt=\"\" class=\"wp-image-8861\" srcset=\"https:\/\/hubertpietka.bialystok.pl\/wp-content\/uploads\/2024\/12\/IMG-20241212-WA0058-1024x768.jpg 1024w, https:\/\/hubertpietka.bialystok.pl\/wp-content\/uploads\/2024\/12\/IMG-20241212-WA0058-300x225.jpg 300w, https:\/\/hubertpietka.bialystok.pl\/wp-content\/uploads\/2024\/12\/IMG-20241212-WA0058-768x576.jpg 768w, https:\/\/hubertpietka.bialystok.pl\/wp-content\/uploads\/2024\/12\/IMG-20241212-WA0058-1536x1152.jpg 1536w, https:\/\/hubertpietka.bialystok.pl\/wp-content\/uploads\/2024\/12\/IMG-20241212-WA0058.jpg 1600w\" sizes=\"auto, (max-width: 1024px) 100vw, 1024px\" \/><\/a><\/figure>\n<\/figure>\n\n\n\n<p><strong>Na zdj. Jezus Mi\u0142osierny<br>B\u00f3g jest Bogiem mi\u0142osierdzia<br>Wobec tych kt\u00f3rzy Mu s\u0142u\u017c\u0105<br>W prawdzie Bo\u017cej ku \u017cyciu<br>A ci wszystko bezlito\u015bnie<br>Ku \u015bmierci zniewoleniu i zniszczeniu<br>Dla nas naszych i naszego<br>I chyba nie tylko<br>Bo sk\u0105d ten wsp\u00f3\u0142czesny<br>Poczet ofiar ludob\u00f3jstwa m\u0119czennik\u00f3w<br>Nie chc\u0105 wybiera\u0107 mi\u0142osierdzia<br>To spotka ich Bo\u017ca sprawiedliwo\u015b\u0107<br>To jest konsekwencj\u0105 takich postaw<br>\u017bycia bez mi\u0142osierdzia wobec innych<\/strong><\/p>\n\n\n\n<p><strong><em><a href=\"https:\/\/youtu.be\/h-eJQ275550?si=DXNvWJdTw6meackN\">Grzegorz Markowski &#8211; Z\u0142o <\/a><\/em><\/strong><\/p>\n","protected":false},"excerpt":{"rendered":"<p>1. Ci pieprzeni k\u0142amstwami bandyciPrzek\u0142ami\u0105 i wszystkoByleby tylko spe\u0142nia\u0107Diabelskie zap\u0119dyByleby tylko z\u0142o uczyni\u0107Nam naszym i naszemu odpowiednioWszystko to co oni dzia\u0142aj\u0105Pochodzi z namaszczenieAle nie Boga&hellip; <\/p>\n","protected":false},"author":1,"featured_media":0,"parent":0,"menu_order":0,"comment_status":"closed","ping_status":"closed","template":"","meta":{"footnotes":""},"class_list":["post-8860","page","type-page","status-publish","hentry"],"_links":{"self":[{"href":"https:\/\/hubertpietka.bialystok.pl\/index.php?rest_route=\/wp\/v2\/pages\/8860","targetHints":{"allow":["GET"]}}],"collection":[{"href":"https:\/\/hubertpietka.bialystok.pl\/index.php?rest_route=\/wp\/v2\/pages"}],"about":[{"href":"https:\/\/hubertpietka.bialystok.pl\/index.php?rest_route=\/wp\/v2\/types\/page"}],"author":[{"embeddable":true,"href":"https:\/\/hubertpietka.bialystok.pl\/index.php?rest_route=\/wp\/v2\/users\/1"}],"replies":[{"embeddable":true,"href":"https:\/\/hubertpietka.bialystok.pl\/index.php?rest_route=%2Fwp%2Fv2%2Fcomments&post=8860"}],"version-history":[{"count":2,"href":"https:\/\/hubertpietka.bialystok.pl\/index.php?rest_route=\/wp\/v2\/pages\/8860\/revisions"}],"predecessor-version":[{"id":8866,"href":"https:\/\/hubertpietka.bialystok.pl\/index.php?rest_route=\/wp\/v2\/pages\/8860\/revisions\/8866"}],"wp:attachment":[{"href":"https:\/\/hubertpietka.bialystok.pl\/index.php?rest_route=%2Fwp%2Fv2%2Fmedia&parent=8860"}],"curies":[{"name":"wp","href":"https:\/\/api.w.org\/{rel}","templated":true}]}}