{"id":8869,"date":"2024-12-15T16:20:14","date_gmt":"2024-12-15T16:20:14","guid":{"rendered":"https:\/\/hubertpietka.bialystok.pl\/?page_id=8869"},"modified":"2024-12-15T16:21:49","modified_gmt":"2024-12-15T16:21:49","slug":"maratony-bandyckiej-obludy","status":"publish","type":"page","link":"https:\/\/hubertpietka.bialystok.pl\/?page_id=8869","title":{"rendered":"Maratony \/ bandyckie ob\u0142udy"},"content":{"rendered":"\n<p>Wczoraj w Bia\u0142ymstoku w Sze\u015bcianie<br>Odby\u0142 si\u0119 maraton bluesowy<br>Pr\u00f3ba bicia rekordu chyba Polski<br>W graniu bluesa non stop<br>Na 2 scenach przez 33 h<br>A oni ci bandyci<br>Ca\u0142y czas bij\u0105 rekordy Polski<br>Tak ale chyba<br>W ob\u0142udzie zbrodniach i pod\u0142o\u015bci<\/p>\n\n\n\n<p>Bo jak *<strong>mar-a-ton<\/strong>* to<br>Ma przecie\u017c *<strong>umrze\u0107 on<\/strong>*<br>A mo\u017ce te\u017c *<strong>mar-a-t-ona<\/strong>*<br>Ma umrze\u0107 ona<br>A mo\u017ce najlepiej *<strong>mar-a-t-ony<\/strong>*<br>To zdecydowanie najlepiej chyba<br>Dla tych bandyt\u00f3w<br>Bo maj\u0105 *<strong>umrze\u0107 oni<\/strong>*<\/p>\n\n\n\n<p>I tak ci bandyci przez czas ca\u0142y<br>Je\u015bli ja u\u017cywam zabaw s\u0142owem<br>To ku dobru a oni<br>Oczywi\u015bcie ku z\u0142u dla kogo\u015b<br>Dla nas naszych i naszego<br>Przewrotnie szata\u0144sko<br>Byleby realizowa\u0107 swe zbrodnie nieustannie<br>Perfidia ob\u0142uda pod\u0142o\u015b\u0107<br>Definiuj\u0105 dzia\u0142ania tego bandyctwa<br>I zbrodnie z premedytacj\u0105<br>Nigdy im nie do\u015b\u0107 zbrodni<br>Bo sk\u0105d ci wsp\u00f3\u0142cze\u015bni m\u0119czennicy<br>Szatan jest nigdy nienasycony zbrodniami<br>Tak samo oni<\/p>\n\n\n\n<p>Oczywi\u015bcie te\u017c zapewne<br>Maj\u0105 k\u0142amstw chyba miliony<br>Na uzasadnienie wszelkich zbrodni<br>Albo tysi\u0105c odmian mutacji<br>Jednego g\u0142\u00f3wnego szata\u0144skiego k\u0142amstwa<br>\u017be niby zbrodnie zniewolenia zniszczenia<br>Usprawiedliwione by\u0107 mog\u0105 jako\u015b<\/p>\n\n\n\n<figure class=\"wp-block-gallery has-nested-images columns-default is-cropped wp-block-gallery-1 is-layout-flex wp-block-gallery-is-layout-flex\">\n<figure class=\"wp-block-image size-large\"><a href=\"https:\/\/hubertpietka.bialystok.pl\/wp-content\/uploads\/2024\/12\/IMG-20241211-WA0014.jpg\"><img loading=\"lazy\" decoding=\"async\" width=\"768\" height=\"1024\" data-id=\"8870\" src=\"https:\/\/hubertpietka.bialystok.pl\/wp-content\/uploads\/2024\/12\/IMG-20241211-WA0014-768x1024.jpg\" alt=\"\" class=\"wp-image-8870\" srcset=\"https:\/\/hubertpietka.bialystok.pl\/wp-content\/uploads\/2024\/12\/IMG-20241211-WA0014-768x1024.jpg 768w, https:\/\/hubertpietka.bialystok.pl\/wp-content\/uploads\/2024\/12\/IMG-20241211-WA0014-225x300.jpg 225w, https:\/\/hubertpietka.bialystok.pl\/wp-content\/uploads\/2024\/12\/IMG-20241211-WA0014-1152x1536.jpg 1152w, https:\/\/hubertpietka.bialystok.pl\/wp-content\/uploads\/2024\/12\/IMG-20241211-WA0014.jpg 1200w\" sizes=\"auto, (max-width: 768px) 100vw, 768px\" \/><\/a><\/figure>\n<\/figure>\n\n\n\n<p><em>Na zdj. Czuwajmy z Maryj\u0105<br>Z ni\u0105 czuwa\u0107 to<br>Te\u017c op\u00f3r z\u0142u dawa\u0107<br>Tam gdzie to konieczne<br>To broni\u0107 Bo\u017cych warto\u015bci<br>Przed wszelk\u0105 indoktrynacj\u0105 szata\u0144sk\u0105<br>Bo z\u0142o zawsze pr\u00f3buje<br>Usprawiedliwia\u0107 wszelkie swe zbrodnie<br>Prawda Bo\u017ca jest tu obron\u0105<br>Wobec wszelkich k\u0142amstw szata\u0144skich<\/em><\/p>\n","protected":false},"excerpt":{"rendered":"<p>Wczoraj w Bia\u0142ymstoku w Sze\u015bcianieOdby\u0142 si\u0119 maraton bluesowyPr\u00f3ba bicia rekordu chyba PolskiW graniu bluesa non stopNa 2 scenach przez 33 hA oni ci bandyciCa\u0142y czas&hellip; <\/p>\n","protected":false},"author":1,"featured_media":0,"parent":0,"menu_order":0,"comment_status":"closed","ping_status":"closed","template":"","meta":{"footnotes":""},"class_list":["post-8869","page","type-page","status-publish","hentry"],"_links":{"self":[{"href":"https:\/\/hubertpietka.bialystok.pl\/index.php?rest_route=\/wp\/v2\/pages\/8869","targetHints":{"allow":["GET"]}}],"collection":[{"href":"https:\/\/hubertpietka.bialystok.pl\/index.php?rest_route=\/wp\/v2\/pages"}],"about":[{"href":"https:\/\/hubertpietka.bialystok.pl\/index.php?rest_route=\/wp\/v2\/types\/page"}],"author":[{"embeddable":true,"href":"https:\/\/hubertpietka.bialystok.pl\/index.php?rest_route=\/wp\/v2\/users\/1"}],"replies":[{"embeddable":true,"href":"https:\/\/hubertpietka.bialystok.pl\/index.php?rest_route=%2Fwp%2Fv2%2Fcomments&post=8869"}],"version-history":[{"count":2,"href":"https:\/\/hubertpietka.bialystok.pl\/index.php?rest_route=\/wp\/v2\/pages\/8869\/revisions"}],"predecessor-version":[{"id":8873,"href":"https:\/\/hubertpietka.bialystok.pl\/index.php?rest_route=\/wp\/v2\/pages\/8869\/revisions\/8873"}],"wp:attachment":[{"href":"https:\/\/hubertpietka.bialystok.pl\/index.php?rest_route=%2Fwp%2Fv2%2Fmedia&parent=8869"}],"curies":[{"name":"wp","href":"https:\/\/api.w.org\/{rel}","templated":true}]}}