{"id":8876,"date":"2024-12-18T10:37:27","date_gmt":"2024-12-18T10:37:27","guid":{"rendered":"https:\/\/hubertpietka.bialystok.pl\/?page_id=8876"},"modified":"2024-12-18T10:37:27","modified_gmt":"2024-12-18T10:37:27","slug":"bezwzgledna-nedza-moralno-duchowa-w-dazeniach-bandytow-do-zbrodni","status":"publish","type":"page","link":"https:\/\/hubertpietka.bialystok.pl\/?page_id=8876","title":{"rendered":"Bezwzgl\u0119dna n\u0119dza moralno-duchowa \/ w d\u0105\u017ceniach bandyt\u00f3w do zbrodni"},"content":{"rendered":"\n<p>Tak naprawd\u0119 to bardzo biedni<br>S\u0105 ci bandyci<br>C\u00f3\u017c za n\u0119dza duchowa moralna<br>\u017by\u0107 po to by zabija\u0107<br>Niszczy\u0107 zniewala\u0107<br>Jednoczy\u0107 si\u0119 w z\u0142u<br>Ku urojonemu wrogowi tak naprawd\u0119<br>Bo ja wobec nikogo<br>Nie jestem wrogi<br>Co najwy\u017cej potrzeb\u0119 sprawiedliwo\u015bci<br>W Bogu gdzie\u015b wykazuj\u0119<\/p>\n\n\n\n<p>Biedni je\u015bli po to \u017cy\u0107<br>By zabi\u0107 \u017con\u0119 m\u0119\u017ca zniewoli\u0107<br>Dosi\u0119gn\u0105\u0107 jako\u015b z\u0142em<br>Nas naszych i naszych<br>Biedni nawet je\u015bli<br>Mieliby wszystko co materialne<br>I wszelk\u0105 w\u0142adz\u0119<\/p>\n\n\n\n<p><em>Wczoraj \u015bw. *<strong>Wiwiny<\/strong>*<br>A co najlepsze jest<br>To pr\u00f3buj\u0105 wm\u00f3wi\u0107<br>\u017be my czyli *<strong>wy winni<\/strong>*<br>Ich zbrodni wszelkich<br>Oni zbrodnie czyni\u0105 nienawistne z\u0142owrogie<br>Wed\u0142ug zapatrywa\u0144 pod\u0142ych<br>A \u017ce my tego winni<br>Jeszcze by\u0107 mamy<br>Tak\u017ce i tego te\u017c<br>\u017be i na nas te zbrodnie<br>Chc\u0105 pope\u0142nia\u0107 nieustannie<br>To ca\u0142e bandyctwo ob\u0142udnie przewrotne<br>Cho\u0107by w dedukcji takiej diabelskiej<br>Kto\u015b se mo\u017ce z\u0142o wszelkie<br>Bezkarnie czyni\u0107<br>Bo niby kto\u015b inny<br>Jest temu winny<\/em><\/p>\n\n\n\n<p>Jak nie zabi\u0107 to zniewoli\u0107<br>Mnie \u017con\u0119 naszych nasze<br>Gwa\u0142t zada\u0107 skrzywdzi\u0107 jako\u015b<br>C\u00f3\u017c za n\u0119dza<br>\u017by\u0107 wed\u0142ug za\u0142o\u017ce\u0144 takich<br>Z\u0142a dla kogo\u015b<br>Jak paso\u017cyty troch\u0119<br>Wyeliminowa\u0107 kogo\u015b po co<br>\u017beby zrobi\u0107 miejsce sobie<br>A co na to Pan B\u00f3g odpowie<br>Na ten wsp\u00f3\u0142czesny holocaust<br>I t\u0105 ca\u0142\u0105 ob\u0142ud\u0119 pod\u0142\u0105<br>Wobec nas naszego i naszych<br>Nie \u0142udzcie si\u0119 B\u00f3g odpowie<br>Na ten przerost z\u0142a szata\u0144skiego<br>W tym \u015bwiecie<br>Pe\u0142ny zbrodni i deprawuj\u0105cy pozosta\u0142ych<br>Te\u017c demoralizatorsko odpowiednio<\/p>\n\n\n\n<p>A ta podwijka bandycka<br>Czy psychopaci tutaj cho\u0107by inni<br>Wczoraj dzie\u0144 dobry prosz\u0119 dobranoc<br>A dzisiaj napa\u015b\u0107<br>I pi\u0119knie wyczyszczony parking<br>Ten przy \u015bmietniku<br>Dla tych bandyckich misi\u00f3w<br>Zreszt\u0105 ci mog\u0105 wsz\u0119dzie przecie\u017c<br>Wed\u0142ug dyktatury z\u0142a totalitarnej<br>Czy zreszt\u0105 inne bandyckie s\u0142u\u017cby<br>Bo bandytom s\u0142u\u017c\u0105<br>Nie bezbronnym niewinnym ludziom<br>Lecz tym kt\u00f3rych przemoc<br>Ma dotkn\u0105\u0107 wrog\u00f3w<br>Kt\u00f3rych ci bandyci upatrzyli sobie<\/p>\n\n\n\n<figure class=\"wp-block-gallery has-nested-images columns-default is-cropped wp-block-gallery-1 is-layout-flex wp-block-gallery-is-layout-flex\">\n<figure class=\"wp-block-image size-large\"><a href=\"https:\/\/hubertpietka.bialystok.pl\/wp-content\/uploads\/2024\/12\/IMG-20241211-WA0030.jpg\"><img loading=\"lazy\" decoding=\"async\" width=\"768\" height=\"1024\" data-id=\"8877\" src=\"https:\/\/hubertpietka.bialystok.pl\/wp-content\/uploads\/2024\/12\/IMG-20241211-WA0030-768x1024.jpg\" alt=\"\" class=\"wp-image-8877\" srcset=\"https:\/\/hubertpietka.bialystok.pl\/wp-content\/uploads\/2024\/12\/IMG-20241211-WA0030-768x1024.jpg 768w, https:\/\/hubertpietka.bialystok.pl\/wp-content\/uploads\/2024\/12\/IMG-20241211-WA0030-225x300.jpg 225w, https:\/\/hubertpietka.bialystok.pl\/wp-content\/uploads\/2024\/12\/IMG-20241211-WA0030-1152x1536.jpg 1152w, https:\/\/hubertpietka.bialystok.pl\/wp-content\/uploads\/2024\/12\/IMG-20241211-WA0030.jpg 1200w\" sizes=\"auto, (max-width: 768px) 100vw, 768px\" \/><\/a><\/figure>\n<\/figure>\n\n\n\n<p><strong>Na zdj. \u015aw. J\u00f3zef<br>Opiekun \u015awi\u0119tej Rodziny<br>Przed prze\u015bladowaniami Heroda cho\u0107by<br>Czy\u017c nie jest bezwzgl\u0119dn\u0105 n\u0119dz\u0105<br>Moralno- duchow\u0105 \u017cy\u0107 ku z\u0142u<br>Dla kogo\u015b kogokolwiek<br>To nie jest powo\u0142anie Bo\u017ce<br>Lecz zawo\u0142anie szatana<br>Do \u015bmierci gwa\u0142tu zniewolenia zniszczenia<br>On jest dominatorem takich rzeczy<br>I to z niego p\u0142yn\u0105<br>Wszelkie z\u0142e instynkty z\u0142e intencje<br>Wreszcie zbrodnie wszelkie<br>I wszelkie te\u017c k\u0142amstwa<br>Kt\u00f3re maj\u0105 te procedery bandyckie<br>Niby jako\u015b t\u0142umaczy\u0107<br>B\u00f3g nie jest Panem<br>Takich rzeczy ciemnych sprawek<br>W Nim nie ma ciemno\u015bci z\u0142a \u017cadnych<br>To proceder szatana<br>I przynale\u017cno\u015b\u0107 jego zbrodnie wszelkie<\/strong><\/p>\n","protected":false},"excerpt":{"rendered":"<p>Tak naprawd\u0119 to bardzo biedniS\u0105 ci bandyciC\u00f3\u017c za n\u0119dza duchowa moralna\u017by\u0107 po to by zabija\u0107Niszczy\u0107 zniewala\u0107Jednoczy\u0107 si\u0119 w z\u0142uKu urojonemu wrogowi tak naprawd\u0119Bo ja wobec&hellip; <\/p>\n","protected":false},"author":1,"featured_media":0,"parent":0,"menu_order":0,"comment_status":"closed","ping_status":"closed","template":"","meta":{"footnotes":""},"class_list":["post-8876","page","type-page","status-publish","hentry"],"_links":{"self":[{"href":"https:\/\/hubertpietka.bialystok.pl\/index.php?rest_route=\/wp\/v2\/pages\/8876","targetHints":{"allow":["GET"]}}],"collection":[{"href":"https:\/\/hubertpietka.bialystok.pl\/index.php?rest_route=\/wp\/v2\/pages"}],"about":[{"href":"https:\/\/hubertpietka.bialystok.pl\/index.php?rest_route=\/wp\/v2\/types\/page"}],"author":[{"embeddable":true,"href":"https:\/\/hubertpietka.bialystok.pl\/index.php?rest_route=\/wp\/v2\/users\/1"}],"replies":[{"embeddable":true,"href":"https:\/\/hubertpietka.bialystok.pl\/index.php?rest_route=%2Fwp%2Fv2%2Fcomments&post=8876"}],"version-history":[{"count":1,"href":"https:\/\/hubertpietka.bialystok.pl\/index.php?rest_route=\/wp\/v2\/pages\/8876\/revisions"}],"predecessor-version":[{"id":8878,"href":"https:\/\/hubertpietka.bialystok.pl\/index.php?rest_route=\/wp\/v2\/pages\/8876\/revisions\/8878"}],"wp:attachment":[{"href":"https:\/\/hubertpietka.bialystok.pl\/index.php?rest_route=%2Fwp%2Fv2%2Fmedia&parent=8876"}],"curies":[{"name":"wp","href":"https:\/\/api.w.org\/{rel}","templated":true}]}}