{"id":8882,"date":"2024-12-20T10:50:04","date_gmt":"2024-12-20T10:50:04","guid":{"rendered":"https:\/\/hubertpietka.bialystok.pl\/?page_id=8882"},"modified":"2024-12-20T10:50:04","modified_gmt":"2024-12-20T10:50:04","slug":"alternatywy-falszywe-klamstw-szatanskich-roznych","status":"publish","type":"page","link":"https:\/\/hubertpietka.bialystok.pl\/?page_id=8882","title":{"rendered":"Alternatywy fa\u0142szywe \/ k\u0142amstw szata\u0144skich r\u00f3\u017cnych"},"content":{"rendered":"\n<p>Dlaczego tak z\u0142o nienawidzi<br>Nas naszych i naszego<br>I dlaczego chc\u0119 nas zniszczy\u0107<br>Bo szatan nienawidzi dzieci Bo\u017cych<br>I ich dzie\u0142<br>Bo one s\u0105 z Boga<br>Wskazuj\u0105 na Boga w prawdzie<br>A szatan nienawidzi niczego<br>Co jest z Boga<br>I z tym zawsze walczy<\/p>\n\n\n\n<p>Dlaczego z\u0142o nienawidzi tak \u017cony<br>I chce j\u0105 zniszczy\u0107<br>Za wszelk\u0105 cen\u0119<br>Bo wie \u017ce ona<br>Jest dla mnie pomoc\u0105 niezast\u0105pion\u0105<br>Mimo \u017ce te\u017c czasem<br>Ci\u0119\u017cko jest jej unie\u015b\u0107<br>To wszystko co serwuj\u0105 nam<br>R\u00f3\u017cni z\u0142a s\u0142udzy<br>Wie szatan \u017ce bez niej<br>B\u0119d\u0119 s\u0142abszy du\u017co<br>Dlatego te\u017c tworzy fa\u0142szywe alternatywy<br>\u017be kto\u015b mo\u017ce j\u0105 zast\u0105pi\u0107<br>\u017be mo\u017ce b\u0119dzie lepszy<br>A przecie\u017c ona dana mi jest przez Boga<br>I przy okazji te\u017c chce<br>Kusi\u0107 jako\u015b mnie<br>A je\u015bli kto\u015b my\u015bli<br>\u017be m\u00f3g\u0142by to unie\u015b\u0107<br>To niech zobaczy<br>Jak szybko mo\u017ce upa\u015b\u0107<br>Dlatego z\u0142o jest tak z\u0142owrogie<br>Z gruntu dla niej<br>Bo wie \u017ce nikt inny<br>Unie\u015b\u0107 tego by nie by\u0142 w stanie<br>I ja to wiem<br>Dlatego na ka\u017cd\u0105 przemoc szata\u0144sk\u0105<br>Odpowiem odpowiednio<\/p>\n\n\n\n<p>Podobnie z tymi zwierz\u0119tami<br>Ich te\u017c nienawidzi szatan<br>Bo wsp\u00f3\u0142uczestnicz\u0105 one w tym dziele Bo\u017cym<br>A wie z\u0142o te\u017c<br>\u017be gdyby nie one<br>Mog\u0142oby nas zniszczy\u0107<br>Ju\u017c du\u017co wcze\u015bniej<br>I \u017ce po ich wyeliminowaniu<br>\u0141atwiej nas dopadnie<\/p>\n\n\n\n<p>Dlaczego te\u017c szatan tworzy<br>Inne fa\u0142szywe alternatywy r\u00f3\u017cne<br>\u017beby do nas zrazi\u0107 ludzi<br>\u017be niby za moj\u0105 wolno\u015b\u0107 czy \u017cycie<br>B\u0119d\u0105 p\u0142aci\u0107 inni<br>Bo wie szatan<br>\u017be ludzie s\u0105 s\u0142abi<br>Sk\u0142onni do poddawania si\u0119<br>L\u0119kowi przed przemoc\u0105 szanta\u017cowi<br>I r\u00f3\u017cnym nieprawym zyskom<br>Dla przyjemno\u015bci chwil paru<br>Czy dla dobrobytu iluzji<br>Bo wie to szatan<br>\u017be jak mnie zniszczy<br>To dostanie do ko\u0144ca doprowadzone<br>Dzie\u0142o \u015bwiata zniszczenia<br>Fa\u0142szywa alternatywa szata\u0144ska<br>Polega w\u0142a\u015bnie na tym<br>\u017be niby moje \u017cycie wolno\u015b\u0107<br>Za \u017cycie czyje\u015b<br>A tak naprawd\u0119 demonowi chodzi<br>O zniszczenie \u015bwiata<br>Bo tym \u015bwiat zap\u0142aci<br>Za moje \u017cycie<\/p>\n\n\n\n<p>To nie znaczy wcale<br>\u017be na \u017cyciu czy dobru innych ludzi<br>Mi nie zale\u017cy<br>Wielokrotnie protestuj\u0119 przeciwko cho\u0107by<br>Temu wsp\u00f3\u0142czesnemu ludob\u00f3jstwu barbarzy\u0144skiemu<br>Jakikolwiek by\u0142by k\u0142amliwy tego pow\u00f3d<br>Ale moje \u017cycie jest cen\u0105<br>\u015awiata tego \u017cycia<br>To nie ja tak wymy\u015bli\u0142em<br>Lecz sprawi\u0142 tak B\u00f3g<\/p>\n\n\n\n<p>Dlatego te\u017c w nas naszych i nasze<br>Ma by\u0107 i jest skierowana<br>Ka\u017cda ob\u0142uda pod\u0142o\u015b\u0107 k\u0142amstw szata\u0144skich<br>Bo wie szatan<br>\u017be w ten spos\u00f3b<br>Mo\u017ce dokona\u0107 zniszczenia \u015bwiata<br>A ludzie z l\u0119ku<br>Niesty mog\u0105 zje\u015b\u0107 tak zwany \u015bwiata ogon<br>Chc\u0105c si\u0119 chroni\u0107<br>Dope\u0142ni\u0105 szata\u0144skiego dzie\u0142a zniszczenia<br>B\u00f3g i tak zatryumfuje<br>Ale w tych<br>Kt\u00f3rzy dobro nie z\u0142o czyni\u0105<br>W taki czy inny spos\u00f3b<\/p>\n\n\n\n<p>Dlatego te\u017c szatan<br>Chc\u0119 nas alienowa\u0107 obcowa\u0107<br>W tym \u015bwiecie<br>Pozbawi\u0107 nas d\u00f3br wszelkich<br>Bo wie \u017ce w ten w\u0142a\u015bnie spos\u00f3b<br>Mo\u017ce dzie\u0142o zniszczenia \u015bwiata dope\u0142ni\u0107<\/p>\n\n\n\n<p>I pos\u0142uguje si\u0119 r\u00f3\u017cnymi<br>Bandytami ku z\u0142u tego<br>Byle tylko dla nas<br>Naszego i naszych<br>Czy ku \u015bmierci czy zniewoleniu czy zniszczeniu<br>Gwa\u0142towi jakiemukolwiek<br>Nawet je\u015bli nie maj\u0105 \u015bwiadomo\u015bci<br>\u017be s\u0142u\u017c\u0105 tak szatanowi<br>Poza tym szatan<br>Lubi pos\u0142ugiwa\u0107 si\u0119 przemoc\u0105<br>By realizowa\u0107 r\u00f3\u017cne nienawistne z\u0142owrogie<br>Dzieciom Bo\u017cym i ludziom w og\u00f3le cele<br>A tych kt\u00f3rzy mu s\u0142u\u017c\u0105<br>Paradoksalnie on zniszczy\u0107 najpierw<br>I ostatecznie chce<br>Pot\u0119pieniem te\u017c w piekle<\/p>\n\n\n\n<p>Z\u0142o nigdy nie s\u0142u\u017cy Bogu<br>To kolejne k\u0142amstwa szata\u0144skie<br>Dobro jest z Boga<br>A nie z\u0142o<br>Z\u0142o jest domen\u0105 szata\u0144sk\u0105<br>I wed\u0142ug niego dzia\u0142aj\u0105<br>Wszyscy kt\u00f3rzy z\u0142o czyni\u0105<br>Jakimkolwiek k\u0142amstwem by to t\u0142umaczyli<\/p>\n\n\n\n<figure class=\"wp-block-gallery has-nested-images columns-default is-cropped wp-block-gallery-1 is-layout-flex wp-block-gallery-is-layout-flex\">\n<figure class=\"wp-block-image size-large\"><a href=\"https:\/\/hubertpietka.bialystok.pl\/wp-content\/uploads\/2024\/12\/IMG-20241218-WA0071.jpg\"><img loading=\"lazy\" decoding=\"async\" width=\"768\" height=\"1024\" data-id=\"8883\" src=\"https:\/\/hubertpietka.bialystok.pl\/wp-content\/uploads\/2024\/12\/IMG-20241218-WA0071-768x1024.jpg\" alt=\"\" class=\"wp-image-8883\" srcset=\"https:\/\/hubertpietka.bialystok.pl\/wp-content\/uploads\/2024\/12\/IMG-20241218-WA0071-768x1024.jpg 768w, https:\/\/hubertpietka.bialystok.pl\/wp-content\/uploads\/2024\/12\/IMG-20241218-WA0071-225x300.jpg 225w, https:\/\/hubertpietka.bialystok.pl\/wp-content\/uploads\/2024\/12\/IMG-20241218-WA0071-1152x1536.jpg 1152w, https:\/\/hubertpietka.bialystok.pl\/wp-content\/uploads\/2024\/12\/IMG-20241218-WA0071.jpg 1200w\" sizes=\"auto, (max-width: 768px) 100vw, 768px\" \/><\/a><\/figure>\n<\/figure>\n\n\n\n<p><em>Na zdj. \u015aw. Maksymilian<br>Na maksa w Chrystusie \u017cycie to nasze<br>T\u0142o dzia\u0142a\u0144 szata\u0144skich to potwierdza zdecydowanie te\u017c<br>I paradoksalnie<br>Bo szatan zawsze si\u0119 sprzeciwia<br>Bo\u017cym dzieciom<br>Cho\u0107by przez r\u00f3\u017cne s\u0142ugi z\u0142a<br>Takie czy inne bandyckie<br>W \u015bmierci zniewoleniu zniszczeniu<br>Nas naszych i naszego<br>I nawet je\u015bli maligna szata\u0144ska<br>Nakry\u0142a ju\u017c k\u0142amstwem ten \u015bwiat chyba ca\u0142y<br>Na zasadzie kontrastu<br>Walki z dzie\u0107mi Bo\u017cymi<br>Szatana i s\u0142ug r\u00f3\u017cnych jego<br>Czy maj\u0105 \u015bwiadomo\u015b\u0107 czy nie w\u0142a\u015bnie tego<br>\u017be paradoksalnie<br>Przez swe dzie\u0142a z\u0142a<br>Dope\u0142niaj\u0105 szata\u0144skiego ostatecznego \u015bwiata zniszczenia<br>A zapor\u0105 ku temu<br>Jeste\u015bmy my nasi i nasze<br>Dlatego tak nienawidzi nas szatan<br>I ci wszyscy<br>Kt\u00f3rzy wed\u0142ug niego z\u0142o czyni\u0105<br>I chc\u0105 czyni\u0107<br>I ja nikomu \u017ale bynajmniej nie \u017cycz\u0119<br>Kolejne k\u0142amstwo szata\u0144skie<br>Kt\u00f3re ma s\u0142u\u017cy\u0107 nas zniszczeniu<br>Ja tylko bronie siebie swoich i swojego<br>A przy okazji i \u015bwiata te\u017c tego<br>Wbrew wszelkim k\u0142amstwom szata\u0144skim<br>\u017be niby jest inaczej czy na odwr\u00f3t<\/em> <\/p>\n","protected":false},"excerpt":{"rendered":"<p>Dlaczego tak z\u0142o nienawidziNas naszych i naszegoI dlaczego chc\u0119 nas zniszczy\u0107Bo szatan nienawidzi dzieci Bo\u017cychI ich dzie\u0142Bo one s\u0105 z BogaWskazuj\u0105 na Boga w prawdzieA&hellip; <\/p>\n","protected":false},"author":1,"featured_media":0,"parent":0,"menu_order":0,"comment_status":"closed","ping_status":"closed","template":"","meta":{"footnotes":""},"class_list":["post-8882","page","type-page","status-publish","hentry"],"_links":{"self":[{"href":"https:\/\/hubertpietka.bialystok.pl\/index.php?rest_route=\/wp\/v2\/pages\/8882","targetHints":{"allow":["GET"]}}],"collection":[{"href":"https:\/\/hubertpietka.bialystok.pl\/index.php?rest_route=\/wp\/v2\/pages"}],"about":[{"href":"https:\/\/hubertpietka.bialystok.pl\/index.php?rest_route=\/wp\/v2\/types\/page"}],"author":[{"embeddable":true,"href":"https:\/\/hubertpietka.bialystok.pl\/index.php?rest_route=\/wp\/v2\/users\/1"}],"replies":[{"embeddable":true,"href":"https:\/\/hubertpietka.bialystok.pl\/index.php?rest_route=%2Fwp%2Fv2%2Fcomments&post=8882"}],"version-history":[{"count":1,"href":"https:\/\/hubertpietka.bialystok.pl\/index.php?rest_route=\/wp\/v2\/pages\/8882\/revisions"}],"predecessor-version":[{"id":8884,"href":"https:\/\/hubertpietka.bialystok.pl\/index.php?rest_route=\/wp\/v2\/pages\/8882\/revisions\/8884"}],"wp:attachment":[{"href":"https:\/\/hubertpietka.bialystok.pl\/index.php?rest_route=%2Fwp%2Fv2%2Fmedia&parent=8882"}],"curies":[{"name":"wp","href":"https:\/\/api.w.org\/{rel}","templated":true}]}}