{"id":890,"date":"2018-01-29T13:24:24","date_gmt":"2018-01-29T13:24:24","guid":{"rendered":"http:\/\/hubertpietka.bialystok.pl\/?page_id=890"},"modified":"2018-01-29T13:24:24","modified_gmt":"2018-01-29T13:24:24","slug":"zawierzenie","status":"publish","type":"page","link":"https:\/\/hubertpietka.bialystok.pl\/?page_id=890","title":{"rendered":"Zawierzenie"},"content":{"rendered":"<p><strong>Zawierzenie<\/strong><\/p>\n<p>&nbsp;<\/p>\n<p>I<\/p>\n<p>Panie Bo\u017ce,<\/p>\n<p>wierz\u0119,<\/p>\n<p>\u017ce mi pomo\u017cesz!<\/p>\n<p>&nbsp;<\/p>\n<p>\u017be nie opu\u015bcisz,<\/p>\n<p>nie zostawisz,<\/p>\n<p>nie dasz si\u0119 wykrwawi\u0107&#8230;<\/p>\n<p>&nbsp;<\/p>\n<p>II<\/p>\n<p>Mog\u0119 tylko<\/p>\n<p>ufa\u0107 Tobie.<\/p>\n<p>Sam nic nie zrobi\u0119.<\/p>\n<p>&nbsp;<\/p>\n<p>Je\u015bli Ty<\/p>\n<p>tego nie zechcesz,<\/p>\n<p>nic nie b\u0119dzie.<\/p>\n<p>&nbsp;<\/p>\n<p>A ja mog\u0119 tylko \u015bni\u0107&#8230;<\/p>\n<p>&nbsp;<\/p>\n<p>III<\/p>\n<p>Mog\u0119 tylko ufa\u0107 Tobie,<\/p>\n<p>\u017ce spe\u0142nisz moje dobre pragnienia.<\/p>\n<p>Je\u015bli zechcesz,<\/p>\n<p>poruszy si\u0119 niebo i ziemia,<\/p>\n<p>by dobro mog\u0142o trwa\u0107,<\/p>\n<p>by ze z\u0142em wygra\u0107.<\/p>\n<p>&nbsp;<\/p>\n<p>Mog\u0119 tylko ufa\u0107 Tobie,<\/p>\n<p>\u017ce nie pozostan\u0119 w grobie,<\/p>\n<p>lecz i t\u0119 walk\u0119 wygram,<\/p>\n<p>je\u015bli tylko w Tobie wytrwam.<\/p>\n<p>&nbsp;<\/p>\n<p><em>\u00a0\u00a0\u00a0\u00a0\u00a0\u00a0\u00a0\u00a0\u00a0\u00a0\u00a0\u00a0\u00a0\u00a0\u00a0\u00a0\u00a0\u00a0\u00a0\u00a0\u00a0\u00a0\u00a0 &#8230;mog\u0119 tylko ufa\u0107 w Tobie,<\/em><\/p>\n<p><em>\u00a0\u00a0\u00a0\u00a0\u00a0\u00a0\u00a0\u00a0\u00a0\u00a0\u00a0\u00a0\u00a0\u00a0\u00a0\u00a0\u00a0\u00a0\u00a0\u00a0\u00a0\u00a0\u00a0 tylko Tobie!<\/em><\/p>\n","protected":false},"excerpt":{"rendered":"<p>Zawierzenie &nbsp; I Panie Bo\u017ce, wierz\u0119, \u017ce mi pomo\u017cesz! &nbsp; \u017be nie opu\u015bcisz, nie zostawisz, nie dasz si\u0119 wykrwawi\u0107&#8230; &nbsp; II Mog\u0119 tylko ufa\u0107 Tobie.&hellip; <\/p>\n","protected":false},"author":1,"featured_media":0,"parent":0,"menu_order":0,"comment_status":"closed","ping_status":"closed","template":"","meta":{"footnotes":""},"class_list":["post-890","page","type-page","status-publish","hentry"],"_links":{"self":[{"href":"https:\/\/hubertpietka.bialystok.pl\/index.php?rest_route=\/wp\/v2\/pages\/890","targetHints":{"allow":["GET"]}}],"collection":[{"href":"https:\/\/hubertpietka.bialystok.pl\/index.php?rest_route=\/wp\/v2\/pages"}],"about":[{"href":"https:\/\/hubertpietka.bialystok.pl\/index.php?rest_route=\/wp\/v2\/types\/page"}],"author":[{"embeddable":true,"href":"https:\/\/hubertpietka.bialystok.pl\/index.php?rest_route=\/wp\/v2\/users\/1"}],"replies":[{"embeddable":true,"href":"https:\/\/hubertpietka.bialystok.pl\/index.php?rest_route=%2Fwp%2Fv2%2Fcomments&post=890"}],"version-history":[{"count":1,"href":"https:\/\/hubertpietka.bialystok.pl\/index.php?rest_route=\/wp\/v2\/pages\/890\/revisions"}],"predecessor-version":[{"id":891,"href":"https:\/\/hubertpietka.bialystok.pl\/index.php?rest_route=\/wp\/v2\/pages\/890\/revisions\/891"}],"wp:attachment":[{"href":"https:\/\/hubertpietka.bialystok.pl\/index.php?rest_route=%2Fwp%2Fv2%2Fmedia&parent=890"}],"curies":[{"name":"wp","href":"https:\/\/api.w.org\/{rel}","templated":true}]}}