{"id":8900,"date":"2024-12-27T18:19:14","date_gmt":"2024-12-27T18:19:14","guid":{"rendered":"https:\/\/hubertpietka.bialystok.pl\/?page_id=8900"},"modified":"2024-12-27T18:19:14","modified_gmt":"2024-12-27T18:19:14","slug":"zarys-klamliwej-i-przemocowej-dzialalnosci-bandyctwa-ku-zbrodniom","status":"publish","type":"page","link":"https:\/\/hubertpietka.bialystok.pl\/?page_id=8900","title":{"rendered":"Zarys k\u0142amliwej i przemocowej dzia\u0142alno\u015bci \/ bandyctwa ku zbrodniom"},"content":{"rendered":"\n<p>Wszystko k\u0142amliwie u tych bandyt\u00f3w<br>Nie to niby czemu<br>Na skrzy\u017cowaniach ze \u015bwiat\u0142ami<br>Wszyscy stoj\u0105 5m od linii<br>Kiedy ja mam stan\u0105\u0107 zwyczajnie<br>To niby czemu<br>Na ekspres\u00f3wce najcz\u0119\u015bciej<br>\u017be niby ja w spos\u00f3b szalony je\u017cd\u017c\u0119<br>Cho\u0107 nie przekraczam zwykle dopuszczalnej pr\u0119dko\u015bci zbytnio<br>Inni jad\u0105 wolniej ni\u017c zwykle<br>Albo robi si\u0119 t\u0142o odpowiednie<br>Z samochodami na dojazd\u00f3wkach<br>A po co to si\u0119 tak robi<br>Po to w\u0142a\u015bnie<br>By te bandyckie misie<br>Jaki\u015b pretekst mia\u0142y<br>By oni wed\u0142ug tych bandyckich<br>Zap\u0119d\u00f3w szata\u0144skich post\u0119powali<br>Cho\u0107 to nie ma nic wsp\u00f3lnego z prawd\u0105<br>Po to ten bandycki pic na wod\u0119 ca\u0142y<br>Byleby tylko mnie dopa\u015b\u0107<br>A te misie czy inni te\u017c s\u0142u\u017cbi\u015bci<br>Maj\u0105 post\u0119powa\u0107 przecie\u017c wed\u0142ug tych w\u0142a\u015bnie bandyt\u00f3w<\/p>\n\n\n\n<p>Wszystko u nich mija si\u0119 z prawd\u0105<br>Tak\u017ce te ich chore nagrywania<br>Kt\u00f3re te\u017c by\u0107 dla misi\u00f3w bandyckich<br>Maj\u0105 pretekstem<br>Cho\u0107 g\u00f3wno to ma wsp\u00f3lnego z rzeczywisto\u015bci\u0105<br>Bo ci bandyci nagrywaj\u0105 najch\u0119tniej<br>Tam gdzie to nie jest \u017cadnym przest\u0119pstwem<br>Byleby tylko wygl\u0105da\u0142o odpowiednio<\/p>\n\n\n\n<p>I tak ze wszystkim<br>U tych pieprzonych k\u0142amstwem bandyt\u00f3w<br>K\u0142amliwe i podst\u0119pne wszystko<br>Z chorobami przez nich urojonymi<br>Byleby tylko zrobi\u0107 nam krzywd\u0119<br>Tudzie\u017c naszym zwierz\u0119tom<br>Z naszymi niby winami<br>Cho\u0107by \u017cony wobec niby czego\u015b<br>Bo prawda jest taka<br>\u017be my nasi i nasze<br>Po prostu przeszkadzamy tym bandytom<br>W r\u00f3\u017cnych zap\u0119dach szata\u0144skich totalnych<\/p>\n\n\n\n<p>A i te ich parodie<br>Wy\u015bcig\u00f3w i wszelkie<br>Byleby wszystko by\u0142o po bandycku<br>Steruj\u0105 \u015bwiat\u0142ami ruchem ca\u0142ym<br>Robi\u0105 co chc\u0105 ich przydupasy<br>Na nic nie patrz\u0105c<br>Na \u017cadne przepisy<br>Ale im wolno przecie\u017c<br>Bo oni wed\u0142ug bandyt\u00f3w<br>I bandyckie po\u017c\u0105dania szata\u0144skie<br>Przecie\u017c musz\u0105 by\u0107 spe\u0142niane<\/p>\n\n\n\n<p>Szatan lubi parodie i k\u0142amstwa<br>To wszystko czym si\u0119<br>To ca\u0142e bandyctwo nieustannie para<br>Bo w my\u015bl starej zasady ideologii komunistycznej<br>Jak prawda nie zgadza si\u0119<br>Jako\u015b z nimi i z ich bandyctwem<br>To tym gorzej dla prawdy<br>Wszystko byleby tylko<br>By\u0142y spe\u0142niane wszelkie szata\u0144skie bandyckie po\u017c\u0105dania<\/p>\n\n\n\n<p>I tak samo z ich r\u00f3\u017cnymi przej\u015bciami<br>Czytaj napa\u015bciami<br>Od Podwilka po misi\u00f3w<br>Czy innych psychopat\u00f3w czy slu\u017cbist\u00f3w<br>Wszystko parodi\u0105 tu prawdy<br>Lub wierutnym k\u0142amstwem<br>Byleby tylko by\u0142y spe\u0142niane<br>Wszelkie zap\u0119dy bandyckie<br>Mnie zniewoleniu \u017cony i zabiciu<br>Tych zwierz\u0105t r\u00f3\u017cnych naszych<br>Przecie\u017c wszystko mo\u017cna<br>Wed\u0142ug nienawistnej przemocy prymatu<\/p>\n\n\n\n<p>Tworz\u0105 jak\u0105\u015b pararzeczywisto\u015b\u0107<br>Urojone winy jakie\u015b przedstawiaj\u0105<br>Wobec tych kt\u00f3rzy im nie pasuj\u0105 w czym\u015b<br>Byleby tylko wszystko po bandycku<br>Oni s\u0105 ju\u017c chyba chorzy<br>Na zlowrogo\u015b\u0107 i nienawi\u015b\u0107<br>A sk\u0105d \u017cesz i ten<br>Wsp\u00f3\u0142czesny m\u0119czennik\u00f3w barbarzy\u0144stwa poczet<br>Bo cywilizowani si\u0119 ludob\u00f3jstwem<br>Niestety ale nie paraj\u0105<br>Jakikolwiek podawaliby pow\u00f3d tego urojony<br>Nic nie usprawiedliwia \u017cadnych zbrodni<br>I tak wszystko to bandyctwo<br>Byleby k\u0142amliwie i z\u0142owrogo<br>Byleby tryumfowa\u0142o wszelkie szata\u0144stwo<br>Bo te ich przymioty<br>S\u0105 w szatana paradygmacie \u015bcis\u0142ym<\/p>\n\n\n\n<figure class=\"wp-block-gallery has-nested-images columns-default is-cropped wp-block-gallery-1 is-layout-flex wp-block-gallery-is-layout-flex\">\n<figure class=\"wp-block-image size-large\"><a href=\"https:\/\/hubertpietka.bialystok.pl\/wp-content\/uploads\/2024\/12\/IMG-20241227-WA0060.jpg\"><img loading=\"lazy\" decoding=\"async\" width=\"768\" height=\"1024\" data-id=\"8901\" src=\"https:\/\/hubertpietka.bialystok.pl\/wp-content\/uploads\/2024\/12\/IMG-20241227-WA0060-768x1024.jpg\" alt=\"\" class=\"wp-image-8901\" srcset=\"https:\/\/hubertpietka.bialystok.pl\/wp-content\/uploads\/2024\/12\/IMG-20241227-WA0060-768x1024.jpg 768w, https:\/\/hubertpietka.bialystok.pl\/wp-content\/uploads\/2024\/12\/IMG-20241227-WA0060-225x300.jpg 225w, https:\/\/hubertpietka.bialystok.pl\/wp-content\/uploads\/2024\/12\/IMG-20241227-WA0060-1152x1536.jpg 1152w, https:\/\/hubertpietka.bialystok.pl\/wp-content\/uploads\/2024\/12\/IMG-20241227-WA0060.jpg 1200w\" sizes=\"auto, (max-width: 768px) 100vw, 768px\" \/><\/a><\/figure>\n<\/figure>\n\n\n\n<p><em>Na zdj. \u015aw. Franciszek i Antoni i zwierz\u0119ta<br>Symbole nas i naszego<br>Cele tego bandyctwa i szata\u0144stwa<br>Bo to idzie niestety r\u00f3wnolegle<br>A dowodem na to te\u017c<br>Bandycka dzia\u0142alno\u015b\u0107 w ko\u015bciele \u015bwi\u0119tym<br>Te ich pacynki i parodie te\u017c r\u00f3\u017cne<br>K\u0142amliwe ideologiczne nowomowy<br>Byleby tylko wszelkie bandyctwa diabelskie<br>Mog\u0142y by\u0107 niby usprawiedliwione<br>Ale nic nie usprawiedliwi<br>K\u0142amstw zbrodniczych i szata\u0144skich parodii<br>Mimo \u017ce czyni\u0105 to te\u017c<br>L\u0119kiem zastraszaniem szanta\u017cem i przemoc\u0105<br>Mimo \u017ce za k\u0142amstwa i zbrodnie<br>Te\u017c niekt\u00f3rym p\u0142ac\u0105 zepsutym<br>Srebrnikami zabrudzonymi we krwi<br>Tak naprawd\u0119 r\u00f3\u017cnych niewinnych<br>Kt\u00f3rych jedyn\u0105 win\u0105<br>\u017be przeszkadzaj\u0105 w czym\u015b bandytom<\/em><\/p>\n","protected":false},"excerpt":{"rendered":"<p>Wszystko k\u0142amliwie u tych bandyt\u00f3wNie to niby czemuNa skrzy\u017cowaniach ze \u015bwiat\u0142amiWszyscy stoj\u0105 5m od liniiKiedy ja mam stan\u0105\u0107 zwyczajnieTo niby czemuNa ekspres\u00f3wce najcz\u0119\u015bciej\u017be niby ja&hellip; <\/p>\n","protected":false},"author":1,"featured_media":0,"parent":0,"menu_order":0,"comment_status":"closed","ping_status":"closed","template":"","meta":{"footnotes":""},"class_list":["post-8900","page","type-page","status-publish","hentry"],"_links":{"self":[{"href":"https:\/\/hubertpietka.bialystok.pl\/index.php?rest_route=\/wp\/v2\/pages\/8900","targetHints":{"allow":["GET"]}}],"collection":[{"href":"https:\/\/hubertpietka.bialystok.pl\/index.php?rest_route=\/wp\/v2\/pages"}],"about":[{"href":"https:\/\/hubertpietka.bialystok.pl\/index.php?rest_route=\/wp\/v2\/types\/page"}],"author":[{"embeddable":true,"href":"https:\/\/hubertpietka.bialystok.pl\/index.php?rest_route=\/wp\/v2\/users\/1"}],"replies":[{"embeddable":true,"href":"https:\/\/hubertpietka.bialystok.pl\/index.php?rest_route=%2Fwp%2Fv2%2Fcomments&post=8900"}],"version-history":[{"count":1,"href":"https:\/\/hubertpietka.bialystok.pl\/index.php?rest_route=\/wp\/v2\/pages\/8900\/revisions"}],"predecessor-version":[{"id":8902,"href":"https:\/\/hubertpietka.bialystok.pl\/index.php?rest_route=\/wp\/v2\/pages\/8900\/revisions\/8902"}],"wp:attachment":[{"href":"https:\/\/hubertpietka.bialystok.pl\/index.php?rest_route=%2Fwp%2Fv2%2Fmedia&parent=8900"}],"curies":[{"name":"wp","href":"https:\/\/api.w.org\/{rel}","templated":true}]}}