{"id":8913,"date":"2024-12-29T16:10:59","date_gmt":"2024-12-29T16:10:59","guid":{"rendered":"https:\/\/hubertpietka.bialystok.pl\/?page_id=8913"},"modified":"2024-12-29T16:10:59","modified_gmt":"2024-12-29T16:10:59","slug":"instynkty-demoralizujace-wszystkich-od-rodziny-po-innych","status":"publish","type":"page","link":"https:\/\/hubertpietka.bialystok.pl\/?page_id=8913","title":{"rendered":"Instynkty demoralizuj\u0105ce wszystkich \/ od rodziny po innych"},"content":{"rendered":"\n<p>\u017ba\u0142osna to rzecz bardzo<br>By\u0107 na posy\u0142ki bandyckie<br>To dotyczy nie tylko<br>Tej podwijki i psychopat\u00f3w innych<br>Wed\u0142ug tego jak dzia\u0142aj\u0105<br>Tak\u017ce tych misi\u00f3w bandyckich<br>Czy zreszt\u0105 jakichkolwiek bandyckich s\u0142u\u017calc\u00f3w<br>Czy prywatnych czy s\u0142u\u017cbistowych<br>Bo oni oczekuj\u0105 od nich<br>R\u00f3\u017cnych bandyctw k\u0142amstw i napa\u015bci<br>Wed\u0142ug nomenklatury szata\u0144skiej<br>Byleby tylko spe\u0142nia\u0107 z\u0142a zap\u0119dy<br>A bardzo to jest \u017ca\u0142osne<br>S\u0142u\u017cy\u0107 z\u0142u i tym<br>Kt\u00f3rzy z\u0142a oczekuj\u0105 od kogo\u015b<br>Zreszt\u0105 nie tylko dla nas<br>Naszego i naszych<br>Ale dla kogokolwiek<br>Bior\u0105c te\u017c pod uwag\u0119 cho\u0107by<br>Te bestialstwa barbarzy\u0144skiego wsp\u00f3\u0142czesnego ludob\u00f3jstwa<br>A czy\u017c to wszystko<br>Nie jest te\u017c jako\u015b<br>Powi\u0105zane jakim\u015b z\u0142owrogim kluczem<\/p>\n\n\n\n<p>\/<\/p>\n\n\n\n<p>A jak si\u0119 nie udaje<br>Z podwijk\u0105 innymi psychopatami<br>Misiami i tak dalej<br>To zawsze mo\u017cna wykorzysta\u0107<br>R\u00f3\u017cne ludzkie trudne instynkty<br>Cho\u0107by rodziny bli\u017cszej i dalszej<br>Zastraszaniem szkodzeniem r\u00f3\u017cnym szanta\u017cem<\/p>\n\n\n\n<p>\u017bona ta moja wiernie<br>Za mn\u0105 zawsze stoi<br>To trzeba ich wykorzysta\u0107 r\u00f3\u017cnych<br>A chyba najpierw j\u0105 usun\u0105\u0107<br>By rozgrywa\u0107 wszystko po bandycku<br>Czyli wykorzystuj\u0105c instynkty trudne rodziny<br>Przez nich zreszt\u0105 powodowane bandycko<br>Mnie wsadzi\u0107 gdzie<br>Ma nie by\u0107 \u015bwiat\u0142a wiele<br>I nawet moje gesty r\u00f3\u017cne<br>Ich chroni\u0105ce tak naprawd\u0119<br>Mo\u017cna wykorzysta\u0107 ku temu te\u017c<br>Tak dzia\u0142a to bandyctwo<br>I ci kt\u00f3rzy post\u0119powa\u0107 chc\u0105<br>Wed\u0142ug nich<\/p>\n\n\n\n<p>Z b\u00f3lem serca to pisz\u0119<br>Bo wie tylko B\u00f3g<br>Ile za nich trud\u00f3w modlitwy<br>I to wszystko<br>Ma by\u0107 zmia\u017cd\u017cone przez<br>Ob\u0142ud\u0119 szatana i bandyt\u00f3w tych<\/p>\n\n\n\n<p><strong>Dzi\u015b \u015awi\u0119tej Rodziny<br>To tak jakby ich bliscy<br>Walczyli przeciwko nim<br>Tak jakby szanta\u017cowano ich<br>\u017be albo Jezus i Maryja<br>Albo oni<br>I jeszcze ma\u0142y drobiazg<br>Ale do\u015b\u0107 istotny te\u017c chyba<br>\u017be je\u015bli mnie zmia\u017cd\u017c\u0105 jakkolwiek<br>To i ten \u015bwiat te\u017c b\u0119dzie zmia\u017cd\u017cony<br>B\u00f3g tak powiedzia\u0142<br>I o to szatanowi chodzi<\/strong><\/p>\n\n\n\n<p>Tak\u017ce jest to do\u015b\u0107 przykre<br>\u017be zara\u017cani s\u0105 szata\u0144sk\u0105 ob\u0142ud\u0105<br>I zawi\u015bci\u0105 r\u00f3\u017cni ludzie<br>Nawet ci dalsi i bliscy<br>Co z tego te\u017c<br>\u017be nie wierz\u0105 Bogu<br>Niech ze wzgl\u0119du<br>Na sam ten totalizm z\u0142a<br>Kt\u00f3ry ma dotyka\u0107 nas<br>Ci\u0105gle w nas uderza<br>Niech poprzez to chocia\u017c uwierz\u0105<\/p>\n\n\n\n<p>A ja dalej jak mantr\u0119<br>Mimo wszystko<br>Je\u015bli cokolwieczunio<br>I ani mi Ani jakkolwiek<br>To zobacz\u0105 nie tylko<br>Ci bandyci r\u00f3\u017cni<\/p>\n\n\n\n<p>Ps. A \u017ce oni uderzaj\u0105<br>Te\u017c w nich to wiem<br>Trudno by by\u0142o inaczej<br>Skoro zawsze chc\u0105<br>Uderza\u0107 szata\u0144sko w nas naszych i nasze<br>Jedni trac\u0105 prac\u0119<br>Inni nie mog\u0105 jej znale\u017a\u0107<br>I tym podobne i tak te\u017c zapewne dalej<br>Lecz ludzie obok<br>Powinni mie\u0107 te\u017c wk\u0142ad sw\u00f3j<br>W tej naszej \u015bmiertelnej walce<br>Nie tylko o nasze \u017cycie<br>Lecz i \u017cycie \u015bwiata<br>Dlaczego pom\u00f3c si\u0119 nie staraj\u0105<br>Walka o dobro prawd\u0119 pi\u0119kno<br>Sama si\u0119 nie wygra<br>Kiedy ludzie b\u0119d\u0105 oboj\u0119tni<br>Nie chc\u0105c przy\u0142o\u017cy\u0107 swej r\u0119ki<br>Ku w tym \u015bwiecie dobrym r\u00f3\u017cnym warto\u015bciom<br>Nie tylko dla nas<br>Naszego i naszych<br>Tak\u017ce tych kt\u00f3rych z\u0142e instynkty<br>Pr\u00f3buje wykorzysta\u0107 to bandyctwo<br>Jak najmocniej zezwierz\u0119ci\u0107 ich<br>W tym znaczeniu<br>\u017be mo\u017cna wszystko nawet te\u017c<br>Bogu przeciwko<br>Byleby tylko na swoim by\u0142o<br>Nawet je\u015bli przez trzy dni<\/p>\n\n\n\n<figure class=\"wp-block-image size-large\"><a href=\"https:\/\/hubertpietka.bialystok.pl\/wp-content\/uploads\/2024\/12\/IMG-20241228-WA0050.jpg\"><img loading=\"lazy\" decoding=\"async\" width=\"1024\" height=\"768\" src=\"https:\/\/hubertpietka.bialystok.pl\/wp-content\/uploads\/2024\/12\/IMG-20241228-WA0050-1024x768.jpg\" alt=\"\" class=\"wp-image-8914\" srcset=\"https:\/\/hubertpietka.bialystok.pl\/wp-content\/uploads\/2024\/12\/IMG-20241228-WA0050-1024x768.jpg 1024w, https:\/\/hubertpietka.bialystok.pl\/wp-content\/uploads\/2024\/12\/IMG-20241228-WA0050-300x225.jpg 300w, https:\/\/hubertpietka.bialystok.pl\/wp-content\/uploads\/2024\/12\/IMG-20241228-WA0050-768x576.jpg 768w, https:\/\/hubertpietka.bialystok.pl\/wp-content\/uploads\/2024\/12\/IMG-20241228-WA0050-1536x1152.jpg 1536w, https:\/\/hubertpietka.bialystok.pl\/wp-content\/uploads\/2024\/12\/IMG-20241228-WA0050.jpg 1600w\" sizes=\"auto, (max-width: 1024px) 100vw, 1024px\" \/><\/a><\/figure>\n\n\n\n<p><em>Na zdj. Stajenka betlejemska<br>W sanktuarium MB Mi\u0142osierdzia tym \u0142apskim<br>Brudne \u0142apy czy czyste r\u0119ce<br>Z Bogiem i z warto\u015bciami<br>Po drodze czy<br>Z bandyctwem tym ca\u0142ym mo\u017ce<br>Kogokolwiek to dotyczy<br>Od rodziny bliskiej dalszej<br>Po kr\u0119gi r\u00f3\u017cne szersze<br>A ja ufam Panie<br>Twej \u0142asce i Twemu mi\u0142osierdziu<\/em><\/p>\n","protected":false},"excerpt":{"rendered":"<p>\u017ba\u0142osna to rzecz bardzoBy\u0107 na posy\u0142ki bandyckieTo dotyczy nie tylkoTej podwijki i psychopat\u00f3w innychWed\u0142ug tego jak dzia\u0142aj\u0105Tak\u017ce tych misi\u00f3w bandyckichCzy zreszt\u0105 jakichkolwiek bandyckich s\u0142u\u017calc\u00f3wCzy prywatnych&hellip; <\/p>\n","protected":false},"author":1,"featured_media":0,"parent":0,"menu_order":0,"comment_status":"closed","ping_status":"closed","template":"","meta":{"footnotes":""},"class_list":["post-8913","page","type-page","status-publish","hentry"],"_links":{"self":[{"href":"https:\/\/hubertpietka.bialystok.pl\/index.php?rest_route=\/wp\/v2\/pages\/8913","targetHints":{"allow":["GET"]}}],"collection":[{"href":"https:\/\/hubertpietka.bialystok.pl\/index.php?rest_route=\/wp\/v2\/pages"}],"about":[{"href":"https:\/\/hubertpietka.bialystok.pl\/index.php?rest_route=\/wp\/v2\/types\/page"}],"author":[{"embeddable":true,"href":"https:\/\/hubertpietka.bialystok.pl\/index.php?rest_route=\/wp\/v2\/users\/1"}],"replies":[{"embeddable":true,"href":"https:\/\/hubertpietka.bialystok.pl\/index.php?rest_route=%2Fwp%2Fv2%2Fcomments&post=8913"}],"version-history":[{"count":1,"href":"https:\/\/hubertpietka.bialystok.pl\/index.php?rest_route=\/wp\/v2\/pages\/8913\/revisions"}],"predecessor-version":[{"id":8915,"href":"https:\/\/hubertpietka.bialystok.pl\/index.php?rest_route=\/wp\/v2\/pages\/8913\/revisions\/8915"}],"wp:attachment":[{"href":"https:\/\/hubertpietka.bialystok.pl\/index.php?rest_route=%2Fwp%2Fv2%2Fmedia&parent=8913"}],"curies":[{"name":"wp","href":"https:\/\/api.w.org\/{rel}","templated":true}]}}