{"id":8917,"date":"2024-12-29T23:28:48","date_gmt":"2024-12-29T23:28:48","guid":{"rendered":"https:\/\/hubertpietka.bialystok.pl\/?page_id=8917"},"modified":"2024-12-29T23:28:48","modified_gmt":"2024-12-29T23:28:48","slug":"wyimki-zla-totalnosci-i-podstepow-tego-bandyctwa-calego","status":"publish","type":"page","link":"https:\/\/hubertpietka.bialystok.pl\/?page_id=8917","title":{"rendered":"Wyimki z\u0142a totalno\u015bci i podst\u0119p\u00f3w \/ tego bandyctwa ca\u0142ego"},"content":{"rendered":"\n<p>1.<br>Szatan i ci bandyci<br>Zawsze kota do g\u00f3ry nogami<br>Odwraca\u0107 b\u0119d\u0105 pokr\u0119tnie<br>\u017be ja \u017ce podwijka misie<br>A teraz rodzina itp<br>Zawsze niewinnych ludzi czepia si\u0119<br>Tak nie pasuje im<br>Ta obrona s\u0142owem<br>A jak tacy niewinni oni<br>To dlaczego chc\u0105 napada\u0107 ci\u0105gle<br>Ach nie dop\u00f3ki nie napadn\u0105<br>Bandycko pod\u0142ug nich tacy r\u00f3\u017cni<br>I tak ci\u0105gle ci bandyci<br>Po szata\u0144sku<br>Jak nie z tej<br>To uderzy\u0107 ze strony tamtej<\/p>\n\n\n\n<p>Jak nie we mnie<br>To w \u017con\u0119<br>Lub chocia\u017c w te zwierz\u0119ta<br>Lub samochody czy schronienia nasze<br>Szatan i ci bandyci<br>Zawsze znajd\u0105 obiekty swej nienawi\u015bci<\/p>\n\n\n\n<p>I te\u017c z naszymi r\u00f3\u017cnymi<br>Mimo wszystko<br>Mimo wykorzystywania ich r\u00f3\u017cnych s\u0142abo\u015bci<br>A ta podwijka misie i inni bandyci<br>Pewnie \u017ce niewinni zawsze<br>Winni zawsze my jeste\u015bmy przecie\u017c<br>Tego \u017ce oni chc\u0105 nas<br>Napada\u0107 prowokowa\u0107 itp<br>I niewa\u017cne \u017ce ju\u017c pr\u00f3bowali<br>Chyba niezliczon\u0105 ilo\u015b\u0107 razy<br>Podobnie z nas zabijaniem<br>Jakimkolwiek zreszt\u0105 szkodzeniem<br>Nam naszemu i naszym<\/p>\n\n\n\n<p>2.<br>Czy to ja rzeczywi\u015bcie<br>Chc\u0119 wszystkich wp\u0119dzi\u0107 do grobu<br>Cytuj\u0119 tu niekt\u00f3rych<br>Od bliskich po wszystkich<br>Czy to raczej morduj\u0105 jednak ci bandyci<br>Oczywi\u015bcie mnie oskar\u017caj\u0105c za wszystkie<br>Swe zbrodnie<br>Bo si\u0119 broni\u0119<br>Nie pozwalam si\u0119 zabi\u0107 zniewoli\u0107<br>Siebie swego i swoich<br>Zniszczy\u0107 zgwa\u0142ci\u0107 czy co jeszcze<br>Czy to ja to robi\u0119<br>Czy oni realizuj\u0105 d\u0105\u017cenia zbrodni<br>Ja si\u0119 tylko broni\u0119<br>Zreszt\u0105 g\u0142\u00f3wnie s\u0142owem<\/p>\n\n\n\n<p>Nie pasuje im to te\u017c<br>Zreszt\u0105 i wszystko<br>Co jest z nas<br>Wszyscy wszystko robi\u0107 mog\u0105<br>M\u00f3wi\u0105 nawet znacznie gorzej<br>I te\u017c cho\u0107by oni<br>Ale ty nie mo\u017cesz<br>Nawet w nat\u0119\u017ceniu ich bandyctwa<br>W jakim\u015b afekcie co\u015b<br>wypowiedziane<br>Za wszystko mo\u017cna oskar\u017ca\u0107<br>A kt\u00f3\u017c nieustannie oskar\u017ca<br>Dzieci Bo\u017ce jak nie szatan<\/p>\n\n\n\n<p>Szatan jest poza tym<br>Psychologiem przewrotnie doskona\u0142ym<br>Zna s\u0142abo\u015bci ludzkie<br>Wie jak je wykorzysta\u0107<br>Ku z\u0142u dla cz\u0142owieka<br>Przecie\u017c nie ku dobru<br>Podobnie i ci bandyci<br>Genetycznie zgodni z nim<br>Chyba we wszystkim<br>Oni wiedz\u0105 t\u0105 wiedz\u0105 jego<br>Jak prowokowa\u0107 itp<br>I wszystko co z\u0142e dla nas jest<br>To oczywi\u015bcie przypadkowo<br>A za ka\u017cde dla nas te\u017c dobro<br>Chc\u0105 kara\u0107 przewrotnie<br>\u015aci\u015ble z szatanem zgodnie<br>Co im s\u0142u\u017cy ku z\u0142u dla nas<br>To jest przypadkowe i ok<br>A jak\u017ce<br>A dobra dla nas trzeba<br>Te\u017c ogranicza\u0107 skrajnie i fundamentalnie<br>Tak\u017ce sami widzicie<br>Jak w pe\u0142ni szata\u0144skie<br>Jest to ca\u0142e bandyctwo<br>Oskar\u017ca\u0107 nieustannie<br>Z\u0142o zadawa\u0107 ci\u0105gle na okr\u0105g\u0142o<br>Nam naszemu i naszym<br>\u015amier\u0107 zniewolenie gwa\u0142t zniszczenie<br>To dla nas maj\u0105<br>I k\u0142ami\u0105 ob\u0142udnie<br>Byleby tylko w nas uderza\u0107<br>Przez takich czy innych zreszt\u0105<br>W ka\u017cdym czasie i w miejscu te\u017c ka\u017cdym<br>D\u0142ugo by to wszystko opisa\u0107<br>St\u0105d wyimki tylko<\/p>\n\n\n\n<p>3.<br>I wpadli niby<br>Na ich zdaniem doskona\u0142y wybieg<br>\u017beby z rodzin\u0105 dalsz\u0105 bli\u017csz\u0105<br>Czy z innymi<br>Unie\u015bcie mnie w psycho-uszce<br>\u017beby niby wilk by\u0142 syty<br>I owca ca\u0142a i tak i dalej<br>A w tym czasie zabi\u0107 \u017con\u0119 oczywi\u015bcie<br>Co u\u0142atwi im te\u017c we wszystkim<br>A najlepiej zrobi\u0107 ze mnie<br>Nie wiem co\u015b na ro\u015blinki kszta\u0142t chyba<br>Dzisiaj to da si\u0119<br>R\u00f3\u017cnymi lekami cho\u0107by<br>Albo zabi\u0107 po prostu<br>Mam swoje schorzenia przecie\u017c<br>Kt\u00f3re mo\u017cna wykorzysta\u0107 odpowiednio<br>I niby wszystko b\u0119dzie dobrze<br>Ciekawe tylko czy B\u00f3g<br>Pozwoli z siebie szydzi\u0107<br>Bo nie ja to wszystko<br>Tak wymy\u015bli\u0142em<br>I to co mnie dotyczy<br>Tak\u017ce takie zabiegi wybiegi wszystkie<br>Byleby tylko zabi\u0107 zniewoli\u0107 zniszczy\u0107<br>I to ma by\u0107 niby<br>Ten salomonowy wybieg<br>Kt\u00f3ry tak naprawd\u0119 spowoduje<br>Z\u0142o nie tylko dla nas<br>Ale i dla wszystkich<br>Do tego d\u0105\u017c\u0105 nieustannie<br>To bandyctwo ca\u0142e<br>I wszelcy im podobni<br>W niemoralnym my\u015bleniu<br>I d\u0105\u017ceniu dla nas<br>Do r\u00f3\u017cnych zbrodni<br>Byleby tylko chroni\u0107 siebie swoich<br>Przed tego bandyctwa przecie\u017c zbrodniami<br>Tych z kt\u00f3rymi si\u0119 uk\u0142adaj\u0105<br>Ku zgubi\u0119 z kolei te\u017c dla nas<br>Ciekawe co na to i Pan B\u00f3g<br>Kiedy zostanie zawarty<br>Ten pakt z szatanem<br>Przeciwko nam i zostanie zrealizowany<br>Przez zreszt\u0105 kogokolwiek<\/p>\n\n\n\n<p>4.<br><strong>Dzi\u015b by\u0142o \u015awi\u0119tej Rodziny<br>Takie refleksje smutne<br>Przy tej te\u017c okazji<br>Spowodowane dzia\u0142alno\u015bci\u0105 bandyctwa i szatana<br>Byleby tylko wszystko<br>Ku z\u0142u dla nas<br>To ju\u017c troch\u0119 wygl\u0105da tak<br>\u017be niewa\u017cne jak<br>Byleby tylko spe\u0142ni\u0107 diabelskie<br>D\u0105\u017cenia i zap\u0119dy<br>Ku z\u0142u nienawistnemu i z\u0142owrogiemu<br>A jak wida\u0107<br>Maj\u0105 du\u017co ku temu<br>R\u00f3\u017cnych mo\u017cliwo\u015bci cho\u0107by tu wskazanych<br>Czy te\u017c gdzie indziej wcze\u015bniej<br>To wszystko w ca\u0142o\u015bci<br>By\u0142oby opisa\u0107 raczej trudno<br>Mog\u0142oby nie starczy\u0107 si\u0142<br>Z nadmiaru z\u0142a<br>Kt\u00f3re oni chc\u0105 serwowa\u0107<br>I serwuj\u0105 na r\u00f3\u017cne sposoby<br>Nam naszemu i naszym<\/strong><\/p>\n\n\n\n<figure class=\"wp-block-gallery has-nested-images columns-default is-cropped wp-block-gallery-1 is-layout-flex wp-block-gallery-is-layout-flex\">\n<figure class=\"wp-block-image size-large\"><a href=\"https:\/\/hubertpietka.bialystok.pl\/wp-content\/uploads\/2024\/12\/IMG-20241229-WA0010.jpg\"><img loading=\"lazy\" decoding=\"async\" width=\"1024\" height=\"768\" data-id=\"8918\" src=\"https:\/\/hubertpietka.bialystok.pl\/wp-content\/uploads\/2024\/12\/IMG-20241229-WA0010-1024x768.jpg\" alt=\"\" class=\"wp-image-8918\" srcset=\"https:\/\/hubertpietka.bialystok.pl\/wp-content\/uploads\/2024\/12\/IMG-20241229-WA0010-1024x768.jpg 1024w, https:\/\/hubertpietka.bialystok.pl\/wp-content\/uploads\/2024\/12\/IMG-20241229-WA0010-300x225.jpg 300w, https:\/\/hubertpietka.bialystok.pl\/wp-content\/uploads\/2024\/12\/IMG-20241229-WA0010-768x576.jpg 768w, https:\/\/hubertpietka.bialystok.pl\/wp-content\/uploads\/2024\/12\/IMG-20241229-WA0010-1536x1152.jpg 1536w, https:\/\/hubertpietka.bialystok.pl\/wp-content\/uploads\/2024\/12\/IMG-20241229-WA0010.jpg 1600w\" sizes=\"auto, (max-width: 1024px) 100vw, 1024px\" \/><\/a><\/figure>\n<\/figure>\n\n\n\n<p><em>Na zdj. Jezus Mi\u0142osierny i Jan Chrzciciel<br>W ko\u015bciele w\u0142a\u015bnie \u015awi\u0119tej Rodziny<br>Chyba nieprzypadkowe tu ich zestawienie<br>Bior\u0105c pod uwag\u0119 wszystko<br>Co nas dotyczy<br>Cho\u0107by ze strony tego bandyctwa<br>Ale i innych tak\u017ce<br>A B\u00f3g wie czemu<br>Odniesienie takie w\u0142a\u015bnie<br>B\u00f3g si\u0119 nie myli<br>Wbrew k\u0142amstwom szata\u0144skim<\/em><\/p>\n","protected":false},"excerpt":{"rendered":"<p>1.Szatan i ci bandyciZawsze kota do g\u00f3ry nogamiOdwraca\u0107 b\u0119d\u0105 pokr\u0119tnie\u017be ja \u017ce podwijka misieA teraz rodzina itpZawsze niewinnych ludzi czepia si\u0119Tak nie pasuje imTa obrona&hellip; <\/p>\n","protected":false},"author":1,"featured_media":0,"parent":0,"menu_order":0,"comment_status":"closed","ping_status":"closed","template":"","meta":{"footnotes":""},"class_list":["post-8917","page","type-page","status-publish","hentry"],"_links":{"self":[{"href":"https:\/\/hubertpietka.bialystok.pl\/index.php?rest_route=\/wp\/v2\/pages\/8917","targetHints":{"allow":["GET"]}}],"collection":[{"href":"https:\/\/hubertpietka.bialystok.pl\/index.php?rest_route=\/wp\/v2\/pages"}],"about":[{"href":"https:\/\/hubertpietka.bialystok.pl\/index.php?rest_route=\/wp\/v2\/types\/page"}],"author":[{"embeddable":true,"href":"https:\/\/hubertpietka.bialystok.pl\/index.php?rest_route=\/wp\/v2\/users\/1"}],"replies":[{"embeddable":true,"href":"https:\/\/hubertpietka.bialystok.pl\/index.php?rest_route=%2Fwp%2Fv2%2Fcomments&post=8917"}],"version-history":[{"count":1,"href":"https:\/\/hubertpietka.bialystok.pl\/index.php?rest_route=\/wp\/v2\/pages\/8917\/revisions"}],"predecessor-version":[{"id":8919,"href":"https:\/\/hubertpietka.bialystok.pl\/index.php?rest_route=\/wp\/v2\/pages\/8917\/revisions\/8919"}],"wp:attachment":[{"href":"https:\/\/hubertpietka.bialystok.pl\/index.php?rest_route=%2Fwp%2Fv2%2Fmedia&parent=8917"}],"curies":[{"name":"wp","href":"https:\/\/api.w.org\/{rel}","templated":true}]}}