{"id":8927,"date":"2025-01-01T15:25:06","date_gmt":"2025-01-01T15:25:06","guid":{"rendered":"https:\/\/hubertpietka.bialystok.pl\/?page_id=8927"},"modified":"2025-01-01T15:25:06","modified_gmt":"2025-01-01T15:25:06","slug":"postanowienia-szatanskie-bandyctwa-noworocznie-przewrotne-skuteczniejszego-niszczenia-obiektow-hubalowych-przez-takich-czy-innych-zreszta","status":"publish","type":"page","link":"https:\/\/hubertpietka.bialystok.pl\/?page_id=8927","title":{"rendered":"Postanowienia szata\u0144skie bandyctwa \/ noworocznie przewrotne \/\/ skuteczniejszego niszczenia obiekt\u00f3w hubalowych \/\/\/ przez takich czy innych zreszt\u0105"},"content":{"rendered":"\n<p>Nowy Rok nowym rokiem<br>A dla bandyctwa po staremu<br>Byleby tylko realizowa\u0107 szata\u0144skie zap\u0119dy<br>R\u00f3\u017cnych zbrodni<br>A mo\u017ce z Nowym Rokiem<br>Maj\u0105 odpowiednio przewrotne postanowienie<br>By jeszcze bardziej realizowa\u0107<br>Zbrodnie r\u00f3\u017cne i bandyctwa<br>Wobec nas naszego i naszych<br>Ale nie tylko chyba<\/p>\n\n\n\n<p>Oni jako wytrawni kunktatorzy<br>Obmy\u015blaj\u0105 zawsze obiekty swych zbrodni<br>I przewrotne podej\u015bcie do tych<br>Dajcie im obiekt nienawi\u015bci<br>A k\u0142amliwie z\u0142owrogo wszystko ziszcz\u0105<br>Tak z \u017con\u0105<br>Jaki spos\u00f3b i gdzie<br>Obmy\u015blaj\u0105 zawsze do zap\u0119d\u00f3w zbrodniczych<br>Wszystko jedno \u015bmier\u0107 gwa\u0142t porwanie<br>Czy co tam byleby i tylko uderza\u0107<br>A wszystko pod pretekstem k\u0142amliwym<br>Wszystko ob\u0142udnie<br>Podobnie wobec tych zwierz\u0105t<br>Byleby tylko pozbawi\u0107 mnie jej<br>I tych\u017ce<br>Znajd\u0105 tysi\u0105c usprawiedliwie\u0144 zbrodni r\u00f3\u017cnych<br>Niby ku jakiemu\u015b nowemu dobru<br>Jakby zniszczenie i \u015bmier\u0107<br>Mia\u0142yby by\u0107 dobro buduj\u0105ce<br>Podobnie zapewne z naszymi r\u00f3\u017cnymi<br>W tej samej pod\u0142ej dialektyce<br>Niby sprawiedliwo\u015bci jakiej\u015b<br>Niewa\u017cne \u017ce pod\u0142ej ob\u0142udnej przewrotnej<br>\u015aci\u015ble szata\u0144skiej<\/p>\n\n\n\n<p>W ten spos\u00f3b te\u017c cho\u0107by<br>Chc\u0105 mnie pozbawi\u0107 pi\u0142ki<br>Zawsze se znajd\u0105 przecie\u017c prowokator\u00f3w<br>Uderzaj\u0105cych akurat przypadkowo we mnie<br>Zreszt\u0105 i gdziekolwiek<br>Takich kt\u00f3rzy maj\u0105<br>Bardzo du\u017ce o sobie mniemanie<br>I dzia\u0142aj\u0105 te\u017c \u015bci\u015ble<br>Wed\u0142ug po\u017c\u0105da\u0144 tego bandyctwa<br>A przecie\u017c mnie nas<br>Trzeba pozbawi\u0107 ka\u017cdego dobra<br>Kt\u00f3re nam s\u0142u\u017cy<br>Wiadomo \u017ce sport s\u0142u\u017cy zdrowiu<br>A to nie pasuje bandyctwu<br>I im podobnym<br>By\u015bmy byli silni i zdrowi<\/p>\n\n\n\n<p>I tak ze wszystkim<br>Z tym ca\u0142ym bandyctwem<br>Byleby tylko uderza\u0107<br>W co\u015b co jest dobrem<br>Dla nas lub te\u017c p\u0142ynie<br>Przez nas<br>Oczywi\u015bcie wszystko pod pretekstem fa\u0142szywym<br>Wed\u0142ug szatana \u015bci\u015ble<br>Jakby jakie\u015b z\u0142o mia\u0142o<br>S\u0142u\u017cy\u0107 dobru wymiernie<\/p>\n\n\n\n<p>I tak te\u017c z wszelkimi<br>Ich przydupasami s\u0142ugasami<br>Kt\u00f3rzy wype\u0142nia\u0107 maj\u0105 napa\u015bci prowokacje<br>Od tej podwijki po misi\u00f3w<br>Czy jakichkolwiek ochraniaczy totalno\u015bci z\u0142a<br>W ko\u0144cu pewnie si\u0119 uda<br>Dopa\u015b\u0107 jako\u015b<br>Przez takich czy innych<br>A wtedy si\u0119 te\u017c powie<br>\u017be przypadkowo<br>Albo wska\u017ce si\u0119 pretekst jaki\u015b<br>Ma\u0142o wsp\u00f3lny z prawd\u0105<br>Byleby tylko zap\u0119dy bandyckie<br>By\u0142y wreszcie zrealizowane<\/p>\n\n\n\n<p>Oni zawsze przypisuj\u0105 r\u00f3\u017cnym paradygmatom<br>Fa\u0142szywe przymioty<br>Byleby tylko po\u017c\u0105dania szata\u0144skie<br>Tego ca\u0142ego bandyctwa<br>Mog\u0142y zaistnie\u0107<br>Od \u015bmierci \u017cony mnie bliskich<br>Zwierz\u0105t tych itp<br>Po zniewolenie nas i naszych<br>Do zniszczenia d\u00f3br wszelkich<br>Kt\u00f3re nam s\u0142u\u017c\u0105<br>A\u017c po dalsze zbrodnicze<br>Tak\u017ce mordowania r\u00f3\u017cnych niewinnych innych<br>Wed\u0142ug fa\u0142szywych przymiot\u00f3w jakichkolwiek<br>Tych proceder\u00f3w zbrodniczych<\/p>\n\n\n\n<figure class=\"wp-block-gallery has-nested-images columns-default is-cropped wp-block-gallery-1 is-layout-flex wp-block-gallery-is-layout-flex\">\n<figure class=\"wp-block-image size-large\"><a href=\"https:\/\/hubertpietka.bialystok.pl\/wp-content\/uploads\/2025\/01\/IMG-20241230-WA0000.jpg\"><img loading=\"lazy\" decoding=\"async\" width=\"1024\" height=\"768\" data-id=\"8928\" src=\"https:\/\/hubertpietka.bialystok.pl\/wp-content\/uploads\/2025\/01\/IMG-20241230-WA0000-1024x768.jpg\" alt=\"\" class=\"wp-image-8928\" srcset=\"https:\/\/hubertpietka.bialystok.pl\/wp-content\/uploads\/2025\/01\/IMG-20241230-WA0000-1024x768.jpg 1024w, https:\/\/hubertpietka.bialystok.pl\/wp-content\/uploads\/2025\/01\/IMG-20241230-WA0000-300x225.jpg 300w, https:\/\/hubertpietka.bialystok.pl\/wp-content\/uploads\/2025\/01\/IMG-20241230-WA0000-768x576.jpg 768w, https:\/\/hubertpietka.bialystok.pl\/wp-content\/uploads\/2025\/01\/IMG-20241230-WA0000-1536x1152.jpg 1536w, https:\/\/hubertpietka.bialystok.pl\/wp-content\/uploads\/2025\/01\/IMG-20241230-WA0000.jpg 1600w\" sizes=\"auto, (max-width: 1024px) 100vw, 1024px\" \/><\/a><\/figure>\n<\/figure>\n\n\n\n<figure class=\"wp-block-image size-large\"><a href=\"https:\/\/hubertpietka.bialystok.pl\/wp-content\/uploads\/2025\/01\/IMG-20241230-WA0001.jpg\"><img loading=\"lazy\" decoding=\"async\" width=\"1024\" height=\"768\" src=\"https:\/\/hubertpietka.bialystok.pl\/wp-content\/uploads\/2025\/01\/IMG-20241230-WA0001-1024x768.jpg\" alt=\"\" class=\"wp-image-8929\" srcset=\"https:\/\/hubertpietka.bialystok.pl\/wp-content\/uploads\/2025\/01\/IMG-20241230-WA0001-1024x768.jpg 1024w, https:\/\/hubertpietka.bialystok.pl\/wp-content\/uploads\/2025\/01\/IMG-20241230-WA0001-300x225.jpg 300w, https:\/\/hubertpietka.bialystok.pl\/wp-content\/uploads\/2025\/01\/IMG-20241230-WA0001-768x576.jpg 768w, https:\/\/hubertpietka.bialystok.pl\/wp-content\/uploads\/2025\/01\/IMG-20241230-WA0001-1536x1152.jpg 1536w, https:\/\/hubertpietka.bialystok.pl\/wp-content\/uploads\/2025\/01\/IMG-20241230-WA0001.jpg 1600w\" sizes=\"auto, (max-width: 1024px) 100vw, 1024px\" \/><\/a><\/figure>\n\n\n\n<p><em>Na zdj. Hala sportowa<br>To tylko przyk\u0142ad taki<br>Ci bandyci zawsze sobie znajd\u0105<br>Kt\u00f3rzy niby przypadkowo<br>B\u0119d\u0105 realizowa\u0107 ich zbrodnicze zap\u0119dy<br>\u017be niby na boisku<br>Trzeba tylko mnie upomina\u0107<br>W tej dru\u017cynie w kt\u00f3rej<br>Akurat chc\u0119 spokojnie gra\u0107 sobie<br>\u017be trzeba przecie\u017c mnie wyprowadza\u0107<br>Zawsze z ka\u017cdej r\u00f3wnowagi<br>I tu w mieszkaniu<br>I na dworze i gdziekolwiek<br>Znajduj\u0105 sobie takich<br>Kt\u00f3rzy oczywi\u015bcie pod innym pretekstem<br>Przeprowadz\u0105 prowokacje i napa\u015bci odpowiednie<br>Tych kt\u00f3rzy no przecie\u017c<br>Nie b\u0119d\u0105 szanowa\u0107 moich granic<br>\u015aci\u015ble wed\u0142ug bandyctwa zap\u0119d\u00f3w szata\u0144skich<br>I niby \u017ce oni<br>Nic wsp\u00f3lnego te\u017c nie maj\u0105<br>Z ich ideologi\u0105 zbrodnicz\u0105<br>Tylko tak z siebie sami<br>I najlepiej wed\u0142ug mojej winy<br>O to im bardzo pasuje<\/em><\/p>\n\n\n\n<p><em>A tymczasem moje granice<br>Mo\u017ce przekracza\u0107 tylko \u017cona<br>I te zwierz\u0119ta<br>Dlatego s\u0105 obiektami<br>Pierwszymi do szata\u0144skiego zniszczenia<br>I mo\u017ce bliscy troch\u0119<br>Ci kt\u00f3rzy nie maj\u0105<br>Z\u0142ych intencji wobec mnie<br>W prawdzie<br>Nie wed\u0142ug k\u0142amstw<br>I po\u017c\u0105da\u0144 tego bandyctwa ca\u0142ego<br>Pod\u0142o\u015b\u0107 na ka\u017cdym kroku<br>To definiuje dzia\u0142ania tego bandyctwa<br>I wszelkich im podobnych<br>Nawet je\u015bli si\u0119 tego wypieraj\u0105<br>To ich czyny<br>O tym w\u0142a\u015bnie \u015bwiadcz\u0105<br>I zgodno\u015b\u0107 tych w\u0142a\u015bnie<br>Z t\u0105 ca\u0142\u0105 ideologi\u0105 k\u0142amliw\u0105<br>Skompromitowania nas co najmniej<br>Po odpowiednie kroki<br>P\u0142yn\u0105ce te\u017c odpowiednio z jakichkolwiek<br>Prowokacji i napa\u015bci<br>Ale ze nic oni<br>Przecie\u017c tak najlepiej zawsze<\/em><\/p>\n\n\n\n<p><strong>Jezu ufam Tobie<br>Wbrew tym pod\u0142o\u015bciom wszelkim<br>Fa\u0142szowi i mistyfikacjom<br>Niby usprawiedliwionym napa\u015bciom i prowokacjom<br>Ca\u0142ej tej ob\u0142udzie<br>Kt\u00f3r\u0105 oni i im podobni<br>Chc\u0105 nam nieustannie fundowa\u0107<br>Jezu ufam Tobie<br>Wbrew ich d\u0105\u017ceniom<br>Do wszelkich niby usprawiedliwionych zbrodni<br>Wbrew tej ca\u0142ej szata\u0144skiej parodii<\/strong><\/p>\n\n\n\n<p class=\"has-text-align-center\">( <strong><em><a href=\"https:\/\/youtu.be\/2M14LK0zWl0?si=Zeowdd6yduxubZ89\">Pi\u0142karski poker<\/a><\/em><\/strong> )<\/p>\n","protected":false},"excerpt":{"rendered":"<p>Nowy Rok nowym rokiemA dla bandyctwa po staremuByleby tylko realizowa\u0107 szata\u0144skie zap\u0119dyR\u00f3\u017cnych zbrodniA mo\u017ce z Nowym RokiemMaj\u0105 odpowiednio przewrotne postanowienieBy jeszcze bardziej realizowa\u0107Zbrodnie r\u00f3\u017cne i&hellip; <\/p>\n","protected":false},"author":1,"featured_media":0,"parent":0,"menu_order":0,"comment_status":"closed","ping_status":"closed","template":"","meta":{"footnotes":""},"class_list":["post-8927","page","type-page","status-publish","hentry"],"_links":{"self":[{"href":"https:\/\/hubertpietka.bialystok.pl\/index.php?rest_route=\/wp\/v2\/pages\/8927","targetHints":{"allow":["GET"]}}],"collection":[{"href":"https:\/\/hubertpietka.bialystok.pl\/index.php?rest_route=\/wp\/v2\/pages"}],"about":[{"href":"https:\/\/hubertpietka.bialystok.pl\/index.php?rest_route=\/wp\/v2\/types\/page"}],"author":[{"embeddable":true,"href":"https:\/\/hubertpietka.bialystok.pl\/index.php?rest_route=\/wp\/v2\/users\/1"}],"replies":[{"embeddable":true,"href":"https:\/\/hubertpietka.bialystok.pl\/index.php?rest_route=%2Fwp%2Fv2%2Fcomments&post=8927"}],"version-history":[{"count":1,"href":"https:\/\/hubertpietka.bialystok.pl\/index.php?rest_route=\/wp\/v2\/pages\/8927\/revisions"}],"predecessor-version":[{"id":8930,"href":"https:\/\/hubertpietka.bialystok.pl\/index.php?rest_route=\/wp\/v2\/pages\/8927\/revisions\/8930"}],"wp:attachment":[{"href":"https:\/\/hubertpietka.bialystok.pl\/index.php?rest_route=%2Fwp%2Fv2%2Fmedia&parent=8927"}],"curies":[{"name":"wp","href":"https:\/\/api.w.org\/{rel}","templated":true}]}}