{"id":8940,"date":"2025-01-03T23:30:10","date_gmt":"2025-01-03T23:30:10","guid":{"rendered":"https:\/\/hubertpietka.bialystok.pl\/?page_id=8940"},"modified":"2025-01-03T23:30:10","modified_gmt":"2025-01-03T23:30:10","slug":"to-my-jestesmy-tama-dla-zla-bandyckiego-i-szatana","status":"publish","type":"page","link":"https:\/\/hubertpietka.bialystok.pl\/?page_id=8940","title":{"rendered":"To my jeste\u015bmy tam\u0105 \/ dla z\u0142a bandyckiego i szatana"},"content":{"rendered":"\n<p>Tylko zastan\u00f3wcie si\u0119 dobrze<br>Dlaczego tak mnie \u015bciga<br>To ca\u0142e bandyctwo<br>W czym mu tak przeszkadzam<\/p>\n\n\n\n<p>W tym \u017ce wykazuje<br>Ich wszelkie z\u0142o<br>Czy\u017c nie po to<br>By je ograniczy\u0107<br>\u017beby wi\u0119cej dobra prawdziwego<br>By\u0142o w tym \u015bwiecie<br>W tym przeszkadzam najbardziej<br>Im i r\u00f3\u017cnym pod\u0142ug nich<\/p>\n\n\n\n<p>A jakby mnie nie by\u0142o<br>To czy\u017c nie by\u0142by to<br>Jednak przyczenek do wi\u0119kszej eskalacji<br>Z\u0142a w tym \u015bwiecie<br>Tu was troch\u0119 pociesz\u0119<br>Je\u015bli tak si\u0119 stanie<br>To tylko trzy dni<br>Ma szatan i to bandyctwo<br>Na dope\u0142nienie dzie\u0142a zniszczenia<br>Po kt\u00f3rym b\u0119dzie koniec \u015bwiata<br>A B\u00f3g i tak zatryumfuje<\/p>\n\n\n\n<p>Czy rzeczywi\u015bcie im chodzi<br>Tylko (sic!) o moj\u0105 \u017con\u0119<br>By j\u0105 zabi\u0107 zniewoli\u0107 itp<br>A wtedy ju\u017c by\u0142oby spoko<br>Zapewne s\u0142odziliby mi i naszym<br>Tak w ten spos\u00f3b<br>W jaki ca\u0142y czas s\u0142odz\u0105<br>Chc\u0105c nam odebra\u0107 ka\u017cde dobro<br>I mi to najwi\u0119ksze<br>\u017bon\u0119 zwierz\u0119ta bliskich<br>Ba samego siebie chc\u0105<br>Mi przecie\u017c zabra\u0107<\/p>\n\n\n\n<p>Tak\u017ce nie \u0142udzcie si\u0119<br>Brak nas otworzy ca\u0142kowicie<br>Bramy piek\u0142a w dzia\u0142aniu bandyctwa<br>Nie wierzycie lepiej \u017ceby\u015bcie<br>Nie musieli si\u0119 przekona\u0107<br>I o tym<\/p>\n\n\n\n<p>Dlatego zapewne najlepiej by\u0142oby<br>Mnie te\u017c i skaza\u0107 odpowiednio<br>Najlepiej zaocznie przecie\u017c nie mo\u017ce si\u0119 broni\u0107<br>By bandyctwo mia\u0142o pe\u0142n\u0105 przestrze\u0144<br>Do zdominowania \u015bwiata z\u0142em<br>Ale spoko tylko trzy dni<br>To b\u0119dzie a potem<br>Komu niebo niebo<br>A komu piek\u0142o to piek\u0142o<br>Naprawd\u0119 jeste\u015bcie wszyscy gotowi<br>Na t\u0105 ostateczn\u0105 opcj\u0119<\/p>\n\n\n\n<p>Nie wierzcie w ich k\u0142amstwa<br>Nie ma w nich prawdy<br>Jakby by\u0142a<br>To by z\u0142a nie czynili<br>I nie chcieli czyni\u0107 ci\u0105gle<br>Cho\u0107by wobec nas<br>Przez takich czy innych<br>Podwijk\u0119 misi\u00f3w bandyckich<br>Czy innych ochraniaczy z\u0142a totalno\u015bci<br>(A czy\u017c ten poczet<br>M\u0119czennik\u00f3w wsp\u00f3\u0142czesnych jest ju\u017c zamkni\u0119ty<br>Czy dalej to bandyctwo<br>Kontynuuje sobie ten proceder zbrodniczy)<\/p>\n\n\n\n<p>Z\u0142o dla nas mia\u0142oby zatrzyma\u0107<br>Z\u0142o bandyckie w \u015bwiecie<br>Dok\u0142adnie na odwr\u00f3t b\u0119dzie<br>Eskalacji przemocy wtedy nic<br>Ju\u017c nie zatrzyma<br>Bo to my jeste\u015bmy tam\u0105<br>Dla tego wszelkiego z\u0142a szatana<\/p>\n\n\n\n<p>I ani mi Ani<br>Ani na pi\u0119d\u017a nie odst\u0105pi\u0119<br>W tej kwestii<br>Z nami naszymi i naszym<br>Mimo tych diabelskich szanta\u017cy<br>I niech spadaj\u0105 r\u00f3\u017cni przydupasy<br>Kt\u00f3rzy bardziej wierz\u0105 z\u0142u bandyckiemu<br>Ni\u017c Bogu<br>Bli\u017csze im k\u0142amstwa ni\u017c prawda<br>Wybieraj\u0105 \u015bcie\u017cki nieprawo\u015bci<br>Jacykolwiek i jakiekolwiek<br>Jezu ufam Tobie<\/p>\n\n\n\n<figure class=\"wp-block-gallery has-nested-images columns-default is-cropped wp-block-gallery-1 is-layout-flex wp-block-gallery-is-layout-flex\">\n<figure class=\"wp-block-image size-large\"><a href=\"https:\/\/hubertpietka.bialystok.pl\/wp-content\/uploads\/2025\/01\/IMG-20250101-WA0014.jpg\"><img loading=\"lazy\" decoding=\"async\" width=\"768\" height=\"1024\" data-id=\"8941\" src=\"https:\/\/hubertpietka.bialystok.pl\/wp-content\/uploads\/2025\/01\/IMG-20250101-WA0014-768x1024.jpg\" alt=\"\" class=\"wp-image-8941\" srcset=\"https:\/\/hubertpietka.bialystok.pl\/wp-content\/uploads\/2025\/01\/IMG-20250101-WA0014-768x1024.jpg 768w, https:\/\/hubertpietka.bialystok.pl\/wp-content\/uploads\/2025\/01\/IMG-20250101-WA0014-225x300.jpg 225w, https:\/\/hubertpietka.bialystok.pl\/wp-content\/uploads\/2025\/01\/IMG-20250101-WA0014-1152x1536.jpg 1152w, https:\/\/hubertpietka.bialystok.pl\/wp-content\/uploads\/2025\/01\/IMG-20250101-WA0014.jpg 1200w\" sizes=\"auto, (max-width: 768px) 100vw, 768px\" \/><\/a><\/figure>\n<\/figure>\n\n\n\n<p><em>Na zdj. Matka Ko\u015bcio\u0142a i Jezus<br>Nawet i t\u0105 instytucj\u0119<br>Pr\u00f3buje opanowa\u0107 to bandyctwo<br>Przez r\u00f3\u017cne pacynki<br>Byleby tylko z\u0142o usprawiedliwia\u0107<br>Tak samo chc\u0105 was omami\u0107<br>\u017be niby z\u0142o dla nas<br>Ma by\u0107 dobrem dla \u015bwiata<br>Zastan\u00f3wcie si\u0119 lepiej<br>Jaki znak da\u0142 B\u00f3g<br>I te\u017c po co<br>Nie wed\u0142ug degrengolady szata\u0144skiej<br>Lecz w prawdzie<br>Bo\u017cego dobra pi\u0119kna mi\u0142o\u015bci<\/em><\/p>\n\n\n\n<p><strong>\u015awi\u0119te Imi\u0119 Jezus<br>Wybaw nas<\/strong><\/p>\n","protected":false},"excerpt":{"rendered":"<p>Tylko zastan\u00f3wcie si\u0119 dobrzeDlaczego tak mnie \u015bcigaTo ca\u0142e bandyctwoW czym mu tak przeszkadzam W tym \u017ce wykazujeIch wszelkie z\u0142oCzy\u017c nie po toBy je ograniczy\u0107\u017beby wi\u0119cej&hellip; <\/p>\n","protected":false},"author":1,"featured_media":0,"parent":0,"menu_order":0,"comment_status":"closed","ping_status":"closed","template":"","meta":{"footnotes":""},"class_list":["post-8940","page","type-page","status-publish","hentry"],"_links":{"self":[{"href":"https:\/\/hubertpietka.bialystok.pl\/index.php?rest_route=\/wp\/v2\/pages\/8940","targetHints":{"allow":["GET"]}}],"collection":[{"href":"https:\/\/hubertpietka.bialystok.pl\/index.php?rest_route=\/wp\/v2\/pages"}],"about":[{"href":"https:\/\/hubertpietka.bialystok.pl\/index.php?rest_route=\/wp\/v2\/types\/page"}],"author":[{"embeddable":true,"href":"https:\/\/hubertpietka.bialystok.pl\/index.php?rest_route=\/wp\/v2\/users\/1"}],"replies":[{"embeddable":true,"href":"https:\/\/hubertpietka.bialystok.pl\/index.php?rest_route=%2Fwp%2Fv2%2Fcomments&post=8940"}],"version-history":[{"count":1,"href":"https:\/\/hubertpietka.bialystok.pl\/index.php?rest_route=\/wp\/v2\/pages\/8940\/revisions"}],"predecessor-version":[{"id":8942,"href":"https:\/\/hubertpietka.bialystok.pl\/index.php?rest_route=\/wp\/v2\/pages\/8940\/revisions\/8942"}],"wp:attachment":[{"href":"https:\/\/hubertpietka.bialystok.pl\/index.php?rest_route=%2Fwp%2Fv2%2Fmedia&parent=8940"}],"curies":[{"name":"wp","href":"https:\/\/api.w.org\/{rel}","templated":true}]}}