{"id":8954,"date":"2025-01-06T12:08:04","date_gmt":"2025-01-06T12:08:04","guid":{"rendered":"https:\/\/hubertpietka.bialystok.pl\/?page_id=8954"},"modified":"2025-01-06T12:08:04","modified_gmt":"2025-01-06T12:08:04","slug":"bandyckie-zdrady-zdrada-spraw-bozych","status":"publish","type":"page","link":"https:\/\/hubertpietka.bialystok.pl\/?page_id=8954","title":{"rendered":"Bandyckie zdrady \/ zdrad\u0105 spraw Bo\u017cych"},"content":{"rendered":"\n<p>Ci bandyci zawsze pos\u0142uguj\u0105 si\u0119 r\u00f3\u017cnymi takimi<br>Raczej znieprawionyni<br>By spe\u0142nia\u0107 szata\u0144skie zap\u0119dy wszelkie<\/p>\n\n\n\n<p>I niech wiedz\u0105 ci<br>Bandyccy lekarze w \u017cony pracy<br>\u017be cho\u0107by s\u0105 r\u00f3\u017cne metody<br>Diagnostyki i leczenia tak\u017ce alternatywne<br>Nie tylko te klasyczne<br>Kt\u00f3re z klasyk\u0105 prawdziw\u0105<br>Niewiele maj\u0105 wsp\u00f3lnego dzi\u015b<br>A mo\u017ce zosta\u0142a uzdrowiona<br>Ona przez Boga<br>Niech wiedz\u0105 to ci<br>Lekarze bandyccy je\u015bli pod\u0142ug bandyt\u00f3w<br>Oni wszyscy<\/p>\n\n\n\n<p>Podobnie i ci bandyccy misie<br>Podwijka czy inni psychopaci s\u0142u\u017calcy<br>Jacykolwiek ochraniacze totalno\u015bci tego z\u0142a<br>Niech se nie my\u015bl\u0105<br>\u017be mo\u017cna ze z\u0142em szata\u0144skim<br>Kolaborowa\u0107 bez \u017cadnych konsekwencji<br>Sami si\u0119 staj\u0105c tak samo<br>Bandyccy jak ci bandyci<br>Je\u015bli wszystko pod\u0142ug z\u0142a szata\u0144skiego<br>Tak\u017ce i u tych r\u00f3\u017cnych<br>Z\u0142o si\u0119 upomni o swoje<br>Szatan si\u0119 te\u017c upomni<\/p>\n\n\n\n<p>A teraz<br>Zdrada \u017cony wobec tego ca\u0142ego<br>Zbrodniczego z\u0142a bandyckiego<br>Jest dla mnie podobna<br>Jak zdrada Boga zdrada Ojczyzny<br>Czy wreszcie zdrada zwyk\u0142ego cz\u0142owiecze\u0144stwa<br>Ja wiem \u017ce dzisiaj<br>W obliczu wszechobecnej judaszowej zdrady<br>Jest to ma\u0142o powa\u017cane<br>Z\u0142u te\u017c i to chodzi<br>By ludzkie sumienia by\u0142y zdegenerowane<br>Poddawa\u0142y si\u0119 moralnej degrengoladzie<br>W imi\u0119 jakichkolwiek korzy\u015bci<br>Takimi lud\u017ami z\u0142u sterowa\u0107<br>Przecie\u017c jest bardzo prosto<br>Skoro mo\u017cna im wm\u00f3wi\u0107<br>\u017be jakie\u015b z\u0142o jest dobrem<\/p>\n\n\n\n<p>Ale ja tak nie mog\u0119<br>Tym samym zdradzi\u0142bym Boga<br>Dlatego nie ust\u0105pi\u0119<br>Mimo nastawa\u0144 tych r\u00f3\u017cnych bandyt\u00f3w<br>Wed\u0142ug tych bandyt\u00f3w<br>Nie ust\u0105pi\u0119 i koniec<\/p>\n\n\n\n<p><strong>A Trzej Kr\u00f3lowie dzi\u015b wspominani<br>Jakby nie pos\u0142uchali S\u0142owa Bo\u017cego<br>I wr\u00f3ciliby oznajmi\u0107 Herodowi<br>Gdzie jest to Dzieci\u0105tko<br>By ten m\u00f3g\u0142 je zabi\u0107<br>Jak byliby moralnie traktowani<br>Czy\u017c nie jako zdrajcy<br>Mimo \u017ce przecie\u017c za Herodem<br>Sta\u0142a tam w\u0142adza i przemoc<br>Co wiemy cho\u0107by<br>O m\u0119cze\u0144stwie \u015bwi\u0119tych M\u0142odziank\u00f3w<br>W zwi\u0105zku z tym<\/strong><\/p>\n\n\n\n<figure class=\"wp-block-gallery has-nested-images columns-default is-cropped wp-block-gallery-1 is-layout-flex wp-block-gallery-is-layout-flex\">\n<figure class=\"wp-block-image size-large\"><a href=\"https:\/\/hubertpietka.bialystok.pl\/wp-content\/uploads\/2025\/01\/IMG-20250104-WA0041.jpg\"><img loading=\"lazy\" decoding=\"async\" width=\"768\" height=\"1024\" data-id=\"8955\" src=\"https:\/\/hubertpietka.bialystok.pl\/wp-content\/uploads\/2025\/01\/IMG-20250104-WA0041-768x1024.jpg\" alt=\"\" class=\"wp-image-8955\" srcset=\"https:\/\/hubertpietka.bialystok.pl\/wp-content\/uploads\/2025\/01\/IMG-20250104-WA0041-768x1024.jpg 768w, https:\/\/hubertpietka.bialystok.pl\/wp-content\/uploads\/2025\/01\/IMG-20250104-WA0041-225x300.jpg 225w, https:\/\/hubertpietka.bialystok.pl\/wp-content\/uploads\/2025\/01\/IMG-20250104-WA0041-1152x1536.jpg 1152w, https:\/\/hubertpietka.bialystok.pl\/wp-content\/uploads\/2025\/01\/IMG-20250104-WA0041.jpg 1200w\" sizes=\"auto, (max-width: 768px) 100vw, 768px\" \/><\/a><\/figure>\n<\/figure>\n\n\n\n<p><em>Na zdj. W <strong>Budzisku<\/strong> stajenka betlejemska<br>Ludzie <strong>obud\u017acie<\/strong> swe sumienia<br>Bo wszyscy zginiecie<br>Czy wy naprawd\u0119 nie widzicie<br>Co oni czyni\u0105<br>Jakie to jest to z\u0142o<br>Bandyckie \u017ce jest szata\u0144skie<br>Wszelkie zbrodnie i k\u0142amstwa<br>Plus przemoc nienawistna z\u0142owroga<br>Przemawiaj\u0105 za tym<br>Czy wy naprawd\u0119 tego<br>Nie dostrzegacie tak za\u015blepieni jeste\u015bcie<\/em><\/p>\n","protected":false},"excerpt":{"rendered":"<p>Ci bandyci zawsze pos\u0142uguj\u0105 si\u0119 r\u00f3\u017cnymi takimiRaczej znieprawionyniBy spe\u0142nia\u0107 szata\u0144skie zap\u0119dy wszelkie I niech wiedz\u0105 ciBandyccy lekarze w \u017cony pracy\u017be cho\u0107by s\u0105 r\u00f3\u017cne metodyDiagnostyki i&hellip; <\/p>\n","protected":false},"author":1,"featured_media":0,"parent":0,"menu_order":0,"comment_status":"closed","ping_status":"closed","template":"","meta":{"footnotes":""},"class_list":["post-8954","page","type-page","status-publish","hentry"],"_links":{"self":[{"href":"https:\/\/hubertpietka.bialystok.pl\/index.php?rest_route=\/wp\/v2\/pages\/8954","targetHints":{"allow":["GET"]}}],"collection":[{"href":"https:\/\/hubertpietka.bialystok.pl\/index.php?rest_route=\/wp\/v2\/pages"}],"about":[{"href":"https:\/\/hubertpietka.bialystok.pl\/index.php?rest_route=\/wp\/v2\/types\/page"}],"author":[{"embeddable":true,"href":"https:\/\/hubertpietka.bialystok.pl\/index.php?rest_route=\/wp\/v2\/users\/1"}],"replies":[{"embeddable":true,"href":"https:\/\/hubertpietka.bialystok.pl\/index.php?rest_route=%2Fwp%2Fv2%2Fcomments&post=8954"}],"version-history":[{"count":1,"href":"https:\/\/hubertpietka.bialystok.pl\/index.php?rest_route=\/wp\/v2\/pages\/8954\/revisions"}],"predecessor-version":[{"id":8956,"href":"https:\/\/hubertpietka.bialystok.pl\/index.php?rest_route=\/wp\/v2\/pages\/8954\/revisions\/8956"}],"wp:attachment":[{"href":"https:\/\/hubertpietka.bialystok.pl\/index.php?rest_route=%2Fwp%2Fv2%2Fmedia&parent=8954"}],"curies":[{"name":"wp","href":"https:\/\/api.w.org\/{rel}","templated":true}]}}