{"id":8959,"date":"2025-01-06T20:54:02","date_gmt":"2025-01-06T20:54:02","guid":{"rendered":"https:\/\/hubertpietka.bialystok.pl\/?page_id=8959"},"modified":"2025-01-06T20:54:02","modified_gmt":"2025-01-06T20:54:02","slug":"dzialaja-klamliwie-zbrodniczo-ci-podlug-tego-bandyctwa","status":"publish","type":"page","link":"https:\/\/hubertpietka.bialystok.pl\/?page_id=8959","title":{"rendered":"Dzia\u0142aj\u0105 k\u0142amliwie zbrodniczo \/ ci pod\u0142ug tego bandyctwa"},"content":{"rendered":"\n<p>Co oni zrobili<br>Z tym pa\u0144stwem ci bandyci<br>\u017be kur&#8230;stwo<br>Na ka\u017cdym kroku<br>Jak m\u00f3wi\u0142 Pi\u0142sudski<br>\u017be s\u0105 w\u015br\u00f3d Polak\u00f3w<br>Ci wielcy ale s\u0105 te\u017c i dupk&#8230;<br>Wsz\u0119dzie kur&#8230;stwo najgorsze<br>Bo im ob\u0142udne bardziej<br>Tym chyba lepiej<\/p>\n\n\n\n<p>Wsz\u0119dzie chc\u0105 mnie nas wkr\u0119ci\u0107<br>Ci bandyci wszelkim k\u0142amstwem pieprzeni<br>W jakie\u015b kradzie\u017ce<br>Nie przeszkadza im ko\u015bci\u00f3\u0142 knajpa<br>Czy biznes rodzinny<br>Byleby tylko ci bandyci misiowi<br>Mieli podstawy do swych dzia\u0142a\u0144<br>Tak naprawd\u0119 bezprawnych<br>Bo to wszystko ukartowane<br>Jest na nas odpowiednio<\/p>\n\n\n\n<p>A ci misiowi bandyci<br>To my\u015bl\u0105 chyba<br>\u017be ja nie umiem liczy\u0107<br>Mo\u017ce jakie\u015b rozporz\u0105dzenie wesz\u0142o nowe<br>\u017be nie w dw\u00f3ch a trzech<br>Maj\u0105 ulice pieszo patrolowa\u0107<br>Jedno k\u0142amstwo nie wystarczy<br>Na ich \u015bwiadectwo<br>Teraz dwa by\u0107 musz\u0105<br>I to akurat tak se patroluj\u0105 oni<br>Tam gdzie akurat jestem<br>I to nawet dwukrotnie ci sami w\u0142a\u015bnie<br>W ci\u0105gu kr\u00f3tkiego przej\u015bcia<br>Po centrum naszym<\/p>\n\n\n\n<p>Tak\u017ce wsz\u0119dzie przecie\u017c<br>W tej Polsce<br>Wed\u0142ug tych bandyt\u00f3w w\u0142a\u015bnie<br>Ma by\u0107 kur&#8230;stwo<br>I to najgorsze bo przecie\u017c<br>Jak najohydniejsze i najpodlejsze<br>Bo im bardziej ob\u0142udnie<br>Tym dla tych bandyt\u00f3w lepiej<\/p>\n\n\n\n<p>Tak z tymi bandyckimi misiami<br>Bo oni im s\u0142u\u017c\u0105<br>Innymi tak\u017ce slu\u017cbistami<br>T\u0105 podwijk\u0105 i innymi psychopatami<br>Jakimkolwiek zreszt\u0105 bandyckiego z\u0142a ochraniaczami<br>Bandyci mog\u0105 spa\u0107 spokojnie przecie\u017c<br>Bo ich bandyctwa chroni\u0105<br>Cho\u0107by te bandyckie misie<br>Czy tam jacy<br>I wzajemnie te\u017c zapewne<br>Tak\u017ce mog\u0105 sobie spokojnie<br>Pope\u0142nia\u0107 wszelkie zbrodnie<br>Na \u017conie na mnie<br>Na nas naszych i naszym<br>Ale i innych<br>Bo sk\u0105d ten wsp\u00f3\u0142czesny<br>Poczet m\u0119czennik\u00f3w tego bandyctwa niewinny<\/p>\n\n\n\n<p>I niech sprawdz\u0105 sobie<br>Lewe tylne nadkole w tym<br>Moim samochodzie<br>Czy ten wybuch kt\u00f3ry<br>Ma by\u0107 przecie\u017c<br>Z tej w\u0142a\u015bnie strony<br>Jest zaniechaniem tylko uzasadniony<\/p>\n\n\n\n<p>Pod\u0142o\u015b\u0107 i ob\u0142uda<br>Kt\u00f3re to bandyctwo nieustannie serwuje<br>I wszelcy pod\u0142ug nich post\u0119puj\u0105cy<br>Nie ma ju\u017c chyba i granic \u017cadnych<br>W tym wszystkim<br>Co oni chc\u0105 czyni\u0107<br>Ju\u017c uczynili<br>Nam naszemu i naszym<br>A tak\u017ce (czytaj wy\u017cej) innym<br>I najlepiej ku temu<br>Pos\u0142ugiwa\u0107 si\u0119 przemoc\u0105 k\u0142amstwem wszelkim<br>Na wszelkich niewinnych i bezbronnych<br>Masakra co oni robi\u0105<br>Z t\u0105 Polsk\u0105<br>Degenuraj\u0105c j\u0105 na ka\u017cdym kroku<\/p>\n\n\n\n<p><strong>Ps. A z tym nadkolem<br>To niech k\u0142ami\u0105 dalej<br>Bo ja akurat to widzia\u0142em<\/strong><\/p>\n\n\n\n<figure class=\"wp-block-gallery has-nested-images columns-default is-cropped wp-block-gallery-1 is-layout-flex wp-block-gallery-is-layout-flex\">\n<figure class=\"wp-block-image size-large\"><a href=\"https:\/\/hubertpietka.bialystok.pl\/wp-content\/uploads\/2025\/01\/IMG-20250106-WA0003.jpg\"><img loading=\"lazy\" decoding=\"async\" width=\"1024\" height=\"768\" data-id=\"8960\" src=\"https:\/\/hubertpietka.bialystok.pl\/wp-content\/uploads\/2025\/01\/IMG-20250106-WA0003-1024x768.jpg\" alt=\"\" class=\"wp-image-8960\" srcset=\"https:\/\/hubertpietka.bialystok.pl\/wp-content\/uploads\/2025\/01\/IMG-20250106-WA0003-1024x768.jpg 1024w, https:\/\/hubertpietka.bialystok.pl\/wp-content\/uploads\/2025\/01\/IMG-20250106-WA0003-300x225.jpg 300w, https:\/\/hubertpietka.bialystok.pl\/wp-content\/uploads\/2025\/01\/IMG-20250106-WA0003-768x576.jpg 768w, https:\/\/hubertpietka.bialystok.pl\/wp-content\/uploads\/2025\/01\/IMG-20250106-WA0003-1536x1152.jpg 1536w, https:\/\/hubertpietka.bialystok.pl\/wp-content\/uploads\/2025\/01\/IMG-20250106-WA0003.jpg 1600w\" sizes=\"auto, (max-width: 1024px) 100vw, 1024px\" \/><\/a><\/figure>\n<\/figure>\n\n\n\n<p><em>Na zdj. Wyst\u0119p lokalnego zespo\u0142u *<strong>Kreha<\/strong>*<br>Ja m\u00f3g\u0142bym wszystko oddzieli\u0107<br>T\u0105 grub\u0105 *<strong>krech\u0105<\/strong>*<br>Jakby nie udawali wszyscy<br>Kt\u00f3rzy w z\u0142u bandyckim wsp\u00f3\u0142uczestnicz\u0105<br>\u017be jest inaczej<br>A oni jak to bandyctwo<br>K\u0142ami\u0105 k\u0142ami\u0105 k\u0142ami\u0105<br>I to od pocz\u0105tku<br>A\u017c do tej pory<br>A robi\u0105 swoje<br>Wszystko wed\u0142ug tego bandyctwa<\/em><\/p>\n\n\n\n<p><em>Tak te misie inni s\u0142u\u017cbi\u015bci<br>Podwijka i psychopaci<br>\u017be my niby z\u0142o<br>Im czy komukolwiek wyrz\u0105dzili\u015bmy jakie\u015b<br>A tym pdpadli\u015bmy temu bandyctwu<br>\u017be nazywamy ich z\u0142e czyny<br>Cho\u0107by szata\u0144skimi zbrodniami<br>A czym\u017ce jest innym<br>Za wszelk\u0105 cen\u0119<br>Zabijanie zniewalanie gwa\u0142tu zadawanie niszczenie<br>Czym\u017ce to jest innym<br>Jak nie szata\u0144skim z\u0142em<br>Szczeg\u00f3lnie gdy si\u0119 to robi<br>Jak najpodlej jak najob\u0142udniej<br>I zbrodnie wszelkie z premedytacj\u0105<br>Na \u017conie na mnie<br>Na nas naszym i naszych<br>Chce si\u0119 pope\u0142nia\u0107 ci\u0105gle<br>I na innych te\u017c przecie\u017c<br>Nigdy nie do\u015b\u0107 temu bandyctwu<br>I im podobnym r\u00f3\u017cnych zbrodni<br>Mimo wszystko<br>Nawet i w czas \u015bwi\u0105teczny<br>I w miejscach \u015bwi\u0119tych<\/em><\/p>\n","protected":false},"excerpt":{"rendered":"<p>Co oni zrobiliZ tym pa\u0144stwem ci bandyci\u017be kur&#8230;stwoNa ka\u017cdym krokuJak m\u00f3wi\u0142 Pi\u0142sudski\u017be s\u0105 w\u015br\u00f3d Polak\u00f3wCi wielcy ale s\u0105 te\u017c i dupk&#8230;Wsz\u0119dzie kur&#8230;stwo najgorszeBo im ob\u0142udne&hellip; <\/p>\n","protected":false},"author":1,"featured_media":0,"parent":0,"menu_order":0,"comment_status":"closed","ping_status":"closed","template":"","meta":{"footnotes":""},"class_list":["post-8959","page","type-page","status-publish","hentry"],"_links":{"self":[{"href":"https:\/\/hubertpietka.bialystok.pl\/index.php?rest_route=\/wp\/v2\/pages\/8959","targetHints":{"allow":["GET"]}}],"collection":[{"href":"https:\/\/hubertpietka.bialystok.pl\/index.php?rest_route=\/wp\/v2\/pages"}],"about":[{"href":"https:\/\/hubertpietka.bialystok.pl\/index.php?rest_route=\/wp\/v2\/types\/page"}],"author":[{"embeddable":true,"href":"https:\/\/hubertpietka.bialystok.pl\/index.php?rest_route=\/wp\/v2\/users\/1"}],"replies":[{"embeddable":true,"href":"https:\/\/hubertpietka.bialystok.pl\/index.php?rest_route=%2Fwp%2Fv2%2Fcomments&post=8959"}],"version-history":[{"count":1,"href":"https:\/\/hubertpietka.bialystok.pl\/index.php?rest_route=\/wp\/v2\/pages\/8959\/revisions"}],"predecessor-version":[{"id":8961,"href":"https:\/\/hubertpietka.bialystok.pl\/index.php?rest_route=\/wp\/v2\/pages\/8959\/revisions\/8961"}],"wp:attachment":[{"href":"https:\/\/hubertpietka.bialystok.pl\/index.php?rest_route=%2Fwp%2Fv2%2Fmedia&parent=8959"}],"curies":[{"name":"wp","href":"https:\/\/api.w.org\/{rel}","templated":true}]}}